{"id":210,"date":"2024-05-14T15:32:08","date_gmt":"2024-05-14T18:32:08","guid":{"rendered":"https:\/\/hub.aptor.software\/wordpress\/minasgerais\/?page_id=210"},"modified":"2024-05-14T15:35:08","modified_gmt":"2024-05-14T18:35:08","slug":"premio-destaque-em-pesquisa-sbq-mg-2019","status":"publish","type":"page","link":"https:\/\/www.sbq.org.br\/minasgerais\/premio-destaque-em-pesquisa-sbq-mg-2019\/","title":{"rendered":"Pr\u00eamio destaque em pesquisa SBQ-MG 2019"},"content":{"rendered":"\n<figure class=\"wp-block-image\"><img decoding=\"async\" src=\"https:\/\/www.sbq.org.br\/minasgerais\/sites\/sbq.org.br.minasgerais\/files\/styles\/x-large\/public\/field\/image\/whatsapp_image_2019-11-26_at_16.10.38.jpeg?itok=DbNWskc3\" alt=\"\"\/><\/figure>\n\n\n\n<p>Na cerim\u00f4nia de encerramento do XXXIII ERSBQ em uberaba no dia 24 de novembro de 2019, a professora Raquel Mambria (CEFET-MG), vice secret\u00e1ria da regional Minas Gerais, fez a entrega do pr\u00eamio destaque em pesquisa SBQ-MG. O pr\u00eamio \u00e9 concedido bianualmente, ap\u00f3s indica\u00e7\u00e3oes locais e avalia\u00e7\u00e3o por um comit\u00ea externo.<\/p>\n\n\n\n<p>Na edi\u00e7\u00e3o de 2019 foram agraciado os professores e pesquisadores Matheus Puggina de Freitas (UFLA) e Keyller Bastos Borges (UFSJ), respectivamente nas categorias Pleno e jovem talento.<\/p>\n\n\n\n<p>A SBQ-MG e todos os seus associados parabenizam os ganhadores por fazerem pesquisa de alto n\u00edvel e promoverem a ci\u00eancia em n\u00edvel regional, nacional e internacional contribuindo para o fortalecimento da qu\u00edmica e sua expan\u00e7\u00e3o muito al\u00e9m das montanhas de &#8220;nossas&#8221; Minas Gerais!<\/p>\n\n\n\n<p>Minas s\u00e3o muitas, e em todas elas h\u00e1 pesquisadores engajados em trabalhos do mais alto n\u00edvel em prol do crescimento e desenvolvimento nacional!<\/p>\n\n\n\n<p>Publicado: 26\/11\/2019 &#8211; 17:37<\/p>\n","protected":false},"excerpt":{"rendered":"<p>Na cerim\u00f4nia de encerramento do XXXIII ERSBQ em uberaba no dia 24 de novembro de 2019, a professora Raquel Mambria (CEFET-MG), vice secret\u00e1ria da regional Minas Gerais, fez a entrega do pr\u00eamio destaque em pesquisa SBQ-MG. O pr\u00eamio \u00e9 concedido bianualmente, ap\u00f3s indica\u00e7\u00e3oes locais e avalia\u00e7\u00e3o por um comit\u00ea externo. Na edi\u00e7\u00e3o de 2019 foram [&hellip;]<\/p>\n","protected":false},"author":1,"featured_media":0,"parent":0,"menu_order":0,"comment_status":"closed","ping_status":"closed","template":"wp-custom-template-links","meta":{"footnotes":""},"_links":{"self":[{"href":"https:\/\/www.sbq.org.br\/minasgerais\/wp-json\/wp\/v2\/pages\/210"}],"collection":[{"href":"https:\/\/www.sbq.org.br\/minasgerais\/wp-json\/wp\/v2\/pages"}],"about":[{"href":"https:\/\/www.sbq.org.br\/minasgerais\/wp-json\/wp\/v2\/types\/page"}],"author":[{"embeddable":true,"href":"https:\/\/www.sbq.org.br\/minasgerais\/wp-json\/wp\/v2\/users\/1"}],"replies":[{"embeddable":true,"href":"https:\/\/www.sbq.org.br\/minasgerais\/wp-json\/wp\/v2\/comments?post=210"}],"version-history":[{"count":1,"href":"https:\/\/www.sbq.org.br\/minasgerais\/wp-json\/wp\/v2\/pages\/210\/revisions"}],"predecessor-version":[{"id":211,"href":"https:\/\/www.sbq.org.br\/minasgerais\/wp-json\/wp\/v2\/pages\/210\/revisions\/211"}],"wp:attachment":[{"href":"https:\/\/www.sbq.org.br\/minasgerais\/wp-json\/wp\/v2\/media?parent=210"}],"curies":[{"name":"wp","href":"https:\/\/api.w.org\/{rel}","templated":true}]}}