{"id":25,"date":"2024-01-11T10:53:04","date_gmt":"2024-01-11T13:53:04","guid":{"rendered":"https:\/\/www.sbq.org.br\/mgsul\/?page_id=25"},"modified":"2024-01-11T10:53:04","modified_gmt":"2024-01-11T13:53:04","slug":"links","status":"publish","type":"page","link":"https:\/\/www.sbq.org.br\/mgsul\/links\/","title":{"rendered":"Links"},"content":{"rendered":"\n<p><a href=\"https:\/\/ppgquimica.ufms.br\/\" target=\"_blank\" rel=\"noreferrer noopener\">P\u00f3s-Gradua\u00e7\u00e3o em Qu\u00edmica &#8211; UFMS<\/a><\/p>\n\n\n\n<p>Linhas de Pesquisa Desenvolvimento de Metodologias Anal\u00edticas Eletrocat\u00e1lise e Bioeletrocat\u00e1lise Estudo Qu\u00edmico de Plantas e Liquens Fotoqu\u00edmica e Eletroqu\u00edmica Aplicada Metabol\u00f4mica Qu\u00edmica dos Combust\u00edveis Qu\u00edmica dos Materiais Resson\u00e2ncia Magn\u00e9tica Nuclear e Quimiometria S\u00edntese Org\u00e2nica e Qu\u00edmica Medicinal Qu\u00edmica te\u00f3rica: Simula\u00e7\u00e3o Computacional Qu\u00edmica Inorg\u00e2nica: Cat\u00e1lise, Compostos de Coordena\u00e7\u00e3o e Aplica\u00e7\u00f5es Biol\u00f3gicas.<\/p>\n\n\n\n<p><a href=\"http:\/\/pintofscience.com.br\/events\/campogrande\" target=\"_blank\" rel=\"noreferrer noopener\">PINT OF SCIENCE FESTIVAL &#8211; 2019 &#8211; Campo Grande<\/a><\/p>\n\n\n\n<p>O Pint of Science \u00e9 um festival internacional de divulga\u00e7\u00e3o cient\u00edfica, que vai servir ci\u00eancia em mesa de bares nos dias 14, 15 e 16 de maio, das 19h30 \u00e0s 21h, no Saideira Classic Bar e Cervejaria Prosa. O foco do evento \u00e9 levar ci\u00eancia dos centros de pesquisa para a popula\u00e7\u00e3o em geral, de maneira descontra\u00edda e de f\u00e1cil compreens\u00e3o! Confira a programa\u00e7\u00e3o completa e mais informa\u00e7\u00f5es no site http:\/\/pintofscience.com.br\/events\/campogrande Os bate papos ter\u00e3o como tema: *O mundo invis\u00edvel das comidas e bebidas de boteco *Internet das Coisas? O que \u00e9? Para que serve? O ela poder\u00e1 mudar nas nossas vidas? *Superbact\u00e9rias, como vencer essa guerra? *Plana e Oca? Afinal, como realmente a Terra \u00e9! *O impacto das mudan\u00e7as ambientais sobre a sa\u00fade humana *Sexo, solid\u00e3o e\u2026 biodiversidade! Como esses temas s\u00e3o interligados? Esperamos voc\u00eas!<\/p>\n\n\n\n<p><a href=\"https:\/\/ppgdip.ufms.br\/2018\/05\/10\/pint-of-science-campo-grande-ms\/\" target=\"_blank\" rel=\"noreferrer noopener\">Programa de P\u00f3s Gradua\u00e7\u00e3o em Doen\u00e7as Infecciosas e Parasit\u00e1rias<\/a><\/p>\n\n\n\n<p>Ol\u00e1 seja bem vindo ao nosso site!! O Programa de P\u00f3s-Gradua\u00e7\u00e3o em Doen\u00e7as Infecciosas e Parasit\u00e1rias da UFMS est\u00e1 de portas abertas para voc\u00ea, aqui est\u00e3o dispon\u00edveis informa\u00e7\u00f5es sobre o nosso programa, bem como os meios necess\u00e1rios para que voc\u00ea possa entrar em contato conosco. Teremos o maior prazer em atend\u00ea-lo. Equipe PPGDIP \u2013 UFMS<\/p>\n\n\n\n<p><a href=\"http:\/\/boletim.sbq.org.br\/noticias\/2019\/n3393.php\" target=\"_blank\" rel=\"noreferrer noopener\">Posicionamento da Presid\u00eancia da Sociedade Brasileira de Qu\u00edmica sobre propostas de cortes na \u00e1rea de humanidades<\/a><\/p>\n\n\n\n<p>A Sociedade Brasileira de Qu\u00edmica recebe enleada as recentes proposi\u00e7\u00f5es do Presidente da Rep\u00fablica e do Ministro da Educa\u00e7\u00e3o sobre os investimentos federais em ensino e a pesquisa na \u00e1rea de humanidades, especificamente em filosofia e sociologia. O conte\u00fado das declara\u00e7\u00f5es demonstra um desconhecimento das atribui\u00e7\u00f5es desses profissionais, do perfil dos estudantes dos cursos e da import\u00e2ncia desse material humano dentro de outros setores do pa\u00eds fora da Academia<\/p>\n\n\n\n<p><a href=\"https:\/\/sbpc.ufms.br\/\" target=\"_blank\" rel=\"noreferrer noopener\">Reuni\u00e3o Anual da SBPC &#8211; UFMS<\/a><\/p>\n\n\n\n<p>Dirigentes da UFMS e UFRN se re\u00fanem para discutir sobre Reuni\u00e3o Anual da SBPC 2 dias atr\u00e1s &#8211; 27\/07\/2019 Integra, Not\u00edcias, SBPC 2019, Televisao Na tarde desta sexta-feira (26), o reitor Marcelo Turine e a vice-reitora Camila \u00cdtavo se reuniram com o reitor da Universidade Federal do Rio Grande do Norte (UFRN), Jos\u00e9 Daniel Diniz Melo para um di\u00e1logo sobre a realiza\u00e7\u00e3o da 71\u00aa Reuni\u00e3o Anual da Sociedade Brasileira para o Progresso da Ci\u00eancia (SBPC). Na ocasi\u00e3o, estavam presentes tamb\u00e9m a senadora Soraya Thronicke e o chefe da Divis\u00e3o de Empreendedorismo e Ambiente de Inova\u00e7\u00e3o da UFMS, Jardel Mattos. Para o reitor da UFRN, pr\u00f3xima Universidade sede da Reuni\u00e3o Anual da SBPC, a troca de experi\u00eancias entre reitores \u00e9 essencial para a prepara\u00e7\u00e3o de um grande evento. \u201cEu fiquei impressionado com a organiza\u00e7\u00e3o do evento desse ano. O evento tem dimens\u00f5es muito grandes, a organiza\u00e7\u00e3o \u00e9 muito complexa e n\u00f3s [UFRN] vamos organizar a pr\u00f3xima edi\u00e7\u00e3o. Essa experi\u00eancia que estamos tendo aqui \u00e9 de extrema import\u00e2ncia para que a gente possa fazer a organiza\u00e7\u00e3o do evento l\u00e1\u201d. O maior evento cient\u00edfico da Am\u00e9rica Latina ser\u00e1 realizado em julho de 2020 em Natal (RN). Melo comentou que j\u00e1 foram criadas comiss\u00f5es para a realiza\u00e7\u00e3o da 72\u00aa Reuni\u00e3o Anual da SBPC. \u201cEstamos com uma comiss\u00e3o que cuida do projeto do evento atrav\u00e9s da nossa Secretaria de Gest\u00e3o de Projetos e n\u00f3s temos outra comiss\u00e3o que \u00e9 a de produ\u00e7\u00e3o cient\u00edfica, que cont\u00e9m pessoas da pr\u00f3pria institui\u00e7\u00e3o e tamb\u00e9m membros da SBPC\u201d. A UFRN j\u00e1 sediou a Reuni\u00e3o Anual da SBPC em outras duas ocasi\u00f5es, em 1998 e 2010. A edi\u00e7\u00e3o de 2020 ser\u00e1 em comemora\u00e7\u00e3o aos 60 anos de federaliza\u00e7\u00e3o da Universidade. \u201cA SBPC \u00e9 um evento de extrema import\u00e2ncia para a discuss\u00e3o da ci\u00eancia e que tem uma participa\u00e7\u00e3o muito forte n\u00e3o s\u00f3 de pesquisadores, mas tamb\u00e9m de estudantes do ensino b\u00e1sico e superior. Estamos muitos motivados para fazer um evento que seja cada vez melhor e queremos que todos que est\u00e3o presentes nesta edi\u00e7\u00e3o da UFMS, estejam tamb\u00e9m presentes na pr\u00f3xima edi\u00e7\u00e3o\u201d. A 71\u00aa Reuni\u00e3o Anual da SBPC, realizada na UFMS, contou com mais de 21 mil inscritos e recebeu estudantes, professores, pesquisadores e autoridades de 599 munic\u00edpios do Brasil.<\/p>\n\n\n\n<p><a href=\"https:\/\/www.ufms.br\/71a-reuniao-anual-da-sbpc-encerra-se-com-aprovacao-dos-congressistas-e-do-publico\/\" target=\"_blank\" rel=\"noreferrer noopener\">71\u00aa Reuni\u00e3o Anual da SBPC encerra-se com aprova\u00e7\u00e3o dos congressistas e do p\u00fablico<\/a><\/p>\n\n\n\n<p>Com ampla aprova\u00e7\u00e3o dos congressistas e do p\u00fablico, a 71\u00aa Reuni\u00e3o Anual da Sociedade Brasileira para o Progresso da Ci\u00eancia (SBPC), realizada pela primeira vez na Universidade Federal de Mato Grosso do Sul (UFMS), encerra hoje as atividades contabilizando n\u00e3o somente recordes, mas comemorando um amplo legado em prol da ci\u00eancia pelos frut\u00edferos debates, an\u00e1lises, inser\u00e7\u00f5es e congrega\u00e7\u00e3o da comunidade cient\u00edfica, acad\u00eamica e sociedade em atividades que ocorreram de 21 a 27 de julho. A 71\u00aa Reuni\u00e3o teve 21.250 inscritos de 599 munic\u00edpios brasileiros, tendo sido realizados 12.434 credenciamentos no local. Pela programa\u00e7\u00e3o cient\u00edfica, foram realizadas 68 confer\u00eancias, com estimativa de 8.366 participantes, m\u00e9dia de 123 pessoas por sess\u00e3o. \u201cEsse \u00e9 um n\u00famero bem interessante\u201d, disse o secret\u00e1rio-geral da SBPC, Paulo Hoffmann, ao anunciar o balan\u00e7o do evento. As 79 mesas-redondas reuniram 6.602 participantes, as sess\u00f5es especiais, 1.940 pessoas, os 24 encontros mais 929 e as quatro assembleias, 287. Foram realizados 43 minicursos, com 1.403 participantes. \u201cN\u00famero bem alto, com grande participa\u00e7\u00e3o dos congressistas\u201d, completou o secret\u00e1rio. Foram apresentados 600 p\u00f4steres, oriundos de 23 estados e do Distrito Federal, sendo 249 p\u00f4steres de Mato Grosso do Sul. A sess\u00e3o reuniu 152 p\u00f4steres de Ci\u00eancias Humanas, 96 de Ci\u00eancias da Sa\u00fade, 84 Ci\u00eancias Exata e da Terra, 79 de Ci\u00eancias Biol\u00f3gicas, 75 de Ci\u00eancias Agr\u00e1rias, 55 de Ci\u00eancias Sociais Aplicadas, 47 de Engenharias e 39 de Lingu\u00edstica, Letras e Artes. \u201cForam destacados oito trabalhos, de todos os submetidos, seguindo a opini\u00e3o de 130 professores avaliadores. Esses trabalhos foram apresentados a sess\u00e3o de P\u00f4steres e avaliados presencialmente. Dos oito, dois foram premiados e seis receberam men\u00e7\u00e3o honrosa, entre eles dois da UFMS. A atividade como um todo recebeu muitos elogios dos autores e do p\u00fablico participante\u201d, afirmou Hofmann. Para o presidente da SBPC, professor Ildeu de Castro Moreira, a 71\u00aa reuni\u00e3o foi um evento memor\u00e1vel. \u201cEm especial num dif\u00edcil momento em que estamos vivendo no Brasil. A SBPC tem essa tradi\u00e7\u00e3o de estar lutando sempre pela ci\u00eancia, pela tecnologia, pela educa\u00e7\u00e3o, pelos direitos humanos, pela democracia, por um pa\u00eds mais justo, menos desigual. Este momento \u00e9 a festa da ci\u00eancia e, ao mesmo tempo, temos aqui milhares e milhares de jovens que s\u00e3o a esperan\u00e7a do Brasil\u201d. O presidente destacou que \u00e9 importante uma atitude positiva, mas com firmeza. \u201cA Reuni\u00e3o Anual traz um certo b\u00e1lsamo de afirma\u00e7\u00e3o para todos n\u00f3s. Em especial com a participa\u00e7\u00e3o dos jovens, como na FETEC, onde alunos de 12 a 14 anos expuseram lind\u00edssimos trabalhos. Estamos muitos satisfeitos, nem nas nossas previs\u00f5es imagin\u00e1vamos essa repercuss\u00e3o. A UFMS deu uma amostra da capacidade de fazermos coisas bem feitas\u201d, afirmou. Ildeu salientou ainda que os n\u00fameros colocados mostraram participa\u00e7\u00e3o muito intensa de todos. \u201cTivemos aqui cerca de 40 institui\u00e7\u00f5es da sociedade cient\u00edfica presentes. Discutimos grandes problemas nacionais da ci\u00eancia, celebramos os 150 anos da Tabela Peri\u00f3dica, o Ano Internacional das L\u00ednguas Ind\u00edgenas, discutimos v\u00e1rias mo\u00e7\u00f5es que ser\u00e3o levadas ao Governo federal e ao Congresso Nacional\u201d. O reitor da UFMS, professor Marcelo Turine, e a vice-reitora, professora Camila \u00cdtavo, agradeceram \u00e0 SBPC pela oportunidade de realiza\u00e7\u00e3o da Reuni\u00e3o Anual na UFMS, assim como a todos os colaboradores \u2013 professores, t\u00e9cnicos-administrativos e alunos (510 monitores) que colaboraram para a realiza\u00e7\u00e3o do evento. \u201cA ci\u00eancia \u00e9 m\u00e1gica, estou muito feliz com esse momento da SBPC, os 40 anos da federaliza\u00e7\u00e3o, e \u00e9 um orgulho para todos n\u00f3s servidores e estudantes. Conseguimos mobilizar um ex\u00e9rcito de pessoas, em prol da educa\u00e7\u00e3o, da ci\u00eancia, batemos o recorde de participa\u00e7\u00e3o com 21.250 inscri\u00e7\u00f5es e praticamente 35 mil pessoas participaram das atividades da nossa Universidade esta semana\u201d, afirmou o reitor. Pesquisa de satisfa\u00e7\u00e3o realizada pela UFMS apontou que 82,9% dos consultados classificaram a reuni\u00e3o da SBPC como \u00f3tima ou boa. A programa\u00e7\u00e3o cient\u00edfica recebeu a mesma avalia\u00e7\u00e3o de 93,9%, a organiza\u00e7\u00e3o de 87,7%, atendimento e informa\u00e7\u00e3o, 85,3%, alimenta\u00e7\u00e3o 75,7% e credenciamento, 71,9%. \u201cOs nossos monitores deram um show de orienta\u00e7\u00e3o no atendimento ao p\u00fablico. Obter 82,9% de bom e \u00f3timo em um evento na grandeza que \u00e9 a SBPC nos faz vitoriosos\u201d, exp\u00f4s o reitor. A vice-reitora Camila \u00cdtavo, coordenadora local da SBPC, destacou alguns n\u00fameros que marcaram a 71\u00aa SBPC como a participa\u00e7\u00e3o de 7.115 estudantes de 145 escolas do estado, mais de 50 atendimentos em Libra e 40 em l\u00ednguas estrangeiras, 55 apresenta\u00e7\u00f5es culturais, 78 expositores, a oferta de mais de duas mil refei\u00e7\u00f5es por dia, o envolvimento de 560 pessoas na limpeza, 40 brigadistas, 500 seguran\u00e7as, atendimento de 250 crian\u00e7as no espa\u00e7o fam\u00edlia e as 158 pessoas que estiveram na lideran\u00e7a de suas equipes. \u201cNenhuma palavra ser\u00e1 suficiente para agradecer o que tivemos juntos, tudo em prol da Institui\u00e7\u00e3o que tanto amamos e da ci\u00eancia brasileira. Somos gratos por estarem em MS e levarem um pouco de n\u00f3s e deixaram muito conosco\u201d, afirmou Camila, que tamb\u00e9m destacou a importante participa\u00e7\u00e3o das fam\u00edlias no evento. A organiza\u00e7\u00e3o local e nacional da SBPC agradeceram o apoio dos parceiros: UCDB, UEMS, IFMS, UFGD, Uniderp, Unigran, Prefeitura de Campo Grande, Governo do Estado de Mato Grosso do Sul, Famasul, Faems, Fiems, Fecom\u00e9rcio, Fapec, Fundect, Embrapa, Guaicurus, Sebrae, Capes, CNPq, Finep, Sistema OCB\/MS, Sicredi, Energisa, Intituto Arara Azul, Minist\u00e9rio da Educa\u00e7\u00e3o (MEC), Minist\u00e9rio da Ci\u00eancia, Tecnologia, Inova\u00e7\u00f5es e Comunica\u00e7\u00f5es (MCTIC), Comando Militar do Oeste, Tribunal de Contas, Base A\u00e9rea de Campo Grande, Solurb e Consulado Geral do Paraguai. A 72\u00aa Reuni\u00e3o Anual da SBPC ser\u00e1 realizada em julho de 2020 na Universidade Federal do Rio Grande do Norte (UFRN). O reitor da Institui\u00e7\u00e3o, professor Jos\u00e9 Daniel Diniz Melo, convidou a todos para o evento e disse que sai impressionado da edi\u00e7\u00e3o atual. \u201cA UFMS \u00e9 bem organizada, a gest\u00e3o \u00e9 feita com muito cuidado. Quem \u00e9 da UFMS tem de ter muito orgulho da Institui\u00e7\u00e3o\u201d. A organiza\u00e7\u00e3o nacional da SBPC e o reitor da UFRN foram homenageados ao final com o trof\u00e9u \u201cAmigo da UFMS\u201d e com o selo comemorativo dos 40 anos de federaliza\u00e7\u00e3o da Universidade. Texto: Paula Pimenta Fotos: Leandro Benites<\/p>\n\n\n\n<p><a href=\"https:\/\/www.facebook.com\/pg\/sbqms.org.br\/about\/\" target=\"_blank\" rel=\"noreferrer noopener\">SBQ Regional do Mato Grosso do Sul<\/a><\/p>\n\n\n\n<p>O objetivo da Sbq \u00e9 promover a Qu\u00edmica no Brasil atrav\u00e9s das a\u00e7\u00f5es da Sociedade Brasileira de Qu\u00edmica.<\/p>\n","protected":false},"excerpt":{"rendered":"<p>P\u00f3s-Gradua\u00e7\u00e3o em Qu\u00edmica &#8211; UFMS Linhas de Pesquisa Desenvolvimento de Metodologias Anal\u00edticas Eletrocat\u00e1lise e Bioeletrocat\u00e1lise Estudo Qu\u00edmico de Plantas e Liquens Fotoqu\u00edmica e Eletroqu\u00edmica Aplicada Metabol\u00f4mica Qu\u00edmica dos Combust\u00edveis Qu\u00edmica dos Materiais Resson\u00e2ncia Magn\u00e9tica Nuclear e Quimiometria S\u00edntese Org\u00e2nica e Qu\u00edmica Medicinal Qu\u00edmica te\u00f3rica: Simula\u00e7\u00e3o Computacional Qu\u00edmica Inorg\u00e2nica: Cat\u00e1lise, Compostos de Coordena\u00e7\u00e3o e Aplica\u00e7\u00f5es Biol\u00f3gicas. [&hellip;]<\/p>\n","protected":false},"author":1,"featured_media":0,"parent":0,"menu_order":0,"comment_status":"closed","ping_status":"closed","template":"","meta":{"footnotes":""},"_links":{"self":[{"href":"https:\/\/www.sbq.org.br\/mgsul\/wp-json\/wp\/v2\/pages\/25"}],"collection":[{"href":"https:\/\/www.sbq.org.br\/mgsul\/wp-json\/wp\/v2\/pages"}],"about":[{"href":"https:\/\/www.sbq.org.br\/mgsul\/wp-json\/wp\/v2\/types\/page"}],"author":[{"embeddable":true,"href":"https:\/\/www.sbq.org.br\/mgsul\/wp-json\/wp\/v2\/users\/1"}],"replies":[{"embeddable":true,"href":"https:\/\/www.sbq.org.br\/mgsul\/wp-json\/wp\/v2\/comments?post=25"}],"version-history":[{"count":1,"href":"https:\/\/www.sbq.org.br\/mgsul\/wp-json\/wp\/v2\/pages\/25\/revisions"}],"predecessor-version":[{"id":26,"href":"https:\/\/www.sbq.org.br\/mgsul\/wp-json\/wp\/v2\/pages\/25\/revisions\/26"}],"wp:attachment":[{"href":"https:\/\/www.sbq.org.br\/mgsul\/wp-json\/wp\/v2\/media?parent=25"}],"curies":[{"name":"wp","href":"https:\/\/api.w.org\/{rel}","templated":true}]}}