{"id":60,"date":"2024-01-18T14:55:32","date_gmt":"2024-01-18T17:55:32","guid":{"rendered":"https:\/\/www.sbq.org.br\/materiais\/?page_id=60"},"modified":"2024-01-18T14:55:32","modified_gmt":"2024-01-18T17:55:32","slug":"links","status":"publish","type":"page","link":"https:\/\/www.sbq.org.br\/materiais\/links\/","title":{"rendered":"Links"},"content":{"rendered":"\n<div class=\"view view-links view-id-links view-display-id-page view-dom-id-6c3f3c035aa134e862013996d0718d36\">\n        \n  \n  \n      \n        <div class=\"views-row views-row-1 views-row-odd views-row-first\">\n     \n\t  <div class=\"views-field views-field-title\">\t    \t    <span class=\"field-content\"><a href=\"http:\/\/www.sbpmat.org.br\/\" target=\"_blank\" rel=\"noopener\">SBPMAT<\/a><\/span>\t  <\/div>\n \n\t  <div class=\"views-field views-field-field-descricao-link\">\t    \t    <div class=\"field-content\">Sociedade Brasileira de Pesquisa em Materiais &#8211; SBPMAT<\/div>\t  <\/div>\n  <\/div>\n  <div class=\"views-row views-row-2 views-row-even\">\n     \n\t  <div class=\"views-field views-field-title\">\t    \t    <span class=\"field-content\"><a href=\"http:\/\/www.abpol.com.br\/\" target=\"_blank\" rel=\"noopener\">ABPOL<\/a><\/span>\t  <\/div>\n \n\t  <div class=\"views-field views-field-field-descricao-link\">\t    \t    <div class=\"field-content\">Associa\u00e7\u00e3o Brasileira de Pol\u00edmeros<\/div>\t  <\/div>\n  <\/div>\n  <div class=\"views-row views-row-3 views-row-odd\">\n     \n\t  <div class=\"views-field views-field-title\">\t    \t    <span class=\"field-content\"><a href=\"http:\/\/www.mrs.org\/s_mrs\/index.asp\" target=\"_blank\" rel=\"noopener\">MRS<\/a><\/span>\t  <\/div>\n \n\t  <div class=\"views-field views-field-field-descricao-link\">\t    \t    <div class=\"field-content\">Materials Research Society<\/div>\t  <\/div>\n  <\/div>\n  <div class=\"views-row views-row-4 views-row-even\">\n     \n\t  <div class=\"views-field views-field-title\">\t    \t    <span class=\"field-content\"><a href=\"http:\/\/www.fisica.ufc.br\/redenano\/\" target=\"_blank\" rel=\"noopener\">Rede Nanotubos<\/a><\/span>\t  <\/div>\n \n\t  <div class=\"views-field views-field-field-descricao-link\">\t    \t    <div class=\"field-content\">Rede Nacional de Pesquisa em Nanotubos de Carbono<\/div>\t  <\/div>\n  <\/div>\n  <div class=\"views-row views-row-5 views-row-odd\">\n     \n\t  <div class=\"views-field views-field-title\">\t    \t    <span class=\"field-content\"><a href=\"http:\/\/www.solgel.com\/\" target=\"_blank\" rel=\"noopener\">Sol-Gel<\/a><\/span>\t  <\/div>\n \n\t  <div class=\"views-field views-field-field-descricao-link\">\t    \t    <div class=\"field-content\">The Sol-Gel Gateway <\/div>\t  <\/div>\n  <\/div>\n  <div class=\"views-row views-row-6 views-row-even\">\n     \n\t  <div class=\"views-field views-field-title\">\t    \t    <span class=\"field-content\"><a href=\"http:\/\/portal.acs.org\/portal\/acs\/corg\/content\" target=\"_blank\" rel=\"noopener\">ACS<\/a><\/span>\t  <\/div>\n \n\t  <div class=\"views-field views-field-field-descricao-link\">\t    \t    <div class=\"field-content\">American Chemical Society<\/div>\t  <\/div>\n  <\/div>\n  <div class=\"views-row views-row-7 views-row-odd\">\n     \n\t  <div class=\"views-field views-field-title\">\t    \t    <span class=\"field-content\"><a href=\"http:\/\/www.rsc.org\/Gateway\/Subject\/MatPoly\/\" target=\"_blank\" rel=\"noopener\">Materiais &#8211; RSC<\/a><\/span>\t  <\/div>\n \n\t  <div class=\"views-field views-field-field-descricao-link\">\t    \t    <div class=\"field-content\">Royal Society of Chemistry &#8211; Materials<\/div>\t  <\/div>\n  <\/div>\n  <div class=\"views-row views-row-8 views-row-even\">\n     \n\t  <div class=\"views-field views-field-title\">\t    \t    <span class=\"field-content\"><a href=\"http:\/\/www.mct.gov.br\/\" target=\"_blank\" rel=\"noopener\">MCT<\/a><\/span>\t  <\/div>\n \n\t  <div class=\"views-field views-field-field-descricao-link\">\t    \t    <div class=\"field-content\">Minist\u00e9rio da Ci\u00eancia e Tecnologia<\/div>\t  <\/div>\n  <\/div>\n  <div class=\"views-row views-row-9 views-row-odd\">\n     \n\t  <div class=\"views-field views-field-title\">\t    \t    <span class=\"field-content\"><a href=\"http:\/\/www.periodicos.capes.gov.br\/portugues\/index\" target=\"_blank\" rel=\"noopener\">Portal Peri\u00f3dicos<\/a><\/span>\t  <\/div>\n \n\t  <div class=\"views-field views-field-field-descricao-link\">\t    \t    <div class=\"field-content\">Portal Peri\u00f3dicos &#8211; CAPES<\/div>\t  <\/div>\n  <\/div>\n  <div class=\"views-row views-row-10 views-row-even\">\n     \n\t  <div class=\"views-field views-field-title\">\t    \t    <span class=\"field-content\"><a href=\"http:\/\/www.twas.org\/\" target=\"_blank\" rel=\"noopener\">TWAS<\/a><\/span>\t  <\/div>\n \n\t  <div class=\"views-field views-field-field-descricao-link\">\t    \t    <div class=\"field-content\">The academy of Sciences for the Developing World<\/div>\t  <\/div>\n  <\/div>\n  <div class=\"views-row views-row-11 views-row-odd\">\n     \n\t  <div class=\"views-field views-field-title\">\t    \t    <span class=\"field-content\"><a href=\"http:\/\/www.pa.msu.edu\/cmp\/csc\/nanotube.html\" target=\"_blank\" rel=\"noopener\">Nanotube Site<\/a><\/span>\t  <\/div>\n \n\t  <div class=\"views-field views-field-field-descricao-link\">\t    \t    <div class=\"field-content\">The nanotube Site<\/div>\t  <\/div>\n  <\/div>\n  <div class=\"views-row views-row-12 views-row-even views-row-last\">\n     \n\t  <div class=\"views-field views-field-title\">\t    \t    <span class=\"field-content\"><a href=\"http:\/\/www.nano.gov\/\" target=\"_blank\" rel=\"noopener\">NNI<\/a><\/span>\t  <\/div>\n \n\t  <div class=\"views-field views-field-field-descricao-link\">\t    \t    <div class=\"field-content\">National Nanotechnology Initiative &#8211; USA<\/div>\t  <\/div>\n  <\/div>\n    \n    \n  \n  \n  \n  \n  \n  \n<\/div>\n","protected":false},"excerpt":{"rendered":"<p>SBPMAT Sociedade Brasileira de Pesquisa em Materiais &#8211; SBPMAT ABPOL Associa\u00e7\u00e3o Brasileira de Pol\u00edmeros MRS Materials Research Society Rede Nanotubos Rede Nacional de Pesquisa em Nanotubos de Carbono Sol-Gel The Sol-Gel Gateway ACS American Chemical Society Materiais &#8211; RSC Royal Society of Chemistry &#8211; Materials MCT Minist\u00e9rio da Ci\u00eancia e Tecnologia Portal Peri\u00f3dicos Portal Peri\u00f3dicos [&hellip;]<\/p>\n","protected":false},"author":1,"featured_media":0,"parent":0,"menu_order":0,"comment_status":"closed","ping_status":"closed","template":"","meta":{"footnotes":""},"_links":{"self":[{"href":"https:\/\/www.sbq.org.br\/materiais\/wp-json\/wp\/v2\/pages\/60"}],"collection":[{"href":"https:\/\/www.sbq.org.br\/materiais\/wp-json\/wp\/v2\/pages"}],"about":[{"href":"https:\/\/www.sbq.org.br\/materiais\/wp-json\/wp\/v2\/types\/page"}],"author":[{"embeddable":true,"href":"https:\/\/www.sbq.org.br\/materiais\/wp-json\/wp\/v2\/users\/1"}],"replies":[{"embeddable":true,"href":"https:\/\/www.sbq.org.br\/materiais\/wp-json\/wp\/v2\/comments?post=60"}],"version-history":[{"count":1,"href":"https:\/\/www.sbq.org.br\/materiais\/wp-json\/wp\/v2\/pages\/60\/revisions"}],"predecessor-version":[{"id":61,"href":"https:\/\/www.sbq.org.br\/materiais\/wp-json\/wp\/v2\/pages\/60\/revisions\/61"}],"wp:attachment":[{"href":"https:\/\/www.sbq.org.br\/materiais\/wp-json\/wp\/v2\/media?parent=60"}],"curies":[{"name":"wp","href":"https:\/\/api.w.org\/{rel}","templated":true}]}}