{"id":55,"date":"2024-01-18T14:52:43","date_gmt":"2024-01-18T17:52:43","guid":{"rendered":"https:\/\/www.sbq.org.br\/materiais\/?page_id=55"},"modified":"2024-05-14T11:29:27","modified_gmt":"2024-05-14T14:29:27","slug":"relatorios","status":"publish","type":"page","link":"https:\/\/www.sbq.org.br\/materiais\/relatorios\/","title":{"rendered":"Relat\u00f3rios"},"content":{"rendered":"\n<section id=\"g959819\" class=\"wp-block-gutentor-p4 section-g959819 gutentor-post-module gutentor-advanced-post-module\" data-gpid=\"55\" data-l-ani=\"gp4-animation-1\" data-i-b=\"gutentor\/p1\" data-maxnumpages=\"3\">\n\n<section class=\"gutentor-post-module section-630e315a-8bda-4553-b50c-734995cf9cc4 gutentor-post-module-p1 gutentor_p1_template1 wp-block-gutentor-p1 gutentor-blog-grid\" id=\"630e315a-8bda-4553-b50c-734995cf9cc4\" data-gbid=\"630e315a-8bda-4553-b50c-734995cf9cc4\" >\n<div class='grid-container'><div class='grid-row' ><article class='gutentor-post gutentor-post-no-thumb  grid-lg-12 grid-md-4 grid-12'><div class='gutentor-post-item'><div class=\"gutentor-post-title-data-wrap\"><h3 class=\"gutentor-post-title\"><a href=\"https:\/\/www.sbq.org.br\/materiais\/concurso-publico-docente-area-de-quimica-inorganica\/\" rel=\"bookmark\">CONCURSO P\u00daBLICO &#8211; DOCENTE &#8211; \u00c1rea de Qu\u00edmica Inorg\u00e2nica<\/a><\/h3><\/div><div class=\"gutentor-post-desc\">Concurso P\u00fablico na \u00e1rea de Qu\u00edmica Inorg\u00e2nica para atuar no Instituto de Qu\u00edmica da Universidade Fe&hellip;<\/div><a class=\"gutentor-button gutentor-post-button\"  href=\"https:\/\/www.sbq.org.br\/materiais\/concurso-publico-docente-area-de-quimica-inorganica\/\" href=\"https:\/\/www.sbq.org.br\/materiais\/concurso-publico-docente-area-de-quimica-inorganica\/\"><span>Read More<\/span><\/a><\/div><\/article><article class='gutentor-post gutentor-post-no-thumb  grid-lg-12 grid-md-4 grid-12'><div class='gutentor-post-item'><div class=\"gutentor-post-title-data-wrap\"><h3 class=\"gutentor-post-title\"><a href=\"https:\/\/www.sbq.org.br\/materiais\/oportunidade-de-bolsa-de-pos-doutorado-2\/\" rel=\"bookmark\">Oportunidade de Bolsa de P\u00f3s-Doutorado<\/a><\/h3><\/div><div class=\"gutentor-post-desc\">Oportunidade: bolsa de p\u00f3s-doutorado (PD) vinculada ao projeto Tem\u00e1tico FAPESP (2018\/22214-6) intitu&hellip;<\/div><a class=\"gutentor-button gutentor-post-button\"  href=\"https:\/\/www.sbq.org.br\/materiais\/oportunidade-de-bolsa-de-pos-doutorado-2\/\" href=\"https:\/\/www.sbq.org.br\/materiais\/oportunidade-de-bolsa-de-pos-doutorado-2\/\"><span>Read More<\/span><\/a><\/div><\/article><article class='gutentor-post gutentor-post-no-thumb  grid-lg-12 grid-md-4 grid-12'><div class='gutentor-post-item'><div class=\"gutentor-post-title-data-wrap\"><h3 class=\"gutentor-post-title\"><a href=\"https:\/\/www.sbq.org.br\/materiais\/oportunidade-de-bolsa-de-pos-doutorado\/\" rel=\"bookmark\">Oportunidade de Bolsa de P\u00f3s-Doutorado<\/a><\/h3><\/div><div class=\"gutentor-post-desc\">Bolsa de p\u00f3s-doutorado da Faperj para trabalhar no projeto \u201cA\u00e7\u00e3o emergencial \u2013 combate aos efeitos C&hellip;<\/div><a class=\"gutentor-button gutentor-post-button\"  href=\"https:\/\/www.sbq.org.br\/materiais\/oportunidade-de-bolsa-de-pos-doutorado\/\" href=\"https:\/\/www.sbq.org.br\/materiais\/oportunidade-de-bolsa-de-pos-doutorado\/\"><span>Read More<\/span><\/a><\/div><\/article><article class='gutentor-post gutentor-post-no-thumb  grid-lg-12 grid-md-4 grid-12'><div class='gutentor-post-item'><div class=\"gutentor-post-title-data-wrap\"><h3 class=\"gutentor-post-title\"><a href=\"https:\/\/www.sbq.org.br\/materiais\/unifran-ira-sediar-a-v-reuniao-sobre-argilas-aplicadas\/\" rel=\"bookmark\">UNIFRAN ir\u00e1 sediar a V Reuni\u00e3o Sobre Argilas Aplicadas<\/a><\/h3><\/div><div class=\"gutentor-post-desc\">A UNIFRAN ir\u00e1 sediar a V Reuni\u00e3o Sobre Argilas Aplicadas, que ocorrer\u00e1 entre os dias 28 e 30 de agos&hellip;<\/div><a class=\"gutentor-button gutentor-post-button\"  href=\"https:\/\/www.sbq.org.br\/materiais\/unifran-ira-sediar-a-v-reuniao-sobre-argilas-aplicadas\/\" href=\"https:\/\/www.sbq.org.br\/materiais\/unifran-ira-sediar-a-v-reuniao-sobre-argilas-aplicadas\/\"><span>Read More<\/span><\/a><\/div><\/article><article class='gutentor-post gutentor-post-no-thumb  grid-lg-12 grid-md-4 grid-12'><div class='gutentor-post-item'><div class=\"gutentor-post-title-data-wrap\"><h3 class=\"gutentor-post-title\"><a href=\"https:\/\/www.sbq.org.br\/materiais\/ganhador-do-premio-nobel-de-quimica-de-2016-prof-sir-j-fraser-stoddart-ministrara-palestra-magna-na-universidade-federal-fluminense-uff-no-dia-10-de-abril-de-2019-as-1430-h-n\/\" rel=\"bookmark\">Ganhador do Pr\u00eamio Nobel de Qu\u00edmica de 2016, Prof. Sir J. Fraser Stoddart, ministrar\u00e1  \u201cPalestra Magna\u201d na Universidade Federal Fluminense (UFF) no dia 10 de abril de 2019 \u00e0s 14:30 h no Cine Arte UFF<\/a><\/h3><\/div><div class=\"gutentor-post-desc\">O Magn\u00edfico Reitor da Universidade Federal Fluminense, Antonio Claudio Lucas da N\u00f3brega,&nbsp;tem a &hellip;<\/div><a class=\"gutentor-button gutentor-post-button\"  href=\"https:\/\/www.sbq.org.br\/materiais\/ganhador-do-premio-nobel-de-quimica-de-2016-prof-sir-j-fraser-stoddart-ministrara-palestra-magna-na-universidade-federal-fluminense-uff-no-dia-10-de-abril-de-2019-as-1430-h-n\/\" href=\"https:\/\/www.sbq.org.br\/materiais\/ganhador-do-premio-nobel-de-quimica-de-2016-prof-sir-j-fraser-stoddart-ministrara-palestra-magna-na-universidade-federal-fluminense-uff-no-dia-10-de-abril-de-2019-as-1430-h-n\/\"><span>Read More<\/span><\/a><\/div><\/article><article class='gutentor-post gutentor-post-no-thumb  grid-lg-12 grid-md-4 grid-12'><div class='gutentor-post-item'><div class=\"gutentor-post-title-data-wrap\"><h3 class=\"gutentor-post-title\"><a href=\"https:\/\/www.sbq.org.br\/materiais\/confira-as-atividades-programadas-da-dqm-na-41a-rasbq\/\" rel=\"bookmark\">CONFIRA AS ATIVIDADES PROGRAMADAS DA DQM na 41a RASBQ!!<\/a><\/h3><\/div><div class=\"gutentor-post-desc\">Nesta 41a Reuni\u00e3o Anual da SBQ a Divis\u00e3o de Qu\u00edmica de Materiais traz como conferencista convidado:\n&hellip;<\/div><a class=\"gutentor-button gutentor-post-button\"  href=\"https:\/\/www.sbq.org.br\/materiais\/confira-as-atividades-programadas-da-dqm-na-41a-rasbq\/\" href=\"https:\/\/www.sbq.org.br\/materiais\/confira-as-atividades-programadas-da-dqm-na-41a-rasbq\/\"><span>Read More<\/span><\/a><\/div><\/article><article class='gutentor-post gutentor-post-no-thumb  grid-lg-12 grid-md-4 grid-12'><div class='gutentor-post-item'><div class=\"gutentor-post-title-data-wrap\"><h3 class=\"gutentor-post-title\"><a href=\"https:\/\/www.sbq.org.br\/materiais\/pedido-auxilio-coletivo-fapesp-para-doutores-do-estado-de-sp-participarem-do-icl17\/\" rel=\"bookmark\">PEDIDO AUX\u00cdLIO COLETIVO FAPESP PARA DOUTORES DO ESTADO DE SP PARTICIPAREM DO ICL&#8217;17<\/a><\/h3><\/div><div class=\"gutentor-post-desc\">Aos Pesquisadores Paulistas (To Researchers from the S\u00e3o Paulo State, Brazil)A submiss\u00e3o de abstract&hellip;<\/div><a class=\"gutentor-button gutentor-post-button\"  href=\"https:\/\/www.sbq.org.br\/materiais\/pedido-auxilio-coletivo-fapesp-para-doutores-do-estado-de-sp-participarem-do-icl17\/\" href=\"https:\/\/www.sbq.org.br\/materiais\/pedido-auxilio-coletivo-fapesp-para-doutores-do-estado-de-sp-participarem-do-icl17\/\"><span>Read More<\/span><\/a><\/div><\/article><article class='gutentor-post gutentor-post-no-thumb  grid-lg-12 grid-md-4 grid-12'><div class='gutentor-post-item'><div class=\"gutentor-post-title-data-wrap\"><h3 class=\"gutentor-post-title\"><a href=\"https:\/\/www.sbq.org.br\/materiais\/divulgacao-de-concurso-publico-depto-quimica-inorganica-uff\/\" rel=\"bookmark\">Divulga\u00e7\u00e3o de Concurso P\u00fablico &#8211; Depto. Qu\u00edmica Inorg\u00e2nica &#8211; UFF<\/a><\/h3><\/div><div class=\"gutentor-post-desc\">Concurso P\u00fablico de Provas e T\u00edtulos para o Ingresso na Carreira do Magist\u00e9rio Superior, Classe A, P&hellip;<\/div><a class=\"gutentor-button gutentor-post-button\"  href=\"https:\/\/www.sbq.org.br\/materiais\/divulgacao-de-concurso-publico-depto-quimica-inorganica-uff\/\" href=\"https:\/\/www.sbq.org.br\/materiais\/divulgacao-de-concurso-publico-depto-quimica-inorganica-uff\/\"><span>Read More<\/span><\/a><\/div><\/article><article class='gutentor-post gutentor-post-no-thumb  grid-lg-12 grid-md-4 grid-12'><div class='gutentor-post-item'><div class=\"gutentor-post-title-data-wrap\"><h3 class=\"gutentor-post-title\"><a href=\"https:\/\/www.sbq.org.br\/materiais\/comemoracao-dos-40-anos-da-sbq-na-iupac\/\" rel=\"bookmark\">Comemora\u00e7\u00e3o dos 40 anos da SBQ na IUPAC!!!<\/a><\/h3><\/div><div class=\"gutentor-post-desc\">Caros Membros da Divis\u00e3o, gostar\u00edamos de divulgar que durante a IUPAC em raz\u00e3o da comemora\u00e7\u00e3o dos 40&hellip;<\/div><a class=\"gutentor-button gutentor-post-button\"  href=\"https:\/\/www.sbq.org.br\/materiais\/comemoracao-dos-40-anos-da-sbq-na-iupac\/\" href=\"https:\/\/www.sbq.org.br\/materiais\/comemoracao-dos-40-anos-da-sbq-na-iupac\/\"><span>Read More<\/span><\/a><\/div><\/article><article class='gutentor-post gutentor-post-no-thumb  grid-lg-12 grid-md-4 grid-12'><div class='gutentor-post-item'><div class=\"gutentor-post-title-data-wrap\"><h3 class=\"gutentor-post-title\"><a href=\"https:\/\/www.sbq.org.br\/materiais\/iupac-2017-e-sbq-40-anos-imperdivel-ganhador-do-premio-nobel-de-quimica-sir-j-fraser-stoddart-ministrara-a-conferencia-plenaria-especial-da-iupac-2017-na-data-das-comemoracoes-dos-40-anos-da-s\/\" rel=\"bookmark\">IUPAC-2017 e SBQ 40 ANOS: IMPERD\u00cdVEL &#8211; Ganhador do Pr\u00eamio Nobel de Qu\u00edmica, Sir J. Fraser Stoddart, ministrar\u00e1 a &#8220;Confer\u00eancia Plen\u00e1ria Especial&#8221; da IUPAC-2017 na data das comemora\u00e7\u00f5es dos 40 Anos da SBQ<\/a><\/h3><\/div><div class=\"gutentor-post-desc\">Agraciado com o Nobel de Qu\u00edmica de 2016, recebido h\u00e1 pouco mais de um m\u00eas em Estocolmo \u2013 Su\u00e9cia, o &hellip;<\/div><a class=\"gutentor-button gutentor-post-button\"  href=\"https:\/\/www.sbq.org.br\/materiais\/iupac-2017-e-sbq-40-anos-imperdivel-ganhador-do-premio-nobel-de-quimica-sir-j-fraser-stoddart-ministrara-a-conferencia-plenaria-especial-da-iupac-2017-na-data-das-comemoracoes-dos-40-anos-da-s\/\" href=\"https:\/\/www.sbq.org.br\/materiais\/iupac-2017-e-sbq-40-anos-imperdivel-ganhador-do-premio-nobel-de-quimica-sir-j-fraser-stoddart-ministrara-a-conferencia-plenaria-especial-da-iupac-2017-na-data-das-comemoracoes-dos-40-anos-da-s\/\"><span>Read More<\/span><\/a><\/div><\/article><\/div><\/div><\/section>\n\n\n<div id=\"section-g2cea50\" class=\"wp-block-gutentor-e17 section-g2cea50 gutentor-element gutentor-post-footer\"><div class=\"grid-container\"><div class=\"grid-row\">\n<div id=\"col-gm027308\" class=\"wp-block-gutentor-e15 gutentor-single-column  grid-lg-12 grid-md-12 grid-12\"><div id=\"section-gm027308\" class=\"section-gm027308 gutentor-col-wrap\">\n<div id=\"section-g86b46c\" class=\"wp-block-gutentor-e12 section-g86b46c gutentor-element gutentor-element-pagination text-align-center-mobile\"><div class=\"gutentor-pagination-wrap\" data-maxnumpages=\"3\"><ul class=\"gutentor-pagination\"><li class=\"gutentor-pagination-item gutentor-pagination-prev\"><a class=\"gutentor-pagination-link gutentor-disabled\" href=\"#\"><i class=\"fas fa-chevron-left\"><\/i>Previous<\/a><\/li><li class=\"gutentor-pagination-item gutentor-pagination-active\" data-gpage=\"1\"><a class=\"gutentor-pagination-link\" href=\"#\">1<\/a><\/li><li class=\"gutentor-pagination-item\"><a class=\"gutentor-pagination-link\" href=\"#\" data-gpage=\"2\">2<\/a><\/li><li class=\"gutentor-pagination-item\"><a class=\"gutentor-pagination-link\" href=\"#\" data-gpage=\"3\">3<\/a><\/li><li class=\"gutentor-pagination-item gutentor-pagination-next\"><a class=\"gutentor-pagination-link\" href=\"#\" data-gpage=\"2\">Next<i class=\"fas fa-chevron-right\"><\/i><\/a><\/li><\/ul><\/div><\/div>\n<\/div><\/div>\n<\/div><\/div><\/div>\n<\/section>\n","protected":false},"excerpt":{"rendered":"","protected":false},"author":1,"featured_media":0,"parent":0,"menu_order":0,"comment_status":"closed","ping_status":"closed","template":"institucional","meta":{"footnotes":""},"_links":{"self":[{"href":"https:\/\/www.sbq.org.br\/materiais\/wp-json\/wp\/v2\/pages\/55"}],"collection":[{"href":"https:\/\/www.sbq.org.br\/materiais\/wp-json\/wp\/v2\/pages"}],"about":[{"href":"https:\/\/www.sbq.org.br\/materiais\/wp-json\/wp\/v2\/types\/page"}],"author":[{"embeddable":true,"href":"https:\/\/www.sbq.org.br\/materiais\/wp-json\/wp\/v2\/users\/1"}],"replies":[{"embeddable":true,"href":"https:\/\/www.sbq.org.br\/materiais\/wp-json\/wp\/v2\/comments?post=55"}],"version-history":[{"count":3,"href":"https:\/\/www.sbq.org.br\/materiais\/wp-json\/wp\/v2\/pages\/55\/revisions"}],"predecessor-version":[{"id":157,"href":"https:\/\/www.sbq.org.br\/materiais\/wp-json\/wp\/v2\/pages\/55\/revisions\/157"}],"wp:attachment":[{"href":"https:\/\/www.sbq.org.br\/materiais\/wp-json\/wp\/v2\/media?parent=55"}],"curies":[{"name":"wp","href":"https:\/\/api.w.org\/{rel}","templated":true}]}}