{"id":44,"date":"2024-01-10T11:18:03","date_gmt":"2024-01-10T14:18:03","guid":{"rendered":"https:\/\/www.sbq.org.br\/materiais\/?page_id=44"},"modified":"2024-01-10T11:18:03","modified_gmt":"2024-01-10T14:18:03","slug":"workshops","status":"publish","type":"page","link":"https:\/\/www.sbq.org.br\/materiais\/workshops\/","title":{"rendered":"Workshops"},"content":{"rendered":"\n<section id=\"g007355\" class=\"wp-block-gutentor-p4 section-g007355 gutentor-post-module gutentor-advanced-post-module\" data-gpid=\"44\" data-l-ani=\"gp4-animation-1\" data-i-b=\"gutentor\/p1\" data-maxnumpages=\"1\">\n\n<section class=\"gutentor-post-module section-11e66488-6f97-4105-86df-01d765798dbe gutentor-post-module-p1 gutentor_p1_template1 wp-block-gutentor-p1 gutentor-blog-grid\" id=\"11e66488-6f97-4105-86df-01d765798dbe\" data-gbid=\"11e66488-6f97-4105-86df-01d765798dbe\" >\n<div class='grid-container'><div class='grid-row' ><article class='gutentor-post gutentor-post-no-thumb  grid-lg-12 grid-md-12 grid-12'><div class='gutentor-post-item'><div class=\"gutentor-post-title-data-wrap\"><h3 class=\"gutentor-post-title\"><a href=\"https:\/\/www.sbq.org.br\/materiais\/transformacoes-inteligentes-de-residuos-para-obtencao-de-catalisadores-e-materiais-estrategicos\/\" rel=\"bookmark\">Transforma\u00e7\u00f5es inteligentes de res\u00edduos para obten\u00e7\u00e3o de catalisadores e materiais estrat\u00e9gicos<\/a><\/h3><\/div><div class=\"gutentor-post-desc\">O presente workshop teve como objetivo abordar as mais recentes pesquisas sobre a transforma\u00e7\u00e3o de r&hellip;<\/div><a class=\"gutentor-button gutentor-post-button\"  href=\"https:\/\/www.sbq.org.br\/materiais\/transformacoes-inteligentes-de-residuos-para-obtencao-de-catalisadores-e-materiais-estrategicos\/\" href=\"https:\/\/www.sbq.org.br\/materiais\/transformacoes-inteligentes-de-residuos-para-obtencao-de-catalisadores-e-materiais-estrategicos\/\"><span>Read More<\/span><\/a><\/div><\/article><article class='gutentor-post gutentor-post-no-thumb  grid-lg-12 grid-md-12 grid-12'><div class='gutentor-post-item'><div class=\"gutentor-post-title-data-wrap\"><h3 class=\"gutentor-post-title\"><a href=\"https:\/\/www.sbq.org.br\/materiais\/materiais-e-processos-cataliticos-verdes\/\" rel=\"bookmark\">Materiais e Processos Catal\u00edticos Verdes<\/a><\/h3><\/div><div class=\"gutentor-post-desc\">Dada a crescente demanda mundial para o desenvolvimento e emprego de materiais e tecnologias verdes,&hellip;<\/div><a class=\"gutentor-button gutentor-post-button\"  href=\"https:\/\/www.sbq.org.br\/materiais\/materiais-e-processos-cataliticos-verdes\/\" href=\"https:\/\/www.sbq.org.br\/materiais\/materiais-e-processos-cataliticos-verdes\/\"><span>Read More<\/span><\/a><\/div><\/article><article class='gutentor-post gutentor-post-no-thumb  grid-lg-12 grid-md-12 grid-12'><div class='gutentor-post-item'><div class=\"gutentor-post-title-data-wrap\"><h3 class=\"gutentor-post-title\"><a href=\"https:\/\/www.sbq.org.br\/materiais\/imitando-a-natureza-sistemas-biomimeticos\/\" rel=\"bookmark\">Imitando a natureza: sistemas biomim\u00e9ticos<\/a><\/h3><\/div><div class=\"gutentor-post-desc\">Coordenadores: Paulo Augusto Netz (UFRGS), Luiz Gonzaga de Fran\u00e7a Lopes (UFC) e Roselena Faez (UFSCa&hellip;<\/div><a class=\"gutentor-button gutentor-post-button\"  href=\"https:\/\/www.sbq.org.br\/materiais\/imitando-a-natureza-sistemas-biomimeticos\/\" href=\"https:\/\/www.sbq.org.br\/materiais\/imitando-a-natureza-sistemas-biomimeticos\/\"><span>Read More<\/span><\/a><\/div><\/article><article class='gutentor-post gutentor-post-no-thumb  grid-lg-12 grid-md-12 grid-12'><div class='gutentor-post-item'><div class=\"gutentor-post-title-data-wrap\"><h3 class=\"gutentor-post-title\"><a href=\"https:\/\/www.sbq.org.br\/materiais\/recentes-avancos-da-espectroscopia-na-caracterizacao-de-materiais-e-sistemas\/\" rel=\"bookmark\">Recentes avan\u00e7os da espectroscopia na caracteriza\u00e7\u00e3o de materiais e sistemas<\/a><\/h3><\/div><div class=\"gutentor-post-desc\">Coordenadores: Paulo Augusto Netz (UFRGS), Laudemir Carlos Varanda (IQSC-USP), Lucia Helena Mascaro &hellip;<\/div><a class=\"gutentor-button gutentor-post-button\"  href=\"https:\/\/www.sbq.org.br\/materiais\/recentes-avancos-da-espectroscopia-na-caracterizacao-de-materiais-e-sistemas\/\" href=\"https:\/\/www.sbq.org.br\/materiais\/recentes-avancos-da-espectroscopia-na-caracterizacao-de-materiais-e-sistemas\/\"><span>Read More<\/span><\/a><\/div><\/article><article class='gutentor-post gutentor-post-no-thumb  grid-lg-12 grid-md-12 grid-12'><div class='gutentor-post-item'><div class=\"gutentor-post-title-data-wrap\"><h3 class=\"gutentor-post-title\"><a href=\"https:\/\/www.sbq.org.br\/materiais\/materiais-derivados-de-fontes-renovaveis-de-volta-ao-futuro\/\" rel=\"bookmark\">Materiais derivados de fontes renov\u00e1veis, de volta ao futuro<\/a><\/h3><\/div><div class=\"gutentor-post-desc\">Coordenadores: Glaura Goulart Silva (UFMG) e Marco-Aurelio De Paoli (UNICAMP)&hellip;<\/div><a class=\"gutentor-button gutentor-post-button\"  href=\"https:\/\/www.sbq.org.br\/materiais\/materiais-derivados-de-fontes-renovaveis-de-volta-ao-futuro\/\" href=\"https:\/\/www.sbq.org.br\/materiais\/materiais-derivados-de-fontes-renovaveis-de-volta-ao-futuro\/\"><span>Read More<\/span><\/a><\/div><\/article><article class='gutentor-post gutentor-post-no-thumb  grid-lg-12 grid-md-12 grid-12'><div class='gutentor-post-item'><div class=\"gutentor-post-title-data-wrap\"><h3 class=\"gutentor-post-title\"><a href=\"https:\/\/www.sbq.org.br\/materiais\/tecnicas-avancadas-de-caracterizacao-de-materiais\/\" rel=\"bookmark\">T\u00e9cnicas avan\u00e7adas de caracteriza\u00e7\u00e3o de materiais<\/a><\/h3><\/div><div class=\"gutentor-post-desc\">Coordenadores: Glaura G. Silva (UFMG) e Laudemir Varanda (USP-SC)&hellip;<\/div><a class=\"gutentor-button gutentor-post-button\"  href=\"https:\/\/www.sbq.org.br\/materiais\/tecnicas-avancadas-de-caracterizacao-de-materiais\/\" href=\"https:\/\/www.sbq.org.br\/materiais\/tecnicas-avancadas-de-caracterizacao-de-materiais\/\"><span>Read More<\/span><\/a><\/div><\/article><article class='gutentor-post gutentor-post-no-thumb  grid-lg-12 grid-md-12 grid-12'><div class='gutentor-post-item'><div class=\"gutentor-post-title-data-wrap\"><h3 class=\"gutentor-post-title\"><a href=\"https:\/\/www.sbq.org.br\/materiais\/metodos-avancados-de-caracterizacao-de-materiais\/\" rel=\"bookmark\">M\u00e9todos avan\u00e7ados de caracteriza\u00e7\u00e3o de materiais<\/a><\/h3><\/div><div class=\"gutentor-post-desc\">Coordenadores: Aldo J. G. Zarbin (UFPR) e Glaura G. Silva (UFMG).&hellip;<\/div><a class=\"gutentor-button gutentor-post-button\"  href=\"https:\/\/www.sbq.org.br\/materiais\/metodos-avancados-de-caracterizacao-de-materiais\/\" href=\"https:\/\/www.sbq.org.br\/materiais\/metodos-avancados-de-caracterizacao-de-materiais\/\"><span>Read More<\/span><\/a><\/div><\/article><article class='gutentor-post gutentor-post-no-thumb  grid-lg-12 grid-md-12 grid-12'><div class='gutentor-post-item'><div class=\"gutentor-post-title-data-wrap\"><h3 class=\"gutentor-post-title\"><a href=\"https:\/\/www.sbq.org.br\/materiais\/materiais-para-o-desenvolvimento-sustentavel\/\" rel=\"bookmark\">Materiais para o desenvolvimento sustent\u00e1vel<\/a><\/h3><\/div><div class=\"gutentor-post-desc\">Workshop conjunto SBQ\/SBPMat .Coordenadores: Aldo J. G. Zarbin (UFPR) e Fernando L\u00e1zaro Freire Jr. (&hellip;<\/div><a class=\"gutentor-button gutentor-post-button\"  href=\"https:\/\/www.sbq.org.br\/materiais\/materiais-para-o-desenvolvimento-sustentavel\/\" href=\"https:\/\/www.sbq.org.br\/materiais\/materiais-para-o-desenvolvimento-sustentavel\/\"><span>Read More<\/span><\/a><\/div><\/article><article class='gutentor-post gutentor-post-no-thumb  grid-lg-12 grid-md-12 grid-12'><div class='gutentor-post-item'><div class=\"gutentor-post-title-data-wrap\"><h3 class=\"gutentor-post-title\"><a href=\"https:\/\/www.sbq.org.br\/materiais\/desenvolvimento-de-materiais-para-conversao-e-armazenamento-de-energia-perspectivas-e-rumos\/\" rel=\"bookmark\">Desenvolvimento de materiais para convers\u00e3o e armazenamento de energia: perspectivas e rumos<\/a><\/h3><\/div><div class=\"gutentor-post-desc\">Coordenadores: Vera Regina L. Constantino (USP) e Artur J. Motheo (USP)&hellip;<\/div><a class=\"gutentor-button gutentor-post-button\"  href=\"https:\/\/www.sbq.org.br\/materiais\/desenvolvimento-de-materiais-para-conversao-e-armazenamento-de-energia-perspectivas-e-rumos\/\" href=\"https:\/\/www.sbq.org.br\/materiais\/desenvolvimento-de-materiais-para-conversao-e-armazenamento-de-energia-perspectivas-e-rumos\/\"><span>Read More<\/span><\/a><\/div><\/article><\/div><\/div><\/section>\n\n\n<div id=\"section-g31699b\" class=\"wp-block-gutentor-e17 section-g31699b gutentor-element gutentor-post-footer\"><div class=\"grid-container\"><div class=\"grid-row\">\n<div id=\"col-gma558b1\" class=\"wp-block-gutentor-e15 gutentor-single-column  grid-lg-12 grid-md-12 grid-12\"><div id=\"section-gma558b1\" class=\"section-gma558b1 gutentor-col-wrap\">\n<div id=\"section-gd408a6\" class=\"wp-block-gutentor-e12 section-gd408a6 gutentor-element gutentor-element-pagination text-align-center-mobile\"><div class=\"gutentor-pagination-wrap\" data-maxnumpages=\"1\"><ul class=\"gutentor-pagination\"><li class=\"gutentor-pagination-item gutentor-pagination-prev\"><a class=\"gutentor-pagination-link gutentor-disabled\" href=\"#\"><i class=\"fas fa-chevron-left\"><\/i>Previous<\/a><\/li><li class=\"gutentor-pagination-item gutentor-pagination-active\" data-gpage=\"1\"><a class=\"gutentor-pagination-link\" href=\"#\">1<\/a><\/li><li class=\"gutentor-pagination-item gutentor-pagination-next\"><a class=\"gutentor-pagination-link gutentor-disabled\" href=\"#\" data-gpage=\"2\">Next<i class=\"fas fa-chevron-right\"><\/i><\/a><\/li><\/ul><\/div><\/div>\n<\/div><\/div>\n<\/div><\/div><\/div>\n<\/section>\n","protected":false},"excerpt":{"rendered":"","protected":false},"author":1,"featured_media":0,"parent":0,"menu_order":0,"comment_status":"closed","ping_status":"closed","template":"","meta":{"footnotes":""},"_links":{"self":[{"href":"https:\/\/www.sbq.org.br\/materiais\/wp-json\/wp\/v2\/pages\/44"}],"collection":[{"href":"https:\/\/www.sbq.org.br\/materiais\/wp-json\/wp\/v2\/pages"}],"about":[{"href":"https:\/\/www.sbq.org.br\/materiais\/wp-json\/wp\/v2\/types\/page"}],"author":[{"embeddable":true,"href":"https:\/\/www.sbq.org.br\/materiais\/wp-json\/wp\/v2\/users\/1"}],"replies":[{"embeddable":true,"href":"https:\/\/www.sbq.org.br\/materiais\/wp-json\/wp\/v2\/comments?post=44"}],"version-history":[{"count":1,"href":"https:\/\/www.sbq.org.br\/materiais\/wp-json\/wp\/v2\/pages\/44\/revisions"}],"predecessor-version":[{"id":45,"href":"https:\/\/www.sbq.org.br\/materiais\/wp-json\/wp\/v2\/pages\/44\/revisions\/45"}],"wp:attachment":[{"href":"https:\/\/www.sbq.org.br\/materiais\/wp-json\/wp\/v2\/media?parent=44"}],"curies":[{"name":"wp","href":"https:\/\/api.w.org\/{rel}","templated":true}]}}