{"id":3,"date":"2014-09-26T21:09:51","date_gmt":"2014-09-27T00:09:51","guid":{"rendered":"https:\/\/www.sbq.org.br\/divisao_materiais\/sobre-a-divisao-de-quimica-de-materiais\/"},"modified":"2024-07-30T09:00:48","modified_gmt":"2024-07-30T12:00:48","slug":"sobre-a-divisao-de-quimica-de-materiais","status":"publish","type":"page","link":"https:\/\/www.sbq.org.br\/materiais\/sobre-a-divisao-de-quimica-de-materiais\/","title":{"rendered":"Sobre a Divis\u00e3o de Qu\u00edmica de Materiais"},"content":{"rendered":"\n<p>Abaixo, links de acesso a quatro artigos publicados em Qu\u00edmica Nova, que analisam a import\u00e2ncia da DQM-SBQ em diferentes per\u00edodos de sua exist\u00eancia e na sequ\u00eancia, o hist\u00f3rico das Gest\u00f5es da Diretoria da Divis\u00e3o de Qu\u00edmica de Materiais.<\/p>\n\n\n\n<p><a href=\"https:\/\/www.google.com.br\/url?sa=t&amp;rct=j&amp;q=&amp;esrc=s&amp;source=web&amp;cd=1&amp;cad=rja&amp;uact=8&amp;ved=0CB0QFjAA&amp;url=http%3A%2F%2Fwww.scielo.br%2Fpdf%2Fqn%2Fv21n6%2F2918.pdf&amp;ei=DihnVfDeEsyjNsmIg_AC&amp;usg=AFQjCNFhjRud3e5CX_8h0orqJ8U-nnJsPw&amp;sig2=8aOfqqLETyRcpv3MbVku-w\"><strong>Qu\u00edmica de Materiais no Brasil: Um Olhar atrav\u00e9s das Reuni\u00f5es Anuais da Sociedade Brasileira de Qu\u00edmica<\/strong><\/a><br>Artigo de Oswaldo Luiz Alves, Qu\u00edmica Nova 1998, 21, 807<\/p>\n\n\n\n<p><a href=\"https:\/\/www.google.com.br\/url?sa=t&amp;rct=j&amp;q=&amp;esrc=s&amp;source=web&amp;cd=1&amp;cad=rja&amp;uact=8&amp;ved=0CB0QFjAA&amp;url=http%3A%2F%2Fwww.scielo.br%2Fpdf%2Fqn%2Fv25s1%2F9417.pdf&amp;ei=bilnVZDvKou7ggS7t4H4Cw&amp;usg=AFQjCNEkXfZi4x73EHlRdeVmGk-xRfT1pg&amp;sig2=hATAWUmENWD9WeoBNn4mcA\"><strong>Qu\u00edmica de Materiais em 25 Anos de SBQ<\/strong><\/a><br>Artigo de Adley F. Rubira, Aldo J.G. Zarbin, Fernando Galembeck, Oswaldo L. Alves, Miguel Jafellici Jr, Qu\u00edmica Nova 2002, 25 (supl.1), 75.<\/p>\n\n\n\n<p><a href=\"http:\/\/www.scielo.br\/readcube\/epdf.php?doi=10.1590\/S0100-40422007000600016&amp;pid=S0100-40422007000600016&amp;pdf_path=qn\/v30n6\/a16v30n6.pdf\"><strong>Qu\u00edmica de (nano)materiais<\/strong><\/a><br>Artigo de Aldo J.G. Zarbin, Qu\u00edmica Nova, 2007, 30, 1469<\/p>\n\n\n\n<p><strong><a href=\"http:\/\/quimicanova.sbq.org.br\/imagebank\/pdf\/v40n6a14.pdf\">PROMOVENDO INTERCONEX\u00d5ES: CONTRIBUI\u00c7\u00d5ES DA DIVIS\u00c3O DE QU\u00cdMICA DE MATERIAIS NOS 40 ANOS DA SBQ<\/a><\/strong><\/p>\n\n\n\n<p>Artigo de&nbsp;C\u00e9lia Machado Ronconi, Qu\u00edmica Nova, 2017, 40, 688-693.<\/p>\n\n\n\n<p><strong>HIST\u00d3RICO DAS GEST\u00d5ES DA DIRETORIA DA DIVIS\u00c3O DE QU\u00cdMICA DE MATERIAIS:<\/strong><\/p>\n\n\n\n<p><strong>2022 &#8211; 2024: <\/strong><\/p>\n\n\n\n<p>DIRETOR:\u00a0Clascidia Aparecida Furtado (CNEN)<\/p>\n\n\n\n<p>VICE-DIRETORA: Maria Luiza Miranda Rocco (IQ-UFRJ)<\/p>\n\n\n\n<p>TESOUREIRO: Laudemir Carlos Varanda (IQSC-USP)<\/p>\n\n\n\n<p><strong>2020 &#8211; 2022:<\/strong><\/p>\n\n\n\n<p>DIRETOR:\u00a0Italo Odone Mazali (IQ-UNICAMP)<\/p>\n\n\n\n<p>VICE-DIRETORA: Clascidia Aparecida Furtado (CNEN)<\/p>\n\n\n\n<p>TESOUREIRO: Maria Luiza Miranda Rocco (IQ-UFRJ)<\/p>\n\n\n\n<p><strong>2018-2020<\/strong><\/p>\n\n\n\n<p>DIRETORA: Giovanna Machado (CETENE)<\/p>\n\n\n\n<p>VICE-DIRETOR: Italo Odone Mazali (IQ-UNICAMP)<\/p>\n\n\n\n<p>TESOUREIRO: Pedro Henrique Cury Camargo (IQ-USP)<\/p>\n\n\n\n<p><strong>2016-2018<\/strong><\/p>\n\n\n\n<p>DIRETOR: C\u00e9lia Machado Ronconi (UFF)<\/p>\n\n\n\n<p>VICE-DIRETORA: Ana Maria Pires (FCT-UNESP)<\/p>\n\n\n\n<p>TESOUREIRA: Giovanna Machado (CETENE)<\/p>\n\n\n\n<p><strong>2014-2016<\/strong><\/p>\n\n\n\n<p>DIRETOR: Roselena Faez (UFSCar-Araras)<\/p>\n\n\n\n<p>VICE-DIRETORA: C\u00e9lia Machado Ronconi (UFF)<\/p>\n\n\n\n<p>TESOUREIRA: Ana Maria Pires (FCT-UNESP)<\/p>\n\n\n\n<p><strong>2012-2014<\/strong><\/p>\n\n\n\n<p>DIRETOR: Laudemir Carlos Varanda (IQSC-USP)<\/p>\n\n\n\n<p>VICE-DIRETORA: Judith Feitosa (UFC)<\/p>\n\n\n\n<p>TESOUREIRA: Roselena Faez (UFSCar-Araras)<\/p>\n\n\n\n<p><strong>2010-2012<\/strong><\/p>\n\n\n\n<p>DIRETORA: Glaura Goulart Silva (<span class=\"st\">UFMG)<\/span><\/p>\n\n\n\n<p>VICE-DIRETOR: Laudemir Carlos Varanda (IQSC-USP)<\/p>\n\n\n\n<p>TESOUREIRO: Marco Schiavon (UFSJ)<\/p>\n\n\n\n<p><strong>2008-2010<\/strong><\/p>\n\n\n\n<p>DIRETOR: Aldo Jos\u00e9 Gorgatti Zarbin (UFP)<\/p>\n\n\n\n<p>VICE-DIRETORA: Glaura Goulart Silva (<span class=\"st\">UFMG)<\/span><\/p>\n\n\n\n<p>TESOUREIRA: Silmara das Neves (USF)<\/p>\n\n\n\n<p><strong>2006-2008<\/strong><\/p>\n\n\n\n<p>DIRETORA: Vera Regina LeopoldoConstantino (IQ-USP)<\/p>\n\n\n\n<p>VICE-DIRETOR: Valdir Soldi (UFSC)<\/p>\n\n\n\n<p>TESOUREIRA: Patr\u00edcia Pomm\u00e9 Confessori Sartoratto (IQ-UFG)<\/p>\n\n\n\n<p><strong>2004-2006<\/strong><\/p>\n\n\n\n<p>DIRETORA: Heloise de Oliveira Pastore (IQ-UNICAMP)<\/p>\n\n\n\n<p>VICE-DIRETOR: Edvani Curti Muniz (UEM)<\/p>\n\n\n\n<p>TESOUREIRA: Marian Rosaly Davolos (IQ-UNESP)<\/p>\n\n\n\n<p><strong>2002-2004<\/strong><\/p>\n\n\n\n<p>DIRETOR: Adley Forti Rubira (UEM)<\/p>\n\n\n\n<p>VICE-DIRETOR: Heloise de Oliveira Pastore (IQ-UNICAMP)<\/p>\n\n\n\n<p>TESOUREIRA: Edvani Curti Muniz (UEM)<\/p>\n\n\n\n<p><strong>2000-2002<\/strong><\/p>\n\n\n\n<p>DIRETOR: Miguel Jafellici Jr. (IQ-UNESP)<\/p>\n\n\n\n<p>VICE-DIRETOR: Adley Forti Rubira (UEM)<\/p>\n\n\n\n<p>TESOUREIRO: Aldo Jos\u00e9 M. Zarbin (UFP)<\/p>\n\n\n\n<p><strong>1998-2000<\/strong><\/p>\n\n\n\n<p>DIRETOR: Miguel Jafelicci Jr. (IQ-UNESP)<\/p>\n\n\n\n<p>VICE-DIRETOR: Adley Forti Rubira (UEM)<\/p>\n\n\n\n<p>TESOUREIRO: Celso Aparecido Bertran (IQ-UNICAMP)<\/p>\n\n\n\n<p><strong>1996-1998<\/strong><\/p>\n\n\n\n<p>DIRETOR: Oswaldo Luiz Alves (IQ-UNICAMP)<\/p>\n\n\n\n<p>VICE-DIRETOR: Fred Fujiwara (IQ-UNICAMP)<\/p>\n\n\n\n<p>TESOUREIRO: Miguel Jafelicci Jr. (IQ-UNESP)<\/p>\n\n\n\n<p><strong>1994-1996<\/strong><\/p>\n\n\n\n<p>DIRETOR: Oswaldo Luiz Alves (IQ-UNICAMP)<\/p>\n\n\n\n<p>VICE-DIRETOR: Marco A. Araujo (UFRGS)<\/p>\n\n\n\n<p>TESOUREIRA: Tereza Dib Zambon Atvars (IQ-UNICAMP)<\/p>\n","protected":false},"excerpt":{"rendered":"<p>Abaixo, links de acesso a quatro artigos publicados em Qu\u00edmica Nova, que analisam a import\u00e2ncia da DQM-SBQ em diferentes per\u00edodos de sua exist\u00eancia e na sequ\u00eancia, o hist\u00f3rico das Gest\u00f5es da Diretoria da Divis\u00e3o de Qu\u00edmica de Materiais. Qu\u00edmica de Materiais no Brasil: Um Olhar atrav\u00e9s das Reuni\u00f5es Anuais da Sociedade Brasileira de Qu\u00edmicaArtigo de [&hellip;]<\/p>\n","protected":false},"author":1,"featured_media":0,"parent":0,"menu_order":0,"comment_status":"closed","ping_status":"closed","template":"institucional","meta":{"footnotes":""},"_links":{"self":[{"href":"https:\/\/www.sbq.org.br\/materiais\/wp-json\/wp\/v2\/pages\/3"}],"collection":[{"href":"https:\/\/www.sbq.org.br\/materiais\/wp-json\/wp\/v2\/pages"}],"about":[{"href":"https:\/\/www.sbq.org.br\/materiais\/wp-json\/wp\/v2\/types\/page"}],"author":[{"embeddable":true,"href":"https:\/\/www.sbq.org.br\/materiais\/wp-json\/wp\/v2\/users\/1"}],"replies":[{"embeddable":true,"href":"https:\/\/www.sbq.org.br\/materiais\/wp-json\/wp\/v2\/comments?post=3"}],"version-history":[{"count":3,"href":"https:\/\/www.sbq.org.br\/materiais\/wp-json\/wp\/v2\/pages\/3\/revisions"}],"predecessor-version":[{"id":160,"href":"https:\/\/www.sbq.org.br\/materiais\/wp-json\/wp\/v2\/pages\/3\/revisions\/160"}],"wp:attachment":[{"href":"https:\/\/www.sbq.org.br\/materiais\/wp-json\/wp\/v2\/media?parent=3"}],"curies":[{"name":"wp","href":"https:\/\/api.w.org\/{rel}","templated":true}]}}