{"id":129,"date":"2024-05-14T11:03:37","date_gmt":"2024-05-14T14:03:37","guid":{"rendered":"https:\/\/hub.aptor.software\/wordpress\/materiais\/?page_id=129"},"modified":"2024-08-14T10:59:09","modified_gmt":"2024-08-14T13:59:09","slug":"seja-bem-vindo-a-divisao-de-quimica-de-materiais-da-sbq","status":"publish","type":"page","link":"https:\/\/www.sbq.org.br\/materiais\/","title":{"rendered":"Seja bem-vindo \u00e0 Divis\u00e3o de Qu\u00edmica de Materiais da SBQ"},"content":{"rendered":"\n<p>Fundada em 1993, a Divis\u00e3o de Qu\u00edmica de Materiais (DQM) tem como objetivo principal representar grupos de pesquisa que atuam nos diversos campos que envolvem os mais distintos tipos materiais, como materiais polim\u00e9ricos, nanomateriais, materiais met\u00e1licos, biomateriais, materiais semicondutores, entre outros, al\u00e9m de estudar as diversas t\u00e9cnicas de caracteriza\u00e7\u00e3o aplicadas a estes .<\/p>\n\n\n\n<p>A DQM tem ainda como principais responsabilidades: <em>i.<\/em> <em>coordenar, promover e divulgar as atividades relacionadas ao tema Qu\u00edmica de Materiais nas Reuni\u00f5es Anuais da Sociedade Brasileira de Qu\u00edmica<\/em>; <em>ii.<\/em> <em>difundir os avan\u00e7os da \u00e1rea<\/em>;<em> iii. propiciar o di\u00e1logo entre membros da divis\u00e3o<\/em>; e por fim <em>iv.<\/em> <em>ajudar quando poss\u00edvel na forma\u00e7\u00e3o de entusiastas pela \u00e1rea.<\/em><\/p>\n\n\n\n<p>Cr\u00edticas e sugest\u00f5es s\u00e3o bem vindas!<\/p>\n\n\n\n<p>Visitem nossa Instagram: <strong><a href=\"http:\/\/instagram.com\/mat_sbq\/\" data-type=\"link\" data-id=\"instagram.com\/mat_sbq\/\">instagram.com\/mat_sbq\/<\/a><\/strong><\/p>\n\n\n\n<p>Cordialmente,&nbsp;<\/p>\n\n\n\n<p>Diretor: Maria Luiza Rocco (IQ-UFRJ)<\/p>\n\n\n\n<p>Vice-diretora:  Sergio Humberto Domingues (IQ-USP)<\/p>\n\n\n\n<p>Tesoureiro: Sibelle Berenice Castell\u00e3 Perguer (IQ-UFRN)<\/p>\n","protected":false},"excerpt":{"rendered":"<p>Fundada em 1993, a Divis\u00e3o de Qu\u00edmica de Materiais (DQM) tem como objetivo principal representar grupos de pesquisa que atuam nos diversos campos que envolvem os mais distintos tipos materiais, como materiais polim\u00e9ricos, nanomateriais, materiais met\u00e1licos, biomateriais, materiais semicondutores, entre outros, al\u00e9m de estudar as diversas t\u00e9cnicas de caracteriza\u00e7\u00e3o aplicadas a estes . A DQM [&hellip;]<\/p>\n","protected":false},"author":1,"featured_media":0,"parent":0,"menu_order":0,"comment_status":"closed","ping_status":"closed","template":"","meta":{"footnotes":""},"_links":{"self":[{"href":"https:\/\/www.sbq.org.br\/materiais\/wp-json\/wp\/v2\/pages\/129"}],"collection":[{"href":"https:\/\/www.sbq.org.br\/materiais\/wp-json\/wp\/v2\/pages"}],"about":[{"href":"https:\/\/www.sbq.org.br\/materiais\/wp-json\/wp\/v2\/types\/page"}],"author":[{"embeddable":true,"href":"https:\/\/www.sbq.org.br\/materiais\/wp-json\/wp\/v2\/users\/1"}],"replies":[{"embeddable":true,"href":"https:\/\/www.sbq.org.br\/materiais\/wp-json\/wp\/v2\/comments?post=129"}],"version-history":[{"count":3,"href":"https:\/\/www.sbq.org.br\/materiais\/wp-json\/wp\/v2\/pages\/129\/revisions"}],"predecessor-version":[{"id":162,"href":"https:\/\/www.sbq.org.br\/materiais\/wp-json\/wp\/v2\/pages\/129\/revisions\/162"}],"wp:attachment":[{"href":"https:\/\/www.sbq.org.br\/materiais\/wp-json\/wp\/v2\/media?parent=129"}],"curies":[{"name":"wp","href":"https:\/\/api.w.org\/{rel}","templated":true}]}}