{"id":2,"date":"2023-12-13T17:30:56","date_gmt":"2023-12-13T20:30:56","guid":{"rendered":"https:\/\/www.sbq.org.br\/regional_maranhao\/?page_id=2"},"modified":"2024-07-03T14:31:42","modified_gmt":"2024-07-03T17:31:42","slug":"pagina-exemplo","status":"publish","type":"page","link":"https:\/\/www.sbq.org.br\/maranhao\/","title":{"rendered":"Seja bem-vindo \u00e0 Secretaria Regional do Maranh\u00e3o da SBQ"},"content":{"rendered":"\n<p>Caros s\u00f3cios da SBQ-Regional Maranh\u00e3o,<\/p>\n\n\n\n<p>Estamos envidando esfor\u00e7os para manter o site da Secretaria com informa\u00e7\u00f5es atualizadas. Para que esta atualiza\u00e7\u00e3o seja cont\u00ednua, solicitamos sua contribui\u00e7\u00e3o encaminhando-nos not\u00edcias, site de eventos e o link de seu grupo ou laborat\u00f3rio de pesquisa (ou ambos) para serem divulgados na nossa p\u00e1gina. Cr\u00edticas e sugest\u00f5es s\u00e3o bem vindas!<\/p>\n\n\n\n<p>Atenciosamente,<\/p>\n\n\n\n<p>Secretaria Regional Maranh\u00e3o &#8211; Gest\u00e3o 2024-2026.<\/p>\n","protected":false},"excerpt":{"rendered":"<p>Caros s\u00f3cios da SBQ-Regional Maranh\u00e3o, Estamos envidando esfor\u00e7os para manter o site da Secretaria com informa\u00e7\u00f5es atualizadas. Para que esta atualiza\u00e7\u00e3o seja cont\u00ednua, solicitamos sua contribui\u00e7\u00e3o encaminhando-nos not\u00edcias, site de eventos e o link de seu grupo ou laborat\u00f3rio de pesquisa (ou ambos) para serem divulgados na nossa p\u00e1gina. Cr\u00edticas e sugest\u00f5es s\u00e3o bem vindas! [&hellip;]<\/p>\n","protected":false},"author":1,"featured_media":0,"parent":0,"menu_order":0,"comment_status":"closed","ping_status":"open","template":"","meta":{"footnotes":""},"_links":{"self":[{"href":"https:\/\/www.sbq.org.br\/maranhao\/wp-json\/wp\/v2\/pages\/2"}],"collection":[{"href":"https:\/\/www.sbq.org.br\/maranhao\/wp-json\/wp\/v2\/pages"}],"about":[{"href":"https:\/\/www.sbq.org.br\/maranhao\/wp-json\/wp\/v2\/types\/page"}],"author":[{"embeddable":true,"href":"https:\/\/www.sbq.org.br\/maranhao\/wp-json\/wp\/v2\/users\/1"}],"replies":[{"embeddable":true,"href":"https:\/\/www.sbq.org.br\/maranhao\/wp-json\/wp\/v2\/comments?post=2"}],"version-history":[{"count":2,"href":"https:\/\/www.sbq.org.br\/maranhao\/wp-json\/wp\/v2\/pages\/2\/revisions"}],"predecessor-version":[{"id":117,"href":"https:\/\/www.sbq.org.br\/maranhao\/wp-json\/wp\/v2\/pages\/2\/revisions\/117"}],"wp:attachment":[{"href":"https:\/\/www.sbq.org.br\/maranhao\/wp-json\/wp\/v2\/media?parent=2"}],"curies":[{"name":"wp","href":"https:\/\/api.w.org\/{rel}","templated":true}]}}