{"id":17,"date":"2024-01-11T09:16:16","date_gmt":"2024-01-11T12:16:16","guid":{"rendered":"https:\/\/www.sbq.org.br\/maranhao\/?page_id=17"},"modified":"2024-01-11T10:45:53","modified_gmt":"2024-01-11T13:45:53","slug":"workshops","status":"publish","type":"page","link":"https:\/\/www.sbq.org.br\/maranhao\/workshops\/","title":{"rendered":"Workshops"},"content":{"rendered":"\n<section id=\"gcfbf36\" class=\"wp-block-gutentor-p4 section-gcfbf36 gutentor-post-module gutentor-advanced-post-module\" data-gpid=\"17\" data-l-ani=\"gp4-animation-1\" data-i-b=\"gutentor\/p1\" data-maxnumpages=\"1\">\n\n<section class=\"gutentor-post-module section-6278299c-66ae-48fb-99f1-ff251db8ccec gutentor-post-module-p1 gutentor_p1_template1 wp-block-gutentor-p1 gutentor-blog-grid\" id=\"6278299c-66ae-48fb-99f1-ff251db8ccec\" data-gbid=\"6278299c-66ae-48fb-99f1-ff251db8ccec\" >\n<div class='grid-container'><div class='grid-row' ><article class='gutentor-post gutentor-post-no-thumb  grid-lg-12 grid-md-4 grid-12'><div class='gutentor-post-item'><div class=\"gutentor-post-title-data-wrap\"><h3 class=\"gutentor-post-title\"><a href=\"https:\/\/www.sbq.org.br\/maranhao\/dia-do-quimico\/\" rel=\"bookmark\">Dia do Qu\u00edmico<\/a><\/h3><\/div><div class=\"gutentor-post-desc\">A Secretaria Regional Maranhao est\u00e1 realizando uma programa\u00e7\u00e3o sobre o dia do Qu\u00edmico no Audit\u00f3rio d&hellip;<\/div><a class=\"gutentor-button gutentor-post-button\"  href=\"https:\/\/www.sbq.org.br\/maranhao\/dia-do-quimico\/\" href=\"https:\/\/www.sbq.org.br\/maranhao\/dia-do-quimico\/\"><span>Read More<\/span><\/a><\/div><\/article><\/div><\/div><\/section>\n\n\n<div id=\"section-gb9b914\" class=\"wp-block-gutentor-e17 section-gb9b914 gutentor-element gutentor-post-footer\"><div class=\"grid-container\"><div class=\"grid-row\">\n<div id=\"col-gm183e54\" class=\"wp-block-gutentor-e15 gutentor-single-column  grid-lg-12 grid-md-12 grid-12\"><div id=\"section-gm183e54\" class=\"section-gm183e54 gutentor-col-wrap\">\n<div id=\"section-ga68fae\" class=\"wp-block-gutentor-e12 section-ga68fae gutentor-element gutentor-element-pagination text-align-center-mobile\"><div class=\"gutentor-pagination-wrap\" data-maxnumpages=\"1\"><ul class=\"gutentor-pagination\"><li class=\"gutentor-pagination-item gutentor-pagination-prev\"><a class=\"gutentor-pagination-link gutentor-disabled\" href=\"#\"><i class=\"fas fa-chevron-left\"><\/i>Previous<\/a><\/li><li class=\"gutentor-pagination-item gutentor-pagination-active\" data-gpage=\"1\"><a class=\"gutentor-pagination-link\" href=\"#\">1<\/a><\/li><li class=\"gutentor-pagination-item gutentor-pagination-next\"><a class=\"gutentor-pagination-link gutentor-disabled\" href=\"#\" data-gpage=\"2\">Next<i class=\"fas fa-chevron-right\"><\/i><\/a><\/li><\/ul><\/div><\/div>\n<\/div><\/div>\n<\/div><\/div><\/div>\n<\/section>\n","protected":false},"excerpt":{"rendered":"","protected":false},"author":1,"featured_media":0,"parent":0,"menu_order":0,"comment_status":"closed","ping_status":"closed","template":"","meta":{"footnotes":""},"_links":{"self":[{"href":"https:\/\/www.sbq.org.br\/maranhao\/wp-json\/wp\/v2\/pages\/17"}],"collection":[{"href":"https:\/\/www.sbq.org.br\/maranhao\/wp-json\/wp\/v2\/pages"}],"about":[{"href":"https:\/\/www.sbq.org.br\/maranhao\/wp-json\/wp\/v2\/types\/page"}],"author":[{"embeddable":true,"href":"https:\/\/www.sbq.org.br\/maranhao\/wp-json\/wp\/v2\/users\/1"}],"replies":[{"embeddable":true,"href":"https:\/\/www.sbq.org.br\/maranhao\/wp-json\/wp\/v2\/comments?post=17"}],"version-history":[{"count":3,"href":"https:\/\/www.sbq.org.br\/maranhao\/wp-json\/wp\/v2\/pages\/17\/revisions"}],"predecessor-version":[{"id":23,"href":"https:\/\/www.sbq.org.br\/maranhao\/wp-json\/wp\/v2\/pages\/17\/revisions\/23"}],"wp:attachment":[{"href":"https:\/\/www.sbq.org.br\/maranhao\/wp-json\/wp\/v2\/media?parent=17"}],"curies":[{"name":"wp","href":"https:\/\/api.w.org\/{rel}","templated":true}]}}