{"id":15,"date":"2024-01-11T09:15:36","date_gmt":"2024-01-11T12:15:36","guid":{"rendered":"https:\/\/www.sbq.org.br\/maranhao\/?page_id=15"},"modified":"2024-01-11T09:15:36","modified_gmt":"2024-01-11T12:15:36","slug":"links","status":"publish","type":"page","link":"https:\/\/www.sbq.org.br\/maranhao\/links\/","title":{"rendered":"Links"},"content":{"rendered":"\n<p><a href=\"http:\/\/boletim.sbq.org.br\/\" target=\"_blank\" rel=\"noreferrer noopener\">Boletim Eletr\u00f4nico da SBQ<\/a><\/p>\n\n\n\n<p>O Boletim Eletr\u00f4nico da SBQ (BE) tem como objetivo divulgar informa\u00e7\u00f5es de interesse nacional relacionadas com ci\u00eancia com \u00eanfase em qu\u00edmica, incluindo a divulga\u00e7\u00e3o de not\u00edcias, de oportunidades e de eventos.<\/p>\n","protected":false},"excerpt":{"rendered":"<p>Boletim Eletr\u00f4nico da SBQ O Boletim Eletr\u00f4nico da SBQ (BE) tem como objetivo divulgar informa\u00e7\u00f5es de interesse nacional relacionadas com ci\u00eancia com \u00eanfase em qu\u00edmica, incluindo a divulga\u00e7\u00e3o de not\u00edcias, de oportunidades e de eventos.<\/p>\n","protected":false},"author":1,"featured_media":0,"parent":0,"menu_order":0,"comment_status":"closed","ping_status":"closed","template":"","meta":{"footnotes":""},"_links":{"self":[{"href":"https:\/\/www.sbq.org.br\/maranhao\/wp-json\/wp\/v2\/pages\/15"}],"collection":[{"href":"https:\/\/www.sbq.org.br\/maranhao\/wp-json\/wp\/v2\/pages"}],"about":[{"href":"https:\/\/www.sbq.org.br\/maranhao\/wp-json\/wp\/v2\/types\/page"}],"author":[{"embeddable":true,"href":"https:\/\/www.sbq.org.br\/maranhao\/wp-json\/wp\/v2\/users\/1"}],"replies":[{"embeddable":true,"href":"https:\/\/www.sbq.org.br\/maranhao\/wp-json\/wp\/v2\/comments?post=15"}],"version-history":[{"count":1,"href":"https:\/\/www.sbq.org.br\/maranhao\/wp-json\/wp\/v2\/pages\/15\/revisions"}],"predecessor-version":[{"id":16,"href":"https:\/\/www.sbq.org.br\/maranhao\/wp-json\/wp\/v2\/pages\/15\/revisions\/16"}],"wp:attachment":[{"href":"https:\/\/www.sbq.org.br\/maranhao\/wp-json\/wp\/v2\/media?parent=15"}],"curies":[{"name":"wp","href":"https:\/\/api.w.org\/{rel}","templated":true}]}}