{"id":12,"date":"2024-01-11T09:14:56","date_gmt":"2024-01-11T12:14:56","guid":{"rendered":"https:\/\/www.sbq.org.br\/maranhao\/?page_id=12"},"modified":"2024-01-11T09:15:03","modified_gmt":"2024-01-11T12:15:03","slug":"noticias","status":"publish","type":"page","link":"https:\/\/www.sbq.org.br\/maranhao\/noticias\/","title":{"rendered":"Not\u00edcias"},"content":{"rendered":"\n<section id=\"g3ce916\" class=\"wp-block-gutentor-p4 section-g3ce916 gutentor-post-module gutentor-advanced-post-module\" data-gpid=\"12\" data-l-ani=\"gp4-animation-1\" data-i-b=\"gutentor\/p1\" data-maxnumpages=\"2\">\n\n<section class=\"gutentor-post-module section-31313b0e-0ce3-4dba-a5f2-406fd56e88bd gutentor-post-module-p1 gutentor_p1_template1 wp-block-gutentor-p1 gutentor-blog-grid\" id=\"31313b0e-0ce3-4dba-a5f2-406fd56e88bd\" data-gbid=\"31313b0e-0ce3-4dba-a5f2-406fd56e88bd\" >\n<div class='grid-container'><div class='grid-row' ><article class='gutentor-post gutentor-post-no-thumb  grid-lg-12 grid-md-4 grid-12'><div class='gutentor-post-item'><div class=\"gutentor-post-title-data-wrap\"><h3 class=\"gutentor-post-title\"><a href=\"https:\/\/www.sbq.org.br\/maranhao\/edital-e-formularios-ppenq-sbq-ma\/\" rel=\"bookmark\">Edital e formul\u00e1rios PPENQ-SBQ MA<\/a><\/h3><\/div><div class=\"gutentor-post-desc\">&nbsp; &nbsp; &nbsp; &nbsp; &nbsp; &nbsp; &nbsp; &nbsp; &nbsp; &nbsp; &nbsp; &nbsp; &nbsp; &nbsp; &#038;n&hellip;<\/div><a class=\"gutentor-button gutentor-post-button\"  href=\"https:\/\/www.sbq.org.br\/maranhao\/edital-e-formularios-ppenq-sbq-ma\/\" href=\"https:\/\/www.sbq.org.br\/maranhao\/edital-e-formularios-ppenq-sbq-ma\/\"><span>Read More<\/span><\/a><\/div><\/article><article class='gutentor-post gutentor-post-no-thumb  grid-lg-12 grid-md-4 grid-12'><div class='gutentor-post-item'><div class=\"gutentor-post-title-data-wrap\"><h3 class=\"gutentor-post-title\"><a href=\"https:\/\/www.sbq.org.br\/maranhao\/ppenq-sbq-ma\/\" rel=\"bookmark\">PPENQ  &#8211; SBQ MA<\/a><\/h3><\/div><div class=\"gutentor-post-desc\">O &nbsp;Programa Primeiro Evento Nacional em Qu\u00edmica (PPENQ) \u00e9 uma pol\u00edtica de assist\u00eancia estudanti&hellip;<\/div><a class=\"gutentor-button gutentor-post-button\"  href=\"https:\/\/www.sbq.org.br\/maranhao\/ppenq-sbq-ma\/\" href=\"https:\/\/www.sbq.org.br\/maranhao\/ppenq-sbq-ma\/\"><span>Read More<\/span><\/a><\/div><\/article><\/div><\/div><\/section>\n\n\n<div id=\"section-g13a9dc\" class=\"wp-block-gutentor-e17 section-g13a9dc gutentor-element gutentor-post-footer\"><div class=\"grid-container\"><div class=\"grid-row\">\n<div id=\"col-gm794494\" class=\"wp-block-gutentor-e15 gutentor-single-column  grid-lg-12 grid-md-12 grid-12\"><div id=\"section-gm794494\" class=\"section-gm794494 gutentor-col-wrap\">\n<div id=\"section-gde90c9\" class=\"wp-block-gutentor-e12 section-gde90c9 gutentor-element gutentor-element-pagination text-align-center-mobile\"><div class=\"gutentor-pagination-wrap\" data-maxnumpages=\"2\"><ul class=\"gutentor-pagination\"><li class=\"gutentor-pagination-item gutentor-pagination-prev\"><a class=\"gutentor-pagination-link gutentor-disabled\" href=\"#\"><i class=\"fas fa-chevron-left\"><\/i>Previous<\/a><\/li><li class=\"gutentor-pagination-item gutentor-pagination-active\" data-gpage=\"1\"><a class=\"gutentor-pagination-link\" href=\"#\">1<\/a><\/li><li class=\"gutentor-pagination-item\"><a class=\"gutentor-pagination-link\" href=\"#\" data-gpage=\"2\">2<\/a><\/li><li class=\"gutentor-pagination-item gutentor-pagination-next\"><a class=\"gutentor-pagination-link\" href=\"#\" data-gpage=\"2\">Next<i class=\"fas fa-chevron-right\"><\/i><\/a><\/li><\/ul><\/div><\/div>\n<\/div><\/div>\n<\/div><\/div><\/div>\n<\/section>\n","protected":false},"excerpt":{"rendered":"","protected":false},"author":1,"featured_media":0,"parent":0,"menu_order":0,"comment_status":"closed","ping_status":"closed","template":"","meta":{"footnotes":""},"_links":{"self":[{"href":"https:\/\/www.sbq.org.br\/maranhao\/wp-json\/wp\/v2\/pages\/12"}],"collection":[{"href":"https:\/\/www.sbq.org.br\/maranhao\/wp-json\/wp\/v2\/pages"}],"about":[{"href":"https:\/\/www.sbq.org.br\/maranhao\/wp-json\/wp\/v2\/types\/page"}],"author":[{"embeddable":true,"href":"https:\/\/www.sbq.org.br\/maranhao\/wp-json\/wp\/v2\/users\/1"}],"replies":[{"embeddable":true,"href":"https:\/\/www.sbq.org.br\/maranhao\/wp-json\/wp\/v2\/comments?post=12"}],"version-history":[{"count":2,"href":"https:\/\/www.sbq.org.br\/maranhao\/wp-json\/wp\/v2\/pages\/12\/revisions"}],"predecessor-version":[{"id":14,"href":"https:\/\/www.sbq.org.br\/maranhao\/wp-json\/wp\/v2\/pages\/12\/revisions\/14"}],"wp:attachment":[{"href":"https:\/\/www.sbq.org.br\/maranhao\/wp-json\/wp\/v2\/media?parent=12"}],"curies":[{"name":"wp","href":"https:\/\/api.w.org\/{rel}","templated":true}]}}