{"id":8,"date":"2024-01-04T15:59:50","date_gmt":"2024-01-04T18:59:50","guid":{"rendered":"https:\/\/www.sbq.org.br\/jp_sbq\/?page_id=8"},"modified":"2024-01-17T17:51:58","modified_gmt":"2024-01-17T20:51:58","slug":"historico","status":"publish","type":"page","link":"https:\/\/www.sbq.org.br\/jp_sbq\/historico\/","title":{"rendered":"Hist\u00f3rico"},"content":{"rendered":"\n<h2 class=\"wp-block-heading\"><strong><em>Historical remarks<\/em><\/strong><\/h2>\n\n\n\n<div class=\"wp-block-group has-global-padding is-layout-constrained wp-block-group-is-layout-constrained\">\n<p>A participa\u00e7\u00e3o de jovens pesquisadores nas sociedades cient\u00edficas e em atividades de network, lideran\u00e7a e representa\u00e7\u00e3o \u00e9 um fator valioso para o desenvolvimento de carreira e para o progresso da ci\u00eancia. Redes de jovens cientistas tem representantes no mundo todo, a exemplo do Younger Chemists Committee (YCC-ACS) na Am\u00e9rica do Norte, the European Young Chemists&#8217; Network (EYCN-EuChemS) e Jung Chemiker Forum (GDCh-JCF) na Europa.<\/p>\n\n\n\n<p class=\"has-vivid-cyan-blue-color has-text-color has-link-color wp-elements-e298c3223f60b799e4c173071fba9f19\"><em>The joining of younger researchers in scientific societies, networking, leadership and representation activities is a valuable factor for career development and for the progress of science. Networks of younger scientists have representatives worldwide, such as the Younger Chemists Committee (YCC-ACS) in North America, the European Young Chemists Network (EYCN-EuChemS) and Jung Chemiker Forum (GDCh- JCF) in Europe.<\/em><\/p>\n\n\n\n<p>A motiva\u00e7\u00e3o para a cria\u00e7\u00e3o de um comit\u00ea de Jovens Pesquisadores na SBQ tem ra\u00edzes em 2015, durante a 250<sup>th<\/sup> American Chemical Society National Meeting &amp; Exposition (Boston, 2015), onde foi realizada a primeira reuni\u00e3o do International Younger Chemists Network (IYCN), uma organiza\u00e7\u00e3o que estava em fase de cria\u00e7\u00e3o pela uni\u00e3o de sociedades de jovens qu\u00edmicos do mundo todo. Em Julho de 2017, a rec\u00e9m-criada IYCN foi oficialmente incorporada pela IUPAC durante o 46<sup>th<\/sup> World Chemistry Congress (S\u00e3o Paulo\/SP, Brasil). O simp\u00f3sio inaugural foi organizado com o aux\u00edlio da representante brasileira Dr. Paula Bueno, que apoiava as atividades desde as primeiras reuni\u00f5es em 2015, e do Prof. Adriano Andricopulo. Em 2018, Dr. Marilia Valli torna-se representante brasileira no IYCN. A ideia de criar um comit\u00ea de jovens pesquisadores foi inicialmente motivada pelo contato com jovens cientistas do mundo todo, pela necessidade de se organizar um comit\u00ea de representantes brasileiros, e pela experi\u00eancia da cria\u00e7\u00e3o do IYCN. Desde ent\u00e3o, a cria\u00e7\u00e3o de uma organiza\u00e7\u00e3o de Jovens Pesquisadores vinculada \u00e0 SBQ tem se estabelecido.<\/p>\n\n\n\n<p class=\"has-vivid-cyan-blue-color has-text-color has-link-color wp-elements-b535a54ba6e96f2fea874aaa2b670ba2\"><em>The motivation for creating a committee of Younger Researchers at SBQ has its roots in 2015, during the 250<sup>th<\/sup> American Chemical Society national meeting &amp; exposition (Boston, Ma, August 16 &#8211; 20, 2015), when a task force for the creation of the International Younger Chemists Network (IYCN) was initiated. The objective was to create an association comprising younger chemists&#8217; researchers from all continents. In July 2017, the IYCN was officially incorporated by IUPAC during the 46<sup>th<\/sup> World Chemistry Congress (S\u00e3o Paulo\/SP, Brazil). The launching symposium was organized with the assistance of the Brazilian representative, Dr. Paula Bueno (involved in the IYCN activities since 2015), and supported by the chairman of the event, Prof. Adriano Andricopulo. In 2018, Dr. Marilia Valli became the Brazilian representative at IYCN. The idea of creating a younger researchers&#8217; committee at SBQ was initially motivated by the contact with young scientists worldwide, the need to organize a committee with Brazilian representatives, and the experience of creating IYCN. Since then, the creation of a Younger Researchers organization linked to SBQ has been established.<\/em><\/p>\n\n\n\n<p>Assim, o comit\u00ea de Jovens Pesquisadores da Sociedade Brasileira de Qu\u00edmica (JP-SBQ) teve seu processo de estrutura\u00e7\u00e3o iniciado pelas ent\u00e3o p\u00f3s-doutorandas Paula Bueno e Marilia Valli, em Setembro de 2018, com o apoio do ent\u00e3o presidente da SBQ, Prof. Norberto Peporine Lopes. Em Maio de 2019, foi realizado o workshop inaugural, durante a 42\u00aa RASBQ, em Joinville\/SC. Desde ent\u00e3o a JP-SBQ cresceu, teve incrementos nas equipes de apoio e vem trabalhado ativamente na sua estrutura\u00e7\u00e3o normativa, representa\u00e7\u00e3o em diversas atividades cient\u00edficas, organiza\u00e7\u00e3o de a\u00e7\u00f5es e encontros, bem como em a\u00e7\u00f5es de networking e comunica\u00e7\u00e3o social, dentre outras in\u00fameras atividades relacionadas.<\/p>\n\n\n\n<p class=\"has-vivid-cyan-blue-color has-text-color has-link-color wp-elements-fe20c5eebeaba9c7c93489948736a394\"><em>In September 2018, the community of younger researchers of the Brazilian Chemical Society had its structuring process started by Dr. Paula Bueno and Dr. Marilia Valli, with the support of the president of the Brazilian Chemical Society at that time, Prof. Norberto Peporine Lopes. In May 2019, the inaugural workshop organized by the committee was finally held, during the 42<sup>nd<\/sup> RASBQ (Joinville\/SC, Brazil). Since then, JP-SBQ has grown and has been actively working on its regulatory structure, representation in various scientific activities, organization of actions and meetings, as well as in networking and social communication activities, among many other related activities.<\/em><\/p>\n<\/div>\n\n\n\n<div class=\"wp-block-group has-global-padding is-layout-constrained wp-block-group-is-layout-constrained\">\n<div class=\"wp-block-group has-global-padding is-layout-constrained wp-block-group-is-layout-constrained\">\n<h2 class=\"wp-block-heading\"><strong><em><strong>Miss\u00e3o e Objetivo<\/strong><\/em><\/strong><\/h2>\n\n\n\n<h2 class=\"wp-block-heading\"><strong><em><strong><strong><em>Mission and goals<\/em><\/strong><\/strong><\/em><\/strong><\/h2>\n<\/div>\n\n\n\n<p>Com a miss\u00e3o de promover a representatividade de Jovens Pesquisadores na comunidade cient\u00edfica Brasileira e internacional, o objetivo da JP-SBQ \u00e9 organizar e manter uma comunidade de Jovens Pesquisadores junto \u00e0 SBQ favorecendo a comunica\u00e7\u00e3o, a colabora\u00e7\u00e3o, educa\u00e7\u00e3o, networking, interc\u00e2mbio e desenvolvimento de carreira de forma inclusiva e efetiva.<\/p>\n\n\n\n<p class=\"has-vivid-cyan-blue-color has-text-color has-link-color wp-elements-fd9dbaf6ef68910265b75498cb2ec792\"><em>Our mission is to promote the representation of Brazilian Younger Researchers in the national and international scientific community, aiming to organize and maintain a community of younger researchers, favoring communication, collaboration, education, networking, exchange and career development in an inclusive and effective way.<\/em><\/p>\n<\/div>\n\n\n\n<div class=\"wp-block-group has-global-padding is-layout-constrained wp-block-group-is-layout-constrained\">\n<div class=\"wp-block-group has-global-padding is-layout-constrained wp-block-group-is-layout-constrained\">\n<h2 class=\"wp-block-heading\"><strong><em><strong><strong>Princ\u00edpios<\/strong><\/strong><\/em><\/strong><\/h2>\n\n\n\n<h2 class=\"wp-block-heading\"><strong><em><strong><strong><em><strong><em>Principles<\/em><\/strong><\/em><\/strong><\/strong><\/em><\/strong><\/h2>\n<\/div>\n\n\n\n<p>A JP-SBQ se dedica a criar um ambiente onde todos os jovens pesquisadores das diversas \u00e1reas da qu\u00edmica e atuantes em todas as regi\u00f5es do Brasil sintam-se representados e confort\u00e1veis em um espa\u00e7o seguro, respeitoso, livre de ass\u00e9dio, acess\u00edvel e acolhedor. Este comit\u00ea n\u00e3o tolera discrimina\u00e7\u00e3o ou preconceito contra qualquer pessoa ou grupo. Os princ\u00edpios da equidade e da inclus\u00e3o s\u00e3o fundamentais para n\u00f3s. Acreditamos que celebrar nossas diferen\u00e7as \u2013 incluindo ra\u00e7as, etnias, g\u00eaneros, orienta\u00e7\u00f5es sexuais, identidades de g\u00eanero, status socioecon\u00f4micos, pessoas com defici\u00eancia e outras individualidades \u2013 colabora para a cria\u00e7\u00e3o de uma comunidade cient\u00edfica inclusiva, com liberdade de ideias e pluralidade de pontos de vista.<\/p>\n\n\n\n<p class=\"has-vivid-cyan-blue-color has-text-color has-link-color wp-elements-af3ed4625574e45abe656fb59258e4c0\"><em><em>JP-SBQ is dedicated to creating an environment where all young researchers from different areas of chemistry and working in all regions of Brazil feel represented and comfortable in a safe, respectful, harassment-free, accessible and welcoming space. This committee will not tolerate discrimination or bias against any person or group. The principles of equity and inclusivity are fundamental to us. We believe that celebrating our differences &#8211; including races, ethnicities, genders, sexual orientations, gender identities, socioeconomic status, disabilities and other individualities &#8211; collaborates to create an inclusive scientific community, with freedom of ideas and plurality of views.<\/em><\/em><\/p>\n<\/div>\n\n\n\n<div class=\"wp-block-group has-global-padding is-layout-constrained wp-block-group-is-layout-constrained\">\n<div class=\"wp-block-group has-global-padding is-layout-constrained wp-block-group-is-layout-constrained\">\n<h2 class=\"wp-block-heading\"><strong><em><strong><strong><strong>P\u00fablico-alvo<\/strong><\/strong><\/strong><\/em><\/strong><\/h2>\n\n\n\n<h2 class=\"wp-block-heading\"><strong><em><strong><strong><em><strong><em><strong><em>Audience<\/em><\/strong><\/em><\/strong><\/em><\/strong><\/strong><\/em><\/strong><\/h2>\n<\/div>\n\n\n\n<p>P\u00f3s-graduandos, p\u00f3s-doutorandos e jovens pesquisadores em in\u00edcio de carreira nos setores acad\u00eamico, industrial e empresarial, de car\u00e1ter p\u00fablico ou privado.<\/p>\n\n\n\n<p class=\"has-vivid-cyan-blue-color has-text-color has-link-color wp-elements-e88ff529bad5900f0444c55a788f668d\"><em><em><em>Graduate students, post-doctoral researchers and younger researchers in the beginning of their careers in the academic, industrial and business sectors, whether public or private.<\/em><\/em><\/em><\/p>\n\n\n\n<figure class=\"wp-block-image\"><img decoding=\"async\" src=\"https:\/\/www.sbq.org.br\/jp_sbq\/2Historico_History_arquivos\/image005.jpg\" alt=\"\"\/><\/figure>\n\n\n\n<p>Membros do IYCN na primeira reuni\u00e3o da entidade realizada em S\u00e3o Paulo\/SP, durante o 46th World Chemistry Congress (de 06 a 09 de Julho de 2017).<\/p>\n\n\n\n<p class=\"has-vivid-cyan-blue-color has-text-color has-link-color wp-elements-2f9edb35ad9702ea5ab86e9e77461bd5\"><em>IYCN members in the first official IYCN meeting, held in S\u00e3o Paulo\/SP, during the 46<sup>th<\/sup> World Chemistry Congress (July 06th \u2013 09th, 2017).<\/em><\/p>\n\n\n\n<figure class=\"wp-block-image\"><img decoding=\"async\" src=\"https:\/\/www.sbq.org.br\/jp_sbq\/2Historico_History_arquivos\/image006.jpg\" alt=\"\"\/><\/figure>\n\n\n\n<p>Membros da JP-SBQ e participantes do primeiro workshop do comit\u00ea realizado em Joinville\/SC, durante a 42\u00aa Reuni\u00e3o Anual da Sociedade Brasileira de Qu\u00edmica (de 27 a 30 de Maio de 2019).<\/p>\n\n\n\n<p class=\"has-vivid-cyan-blue-color has-text-color has-link-color wp-elements-e5c43c9d1318a08df8ff53c9e0a38d71\"><em>JP-SBQ members and participants in the first Workshop JP-SBQ held in Joinville\/SC, during the 42<sup>nd<\/sup> Annual Meeting of the Brazilian Chemical Society (May 27th \u2013 30th, 2019).<\/em><\/p>\n<\/div>\n\n\n\n<div class=\"wp-block-group has-global-padding is-layout-constrained wp-block-group-is-layout-constrained\">\n<div class=\"wp-block-group has-global-padding is-layout-constrained wp-block-group-is-layout-constrained\">\n<h2 class=\"wp-block-heading\"><strong><em><strong><strong><strong>Refer\u00eancias<\/strong><\/strong><\/strong><\/em><\/strong><\/h2>\n\n\n\n<h2 class=\"wp-block-heading\"><strong><em><strong><strong><em><strong><em><strong><em>References<\/em><\/strong><\/em><\/strong><\/em><\/strong><\/strong><\/em><\/strong><\/h2>\n<\/div>\n\n\n\n<p>&#8211; The Future of Chemistry is Global. V. Koester, P. C. P. Bueno, S. Carenco, C. Dunne, L. Ferrins, E. Llabani, N.-A. Offiong and I. V. Vorotyntsev, ChemViews 2017, Published Online: 2017-12-0512-05 \u2013 Link para o artigo: <a href=\"https:\/\/www.chemistryviews.org\/details\/education\/10668365\/The_Future_of_Chemistry_is_Global.html\">https:\/\/www.chemistryviews.org\/details\/education\/10668365\/The_Future_of_Chemistry_is_Global.html<\/a><\/p>\n\n\n\n<p>&nbsp;&#8211; Connecting younger chemists. N. LaFranzo, C&amp;EN 2017, 95(35), 35.<\/p>\n\n\n\n<p>&nbsp;&#8211; <a href=\"https:\/\/www.iycnglobal.com\/\">https:\/\/www.iycnglobal.com<\/a><a href=\"https:\/\/www.iycnglobal.com\/\">\/<\/a><\/p>\n<\/div>\n","protected":false},"excerpt":{"rendered":"<p>Historical remarks A participa\u00e7\u00e3o de jovens pesquisadores nas sociedades cient\u00edficas e em atividades de network, lideran\u00e7a e representa\u00e7\u00e3o \u00e9 um fator valioso para o desenvolvimento de carreira e para o progresso da ci\u00eancia. Redes de jovens cientistas tem representantes no mundo todo, a exemplo do Younger Chemists Committee (YCC-ACS) na Am\u00e9rica do Norte, the European [&hellip;]<\/p>\n","protected":false},"author":1,"featured_media":0,"parent":0,"menu_order":0,"comment_status":"closed","ping_status":"closed","template":"","meta":{"footnotes":""},"_links":{"self":[{"href":"https:\/\/www.sbq.org.br\/jp_sbq\/wp-json\/wp\/v2\/pages\/8"}],"collection":[{"href":"https:\/\/www.sbq.org.br\/jp_sbq\/wp-json\/wp\/v2\/pages"}],"about":[{"href":"https:\/\/www.sbq.org.br\/jp_sbq\/wp-json\/wp\/v2\/types\/page"}],"author":[{"embeddable":true,"href":"https:\/\/www.sbq.org.br\/jp_sbq\/wp-json\/wp\/v2\/users\/1"}],"replies":[{"embeddable":true,"href":"https:\/\/www.sbq.org.br\/jp_sbq\/wp-json\/wp\/v2\/comments?post=8"}],"version-history":[{"count":2,"href":"https:\/\/www.sbq.org.br\/jp_sbq\/wp-json\/wp\/v2\/pages\/8\/revisions"}],"predecessor-version":[{"id":59,"href":"https:\/\/www.sbq.org.br\/jp_sbq\/wp-json\/wp\/v2\/pages\/8\/revisions\/59"}],"wp:attachment":[{"href":"https:\/\/www.sbq.org.br\/jp_sbq\/wp-json\/wp\/v2\/media?parent=8"}],"curies":[{"name":"wp","href":"https:\/\/api.w.org\/{rel}","templated":true}]}}