{"id":5,"date":"2024-01-04T11:48:53","date_gmt":"2024-01-04T14:48:53","guid":{"rendered":"https:\/\/www.sbq.org.br\/jp_sbq\/?page_id=5"},"modified":"2024-01-17T17:51:14","modified_gmt":"2024-01-17T20:51:14","slug":"home","status":"publish","type":"page","link":"https:\/\/www.sbq.org.br\/jp_sbq\/","title":{"rendered":"Home"},"content":{"rendered":"\n<figure class=\"wp-block-image\"><img loading=\"lazy\" decoding=\"async\" width=\"643\" height=\"116\" src=\"http:\/\/www.sbq.org.br\/jp_sbq\/wp-content\/uploads\/sites\/38\/2024\/01\/image002.png\" alt=\"\" class=\"wp-image-38\" srcset=\"https:\/\/www.sbq.org.br\/jp_sbq\/wp-content\/uploads\/sites\/38\/2024\/01\/image002.png 643w, https:\/\/www.sbq.org.br\/jp_sbq\/wp-content\/uploads\/sites\/38\/2024\/01\/image002-300x54.png 300w\" sizes=\"(max-width: 643px) 100vw, 643px\" \/><\/figure>\n\n\n\n<p>O comit\u00ea JOVENS PESQUISADORES \u2013 SOCIEDADE BRASILEIRA DE QU\u00cdMICA (JP-SBQ) \u00e9 um \u00f3rg\u00e3o representativo de jovens pesquisadores e pesquisadores em in\u00edcio de carreira associados \u00e0 SBQ. Neste p\u00fablico-alvo incluem-se estudantes de p\u00f3s-gradua\u00e7\u00e3o em n\u00edvel de mestrado e doutorado, p\u00f3s-doutorandos e pesquisadores j\u00e1 atuantes no mercado de trabalho formal, sejam suas atividades exercidas em institui\u00e7\u00f5es p\u00fablicas ou privadas, acad\u00eamicas ou empresariais. A miss\u00e3o da JP-SBQ \u00e9 promover a representatividade de Jovens Pesquisadores na comunidade cient\u00edfica Brasileira e internacional.<\/p>\n\n\n\n<p class=\"has-vivid-cyan-blue-color has-text-color has-link-color wp-elements-b58e804b94071c18ab22737ecfb9bd40\">The YOUNGER RESEARCHERS \u2013 BRAZILIAN CHEMICAL SOCIETY (JP-SBQ) committee is a representative organization for younger researchers in the beginning of their careers. The committee\u2019s audience includes graduate students, in Master\u2019s or PhD levels, post-doctoral researchers, and younger researchers already active in the formal labor market in the academic, industrial and business sectors, whether public or private. The JP-SBQ mission is to promote the representation of Brazilian younger researchers in the national and international scientific community.<\/p>\n","protected":false},"excerpt":{"rendered":"<p>O comit\u00ea JOVENS PESQUISADORES \u2013 SOCIEDADE BRASILEIRA DE QU\u00cdMICA (JP-SBQ) \u00e9 um \u00f3rg\u00e3o representativo de jovens pesquisadores e pesquisadores em in\u00edcio de carreira associados \u00e0 SBQ. Neste p\u00fablico-alvo incluem-se estudantes de p\u00f3s-gradua\u00e7\u00e3o em n\u00edvel de mestrado e doutorado, p\u00f3s-doutorandos e pesquisadores j\u00e1 atuantes no mercado de trabalho formal, sejam suas atividades exercidas em institui\u00e7\u00f5es p\u00fablicas [&hellip;]<\/p>\n","protected":false},"author":1,"featured_media":0,"parent":0,"menu_order":0,"comment_status":"closed","ping_status":"closed","template":"page-notitle","meta":{"footnotes":""},"_links":{"self":[{"href":"https:\/\/www.sbq.org.br\/jp_sbq\/wp-json\/wp\/v2\/pages\/5"}],"collection":[{"href":"https:\/\/www.sbq.org.br\/jp_sbq\/wp-json\/wp\/v2\/pages"}],"about":[{"href":"https:\/\/www.sbq.org.br\/jp_sbq\/wp-json\/wp\/v2\/types\/page"}],"author":[{"embeddable":true,"href":"https:\/\/www.sbq.org.br\/jp_sbq\/wp-json\/wp\/v2\/users\/1"}],"replies":[{"embeddable":true,"href":"https:\/\/www.sbq.org.br\/jp_sbq\/wp-json\/wp\/v2\/comments?post=5"}],"version-history":[{"count":3,"href":"https:\/\/www.sbq.org.br\/jp_sbq\/wp-json\/wp\/v2\/pages\/5\/revisions"}],"predecessor-version":[{"id":58,"href":"https:\/\/www.sbq.org.br\/jp_sbq\/wp-json\/wp\/v2\/pages\/5\/revisions\/58"}],"wp:attachment":[{"href":"https:\/\/www.sbq.org.br\/jp_sbq\/wp-json\/wp\/v2\/media?parent=5"}],"curies":[{"name":"wp","href":"https:\/\/api.w.org\/{rel}","templated":true}]}}