{"id":25,"date":"2024-01-04T16:05:24","date_gmt":"2024-01-04T19:05:24","guid":{"rendered":"https:\/\/www.sbq.org.br\/jp_sbq\/?page_id=25"},"modified":"2026-02-05T09:53:26","modified_gmt":"2026-02-05T12:53:26","slug":"premio-jovem-pesquisador-royal-society-of-chemistry-rasbq-2023","status":"publish","type":"page","link":"https:\/\/www.sbq.org.br\/jp_sbq\/premio-jovem-pesquisador-royal-society-of-chemistry-rasbq-2023\/","title":{"rendered":"Pr\u00eamio Jovem Pesquisador Royal Society of Chemistry &#8211; RASBQ"},"content":{"rendered":"\n<p>O Pr\u00eamio Jovem Pesquisador &#8211; Royal Society of Chemistry \u2013 RASBQ \u00e9 conferido pelo Comit\u00ea de Jovens Pesquisadores da Sociedade Brasileira de Qu\u00edmica (JP-SBQ) e pela Royal Society of Chemistry (RSC) desde 2021, com o objetivo reconhecer a compet\u00eancia cient\u00edfica e a qualidade do trabalho dos jovens pesquisadores participantes das Reuni\u00f5es Anuais da Sociedade Brasileira de Qu\u00edmica (RASBQ).<\/p>\n\n\n\n<p>Esta iniciativa \u00e9 uma parceria do comit\u00ea JP com a RSC, que compartilham a vis\u00e3o de valoriza\u00e7\u00e3o de jovens cientistas atuantes em diversas \u00e1reas da Qu\u00edmica, promovendo reconhecimento e levando em considera\u00e7\u00e3o suas diferentes habilidades e frentes de atua\u00e7\u00e3o.<\/p>\n\n\n\n<p>Os concorrentes s\u00e3o divididos em: Categoria 1 &#8211; alunos de doutorado ou rec\u00e9m-doutores, e Categoria 2 &#8211; p\u00f3s-doutorandos ou pesquisadores em in\u00edcio de carreira. A premia\u00e7\u00e3o consiste no pagamento de 1800 libras esterlinas (das quais ser\u00e3o descontados os devidos impostos e taxas) para uma pessoa de cada categoria, custeadas pela RSC, que dever\u00e3o ser utilizadas para a participa\u00e7\u00e3o em um evento cient\u00edfico internacional (Categoria 1) e pagamento de bolsa de inicia\u00e7\u00e3o cient\u00edfica para um aluno de gradua\u00e7\u00e3o ou custeio de material de consumo para laborat\u00f3rio (Categoria 2).<\/p>\n\n\n\n<p><em>The Young Researcher Award &#8211; Royal Society of Chemistry \u2013 RASBQ is granted by the Young Researchers Committee of the Brazilian Chemical Society (JP-SBQ) and the Royal Society of Chemistry (RSC) since 2021, with the aim of recognizing the scientific competence and quality of work of young researchers participating in the Annual Meetings of the Brazilian Chemical Society (RASBQ).<br>This initiative is a partnership between the JP committee and the RSC, both sharing the vision of valuing young scientists active in various areas of Chemistry, promoting recognition, and considering their different skills and fronts of action.<br>Competitors are divided into: Category 1 &#8211; doctoral students or recent Ph.D. graduates, and Category 2 &#8211; postdoctoral researchers or early-career researchers. The award consists of a payment of 1500 British pounds for one person in each category, funded by the RSC, to be used for participation in an international scientific event (Category 1) and payment of a scientific initiation scholarship for an undergraduate student (Category 2).<\/em><\/p>\n\n\n\n<p><strong>As inscri\u00e7\u00f5es para a Edi\u00e7\u00e3o 2026 est\u00e3o abertas! Inscreva-se!!<\/strong><br><strong>Per\u00edodo de inscri\u00e7\u00f5es: 29\/12\/2025 at\u00e9 24\/02\/2026<\/strong><br><strong>Mais informa\u00e7\u00f5es: <a href=\"https:\/\/linktr.ee\/jpsbq\" target=\"_blank\" rel=\"noreferrer noopener\">https:\/\/linktr.ee\/jpsbq<\/a><\/strong><\/p>\n\n\n\n<p><\/p>\n\n\n\n<p>Os vencedores da \u00faltima edi\u00e7\u00e3o, realizada em 2025, foram:<br><em>The winners of the last edition held in 2025, were:<\/em><\/p>\n\n\n\n<p>Categoria 1 \/ Category 1 \u2013 Lu\u00eds Cl\u00e1udio Martins (CENA-USP)<br>Categoria 2 \/ Category 2 \u2013 Beatriz S. Cugnasca (IQ-USP)<\/p>\n\n\n\n<figure class=\"wp-block-image size-full is-resized\"><img loading=\"lazy\" decoding=\"async\" width=\"1178\" height=\"1463\" src=\"http:\/\/www.sbq.org.br\/jp_sbq\/wp-content\/uploads\/sites\/38\/2026\/02\/IMG_2684.jpg\" alt=\"\" class=\"wp-image-247\" style=\"width:276px;height:auto\" \/><\/figure>\n\n\n\n<figure class=\"wp-block-image size-full is-resized\"><img loading=\"lazy\" decoding=\"async\" width=\"1178\" height=\"1467\" src=\"http:\/\/www.sbq.org.br\/jp_sbq\/wp-content\/uploads\/sites\/38\/2026\/02\/IMG_2685.jpg\" alt=\"\" class=\"wp-image-248\" style=\"width:276px;height:auto\" \/><\/figure>\n\n\n\n<p>Men\u00e7\u00f5es honrosas de 2025:<br><em>Honorable mentions of 2025:<\/em><\/p>\n\n\n\n<figure class=\"wp-block-image size-full is-resized\"><img loading=\"lazy\" decoding=\"async\" width=\"1178\" height=\"1472\" src=\"https:\/\/www.sbq.org.br\/jp_sbq\/wp-content\/uploads\/sites\/38\/2026\/02\/IMG_2686.jpg\" alt=\"\" class=\"wp-image-249\" style=\"width:276px;height:auto\" \/><\/figure>\n\n\n\n<p>Os vencedores da edi\u00e7\u00e3o, realizada em 2024, foram:<br><em>The winners of the edition held in 2024, were:<\/em><\/p>\n\n\n\n<p>Categoria 1 \/ Category 1 \u2013 Rubens Lucas de Freitas Silva (UFMG)<br>Categoria 2 \/ Category 2 \u2013 Airton Germano Bispo Junior (UNICAMP)<\/p>\n\n\n\n<figure class=\"wp-block-image size-full is-resized\"><img loading=\"lazy\" decoding=\"async\" width=\"1080\" height=\"1081\" src=\"https:\/\/www.sbq.org.br\/jp_sbq\/wp-content\/uploads\/sites\/38\/2024\/08\/Screenshot_20240823_164143_Instagram.jpg\" alt=\"\" class=\"wp-image-208\" style=\"width:276px;height:auto\" \/><\/figure>\n\n\n\n<figure class=\"wp-block-image size-full is-resized\"><img loading=\"lazy\" decoding=\"async\" width=\"1080\" height=\"1082\" src=\"https:\/\/www.sbq.org.br\/jp_sbq\/wp-content\/uploads\/sites\/38\/2024\/08\/Screenshot_20240823_164153_Instagram.jpg\" alt=\"\" class=\"wp-image-209\" style=\"width:276px;height:auto\" \/><\/figure>\n\n\n\n<p>Os vencedores da edi\u00e7\u00e3o realizada em 2023, foram:<br><em>The winners of the edition held in 2023, were:<\/em><\/p>\n\n\n\n<p>Categoria 1 \/ Category 1 \u2013 Caio Machado Fernandes (UFABC)<br>Categoria 2 \/ Category 2 \u2013 Rayane Cristian Ferreira Silva (UFMG)<\/p>\n\n\n\n<figure class=\"wp-block-image size-full is-resized\"><img loading=\"lazy\" decoding=\"async\" width=\"430\" height=\"432\" src=\"https:\/\/www.sbq.org.br\/jp_sbq\/wp-content\/uploads\/sites\/38\/2024\/05\/image.png\" alt=\"\" class=\"wp-image-161\" style=\"width:272px;height:auto\" srcset=\"https:\/\/www.sbq.org.br\/jp_sbq\/wp-content\/uploads\/sites\/38\/2024\/05\/image.png 430w, https:\/\/www.sbq.org.br\/jp_sbq\/wp-content\/uploads\/sites\/38\/2024\/05\/image-300x300.png 300w, https:\/\/www.sbq.org.br\/jp_sbq\/wp-content\/uploads\/sites\/38\/2024\/05\/image-150x150.png 150w\" sizes=\"(max-width: 430px) 100vw, 430px\" \/><\/figure>\n\n\n\n<figure class=\"wp-block-image size-full is-resized\"><img loading=\"lazy\" decoding=\"async\" width=\"434\" height=\"434\" src=\"https:\/\/www.sbq.org.br\/jp_sbq\/wp-content\/uploads\/sites\/38\/2024\/05\/image-1.png\" alt=\"\" class=\"wp-image-162\" style=\"width:273px;height:auto\" srcset=\"https:\/\/www.sbq.org.br\/jp_sbq\/wp-content\/uploads\/sites\/38\/2024\/05\/image-1.png 434w, https:\/\/www.sbq.org.br\/jp_sbq\/wp-content\/uploads\/sites\/38\/2024\/05\/image-1-300x300.png 300w, https:\/\/www.sbq.org.br\/jp_sbq\/wp-content\/uploads\/sites\/38\/2024\/05\/image-1-150x150.png 150w\" sizes=\"(max-width: 434px) 100vw, 434px\" \/><\/figure>\n\n\n\n<p>Na edi\u00e7\u00e3o de 2022, os ganhadores foram:<br><em>In the 2022 edition, the winners were:<\/em><\/p>\n\n\n\n<p>Categoria 1 \/ Category 1: Maria C\u00e9lia Tavares (UFAL)<br>Categoria 2 \/ Category 2: Jo\u00e3o Honorato de Araujo Neto (IFSC &#8211; USP)<\/p>\n\n\n\n<figure class=\"wp-block-image size-full is-resized\"><img loading=\"lazy\" decoding=\"async\" width=\"402\" height=\"399\" src=\"https:\/\/www.sbq.org.br\/jp_sbq\/wp-content\/uploads\/sites\/38\/2024\/05\/image-2.png\" alt=\"\" class=\"wp-image-163\" style=\"width:274px;height:auto\" srcset=\"https:\/\/www.sbq.org.br\/jp_sbq\/wp-content\/uploads\/sites\/38\/2024\/05\/image-2.png 402w, https:\/\/www.sbq.org.br\/jp_sbq\/wp-content\/uploads\/sites\/38\/2024\/05\/image-2-300x298.png 300w, https:\/\/www.sbq.org.br\/jp_sbq\/wp-content\/uploads\/sites\/38\/2024\/05\/image-2-150x150.png 150w\" sizes=\"(max-width: 402px) 100vw, 402px\" \/><\/figure>\n\n\n\n<figure class=\"wp-block-image size-full is-resized\"><img loading=\"lazy\" decoding=\"async\" width=\"401\" height=\"358\" src=\"https:\/\/www.sbq.org.br\/jp_sbq\/wp-content\/uploads\/sites\/38\/2024\/05\/image-3.png\" alt=\"\" class=\"wp-image-164\" style=\"width:274px;height:auto\" srcset=\"https:\/\/www.sbq.org.br\/jp_sbq\/wp-content\/uploads\/sites\/38\/2024\/05\/image-3.png 401w, https:\/\/www.sbq.org.br\/jp_sbq\/wp-content\/uploads\/sites\/38\/2024\/05\/image-3-300x268.png 300w\" sizes=\"(max-width: 401px) 100vw, 401px\" \/><\/figure>\n\n\n\n<p>Os ganhadores da primeira edi\u00e7\u00e3o, que ocorreu em 2021, foram:<br><em>In the first edition, held in 2021, the winners were:<\/em><\/p>\n\n\n\n<p>Categoria 1: F\u00e1bio Godoy Delolo (UFMG)<br>Categoria 2: Carolina Bastos Pereira Ligiero (UFF)<\/p>\n\n\n\n<figure class=\"wp-block-image size-full is-resized\"><img loading=\"lazy\" decoding=\"async\" width=\"551\" height=\"565\" src=\"https:\/\/www.sbq.org.br\/jp_sbq\/wp-content\/uploads\/sites\/38\/2024\/05\/image-4.png\" alt=\"\" class=\"wp-image-165\" style=\"width:279px;height:auto\" srcset=\"https:\/\/www.sbq.org.br\/jp_sbq\/wp-content\/uploads\/sites\/38\/2024\/05\/image-4.png 551w, https:\/\/www.sbq.org.br\/jp_sbq\/wp-content\/uploads\/sites\/38\/2024\/05\/image-4-293x300.png 293w\" sizes=\"(max-width: 551px) 100vw, 551px\" \/><\/figure>\n\n\n\n<figure class=\"wp-block-image size-full is-resized\"><img loading=\"lazy\" decoding=\"async\" width=\"547\" height=\"455\" src=\"https:\/\/www.sbq.org.br\/jp_sbq\/wp-content\/uploads\/sites\/38\/2024\/05\/image-5.png\" alt=\"\" class=\"wp-image-166\" style=\"width:281px;height:auto\" srcset=\"https:\/\/www.sbq.org.br\/jp_sbq\/wp-content\/uploads\/sites\/38\/2024\/05\/image-5.png 547w, https:\/\/www.sbq.org.br\/jp_sbq\/wp-content\/uploads\/sites\/38\/2024\/05\/image-5-300x250.png 300w\" sizes=\"(max-width: 547px) 100vw, 547px\" \/><\/figure>\n\n\n\n<p><strong>VEM A\u00cd O PR\u00caMIO JP-RSC-RASBQ 2025!<\/strong><\/p>\n\n\n\n<figure class=\"wp-block-image\"><img decoding=\"async\" src=\"http:\/\/www.sbq.org.br\/jp_sbq\/premio_arquivos\/logo-sbq-rsc-jpsbq.png\" alt=\"\" \/><\/figure>\n","protected":false},"excerpt":{"rendered":"<p>O Pr\u00eamio Jovem Pesquisador &#8211; Royal Society of Chemistry \u2013 RASBQ \u00e9 conferido pelo Comit\u00ea de Jovens Pesquisadores da Sociedade Brasileira de Qu\u00edmica (JP-SBQ) e pela Royal Society of Chemistry (RSC) desde 2021, com o objetivo reconhecer a compet\u00eancia cient\u00edfica e a qualidade do trabalho dos jovens pesquisadores participantes das Reuni\u00f5es Anuais da Sociedade Brasileira [&hellip;]<\/p>\n","protected":false},"author":1,"featured_media":0,"parent":0,"menu_order":0,"comment_status":"closed","ping_status":"closed","template":"","meta":{"footnotes":""},"_links":{"self":[{"href":"https:\/\/www.sbq.org.br\/jp_sbq\/wp-json\/wp\/v2\/pages\/25"}],"collection":[{"href":"https:\/\/www.sbq.org.br\/jp_sbq\/wp-json\/wp\/v2\/pages"}],"about":[{"href":"https:\/\/www.sbq.org.br\/jp_sbq\/wp-json\/wp\/v2\/types\/page"}],"author":[{"embeddable":true,"href":"https:\/\/www.sbq.org.br\/jp_sbq\/wp-json\/wp\/v2\/users\/1"}],"replies":[{"embeddable":true,"href":"https:\/\/www.sbq.org.br\/jp_sbq\/wp-json\/wp\/v2\/comments?post=25"}],"version-history":[{"count":8,"href":"https:\/\/www.sbq.org.br\/jp_sbq\/wp-json\/wp\/v2\/pages\/25\/revisions"}],"predecessor-version":[{"id":251,"href":"https:\/\/www.sbq.org.br\/jp_sbq\/wp-json\/wp\/v2\/pages\/25\/revisions\/251"}],"wp:attachment":[{"href":"https:\/\/www.sbq.org.br\/jp_sbq\/wp-json\/wp\/v2\/media?parent=25"}],"curies":[{"name":"wp","href":"https:\/\/api.w.org\/{rel}","templated":true}]}}