{"id":23,"date":"2024-01-04T16:04:52","date_gmt":"2024-01-04T19:04:52","guid":{"rendered":"https:\/\/www.sbq.org.br\/jp_sbq\/?page_id=23"},"modified":"2026-02-05T11:16:44","modified_gmt":"2026-02-05T14:16:44","slug":"censo-jp","status":"publish","type":"page","link":"https:\/\/www.sbq.org.br\/jp_sbq\/censo-jp\/","title":{"rendered":"Censo JP"},"content":{"rendered":"\n<p><strong>Quem s\u00e3o os jovens doutores em Qu\u00edmica do Brasil?<\/strong><\/p>\n\n\n\n<p>Um estudo conduzido pelo Comit\u00ea de Jovens Pesquisadores da Sociedade Brasileira de Qu\u00edmica (JP-SBQ), tra\u00e7a um panorama abrangente de qu\u00edmicos em in\u00edcio de carreira no Brasil. Com 405 participantes, foram analisados aspectos centrais como forma\u00e7\u00e3o acad\u00eamica, distribui\u00e7\u00e3o geogr\u00e1fica, condi\u00e7\u00f5es de trabalho, remunera\u00e7\u00e3o, produtividade e as compet\u00eancias desenvolvidas durante o doutorado e o p\u00f3s-doutorado.<br><br>Artigo completo em: Qu\u00edm. Nova 48 (7) \u2022 2025<br><a href=\"https:\/\/doi.org\/10.21577\/0100-4042.20250148\">https:\/\/doi.org\/10.21577\/0100-4042.20250148<\/a><\/p>\n\n\n\n<p><\/p>\n\n\n\n<p><strong>Mais informa\u00e7\u00f5es:<\/strong><br><br><strong>JPConecta 31 \u2013 Censo JP e o perfil dos jovens doutores em Qu\u00edmica no Brasil<\/strong><\/p>\n\n\n\n<p>Spotify:&nbsp;<a href=\"https:\/\/open.spotify.com\/episode\/38s4SR9OPNhiYmFrpYHF0Q?si=0d245f0851bd42bb\">https:\/\/open.spotify.com\/episode\/38s4SR9OPNhiYmFrpYHF0Q?si=0d245f0851bd42bb<\/a><br>Youtube:&nbsp;<a href=\"https:\/\/youtu.be\/WQNNvDMp840?si=0qdMHExKYq_ckG3r\">https:\/\/youtu.be\/WQNNvDMp840?si=0qdMHExKYq_ckG3r<\/a><\/p>\n\n\n\n<div class=\"wp-block-group is-nowrap is-layout-flex wp-container-core-group-layout-1 wp-block-group-is-layout-flex\">\n<div class=\"wp-block-columns is-layout-flex wp-container-core-columns-layout-1 wp-block-columns-is-layout-flex\">\n<div class=\"wp-block-column is-layout-flow wp-block-column-is-layout-flow\" style=\"flex-basis:100%\"><\/div>\n<\/div>\n<\/div>\n","protected":false},"excerpt":{"rendered":"<p>Quem s\u00e3o os jovens doutores em Qu\u00edmica do Brasil? Um estudo conduzido pelo Comit\u00ea de Jovens Pesquisadores da Sociedade Brasileira de Qu\u00edmica (JP-SBQ), tra\u00e7a um panorama abrangente de qu\u00edmicos em in\u00edcio de carreira no Brasil. Com 405 participantes, foram analisados aspectos centrais como forma\u00e7\u00e3o acad\u00eamica, distribui\u00e7\u00e3o geogr\u00e1fica, condi\u00e7\u00f5es de trabalho, remunera\u00e7\u00e3o, produtividade e as compet\u00eancias [&hellip;]<\/p>\n","protected":false},"author":1,"featured_media":0,"parent":0,"menu_order":0,"comment_status":"closed","ping_status":"closed","template":"","meta":{"footnotes":""},"_links":{"self":[{"href":"https:\/\/www.sbq.org.br\/jp_sbq\/wp-json\/wp\/v2\/pages\/23"}],"collection":[{"href":"https:\/\/www.sbq.org.br\/jp_sbq\/wp-json\/wp\/v2\/pages"}],"about":[{"href":"https:\/\/www.sbq.org.br\/jp_sbq\/wp-json\/wp\/v2\/types\/page"}],"author":[{"embeddable":true,"href":"https:\/\/www.sbq.org.br\/jp_sbq\/wp-json\/wp\/v2\/users\/1"}],"replies":[{"embeddable":true,"href":"https:\/\/www.sbq.org.br\/jp_sbq\/wp-json\/wp\/v2\/comments?post=23"}],"version-history":[{"count":13,"href":"https:\/\/www.sbq.org.br\/jp_sbq\/wp-json\/wp\/v2\/pages\/23\/revisions"}],"predecessor-version":[{"id":286,"href":"https:\/\/www.sbq.org.br\/jp_sbq\/wp-json\/wp\/v2\/pages\/23\/revisions\/286"}],"wp:attachment":[{"href":"https:\/\/www.sbq.org.br\/jp_sbq\/wp-json\/wp\/v2\/media?parent=23"}],"curies":[{"name":"wp","href":"https:\/\/api.w.org\/{rel}","templated":true}]}}