{"id":15,"date":"2024-01-04T16:04:08","date_gmt":"2024-01-04T19:04:08","guid":{"rendered":"https:\/\/www.sbq.org.br\/jp_sbq\/?page_id=15"},"modified":"2026-02-05T09:37:04","modified_gmt":"2026-02-05T12:37:04","slug":"workshops-jp-sbq","status":"publish","type":"page","link":"https:\/\/www.sbq.org.br\/jp_sbq\/workshops-jp-sbq\/","title":{"rendered":"Atividades JP-SBQ"},"content":{"rendered":"\n<p class=\"has-medium-font-size\"><strong>48\u00aa Reuni\u00e3o Anual da SBQ &#8211; 2025<br><em>48th SBQ Annual Meeting &#8211; 20<\/em>25<\/strong><\/p>\n\n\n\n<p>A 48\u00aa Reuni\u00e3o Anual da SBQ foi realizada na cidade de Campinas-SP, de 8 a 11 de junho de 2025. Durante o evento, a JP-SBQ foi respons\u00e1vel pela organiza\u00e7\u00e3o de um Workshop, uma Sess\u00e3o Tem\u00e1tica e da 3\u00aa Assembleia JP.<br><br><em>The 48th SBQ Annual Meeting was held in the city of Campinas-SP, from June 8 to 11, 2025. During the event, the JP-SBQ was responsible for organizing a Workshop, a Thematic Session and the 3rd JP Assembly.<\/em><\/p>\n\n\n\n<p><strong>Workshop<\/strong><\/p>\n\n\n\n<figure class=\"wp-block-image size-full is-resized\"><img loading=\"lazy\" decoding=\"async\" width=\"1178\" height=\"1472\" src=\"http:\/\/www.sbq.org.br\/jp_sbq\/wp-content\/uploads\/sites\/38\/2026\/02\/workshop.jpg\" alt=\"\" class=\"wp-image-242\" style=\"width:423px;height:auto\" \/><\/figure>\n\n\n\n<p><strong>Sess\u00e3o tem\u00e1tica<br><em>Thematic Session<\/em><\/strong><\/p>\n\n\n\n<figure class=\"wp-block-image size-full is-resized\"><img loading=\"lazy\" decoding=\"async\" width=\"1178\" height=\"1467\" src=\"http:\/\/www.sbq.org.br\/jp_sbq\/wp-content\/uploads\/sites\/38\/2026\/02\/sessao-tematica.jpg\" alt=\"\" class=\"wp-image-243\" style=\"width:422px;height:auto\" \/><\/figure>\n\n\n\n<p><strong>Assembleia JP<br><em>JP Assembly<\/em><\/strong><\/p>\n\n\n\n<figure class=\"wp-block-image size-full is-resized\"><img loading=\"lazy\" decoding=\"async\" width=\"1178\" height=\"1474\" src=\"http:\/\/www.sbq.org.br\/jp_sbq\/wp-content\/uploads\/sites\/38\/2026\/02\/Assembleia-1.jpg\" alt=\"\" class=\"wp-image-244\" style=\"width:425px;height:auto\" \/><\/figure>\n\n\n\n<p class=\"has-medium-font-size\"><strong>47\u00aa Reuni\u00e3o Anual da SBQ &#8211; 2024<br><em>47th SBQ Annual Meeting &#8211; 2024<\/em><\/strong><\/p>\n\n\n\n<p>A 47\u00aa Reuni\u00e3o Anual da SBQ foi realizada na cidade de \u00c1guas de Lind\u00f3ia-SP, de 22 a 25 de maio de 2024. Durante o evento, a JP-SBQ foi respons\u00e1vel pela organiza\u00e7\u00e3o de um Workshop, uma Sess\u00e3o Tem\u00e1tica e da 2\u00aa Assembleia JP.<br><br><em>The 47th SBQ Annual Meeting was held in the city of \u00c1guas de Lind\u00f3ia-SP, from May 22 to 25, 2024. During the event, the JP-SBQ was responsible for organizing a Workshop, a Thematic Session and the 2nd JP Assembly.<\/em><\/p>\n\n\n\n<figure class=\"wp-block-image size-full is-resized\"><img loading=\"lazy\" decoding=\"async\" width=\"1080\" height=\"1075\" src=\"https:\/\/www.sbq.org.br\/jp_sbq\/wp-content\/uploads\/sites\/38\/2024\/09\/Screenshot_20240904_165342_Instagram.jpg\" alt=\"\" class=\"wp-image-225\" style=\"width:419px;height:auto\" \/><\/figure>\n\n\n\n<p><strong>Workshop<\/strong><\/p>\n\n\n\n<figure class=\"wp-block-image size-full is-resized\"><img loading=\"lazy\" decoding=\"async\" width=\"1080\" height=\"1066\" src=\"https:\/\/www.sbq.org.br\/jp_sbq\/wp-content\/uploads\/sites\/38\/2024\/09\/Screenshot_20240904_165408_Instagram.jpg\" alt=\"\" class=\"wp-image-227\" style=\"width:423px;height:auto\" \/><\/figure>\n\n\n\n<p><strong>Sess\u00e3o tem\u00e1tica<br><em>Thematic Session<\/em><\/strong><\/p>\n\n\n\n<figure class=\"wp-block-image size-full is-resized\"><img loading=\"lazy\" decoding=\"async\" width=\"1080\" height=\"1074\" src=\"https:\/\/www.sbq.org.br\/jp_sbq\/wp-content\/uploads\/sites\/38\/2024\/09\/Screenshot_20240904_165356_Instagram.jpg\" alt=\"\" class=\"wp-image-226\" style=\"width:422px;height:auto\" \/><\/figure>\n\n\n\n<p><strong>Assembleia JP<br><em>JP Assembly<\/em><\/strong><\/p>\n\n\n\n<figure class=\"wp-block-image size-full is-resized\"><img loading=\"lazy\" decoding=\"async\" width=\"1080\" height=\"1068\" src=\"https:\/\/www.sbq.org.br\/jp_sbq\/wp-content\/uploads\/sites\/38\/2024\/09\/Screenshot_20240904_165430_Instagram.jpg\" alt=\"\" class=\"wp-image-235\" style=\"width:425px;height:auto\" \/><\/figure>\n\n\n\n<p class=\"has-medium-font-size\"><br><strong>46\u00aa Reuni\u00e3o Anual da SBQ &#8211; 2023<br><em>46th SBQ Annual Meeting &#8211; 2023<\/em><\/strong><\/p>\n\n\n\n<p>A 46\u00aa Reuni\u00e3o Anual da SBQ foi realizada na cidade de \u00c1guas de Lind\u00f3ia-SP, de 28 a 31 de maio de 2023. Durante o evento, a JP-SBQ foi respons\u00e1vel pela organiza\u00e7\u00e3o de uma Sess\u00e3o Tem\u00e1tica e um Workshop. Nesta edi\u00e7\u00e3o, tamb\u00e9m ocorreu a primeira Assembleia JP.<br><br><em>The 46th SBQ Annual Meeting was held in the city of \u00c1guas de Lind\u00f3ia-SP, from May 28 to 31, 2023. During the event, the JP-SBQ was responsible for organizing a Thematic Session and a Workshop. In this edition, the first JP Assembly also took place.<\/em><\/p>\n\n\n\n<p class=\"has-medium-font-size\"><strong>Sess\u00e3o tem\u00e1tica<br><em>Thematic Session<\/em><\/strong><\/p>\n\n\n\n<figure class=\"wp-block-image\"><img decoding=\"async\" src=\"http:\/\/www.sbq.org.br\/jp_sbq\/wp-content\/uploads\/sites\/38\/2024\/06\/sessao-tematica-jpsbq-46ra.png\" alt=\"\" \/><\/figure>\n\n\n\n<p class=\"has-medium-font-size\"><strong>Workshop<\/strong><\/p>\n\n\n\n<figure class=\"wp-block-image\"><img decoding=\"async\" src=\"http:\/\/www.sbq.org.br\/jp_sbq\/wp-content\/uploads\/sites\/38\/2024\/06\/WS-jpsbq-46ra.png\" alt=\"\" \/><\/figure>\n\n\n\n<p class=\"has-medium-font-size\"><strong>Assembleia JP<br><em>JP Assembly<\/em><\/strong><\/p>\n\n\n\n<figure class=\"wp-block-image\"><img decoding=\"async\" src=\"http:\/\/www.sbq.org.br\/jp_sbq\/wp-content\/uploads\/sites\/38\/2024\/06\/assembleia-jpsbq-46ra.png\" alt=\"\" \/><\/figure>\n\n\n\n<p><\/p>\n\n\n\n<p class=\"has-medium-font-size\"><br><strong>45\u00aa Reuni\u00e3o Anual da SBQ &#8211; 2022<br><em>45th SBQ Annual Meeting &#8211; 2022<\/em><\/strong><\/p>\n\n\n\n<p>Sess\u00e3o tem\u00e1tica realizada em Macei\u00f3\/AL, durante a 45\u00aa Reuni\u00e3o Anual da Sociedade Brasileira de Qu\u00edmica (de 31 de maio a 02 de Junho de 2022).<br><em>Thematic Session during the 45th Annual Meeting of the Brazilian Chemical Society held in Macei\u00f3\/AL (May 31th \u2013 June 2nd, 2022).<\/em><\/p>\n\n\n\n<figure class=\"wp-block-image\"><img decoding=\"async\" src=\"http:\/\/www.sbq.org.br\/jp_sbq\/wp-content\/uploads\/sites\/38\/2024\/06\/sessao-tematica-jpsbq-45ra.png\" alt=\"\" \/><\/figure>\n\n\n\n<p>O presidente da SBQ durante o bi\u00eanio 2022-2024, Prof. Romeu Cardozo Rocha Filho, realizou a abertura e apresenta\u00e7\u00e3o dos participantes da Sess\u00e3o Tem\u00e1tica durante a 45\u00aa Reuni\u00e3o Anual da Sociedade Brasileira de Qu\u00edmica (de 28 de Maio a 02 de Junho de 2022).<\/p>\n\n\n\n<p><em>Prof. Romeu Cardozo Rocha Filho (President of SBQ during the 2022-2024 biennium), starting the Thematic Session during the 45th Annual Meeting of the Brazilian Chemical Society held in Macei\u00f3\/AL (May 31th \u2013 June 2nd, 2022).<\/em><\/p>\n\n\n\n<figure class=\"wp-block-image\"><img decoding=\"async\" src=\"http:\/\/www.sbq.org.br\/jp_sbq\/wp-content\/uploads\/sites\/38\/2024\/06\/abertura-sessao-tematica-jpsbq-45ra.png\" alt=\"\" \/><\/figure>\n\n\n\n<p><\/p>\n\n\n\n<p class=\"has-medium-font-size\"><br><strong>44\u00aa Reuni\u00e3o Anual da SBQ &#8211; 2021<br><em>44th SBQ Annual Meeting &#8211; 2021<\/em><\/strong><\/p>\n\n\n\n<p>Simp\u00f3sio realizado em 24 de Novembro de 2021 durante a 44\u00aa Reuni\u00e3o Anual Virtual da Sociedade Brasileira de Qu\u00edmica. <br><br><em>Symposium held on November 24, 2021, during the 44th Virtual Annual Meeting of the Brazilian Chemical Society.<\/em><\/p>\n\n\n\n<figure class=\"wp-block-image\"><img decoding=\"async\" src=\"http:\/\/www.sbq.org.br\/jp_sbq\/wp-content\/uploads\/sites\/38\/2024\/06\/simposio-jpsbq-44ra.png\" alt=\"\" \/><\/figure>\n\n\n\n<p class=\"has-medium-font-size\"><br><strong>42\u00aa Reuni\u00e3o Anual da SBQ &#8211; 2019<br><em>42th SBQ Annual Meeting &#8211; 2019<\/em><\/strong><\/p>\n\n\n\n<p class=\"has-medium-font-size\"><strong>Workshop inaugural&nbsp;da&nbsp;JP-SBQ<\/strong><br><strong><em>JP-SBQ Opening Workshop<\/em><\/strong><\/p>\n\n\n\n<p>Em 2019, durante a 42\u00aa Reuni\u00e3o Anual da Sociedade Brasileira de Qu\u00edmica (27 a 30 de Maio, Joinville\/SC), foi realizado o 1\u00ba Workshop JP-SBQ, no dia 27 de Maio. O tema do Workshop foi &#8220;Jovens Pesquisadores: futuros l\u00edderes nos setores acad\u00eamico e empresarial&#8221;, sendo especialmente pensado para agregar temas voltados aos pesquisadores em in\u00edcio de carreira e ao mercado de trabalho na \u00e1rea de Qu\u00edmica. Nosso evento inaugural contou com 74 participantes de diferentes n\u00edveis acad\u00eamicos, desde graduandos at\u00e9 professores, de todas as regi\u00f5es do pa\u00eds.<\/p>\n\n\n\n<p><em>In 2019, during the 42<sup>nd<\/sup>&nbsp;Annual Meeting of the Brazilian Chemical Society (May 27th to 30th, Joinville\/SC), took place the 1<sup>st<\/sup>&nbsp;Workshop JP-SBQ, on May 27<sup>th<\/sup>. The Workshop theme was \u201cYounger Researchers: future leaders at the academic and business sectors\u201d, specially planed to congregate topics that are relevant to researchers in early career and to the labor market in Chemistry. Our opening event counted on the presence of 74 participants from different academic levels, since undergrad students to professors, from all the Brazilian regions.<\/em><\/p>\n\n\n\n<p>A palestra de abertura foi proferida pelo Prof. Dr. Carlos Henrique de Brito Cruz, Diretor Cient\u00edfico da FAPESP. Contamos, ainda, com as presen\u00e7as da Me. Marina&nbsp;Rocchi&nbsp;Martins Mattar, Diretora de Rela\u00e7\u00f5es Institucionais e Sustentabilidade da Associa\u00e7\u00e3o Brasileira da Ind\u00fastria Qu\u00edmica (Abiquim) e do Dr. Guilherme&nbsp;Juli\u00e3o&nbsp;Zocolo, pesquisador da Embrapa Agroind\u00fastria Tropical. Ap\u00f3s as palestras, tivemos uma rodada de discuss\u00e3o com os palestrantes e o p\u00fablico presente, al\u00e9m da apresenta\u00e7\u00e3o de tr\u00eas trabalhos desenvolvidos por Jovens Pesquisadores, durante a se\u00e7\u00e3o de&nbsp;<em>flash&nbsp;presentations<\/em>.<\/p>\n\n\n\n<p><em>The opening lecture was given by Prof. Dr. Henrique&nbsp;Brito&nbsp;Cruz, Scientific Director at the S\u00e3o Paulo Research Foundation (FAPESP). We also had the lectures of&nbsp;MSc. Marina&nbsp;Rocchi&nbsp;Martins&nbsp;Mattar, Institutional Relations and Sustainability Director at the Brazilian Association of the Chemistry Industry (Abiquim) and Dr.&nbsp;Guilherme&nbsp;Juli\u00e3o&nbsp;Zocolo, Researcher at&nbsp;Embrapa&nbsp;&#8211; The Brazilian Agricultural Research Corporation. We also had a discussion section, and three flash presentations of younger researchers.<\/em><\/p>\n\n\n\n<p>Para a realiza\u00e7\u00e3o deste evento, contamos com o apoio das seguintes institui\u00e7\u00f5es:&nbsp;American&nbsp;Chemical&nbsp;Society&nbsp;(ACS),&nbsp;Elsevier, Associa\u00e7\u00e3o Brasileira da Ind\u00fastria Qu\u00edmica (Abiquim), Embrapa e Funda\u00e7\u00e3o de Amparo \u00e0 Pesquisa do Estado de S\u00e3o Paulo (FAPESP), al\u00e9m dos pesquisadores&nbsp;Profa. Dra.&nbsp;Vanderlan&nbsp;S.&nbsp;Bolzani, Prof. Dr. Adriano D.&nbsp;Andricopulo, Prof. Dr. Paulo Cezar Vieira, e Prof. Dr. Norberto P. Lopes.<\/p>\n\n\n\n<p><em>To organize this event we had the support of: American Chemical Society (ACS), Elsevier, Brazilian Association of the Chemistry Industry (Abiquim), Brazilian Agricultural Research Corporation (Embrapa), S\u00e3o Paulo Research Foundation (FAPESP), and also the researchers&nbsp;Profa.&nbsp;<\/em><em>Vanderlan S. Bolzani, Prof. Adriano D. Andricopulo, Prof. Paulo Cezar Vieira, and Prof. Norberto P. Lopes.<\/em><\/p>\n\n\n\n<figure class=\"wp-block-image\"><img decoding=\"async\" src=\"http:\/\/www.sbq.org.br\/jp_sbq\/wp-content\/uploads\/sites\/38\/2024\/06\/image005.jpg\" alt=\"\" \/><\/figure>\n\n\n\n<p class=\"has-medium-font-size\"><strong>Webin\u00e1rios<br><em>Webinars<\/em><\/strong><\/p>\n\n\n\n<p>No decorrer do ano de 2020, devido \u00e0 pandemia de&nbsp;Covid-19, os encontros precisaram ser reinventados e adaptados ao ambiente online. Diante da impossibilidade de se realizar de forma presencial a Reuni\u00e3o Anual da SBQ e, consequentemente, o Workshop de Jovens Pesquisadores, a JP-SBQ passou a organizar encontros online para discutir os mais diversos temas com convidados muito especiais. Os&nbsp;webin\u00e1rios&nbsp;est\u00e3o dispon\u00edveis no canal do&nbsp;Youtube&nbsp;da JP-SBQ:&nbsp;<a href=\"https:\/\/www.youtube.com\/c\/JovensPesquisadoresSBQ\" target=\"_blank\" rel=\"noreferrer noopener\">https:\/\/www.youtube.com\/c\/JovensPesquisadoresSBQ<\/a><\/p>\n\n\n\n<p><em>During the year of 2020, because of the Covid-19 pandemic, the meetings had to be reinvented and adapted to the online environment. Facing the impossibility of holding the SBQ Annual Meeting and, consequently, de Younger Researchers Workshop in person, JP-SBQ started to organize online meetings to discuss the most diverse themes with very special guests. The webinars are available at the JP-SBQ&nbsp;Youtube&nbsp;channel:&nbsp;<a href=\"https:\/\/www.youtube.com\/c\/JovensPesquisadoresSBQ\" target=\"_blank\" rel=\"noreferrer noopener\">https:\/\/www.youtube.com\/c\/JovensPesquisadoresSBQ<\/a><\/em><\/p>\n","protected":false},"excerpt":{"rendered":"<p>48\u00aa Reuni\u00e3o Anual da SBQ &#8211; 202548th SBQ Annual Meeting &#8211; 2025 A 48\u00aa Reuni\u00e3o Anual da SBQ foi realizada na cidade de Campinas-SP, de 8 a 11 de junho de 2025. Durante o evento, a JP-SBQ foi respons\u00e1vel pela organiza\u00e7\u00e3o de um Workshop, uma Sess\u00e3o Tem\u00e1tica e da 3\u00aa Assembleia JP. The 48th SBQ [&hellip;]<\/p>\n","protected":false},"author":1,"featured_media":0,"parent":0,"menu_order":0,"comment_status":"closed","ping_status":"closed","template":"","meta":{"footnotes":""},"_links":{"self":[{"href":"https:\/\/www.sbq.org.br\/jp_sbq\/wp-json\/wp\/v2\/pages\/15"}],"collection":[{"href":"https:\/\/www.sbq.org.br\/jp_sbq\/wp-json\/wp\/v2\/pages"}],"about":[{"href":"https:\/\/www.sbq.org.br\/jp_sbq\/wp-json\/wp\/v2\/types\/page"}],"author":[{"embeddable":true,"href":"https:\/\/www.sbq.org.br\/jp_sbq\/wp-json\/wp\/v2\/users\/1"}],"replies":[{"embeddable":true,"href":"https:\/\/www.sbq.org.br\/jp_sbq\/wp-json\/wp\/v2\/comments?post=15"}],"version-history":[{"count":17,"href":"https:\/\/www.sbq.org.br\/jp_sbq\/wp-json\/wp\/v2\/pages\/15\/revisions"}],"predecessor-version":[{"id":245,"href":"https:\/\/www.sbq.org.br\/jp_sbq\/wp-json\/wp\/v2\/pages\/15\/revisions\/245"}],"wp:attachment":[{"href":"https:\/\/www.sbq.org.br\/jp_sbq\/wp-json\/wp\/v2\/media?parent=15"}],"curies":[{"name":"wp","href":"https:\/\/api.w.org\/{rel}","templated":true}]}}