{"id":13,"date":"2024-01-04T16:03:55","date_gmt":"2024-01-04T19:03:55","guid":{"rendered":"https:\/\/www.sbq.org.br\/jp_sbq\/?page_id=13"},"modified":"2024-01-17T17:57:00","modified_gmt":"2024-01-17T20:57:00","slug":"networking","status":"publish","type":"page","link":"https:\/\/www.sbq.org.br\/jp_sbq\/networking\/","title":{"rendered":"Networking"},"content":{"rendered":"\n<p>A rede de contatos da JP-SBQ se estende por todo o Brasil, com representantes em todas as regi\u00f5es do pa\u00eds, al\u00e9m de diversos contatos pelo mundo. Promovemos a intera\u00e7\u00e3o entre jovens pesquisadores das diversas \u00e1reas da Qu\u00edmica em empresas, universidades e associa\u00e7\u00f5es nacionais e internacionais. O Networking faz parte de nossas atividades e visa promover a colabora\u00e7\u00e3o profissional e a difus\u00e3o de oportunidades. Se voc\u00ea tem interesse em participar da nossa rede, entre em contato atrav\u00e9s do nosso email ou redes sociais. Estamos constantemente buscando novas colabora\u00e7\u00f5es!<\/p>\n\n\n\n<p class=\"has-vivid-cyan-blue-color has-text-color has-link-color wp-elements-05a1b87ac25ac2cc8ab95d1daebcb7e1\"><em>The network established by JP-SBQ includes representatives from all the Brazilian regions and around the world. We promote interaction among younger researchers from the different Chemistry areas, from companies, universities and national and international associations. Networking is part of our activities to promote professional collaboration and the diffusion of opportunities. If you are interested in joining our network, contact us by email or in our social medias. We are constantly searching for new collaborations!<\/em><\/p>\n\n\n\n<iframe loading=\"lazy\" height=\"480\" src=\"https:\/\/www.google.com\/maps\/d\/u\/0\/embed?mid=1zAFWuslVIG7ULpc0VEmnPU4cYY_12X6_\" width=\"640\"><\/iframe>\n\n\n\n<p class=\"has-text-align-center\">Distribui\u00e7\u00e3o da rede de contatos JP-SBQ no Brasil e no mundo.<\/p>\n\n\n\n<p class=\"has-text-align-center has-vivid-cyan-blue-color has-text-color has-link-color wp-elements-f46e3fa5102c545d34327239dc7894e7\">Distribution of the JP-SBQ network in Brazil and worldwide.<\/p>\n","protected":false},"excerpt":{"rendered":"<p>A rede de contatos da JP-SBQ se estende por todo o Brasil, com representantes em todas as regi\u00f5es do pa\u00eds, al\u00e9m de diversos contatos pelo mundo. Promovemos a intera\u00e7\u00e3o entre jovens pesquisadores das diversas \u00e1reas da Qu\u00edmica em empresas, universidades e associa\u00e7\u00f5es nacionais e internacionais. O Networking faz parte de nossas atividades e visa promover [&hellip;]<\/p>\n","protected":false},"author":1,"featured_media":0,"parent":0,"menu_order":0,"comment_status":"closed","ping_status":"closed","template":"","meta":{"footnotes":""},"_links":{"self":[{"href":"https:\/\/www.sbq.org.br\/jp_sbq\/wp-json\/wp\/v2\/pages\/13"}],"collection":[{"href":"https:\/\/www.sbq.org.br\/jp_sbq\/wp-json\/wp\/v2\/pages"}],"about":[{"href":"https:\/\/www.sbq.org.br\/jp_sbq\/wp-json\/wp\/v2\/types\/page"}],"author":[{"embeddable":true,"href":"https:\/\/www.sbq.org.br\/jp_sbq\/wp-json\/wp\/v2\/users\/1"}],"replies":[{"embeddable":true,"href":"https:\/\/www.sbq.org.br\/jp_sbq\/wp-json\/wp\/v2\/comments?post=13"}],"version-history":[{"count":3,"href":"https:\/\/www.sbq.org.br\/jp_sbq\/wp-json\/wp\/v2\/pages\/13\/revisions"}],"predecessor-version":[{"id":62,"href":"https:\/\/www.sbq.org.br\/jp_sbq\/wp-json\/wp\/v2\/pages\/13\/revisions\/62"}],"wp:attachment":[{"href":"https:\/\/www.sbq.org.br\/jp_sbq\/wp-json\/wp\/v2\/media?parent=13"}],"curies":[{"name":"wp","href":"https:\/\/api.w.org\/{rel}","templated":true}]}}