{"id":33,"date":"2024-01-19T10:38:39","date_gmt":"2024-01-19T13:38:39","guid":{"rendered":"https:\/\/www.sbq.org.br\/interiorpaulista\/?page_id=33"},"modified":"2024-01-19T10:44:30","modified_gmt":"2024-01-19T13:44:30","slug":"relatorios","status":"publish","type":"page","link":"https:\/\/www.sbq.org.br\/interiorpaulista\/sobre-a-secretaria-regional-de-interior-paulista-waldemar-saffioti\/relatorios\/","title":{"rendered":"Relat\u00f3rios"},"content":{"rendered":"\n<section id=\"g1ed2db\" class=\"wp-block-gutentor-p4 section-g1ed2db gutentor-post-module gutentor-advanced-post-module\" data-gpid=\"33\" data-l-ani=\"gp4-animation-1\" data-i-b=\"gutentor\/p1\" data-maxnumpages=\"1\">\n\n<section class=\"gutentor-post-module section-d2fd2434-6936-4acd-865d-913782ba24b0 gutentor-post-module-p1 gutentor_p1_template1 wp-block-gutentor-p1 gutentor-blog-grid\" id=\"d2fd2434-6936-4acd-865d-913782ba24b0\" data-gbid=\"d2fd2434-6936-4acd-865d-913782ba24b0\" >\n<div class='grid-container'><div class='grid-row' ><article class='gutentor-post gutentor-post-no-thumb  grid-lg-12 grid-md-4 grid-12'><div class='gutentor-post-item'><div class=\"gutentor-post-title-data-wrap\"><h3 class=\"gutentor-post-title\"><a href=\"https:\/\/www.sbq.org.br\/interiorpaulista\/relatorio-de-atividades-2010-2011\/\" rel=\"bookmark\">Relat\u00f3rio de atividades 2010-2011<\/a><\/h3><\/div><div class=\"gutentor-post-desc\">Descri\u00e7\u00e3o das atividades realizadas no per\u00edodo.&hellip;<\/div><a class=\"gutentor-button gutentor-post-button\"  href=\"https:\/\/www.sbq.org.br\/interiorpaulista\/relatorio-de-atividades-2010-2011\/\" href=\"https:\/\/www.sbq.org.br\/interiorpaulista\/relatorio-de-atividades-2010-2011\/\"><span>Read More<\/span><\/a><\/div><\/article><\/div><\/div><\/section>\n\n\n<div id=\"section-ge4e497\" class=\"wp-block-gutentor-e17 section-ge4e497 gutentor-element gutentor-post-footer\"><div class=\"grid-container\"><div class=\"grid-row\">\n<div id=\"col-gmce4ac7\" class=\"wp-block-gutentor-e15 gutentor-single-column  grid-lg-12 grid-md-12 grid-12\"><div id=\"section-gmce4ac7\" class=\"section-gmce4ac7 gutentor-col-wrap\">\n<div id=\"section-g6de424\" class=\"wp-block-gutentor-e12 section-g6de424 gutentor-element gutentor-element-pagination text-align-center-mobile\"><div class=\"gutentor-pagination-wrap\" data-maxnumpages=\"1\"><ul class=\"gutentor-pagination\"><li class=\"gutentor-pagination-item gutentor-pagination-prev\"><a class=\"gutentor-pagination-link gutentor-disabled\" href=\"#\"><i class=\"fas fa-chevron-left\"><\/i>Previous<\/a><\/li><li class=\"gutentor-pagination-item gutentor-pagination-active\" data-gpage=\"1\"><a class=\"gutentor-pagination-link\" href=\"#\">1<\/a><\/li><li class=\"gutentor-pagination-item gutentor-pagination-next\"><a class=\"gutentor-pagination-link gutentor-disabled\" href=\"#\" data-gpage=\"2\">Next<i class=\"fas fa-chevron-right\"><\/i><\/a><\/li><\/ul><\/div><\/div>\n<\/div><\/div>\n<\/div><\/div><\/div>\n<\/section>\n","protected":false},"excerpt":{"rendered":"","protected":false},"author":1,"featured_media":0,"parent":3,"menu_order":0,"comment_status":"closed","ping_status":"closed","template":"institucional","meta":{"footnotes":""},"_links":{"self":[{"href":"https:\/\/www.sbq.org.br\/interiorpaulista\/wp-json\/wp\/v2\/pages\/33"}],"collection":[{"href":"https:\/\/www.sbq.org.br\/interiorpaulista\/wp-json\/wp\/v2\/pages"}],"about":[{"href":"https:\/\/www.sbq.org.br\/interiorpaulista\/wp-json\/wp\/v2\/types\/page"}],"author":[{"embeddable":true,"href":"https:\/\/www.sbq.org.br\/interiorpaulista\/wp-json\/wp\/v2\/users\/1"}],"replies":[{"embeddable":true,"href":"https:\/\/www.sbq.org.br\/interiorpaulista\/wp-json\/wp\/v2\/comments?post=33"}],"version-history":[{"count":2,"href":"https:\/\/www.sbq.org.br\/interiorpaulista\/wp-json\/wp\/v2\/pages\/33\/revisions"}],"predecessor-version":[{"id":47,"href":"https:\/\/www.sbq.org.br\/interiorpaulista\/wp-json\/wp\/v2\/pages\/33\/revisions\/47"}],"up":[{"embeddable":true,"href":"https:\/\/www.sbq.org.br\/interiorpaulista\/wp-json\/wp\/v2\/pages\/3"}],"wp:attachment":[{"href":"https:\/\/www.sbq.org.br\/interiorpaulista\/wp-json\/wp\/v2\/media?parent=33"}],"curies":[{"name":"wp","href":"https:\/\/api.w.org\/{rel}","templated":true}]}}