{"id":20,"date":"2024-01-11T09:07:47","date_gmt":"2024-01-11T12:07:47","guid":{"rendered":"https:\/\/www.sbq.org.br\/interiorpaulista\/?page_id=20"},"modified":"2024-01-11T09:07:47","modified_gmt":"2024-01-11T12:07:47","slug":"links","status":"publish","type":"page","link":"https:\/\/www.sbq.org.br\/interiorpaulista\/links\/","title":{"rendered":"Links"},"content":{"rendered":"\n<p><a href=\"http:\/\/www.biota.org.br\/\" target=\"_blank\" rel=\"noreferrer noopener\">Biota-FAPESP<\/a><\/p>\n\n\n\n<p>Programa Biota-FAPESP<\/p>\n\n\n\n<p><a href=\"http:\/\/www.bioprospecta.org.br\/\" target=\"_blank\" rel=\"noreferrer noopener\">BIOprospecTA-FAPESP<\/a><\/p>\n\n\n\n<p>Rede de bioprospec\u00e7\u00e3o no Estado de Sao Paulo<\/p>\n\n\n\n<p><a href=\"http:\/\/www.cmdmc.com.br\/\" target=\"_blank\" rel=\"noreferrer noopener\">LIEC e CMDMC<\/a><\/p>\n\n\n\n<p>LIEC \u2013 Laborat\u00f3rio Interdisciplinar de Eletroqu\u00edmica e Cer\u00e2mica, e do CMDMC \u2013 Centro Multidisciplinar para o desenvolvimento de Materiais Cer\u00e2micos<\/p>\n\n\n\n<p><a href=\"http:\/\/nubbe.iq.unesp.br\/\" target=\"_blank\" rel=\"noreferrer noopener\">NuBBE<\/a><\/p>\n\n\n\n<p>N\u00facleo de bioensaios, bioss\u00edntese e ecofisiologia de produtos naturais<\/p>\n\n\n\n<p><a href=\"http:\/\/www.fapesp.br\/\" target=\"_blank\" rel=\"noreferrer noopener\">FAPESP<\/a><\/p>\n\n\n\n<p>A Funda\u00e7\u00e3o de Amparo \u00e0 Pesquisa do Estado de S\u00e3o Paulo \u00e9 uma das principais ag\u00eancias de fomento \u00e0 pesquisa cient\u00edfica e tecnol\u00f3gica do pa\u00eds. Com autonomia garantida por lei, a FAPESP est\u00e1 ligada \u00e0 Secret\u00e1ria de Ensino Superior do governo do Estado de S\u00e3o Paulo.<\/p>\n","protected":false},"excerpt":{"rendered":"<p>Biota-FAPESP Programa Biota-FAPESP BIOprospecTA-FAPESP Rede de bioprospec\u00e7\u00e3o no Estado de Sao Paulo LIEC e CMDMC LIEC \u2013 Laborat\u00f3rio Interdisciplinar de Eletroqu\u00edmica e Cer\u00e2mica, e do CMDMC \u2013 Centro Multidisciplinar para o desenvolvimento de Materiais Cer\u00e2micos NuBBE N\u00facleo de bioensaios, bioss\u00edntese e ecofisiologia de produtos naturais FAPESP A Funda\u00e7\u00e3o de Amparo \u00e0 Pesquisa do Estado de [&hellip;]<\/p>\n","protected":false},"author":1,"featured_media":0,"parent":0,"menu_order":0,"comment_status":"closed","ping_status":"closed","template":"","meta":{"footnotes":""},"_links":{"self":[{"href":"https:\/\/www.sbq.org.br\/interiorpaulista\/wp-json\/wp\/v2\/pages\/20"}],"collection":[{"href":"https:\/\/www.sbq.org.br\/interiorpaulista\/wp-json\/wp\/v2\/pages"}],"about":[{"href":"https:\/\/www.sbq.org.br\/interiorpaulista\/wp-json\/wp\/v2\/types\/page"}],"author":[{"embeddable":true,"href":"https:\/\/www.sbq.org.br\/interiorpaulista\/wp-json\/wp\/v2\/users\/1"}],"replies":[{"embeddable":true,"href":"https:\/\/www.sbq.org.br\/interiorpaulista\/wp-json\/wp\/v2\/comments?post=20"}],"version-history":[{"count":1,"href":"https:\/\/www.sbq.org.br\/interiorpaulista\/wp-json\/wp\/v2\/pages\/20\/revisions"}],"predecessor-version":[{"id":21,"href":"https:\/\/www.sbq.org.br\/interiorpaulista\/wp-json\/wp\/v2\/pages\/20\/revisions\/21"}],"wp:attachment":[{"href":"https:\/\/www.sbq.org.br\/interiorpaulista\/wp-json\/wp\/v2\/media?parent=20"}],"curies":[{"name":"wp","href":"https:\/\/api.w.org\/{rel}","templated":true}]}}