{"id":27,"date":"2024-01-19T10:25:16","date_gmt":"2024-01-19T13:25:16","guid":{"rendered":"https:\/\/www.sbq.org.br\/goias\/?page_id=27"},"modified":"2024-01-19T10:25:16","modified_gmt":"2024-01-19T13:25:16","slug":"v-encontro-regional-da-sbq-co","status":"publish","type":"page","link":"https:\/\/www.sbq.org.br\/goias\/v-encontro-regional-da-sbq-co\/","title":{"rendered":"V Encontro Regional da SBQ CO"},"content":{"rendered":"\n<p>Esta ser\u00e1 a quinta edi\u00e7\u00e3o do Encontro Regional da Sociedade Brasileira de Qu\u00edmica do Centro-Oeste, e assim como nas edi\u00e7\u00f5es anteriores, o objetivo deste encontro regional \u00e9 fortalecer a pesquisa em qu\u00edmica na regi\u00e3o, al\u00e9m de promover um espa\u00e7o para discuss\u00e3o e constru\u00e7\u00e3o de conhecimento entre estudantes, profissionais e pesquisadores<\/p>\n\n\n\n<p>O Encontro Regional da Sociedade Brasileira de Qu\u00edmica, Centro-Oeste, tem como objetivo principal a realiza\u00e7\u00e3o de um encontro cient\u00edfico de qualidade capaz de congregar os qu\u00edmicos e futuros qu\u00edmicos da Regi\u00e3o Centro-Oeste e nasceu da necessidade de fortalecer os la\u00e7os entre as institui\u00e7\u00f5es de ensino superior dos estados de Goi\u00e1s, Mato Grosso, Mato Grosso do Sul e do Distrito Federal, bem como fomentar a participa\u00e7\u00e3o de professores e alunos de gradua\u00e7\u00e3o e p\u00f3s-gradua\u00e7\u00e3o nas atividades promovidas pela&nbsp;<a href=\"http:\/\/www.sbq.org.br\/\" rel=\"noreferrer noopener\" target=\"_blank\">SBQ<\/a>. Desta forma, facilitando a participa\u00e7\u00e3o de alunos de gradua\u00e7\u00e3o e p\u00f3s-gradua\u00e7\u00e3o em Qu\u00edmica da Regi\u00e3o Centro-Oeste para a divulga\u00e7\u00e3o dos resultados das pesquisas desenvolvidas.<\/p>\n\n\n\n<p>O V ER SBQ-CO contar\u00e1 com palestras convidadas, apresenta\u00e7\u00f5es orais, mesas redondas, minicursos, e apresenta\u00e7\u00e3o de p\u00f4steres. Estamos buscando viabilizar a publica\u00e7\u00e3o de um livro de resumo com ISBN, em que cada resumo ter\u00e1 um DOI, dependendo dos recursos do evento.<\/p>\n\n\n\n<p>D\u00favidas: <a href=\"mailto:ersbq.co@gmail.com\">ersbq.co@gmail.com<\/a><\/p>\n","protected":false},"excerpt":{"rendered":"<p>Esta ser\u00e1 a quinta edi\u00e7\u00e3o do Encontro Regional da Sociedade Brasileira de Qu\u00edmica do Centro-Oeste, e assim como nas edi\u00e7\u00f5es anteriores, o objetivo deste encontro regional \u00e9 fortalecer a pesquisa em qu\u00edmica na regi\u00e3o, al\u00e9m de promover um espa\u00e7o para discuss\u00e3o e constru\u00e7\u00e3o de conhecimento entre estudantes, profissionais e pesquisadores O Encontro Regional da Sociedade [&hellip;]<\/p>\n","protected":false},"author":1,"featured_media":0,"parent":0,"menu_order":0,"comment_status":"closed","ping_status":"closed","template":"","meta":{"footnotes":""},"_links":{"self":[{"href":"https:\/\/www.sbq.org.br\/goias\/wp-json\/wp\/v2\/pages\/27"}],"collection":[{"href":"https:\/\/www.sbq.org.br\/goias\/wp-json\/wp\/v2\/pages"}],"about":[{"href":"https:\/\/www.sbq.org.br\/goias\/wp-json\/wp\/v2\/types\/page"}],"author":[{"embeddable":true,"href":"https:\/\/www.sbq.org.br\/goias\/wp-json\/wp\/v2\/users\/1"}],"replies":[{"embeddable":true,"href":"https:\/\/www.sbq.org.br\/goias\/wp-json\/wp\/v2\/comments?post=27"}],"version-history":[{"count":1,"href":"https:\/\/www.sbq.org.br\/goias\/wp-json\/wp\/v2\/pages\/27\/revisions"}],"predecessor-version":[{"id":28,"href":"https:\/\/www.sbq.org.br\/goias\/wp-json\/wp\/v2\/pages\/27\/revisions\/28"}],"wp:attachment":[{"href":"https:\/\/www.sbq.org.br\/goias\/wp-json\/wp\/v2\/media?parent=27"}],"curies":[{"name":"wp","href":"https:\/\/api.w.org\/{rel}","templated":true}]}}