{"id":14,"date":"2024-01-11T08:57:45","date_gmt":"2024-01-11T11:57:45","guid":{"rendered":"https:\/\/www.sbq.org.br\/goias\/?page_id=14"},"modified":"2024-01-11T08:57:45","modified_gmt":"2024-01-11T11:57:45","slug":"noticias","status":"publish","type":"page","link":"https:\/\/www.sbq.org.br\/goias\/noticias\/","title":{"rendered":"Not\u00edcias"},"content":{"rendered":"\n<section id=\"gf4418f\" class=\"wp-block-gutentor-p4 section-gf4418f gutentor-post-module gutentor-advanced-post-module\" data-gpid=\"14\" data-l-ani=\"gp4-animation-1\" data-i-b=\"gutentor\/p1\" data-maxnumpages=\"1\">\n\n<section class=\"gutentor-post-module section-fd6b74b9-3703-414d-a415-d3086866ee37 gutentor-post-module-p1 gutentor_p1_template1 wp-block-gutentor-p1 gutentor-blog-grid\" id=\"fd6b74b9-3703-414d-a415-d3086866ee37\" data-gbid=\"fd6b74b9-3703-414d-a415-d3086866ee37\" >\n<div class='grid-container'><div class='grid-row' ><article class='gutentor-post gutentor-post-no-thumb  grid-lg-12 grid-md-4 grid-12'><div class='gutentor-post-item'><div class=\"gutentor-post-title-data-wrap\"><h3 class=\"gutentor-post-title\"><a href=\"https:\/\/www.sbq.org.br\/goias\/v-encontro-regional-da-sbq-co\/\" rel=\"bookmark\">V Encontro Regional da SBQ CO<\/a><\/h3><\/div><div class=\"gutentor-entry-meta gutentor-entry-meta-primary\"><div class=\"author vcard\"><i class=\"far fa-user\"><\/i><a href=\"https:\/\/www.sbq.org.br\/goias\/v-encontro-regional-da-sbq-co\/\" rel=\"bookmark\">suporte<\/a><\/div><div class=\"posted-on\"><i class=\"far fa-calendar-alt\"><\/i><a href=\"https:\/\/www.sbq.org.br\/goias\/v-encontro-regional-da-sbq-co\/\" rel=\"bookmark\">28 de janeiro de 2022<\/a><\/div><div class=\"gutentor-meta-categories\"><i class=\"fas fa-tags\"><\/i><a href=\"https:\/\/www.sbq.org.br\/goias\/category\/article\/\" rel=\"category tag\">article<\/a><\/div><\/div><div class=\"gutentor-post-desc\">Esta ser\u00e1 a quinta edi\u00e7\u00e3o do Encontro Regional da Sociedade Brasileira de Qu\u00edmica do Centro-Oeste, e&hellip;<\/div><a class=\"gutentor-button gutentor-post-button\"  href=\"https:\/\/www.sbq.org.br\/goias\/v-encontro-regional-da-sbq-co\/\" href=\"https:\/\/www.sbq.org.br\/goias\/v-encontro-regional-da-sbq-co\/\"><span>Read More<\/span><\/a><\/div><\/article><article class='gutentor-post gutentor-post-no-thumb  grid-lg-12 grid-md-4 grid-12'><div class='gutentor-post-item'><div class=\"gutentor-post-title-data-wrap\"><h3 class=\"gutentor-post-title\"><a href=\"https:\/\/www.sbq.org.br\/goias\/edital-e-formularios-ppenq-sbq-go\/\" rel=\"bookmark\">Edital e formularios PPENQ-SBQ GO<\/a><\/h3><\/div><div class=\"gutentor-entry-meta gutentor-entry-meta-primary\"><div class=\"author vcard\"><i class=\"far fa-user\"><\/i><a href=\"https:\/\/www.sbq.org.br\/goias\/edital-e-formularios-ppenq-sbq-go\/\" rel=\"bookmark\">suporte<\/a><\/div><div class=\"posted-on\"><i class=\"far fa-calendar-alt\"><\/i><a href=\"https:\/\/www.sbq.org.br\/goias\/edital-e-formularios-ppenq-sbq-go\/\" rel=\"bookmark\">4 de agosto de 2020<\/a><\/div><div class=\"gutentor-meta-categories\"><i class=\"fas fa-tags\"><\/i><a href=\"https:\/\/www.sbq.org.br\/goias\/category\/article\/\" rel=\"category tag\">article<\/a><\/div><\/div><div class=\"gutentor-post-desc\">Regional Goi\u00e1s&nbsp;Edital n&ordm; 01\/2020 &ndash; INSCRI\u00c7\u00c3O E SELE\u00c7\u00c3O PARA O PROGRAMA PRIMEIRO EVEN&hellip;<\/div><a class=\"gutentor-button gutentor-post-button\"  href=\"https:\/\/www.sbq.org.br\/goias\/edital-e-formularios-ppenq-sbq-go\/\" href=\"https:\/\/www.sbq.org.br\/goias\/edital-e-formularios-ppenq-sbq-go\/\"><span>Read More<\/span><\/a><\/div><\/article><article class='gutentor-post gutentor-post-no-thumb  grid-lg-12 grid-md-4 grid-12'><div class='gutentor-post-item'><div class=\"gutentor-post-title-data-wrap\"><h3 class=\"gutentor-post-title\"><a href=\"https:\/\/www.sbq.org.br\/goias\/ppenq-sbq-go\/\" rel=\"bookmark\">PPENQ SBQ-GO<\/a><\/h3><\/div><div class=\"gutentor-entry-meta gutentor-entry-meta-primary\"><div class=\"author vcard\"><i class=\"far fa-user\"><\/i><a href=\"https:\/\/www.sbq.org.br\/goias\/ppenq-sbq-go\/\" rel=\"bookmark\">suporte<\/a><\/div><div class=\"posted-on\"><i class=\"far fa-calendar-alt\"><\/i><a href=\"https:\/\/www.sbq.org.br\/goias\/ppenq-sbq-go\/\" rel=\"bookmark\">4 de agosto de 2020<\/a><\/div><div class=\"gutentor-meta-categories\"><i class=\"fas fa-tags\"><\/i><a href=\"https:\/\/www.sbq.org.br\/goias\/category\/article\/\" rel=\"category tag\">article<\/a><\/div><\/div><div class=\"gutentor-post-desc\">O Programa Primeiro Evento Nacional em Qu\u00edmica (PPENQ) \u00e9 uma pol\u00edtica de assist\u00eancia estudantil da S&hellip;<\/div><a class=\"gutentor-button gutentor-post-button\"  href=\"https:\/\/www.sbq.org.br\/goias\/ppenq-sbq-go\/\" href=\"https:\/\/www.sbq.org.br\/goias\/ppenq-sbq-go\/\"><span>Read More<\/span><\/a><\/div><\/article><\/div><\/div><\/section>\n\n\n<div id=\"section-gecc06b\" class=\"wp-block-gutentor-e17 section-gecc06b gutentor-element gutentor-post-footer\"><div class=\"grid-container\"><div class=\"grid-row\">\n<div id=\"col-gm1db825\" class=\"wp-block-gutentor-e15 gutentor-single-column  grid-lg-12 grid-md-12 grid-12\"><div id=\"section-gm1db825\" class=\"section-gm1db825 gutentor-col-wrap\">\n<div id=\"section-g1568b7\" class=\"wp-block-gutentor-e12 section-g1568b7 gutentor-element gutentor-element-pagination text-align-center-mobile\"><div class=\"gutentor-pagination-wrap\" data-maxnumpages=\"1\"><ul class=\"gutentor-pagination\"><li class=\"gutentor-pagination-item gutentor-pagination-prev\"><a class=\"gutentor-pagination-link gutentor-disabled\" href=\"#\"><i class=\"fas fa-chevron-left\"><\/i>Previous<\/a><\/li><li class=\"gutentor-pagination-item gutentor-pagination-active\" data-gpage=\"1\"><a class=\"gutentor-pagination-link\" href=\"#\">1<\/a><\/li><li class=\"gutentor-pagination-item gutentor-pagination-next\"><a class=\"gutentor-pagination-link gutentor-disabled\" href=\"#\" data-gpage=\"2\">Next<i class=\"fas fa-chevron-right\"><\/i><\/a><\/li><\/ul><\/div><\/div>\n<\/div><\/div>\n<\/div><\/div><\/div>\n<\/section>\n","protected":false},"excerpt":{"rendered":"","protected":false},"author":1,"featured_media":0,"parent":0,"menu_order":0,"comment_status":"closed","ping_status":"closed","template":"","meta":{"footnotes":""},"_links":{"self":[{"href":"https:\/\/www.sbq.org.br\/goias\/wp-json\/wp\/v2\/pages\/14"}],"collection":[{"href":"https:\/\/www.sbq.org.br\/goias\/wp-json\/wp\/v2\/pages"}],"about":[{"href":"https:\/\/www.sbq.org.br\/goias\/wp-json\/wp\/v2\/types\/page"}],"author":[{"embeddable":true,"href":"https:\/\/www.sbq.org.br\/goias\/wp-json\/wp\/v2\/users\/1"}],"replies":[{"embeddable":true,"href":"https:\/\/www.sbq.org.br\/goias\/wp-json\/wp\/v2\/comments?post=14"}],"version-history":[{"count":1,"href":"https:\/\/www.sbq.org.br\/goias\/wp-json\/wp\/v2\/pages\/14\/revisions"}],"predecessor-version":[{"id":15,"href":"https:\/\/www.sbq.org.br\/goias\/wp-json\/wp\/v2\/pages\/14\/revisions\/15"}],"wp:attachment":[{"href":"https:\/\/www.sbq.org.br\/goias\/wp-json\/wp\/v2\/media?parent=14"}],"curies":[{"name":"wp","href":"https:\/\/api.w.org\/{rel}","templated":true}]}}