{"id":81,"date":"2024-05-17T14:57:27","date_gmt":"2024-05-17T17:57:27","guid":{"rendered":"http:\/\/www2.sbq.org.br\/fotoquimica\/?page_id=81"},"modified":"2025-01-28T23:57:21","modified_gmt":"2025-01-29T02:57:21","slug":"links","status":"publish","type":"page","link":"https:\/\/www.sbq.org.br\/fotoquimica\/links\/","title":{"rendered":"Links"},"content":{"rendered":"\n<p><a href=\"http:\/\/photochemistryportal.net\/\" target=\"_blank\" rel=\"noreferrer noopener\">The Photochemistry Portal<\/a><\/p>\n\n\n\n<p>Princ\u00edpios, aplica\u00e7\u00f5es e experimenta\u00e7\u00e3o em fotoqu\u00edmica moderna.<\/p>\n\n\n\n<p><a href=\"http:\/\/bit.ly\/aeDbx0\" target=\"_blank\" rel=\"noreferrer noopener\">Aulas do Prof. N. J. Turro<\/a><\/p>\n\n\n\n<p>Videos das aulas do Prof. Turro (Universidade de Columbia, EUA) para o curso Modern Molecular Organic Photochemisty, oferecido em 2003.<\/p>\n\n\n\n<p><a href=\"http:\/\/iupac.org\/publications\/pac\/79\/3\/0293\/\" target=\"_blank\" rel=\"noreferrer noopener\">Termos em fotoqu\u00edmica (IUPAC)<\/a><\/p>\n\n\n\n<p>Glossary of terms used in photochemistry, 3rd edition (IUPAC Recommendations 2006) Pure Appl. Chem., 79(3):293-465 (2007) doi:10.1351\/pac200779030293<\/p>\n\n\n\n<p><a href=\"https:\/\/iupac.org\/event\/iupac-world-chemistry-congress-2025\/\">Congresso Mundial de Qu\u00edmica<\/a><\/p>\n","protected":false},"excerpt":{"rendered":"<p>The Photochemistry Portal Princ\u00edpios, aplica\u00e7\u00f5es e experimenta\u00e7\u00e3o em fotoqu\u00edmica moderna. Aulas do Prof. N. J. Turro Videos das aulas do Prof. Turro (Universidade de Columbia, EUA) para o curso Modern Molecular Organic Photochemisty, oferecido em 2003. Termos em fotoqu\u00edmica (IUPAC) Glossary of terms used in photochemistry, 3rd edition (IUPAC Recommendations 2006) Pure Appl. Chem., 79(3):293-465 [&hellip;]<\/p>\n","protected":false},"author":1,"featured_media":0,"parent":0,"menu_order":0,"comment_status":"closed","ping_status":"closed","template":"","meta":{"footnotes":""},"_links":{"self":[{"href":"https:\/\/www.sbq.org.br\/fotoquimica\/wp-json\/wp\/v2\/pages\/81"}],"collection":[{"href":"https:\/\/www.sbq.org.br\/fotoquimica\/wp-json\/wp\/v2\/pages"}],"about":[{"href":"https:\/\/www.sbq.org.br\/fotoquimica\/wp-json\/wp\/v2\/types\/page"}],"author":[{"embeddable":true,"href":"https:\/\/www.sbq.org.br\/fotoquimica\/wp-json\/wp\/v2\/users\/1"}],"replies":[{"embeddable":true,"href":"https:\/\/www.sbq.org.br\/fotoquimica\/wp-json\/wp\/v2\/comments?post=81"}],"version-history":[{"count":3,"href":"https:\/\/www.sbq.org.br\/fotoquimica\/wp-json\/wp\/v2\/pages\/81\/revisions"}],"predecessor-version":[{"id":119,"href":"https:\/\/www.sbq.org.br\/fotoquimica\/wp-json\/wp\/v2\/pages\/81\/revisions\/119"}],"wp:attachment":[{"href":"https:\/\/www.sbq.org.br\/fotoquimica\/wp-json\/wp\/v2\/media?parent=81"}],"curies":[{"name":"wp","href":"https:\/\/api.w.org\/{rel}","templated":true}]}}