{"id":2,"date":"2023-12-13T17:30:35","date_gmt":"2023-12-13T20:30:35","guid":{"rendered":"https:\/\/www.sbq.org.br\/divisao_fotoquimica\/?page_id=2"},"modified":"2025-01-28T23:41:41","modified_gmt":"2025-01-29T02:41:41","slug":"pagina-exemplo","status":"publish","type":"page","link":"https:\/\/www.sbq.org.br\/fotoquimica\/","title":{"rendered":"Seja bem-vindo \u00e0 Divis\u00e3o de Fotoqu\u00edmica da SBQ"},"content":{"rendered":"\n<p>Prezados(as) amigos(as),<\/p>\n\n\n\n<p>A diretoria da divis\u00e3o de Fotoqu\u00edmica de 2024-2026 convida voc\u00eas para participar deste site, com not\u00edcias acad\u00eamico\/cient\u00edficas, divulga\u00e7\u00e3o de workshops e reuni\u00f5es cient\u00edficas e possibilidade de bolsas e empregos.<\/p>\n\n\n\n<p>Cr\u00edticas e sugest\u00f5es s\u00e3o bem-vindas!<\/p>\n\n\n\n<p>Hueder Paulo Mois\u00e9s de Oliveira (Diretor)<\/p>\n\n\n\n<p>Beatriz Eleut\u00e9rio Goi (Vice-Diretora)<\/p>\n\n\n\n<p>Cr\u00edticas e sugest\u00f5es s\u00e3o bem vindas!<\/p>\n","protected":false},"excerpt":{"rendered":"<p>Prezados(as) amigos(as), A diretoria da divis\u00e3o de Fotoqu\u00edmica de 2024-2026 convida voc\u00eas para participar deste site, com not\u00edcias acad\u00eamico\/cient\u00edficas, divulga\u00e7\u00e3o de workshops e reuni\u00f5es cient\u00edficas e possibilidade de bolsas e empregos. Cr\u00edticas e sugest\u00f5es s\u00e3o bem-vindas! Hueder Paulo Mois\u00e9s de Oliveira (Diretor) Beatriz Eleut\u00e9rio Goi (Vice-Diretora) Cr\u00edticas e sugest\u00f5es s\u00e3o bem vindas!<\/p>\n","protected":false},"author":1,"featured_media":0,"parent":0,"menu_order":0,"comment_status":"closed","ping_status":"open","template":"page-notitle","meta":{"footnotes":""},"_links":{"self":[{"href":"https:\/\/www.sbq.org.br\/fotoquimica\/wp-json\/wp\/v2\/pages\/2"}],"collection":[{"href":"https:\/\/www.sbq.org.br\/fotoquimica\/wp-json\/wp\/v2\/pages"}],"about":[{"href":"https:\/\/www.sbq.org.br\/fotoquimica\/wp-json\/wp\/v2\/types\/page"}],"author":[{"embeddable":true,"href":"https:\/\/www.sbq.org.br\/fotoquimica\/wp-json\/wp\/v2\/users\/1"}],"replies":[{"embeddable":true,"href":"https:\/\/www.sbq.org.br\/fotoquimica\/wp-json\/wp\/v2\/comments?post=2"}],"version-history":[{"count":3,"href":"https:\/\/www.sbq.org.br\/fotoquimica\/wp-json\/wp\/v2\/pages\/2\/revisions"}],"predecessor-version":[{"id":117,"href":"https:\/\/www.sbq.org.br\/fotoquimica\/wp-json\/wp\/v2\/pages\/2\/revisions\/117"}],"wp:attachment":[{"href":"https:\/\/www.sbq.org.br\/fotoquimica\/wp-json\/wp\/v2\/media?parent=2"}],"curies":[{"name":"wp","href":"https:\/\/api.w.org\/{rel}","templated":true}]}}