{"id":86,"date":"2024-05-14T10:22:50","date_gmt":"2024-05-14T13:22:50","guid":{"rendered":"https:\/\/hub.aptor.software\/wordpress\/fisicoquimica\/?page_id=86"},"modified":"2024-05-14T10:22:50","modified_gmt":"2024-05-14T13:22:50","slug":"seja-bem-vindo-a-divisao-de-fisico-quimica-da-sbq","status":"publish","type":"page","link":"https:\/\/www.sbq.org.br\/fisicoquimica\/","title":{"rendered":"Seja bem-vindo \u00e0 Divis\u00e3o de F\u00edsico Qu\u00edmica da SBQ"},"content":{"rendered":"\n<p>Estamos envidando esfor\u00e7os para manter o site da Divis\u00e3o com informa\u00e7\u00f5es atualizadas. Para que esta atualiza\u00e7\u00e3o seja cont\u00ednua, solicitamos sua contribui\u00e7\u00e3o encaminhando-nos not\u00edcias, site de eventos e o link de seu grupo ou laborat\u00f3rio de pesquisa (ou ambos) para serem divulgados na nossa p\u00e1gina.<\/p>\n\n\n\n<p>Cr\u00edticas e sugest\u00f5es s\u00e3o bem vindas!<\/p>\n","protected":false},"excerpt":{"rendered":"<p>Estamos envidando esfor\u00e7os para manter o site da Divis\u00e3o com informa\u00e7\u00f5es atualizadas. Para que esta atualiza\u00e7\u00e3o seja cont\u00ednua, solicitamos sua contribui\u00e7\u00e3o encaminhando-nos not\u00edcias, site de eventos e o link de seu grupo ou laborat\u00f3rio de pesquisa (ou ambos) para serem divulgados na nossa p\u00e1gina. Cr\u00edticas e sugest\u00f5es s\u00e3o bem vindas!<\/p>\n","protected":false},"author":1,"featured_media":0,"parent":0,"menu_order":0,"comment_status":"closed","ping_status":"closed","template":"","meta":{"footnotes":""},"_links":{"self":[{"href":"https:\/\/www.sbq.org.br\/fisicoquimica\/wp-json\/wp\/v2\/pages\/86"}],"collection":[{"href":"https:\/\/www.sbq.org.br\/fisicoquimica\/wp-json\/wp\/v2\/pages"}],"about":[{"href":"https:\/\/www.sbq.org.br\/fisicoquimica\/wp-json\/wp\/v2\/types\/page"}],"author":[{"embeddable":true,"href":"https:\/\/www.sbq.org.br\/fisicoquimica\/wp-json\/wp\/v2\/users\/1"}],"replies":[{"embeddable":true,"href":"https:\/\/www.sbq.org.br\/fisicoquimica\/wp-json\/wp\/v2\/comments?post=86"}],"version-history":[{"count":1,"href":"https:\/\/www.sbq.org.br\/fisicoquimica\/wp-json\/wp\/v2\/pages\/86\/revisions"}],"predecessor-version":[{"id":87,"href":"https:\/\/www.sbq.org.br\/fisicoquimica\/wp-json\/wp\/v2\/pages\/86\/revisions\/87"}],"wp:attachment":[{"href":"https:\/\/www.sbq.org.br\/fisicoquimica\/wp-json\/wp\/v2\/media?parent=86"}],"curies":[{"name":"wp","href":"https:\/\/api.w.org\/{rel}","templated":true}]}}