{"id":3,"date":"2014-09-26T21:09:51","date_gmt":"2014-09-27T00:09:51","guid":{"rendered":"https:\/\/www.sbq.org.br\/divisao_fisicoquimica\/a-divisao-de-fisico-quimica\/"},"modified":"2024-05-14T10:33:05","modified_gmt":"2024-05-14T13:33:05","slug":"a-divisao-de-fisico-quimica","status":"publish","type":"page","link":"https:\/\/www.sbq.org.br\/fisicoquimica\/a-divisao-de-fisico-quimica\/","title":{"rendered":"A Divis\u00e3o de F\u00edsico Qu\u00edmica"},"content":{"rendered":"<p>&nbsp; Para enfrentar os constantes desafios \u00e0 Qu\u00edmica h\u00e1 necessidade constante de desenvolvimento de m\u00e9todos e t\u00e9cnicas para novas aplica\u00e7\u00f5es e na \u00e1rea de F\u00edsico-Qu\u00edmica e correlatas podem ser citados v\u00e1rios esfor\u00e7os nessa dire\u00e7\u00e3o, como o desenvolvimento e\/ou aplica\u00e7\u00f5es em v\u00e1rios t\u00f3picos: quantum dots; ci\u00eancia e tecnologia de semicondutores; espectroscopia de single molecule e de sistemas complexos; nanoci\u00eancia e nanotecnologia, incluindo-se a\u00ed bionanotecnologia, nano\u00f3tica, nanofot\u00f4nica, entre outras sub\u00e1reas; interliga\u00e7\u00e3o de din\u00e2mica e qu\u00edmica qu\u00e2ntica para rea\u00e7\u00f5es e din\u00e2mica qu\u00e2ntica para sistemas de grande escala; sustentabilidade e t\u00f3picos relacionados \u00e0 qu\u00edmica verde; energia e cat\u00e1lise, como abordagens mais gerais, e dentro dessas, energia solar e fotocat\u00e1lise; t\u00e9cnicas espectrosc\u00f3picas com alta especificidade e&nbsp;sensibilidade qu\u00edmica em ci\u00eancia forense; ci\u00eancia de materiais, atrav\u00e9s do desenvolvimento de dispositivos multifuncionais para convers\u00e3o e armazenamento de energia; fen\u00f4menos de interface; teoria estat\u00edstica de condensa\u00e7\u00e3o; processos de transfer\u00eancias de el\u00e9trons; redes de pol\u00edmeros e o design de novos materiais; entre tantos outros desafios. Mas talvez o maior deles, seja o de &ldquo;interligar conhecimento te\u00f3rico e abordagens experimentais&rdquo;. Sendo assim, a Divis\u00e3o de F\u00edsico Qu\u00edmica se identifica com esse grande desafio. E deste modo, tem contribu\u00eddo destacadamente nesse sentido junto \u00e0 SBQ em seus mais de 40 anos.<sup>1<\/sup><\/p>\n<p>&nbsp; A Divis\u00e3o de F\u00edsico Qu\u00edmica engloba as subdivis\u00f5es compreendidas por pesquisas nas \u00e1reas de F\u00edsico-Qu\u00edmica (FIS), Qu\u00edmica de Superf\u00edcies e Col\u00f3ides (COL) e Qu\u00edmica Te\u00f3rica (TEO).&nbsp;<\/p>\n<p>&nbsp; Nas atividades relacionadas \u00e0 Reuni\u00e3o Anual, a<span style=\"color: rgb(68, 68, 68); font-family: &quot;Helvetica Neue&quot;, Helvetica, Arial, sans-serif; font-size: 14px;\">&nbsp;Divis\u00e3o de F\u00edsico-Qu\u00edmica da SBQ conta com 791 membros cadastrados, tendo sido bastante ativa na organiza\u00e7\u00e3o de eventos nas Reuni\u00f5es Anuais, como workshops e cursos.<\/span><\/p>\n<p><sup>1<\/sup> Adaptado de: Morgon, Andrade, &quot;A Divis\u00e3o de F\u00edsico Qu\u00edmica e os 40 Anos da SBQ&quot; Qu\u00edmica Nova,&nbsp;Vol. 40, No. 6, 670-674, 2017 (http:\/\/dx.doi.org\/10.21577\/0100-4042.2017007)<\/p>\n","protected":false},"excerpt":{"rendered":"<p>&nbsp; Para enfrentar os constantes desafios \u00e0 Qu\u00edmica h\u00e1 necessidade constante de desenvolvimento de m\u00e9todos e t\u00e9cnicas para novas aplica\u00e7\u00f5es e na \u00e1rea de F\u00edsico-Qu\u00edmica e correlatas podem ser citados v\u00e1rios esfor\u00e7os nessa dire\u00e7\u00e3o, como o desenvolvimento e\/ou aplica\u00e7\u00f5es em v\u00e1rios t\u00f3picos: quantum dots; ci\u00eancia e tecnologia de semicondutores; espectroscopia de single molecule e de [&hellip;]<\/p>\n","protected":false},"author":1,"featured_media":0,"parent":0,"menu_order":0,"comment_status":"closed","ping_status":"closed","template":"wp-custom-template-institucional","meta":{"footnotes":""},"_links":{"self":[{"href":"https:\/\/www.sbq.org.br\/fisicoquimica\/wp-json\/wp\/v2\/pages\/3"}],"collection":[{"href":"https:\/\/www.sbq.org.br\/fisicoquimica\/wp-json\/wp\/v2\/pages"}],"about":[{"href":"https:\/\/www.sbq.org.br\/fisicoquimica\/wp-json\/wp\/v2\/types\/page"}],"author":[{"embeddable":true,"href":"https:\/\/www.sbq.org.br\/fisicoquimica\/wp-json\/wp\/v2\/users\/1"}],"replies":[{"embeddable":true,"href":"https:\/\/www.sbq.org.br\/fisicoquimica\/wp-json\/wp\/v2\/comments?post=3"}],"version-history":[{"count":1,"href":"https:\/\/www.sbq.org.br\/fisicoquimica\/wp-json\/wp\/v2\/pages\/3\/revisions"}],"predecessor-version":[{"id":99,"href":"https:\/\/www.sbq.org.br\/fisicoquimica\/wp-json\/wp\/v2\/pages\/3\/revisions\/99"}],"wp:attachment":[{"href":"https:\/\/www.sbq.org.br\/fisicoquimica\/wp-json\/wp\/v2\/media?parent=3"}],"curies":[{"name":"wp","href":"https:\/\/api.w.org\/{rel}","templated":true}]}}