{"id":45,"date":"2024-01-19T10:13:24","date_gmt":"2024-01-19T13:13:24","guid":{"rendered":"https:\/\/www.sbq.org.br\/espiritosanto\/?page_id=45"},"modified":"2024-11-28T11:00:08","modified_gmt":"2024-11-28T14:00:08","slug":"diretoria","status":"publish","type":"page","link":"https:\/\/www.sbq.org.br\/espiritosanto\/sobre-a-secretaria-regional-de-espirito-santo\/diretoria\/","title":{"rendered":"Diretoria"},"content":{"rendered":"\n<div class=\"wp-block-group is-nowrap is-layout-flex wp-container-core-group-layout-4 wp-block-group-is-layout-flex\">\n<div class=\"wp-block-group is-content-justification-center is-nowrap is-layout-flex wp-container-core-group-layout-3 wp-block-group-is-layout-flex\">\n<div class=\"wp-block-group is-nowrap is-layout-flex wp-container-core-group-layout-2 wp-block-group-is-layout-flex\">\n<figure class=\"wp-block-image size-full is-resized\"><img loading=\"lazy\" decoding=\"async\" width=\"959\" height=\"1280\" src=\"https:\/\/www.sbq.org.br\/espiritosanto\/wp-content\/uploads\/sites\/21\/2024\/11\/WhatsApp-Image-2024-11-26-at-13.49.59.jpeg\" alt=\"\" class=\"wp-image-135\" style=\"width:152px;height:auto\" \/><\/figure>\n\n\n\n<div class=\"wp-block-group is-vertical is-layout-flex wp-container-core-group-layout-1 wp-block-group-is-layout-flex\">\n<p><strong>Maria Tereza Weitzel Dias Carneiro Lima<\/strong><\/p><p>Secret\u00e1ria<\/p><p>Universidade Federal do Esp\u00edrito Santo &#8211; UFES\/Campus Goiabeiras<\/p><p>Departamento de Qu\u00edmica<\/p><p><u>Email<\/u>: maria.t.lima@ufes.br\n<\/div>\n<\/div>\n<\/div>\n<\/div>\n\n\n\n<div class=\"wp-block-group is-content-justification-left is-nowrap is-layout-flex wp-container-core-group-layout-5 wp-block-group-is-layout-flex\">\n<section id=\"section-eea5a358-cc99-4406-909c-dd6d6135bbb4\" class=\"wp-block-gutentor-divider section-eea5a358-cc99-4406-909c-dd6d6135bbb4 gutentor-element gutentor-section gutentor-divider text-center\"><div class=\"grid-container\"><div class=\"gutentor-divider-box\"><span><\/span><\/div><\/div><\/section>\n\n\n\n<section id=\"section-41df19a3-9fd3-4c11-b722-31ba08a3ae93\" class=\"wp-block-gutentor-divider section-41df19a3-9fd3-4c11-b722-31ba08a3ae93 gutentor-element gutentor-section gutentor-divider text-center\"><div class=\"grid-container\"><div class=\"gutentor-divider-box\"><span><\/span><\/div><\/div><\/section>\n\n\n\n<section id=\"section-6e1dac94-5139-423d-9336-57e01f5c9ddc\" class=\"wp-block-gutentor-divider section-6e1dac94-5139-423d-9336-57e01f5c9ddc gutentor-element gutentor-section gutentor-divider text-center\"><div class=\"grid-container\"><div class=\"gutentor-divider-box\"><span><\/span><\/div><\/div><\/section>\n\n\n\n<section id=\"section-6482fc14-0646-41de-aaca-405a95d4b71f\" class=\"wp-block-gutentor-divider section-6482fc14-0646-41de-aaca-405a95d4b71f gutentor-element gutentor-section gutentor-divider text-center\"><div class=\"grid-container\"><div class=\"gutentor-divider-box\"><span><\/span><\/div><\/div><\/section>\n\n\n\n<hr class=\"wp-block-separator has-alpha-channel-opacity\" \/>\n<\/div>\n\n\n\n<div class=\"wp-block-group is-nowrap is-layout-flex wp-container-core-group-layout-8 wp-block-group-is-layout-flex\">\n<div class=\"wp-block-group is-nowrap is-layout-flex wp-container-core-group-layout-7 wp-block-group-is-layout-flex\">\n<figure class=\"wp-block-image size-full is-resized\"><img loading=\"lazy\" decoding=\"async\" width=\"300\" height=\"353\" src=\"https:\/\/www.sbq.org.br\/espiritosanto\/wp-content\/uploads\/sites\/21\/2024\/11\/Andre-Romero-da-Silva-Campus.jpg\" alt=\"\" class=\"wp-image-136\" style=\"width:151px;height:auto\" \/><\/figure>\n\n\n\n<div class=\"wp-block-group is-vertical is-layout-flex wp-container-core-group-layout-6 wp-block-group-is-layout-flex\">\n<p><strong>Andr\u00e9 Romero da Silva<\/strong><\/p><p>Vice-Secret\u00e1rio<\/p><p>Instituto Federal do Esp\u00edrito Santo\/Campus Aracruz<\/p><p>Departamento de Qu\u00edmica Industrial<\/p><p><u>Email<\/u>: aromero@ifes.edu.br\n<\/div>\n<\/div>\n<\/div>\n\n\n\n<div class=\"wp-block-group is-nowrap is-layout-flex wp-container-core-group-layout-10 wp-block-group-is-layout-flex\">\n<section id=\"section-948fab65-f589-4f23-a076-4d878e9172d0\" class=\"wp-block-gutentor-divider section-948fab65-f589-4f23-a076-4d878e9172d0 gutentor-element gutentor-section gutentor-divider text-center\"><div class=\"grid-container\"><div class=\"gutentor-divider-box\"><span><\/span><\/div><\/div><\/section>\n\n\n\n<section id=\"section-d90d5c2e-d1fa-4812-acd2-8748d051f0d5\" class=\"wp-block-gutentor-divider section-d90d5c2e-d1fa-4812-acd2-8748d051f0d5 gutentor-element gutentor-section gutentor-divider text-center\"><div class=\"grid-container\"><div class=\"gutentor-divider-box\"><span><\/span><\/div><\/div><\/section>\n\n\n\n<section id=\"section-5fa057b6-acae-4089-8a49-a0fe5bf4f37d\" class=\"wp-block-gutentor-divider section-5fa057b6-acae-4089-8a49-a0fe5bf4f37d gutentor-element gutentor-section gutentor-divider text-center\"><div class=\"grid-container\"><div class=\"gutentor-divider-box\"><span><\/span><\/div><\/div><\/section>\n\n\n\n<section id=\"section-2d90aed3-17f1-42d9-acad-20b61fc1e06d\" class=\"wp-block-gutentor-divider section-2d90aed3-17f1-42d9-acad-20b61fc1e06d gutentor-element gutentor-section gutentor-divider text-center\"><div class=\"grid-container\"><div class=\"gutentor-divider-box\"><span><\/span><\/div><\/div><\/section>\n\n\n\n<div class=\"wp-block-group is-nowrap is-layout-flex wp-container-core-group-layout-9 wp-block-group-is-layout-flex\">\n<hr class=\"wp-block-separator has-alpha-channel-opacity\" \/>\n<\/div>\n<\/div>\n\n\n\n<div class=\"wp-block-group is-nowrap is-layout-flex wp-container-core-group-layout-13 wp-block-group-is-layout-flex\">\n<div class=\"wp-block-group is-nowrap is-layout-flex wp-container-core-group-layout-12 wp-block-group-is-layout-flex\">\n<figure class=\"wp-block-image size-full is-resized\"><img loading=\"lazy\" decoding=\"async\" width=\"960\" height=\"1280\" src=\"https:\/\/www.sbq.org.br\/espiritosanto\/wp-content\/uploads\/sites\/21\/2024\/11\/Warley-de-Souza-Borges.jpg\" alt=\"\" class=\"wp-image-137\" style=\"width:150px;height:auto\" \/><\/figure>\n\n\n\n<div class=\"wp-block-group is-vertical is-layout-flex wp-container-core-group-layout-11 wp-block-group-is-layout-flex\">\n<p><strong>Warley de Souza Borges<\/strong><\/p><p>Tesoureiro<\/p><p>Universidade Federal do Esp\u00edrito Santo &#8211; UFES\/Campus Goiabeiras<\/p><p>Departamento de Qu\u00edmica<\/p><p><u>Email<\/u>: warley.borges@ufes.br\n<\/div>\n<\/div>\n<\/div>\n","protected":false},"excerpt":{"rendered":"<p>Maria Tereza Weitzel Dias Carneiro Lima Secret\u00e1ria Universidade Federal do Esp\u00edrito Santo &#8211; UFES\/Campus Goiabeiras Departamento de Qu\u00edmica Email: maria.t.lima@ufes.br Andr\u00e9 Romero da Silva Vice-Secret\u00e1rio Instituto Federal do Esp\u00edrito Santo\/Campus Aracruz Departamento de Qu\u00edmica Industrial Email: aromero@ifes.edu.br Warley de Souza Borges Tesoureiro Universidade Federal do Esp\u00edrito Santo &#8211; UFES\/Campus Goiabeiras Departamento de Qu\u00edmica Email: warley.borges@ufes.br<\/p>\n","protected":false},"author":1,"featured_media":0,"parent":3,"menu_order":0,"comment_status":"closed","ping_status":"closed","template":"institucional","meta":{"footnotes":""},"_links":{"self":[{"href":"https:\/\/www.sbq.org.br\/espiritosanto\/wp-json\/wp\/v2\/pages\/45"}],"collection":[{"href":"https:\/\/www.sbq.org.br\/espiritosanto\/wp-json\/wp\/v2\/pages"}],"about":[{"href":"https:\/\/www.sbq.org.br\/espiritosanto\/wp-json\/wp\/v2\/types\/page"}],"author":[{"embeddable":true,"href":"https:\/\/www.sbq.org.br\/espiritosanto\/wp-json\/wp\/v2\/users\/1"}],"replies":[{"embeddable":true,"href":"https:\/\/www.sbq.org.br\/espiritosanto\/wp-json\/wp\/v2\/comments?post=45"}],"version-history":[{"count":17,"href":"https:\/\/www.sbq.org.br\/espiritosanto\/wp-json\/wp\/v2\/pages\/45\/revisions"}],"predecessor-version":[{"id":159,"href":"https:\/\/www.sbq.org.br\/espiritosanto\/wp-json\/wp\/v2\/pages\/45\/revisions\/159"}],"up":[{"embeddable":true,"href":"https:\/\/www.sbq.org.br\/espiritosanto\/wp-json\/wp\/v2\/pages\/3"}],"wp:attachment":[{"href":"https:\/\/www.sbq.org.br\/espiritosanto\/wp-json\/wp\/v2\/media?parent=45"}],"curies":[{"name":"wp","href":"https:\/\/api.w.org\/{rel}","templated":true}]}}