{"id":3,"date":"2014-09-26T21:09:51","date_gmt":"2014-09-27T00:09:51","guid":{"rendered":"https:\/\/www.sbq.org.br\/regional_espiritosanto\/sobre-a-secretaria-regional-de-espirito-santo\/"},"modified":"2024-11-28T09:54:32","modified_gmt":"2024-11-28T12:54:32","slug":"sobre-a-secretaria-regional-de-espirito-santo","status":"publish","type":"page","link":"https:\/\/www.sbq.org.br\/espiritosanto\/sobre-a-secretaria-regional-de-espirito-santo\/","title":{"rendered":"Sobre a Secretaria Regional de Esp\u00edrito Santo"},"content":{"rendered":"<p><strong>Nossa Miss\u00e3o&nbsp;<\/strong><\/p>\n<p>A SBQ do Esp\u00edrito Santo (SBQ-ES) tem a miss\u00e3o de fortalecer a qu\u00edmica no Estado do Esp\u00edrito Santo atrav\u00e9s da divulga\u00e7\u00e3o das pesquisas e demais atividades realizadas no Estado para todo o Brasil, buscando valorizar o trabalho \u00e9tico e de qualidade realizado pelos pesquisadores capixabas tentando atingir o maior numero de profissionais e estudantes ligados \u00e0 Qu\u00edmica.<\/p>\n<div>&nbsp;<\/div>\n<p><strong>&nbsp;Breve Hist\u00f3rico&nbsp;<\/strong><\/p>\n<p>A Secretaria Regional da SBQ-ES foi fundada na 16&ordf; Reuni\u00e3o Anual da SBQ ocorrida em Caxambu-MG (1993), numa \u00e9poca em que havia um \u00fanico curso superior de qu\u00edmica no Estado do Esp\u00edrito Santo, tendo importante papel no incentivo a difus\u00e3o da qu\u00edmica por todo o Estado. Em junho de 2010 a Regional do ES foi reativada durante a realiza\u00e7\u00e3o da 33&ordf; Reuni\u00e3o Anual da SBQ ocorrida em \u00c1guas de Lind\u00f3ia, resultado do esfor\u00e7o conjunto de professores, t\u00e9cnicos e estudantes da Universidade Federal do Esp\u00edrito Santo e Instituto Federal do Esp\u00edrito Santo. Hoje, a secretaria regional \u00e9 constitu\u00edda por 33 associados que juntos com a SBQ-ES, vem buscando valorizar os trabalhos realizados pelos qu\u00edmicos do Estado. Junte-se a n\u00f3s qu\u00edmico capixaba, associe-se \u00e0 SBQ.<\/span><\/p>\n<div>&nbsp;<\/div>\n<p><strong>Contato<\/strong><\/p>\n<p><u>E-mail<\/u>: sbq.regionales@gmail.com<\/p>\n<div>&nbsp;<\/div>\n<p><strong>Endere\u00e7o<\/strong><\/p>\n<p>Avenida Fernando Ferrari, 514, Campus Goiabeiras, Vit\u00f3ria, ES.<\/p>\n<p><u>CEP<\/u>: 29.075-710<\/p>\n<div>&nbsp;<\/div>\n","protected":false},"excerpt":{"rendered":"<p>Nossa Miss\u00e3o&nbsp; A SBQ do Esp\u00edrito Santo (SBQ-ES) tem a miss\u00e3o de fortalecer a qu\u00edmica no Estado do Esp\u00edrito Santo atrav\u00e9s da divulga\u00e7\u00e3o das pesquisas e demais atividades realizadas no Estado para todo o Brasil, buscando valorizar o trabalho \u00e9tico e de qualidade realizado pelos pesquisadores capixabas tentando atingir o maior numero de profissionais e [&hellip;]<\/p>\n","protected":false},"author":1,"featured_media":0,"parent":0,"menu_order":0,"comment_status":"closed","ping_status":"closed","template":"institucional","meta":{"footnotes":""},"_links":{"self":[{"href":"https:\/\/www.sbq.org.br\/espiritosanto\/wp-json\/wp\/v2\/pages\/3"}],"collection":[{"href":"https:\/\/www.sbq.org.br\/espiritosanto\/wp-json\/wp\/v2\/pages"}],"about":[{"href":"https:\/\/www.sbq.org.br\/espiritosanto\/wp-json\/wp\/v2\/types\/page"}],"author":[{"embeddable":true,"href":"https:\/\/www.sbq.org.br\/espiritosanto\/wp-json\/wp\/v2\/users\/1"}],"replies":[{"embeddable":true,"href":"https:\/\/www.sbq.org.br\/espiritosanto\/wp-json\/wp\/v2\/comments?post=3"}],"version-history":[{"count":2,"href":"https:\/\/www.sbq.org.br\/espiritosanto\/wp-json\/wp\/v2\/pages\/3\/revisions"}],"predecessor-version":[{"id":141,"href":"https:\/\/www.sbq.org.br\/espiritosanto\/wp-json\/wp\/v2\/pages\/3\/revisions\/141"}],"wp:attachment":[{"href":"https:\/\/www.sbq.org.br\/espiritosanto\/wp-json\/wp\/v2\/media?parent=3"}],"curies":[{"name":"wp","href":"https:\/\/api.w.org\/{rel}","templated":true}]}}