{"id":85,"date":"2024-01-18T11:02:33","date_gmt":"2024-01-18T14:02:33","guid":{"rendered":"https:\/\/www.sbq.org.br\/ensino\/?page_id=85"},"modified":"2024-01-18T11:02:33","modified_gmt":"2024-01-18T14:02:33","slug":"links","status":"publish","type":"page","link":"https:\/\/www.sbq.org.br\/ensino\/links\/","title":{"rendered":"Links"},"content":{"rendered":"\n<p><a href=\"http:\/\/qnesc.sbq.org.br\" target=\"_blank\" rel=\"noreferrer noopener\">Quimica Nova na Escola<\/a><\/p>\n\n\n\n<p>Revista bianual publicada sob a responsabilidade da ED-SBQ nos meses de maio e novembro, desde o ano de 1995, cujos artigos, constitutivos de um conjunto de onze se\u00e7\u00f5es, cobrem a \u00e1rea de Ensino de Qu\u00edmica no n\u00edvel fundamental, m\u00e9dio e superior, bem como a Hist\u00f3ria da Qu\u00edmica e de atualiza\u00e7\u00e3o cient\u00edfica, que possam contribuir para o aprimoramento do trabalho docente na \u00e1rea.<br>Acesse o site de QNEsc, clicando no link.<\/p>\n\n\n\n<p><a href=\"https:\/\/www.facebook.com\/groups\/deqsbq\" target=\"_blank\" rel=\"noreferrer noopener\">Facebook da Divis\u00e3o de Ensino de Qu\u00edmica<\/a><\/p>\n\n\n\n<p>Grupo de discuss\u00f5es da Divis\u00e3o de Ensino de Qu\u00edmica da SBQ na rede social Facebook. Neste grupo s\u00e3o compartilhados diversos tipos de materiais sobre Ensino de Qu\u00edmica.<\/p>\n\n\n\n<p><a href=\"https:\/\/twitter.com\/sbqnet\" target=\"_blank\" rel=\"noreferrer noopener\">Twitter da SBQ<\/a><\/p>\n\n\n\n<p>Acompanhe as not\u00edcias da SBQ pela rede social Twitter.<\/p>\n\n\n\n<p><a href=\"https:\/\/www.youtube.com\/user\/SBQuimica\/videos\" target=\"_blank\" rel=\"noreferrer noopener\">Youtube da SBQ<\/a><\/p>\n\n\n\n<p>Confira os v\u00eddeos no canal da SBQ.<\/p>\n\n\n\n<p><a href=\"http:\/\/portal.sbpcnet.org.br\/\" target=\"_blank\" rel=\"noreferrer noopener\">Sociedade Brasileira para o Progresso da Ci\u00eancia<\/a><\/p>\n\n\n\n<p>A Sociedade Brasileira para o Progresso da Ci\u00eancia (SBPC) \u00e9 uma entidade civil, sem fins lucrativos ou posi\u00e7\u00e3o pol\u00edtico-partid\u00e1ria, voltada para a defesa do avan\u00e7o cient\u00edfico e tecnol\u00f3gico, e do desenvolvimento educacional e cultural do Brasil.<\/p>\n\n\n\n<p><a href=\"http:\/\/www.abrapecnet.org.br\/\" target=\"_blank\" rel=\"noreferrer noopener\">Associa\u00e7\u00e3o Brasileira de Pesquisa em Educa\u00e7\u00e3o em Ci\u00eancias<\/a><\/p>\n\n\n\n<p>A Associa\u00e7\u00e3o Brasileira de Pesquisa em Educa\u00e7\u00e3o em Ci\u00eancias (ABRAPEC) tem por finalidade promover, divulgar e socializar a pesquisa em Educa\u00e7\u00e3o em Ci\u00eancias, por meio da realiza\u00e7\u00e3o de encontros de pesquisa e de escolas de forma\u00e7\u00e3o de pesquisadores, da publica\u00e7\u00e3o de boletins, anais e revistas cient\u00edficas, bem como atuar como \u00f3rg\u00e3o representante da comunidade de pesquisadores em Educa\u00e7\u00e3o em Ci\u00eancias junto a entidades nacionais e internacionais de educa\u00e7\u00e3o, pesquisa e fomento.<\/p>\n","protected":false},"excerpt":{"rendered":"<p>Quimica Nova na Escola Revista bianual publicada sob a responsabilidade da ED-SBQ nos meses de maio e novembro, desde o ano de 1995, cujos artigos, constitutivos de um conjunto de onze se\u00e7\u00f5es, cobrem a \u00e1rea de Ensino de Qu\u00edmica no n\u00edvel fundamental, m\u00e9dio e superior, bem como a Hist\u00f3ria da Qu\u00edmica e de atualiza\u00e7\u00e3o cient\u00edfica, [&hellip;]<\/p>\n","protected":false},"author":1,"featured_media":0,"parent":0,"menu_order":0,"comment_status":"closed","ping_status":"closed","template":"","meta":{"footnotes":""},"_links":{"self":[{"href":"https:\/\/www.sbq.org.br\/ensino\/wp-json\/wp\/v2\/pages\/85"}],"collection":[{"href":"https:\/\/www.sbq.org.br\/ensino\/wp-json\/wp\/v2\/pages"}],"about":[{"href":"https:\/\/www.sbq.org.br\/ensino\/wp-json\/wp\/v2\/types\/page"}],"author":[{"embeddable":true,"href":"https:\/\/www.sbq.org.br\/ensino\/wp-json\/wp\/v2\/users\/1"}],"replies":[{"embeddable":true,"href":"https:\/\/www.sbq.org.br\/ensino\/wp-json\/wp\/v2\/comments?post=85"}],"version-history":[{"count":1,"href":"https:\/\/www.sbq.org.br\/ensino\/wp-json\/wp\/v2\/pages\/85\/revisions"}],"predecessor-version":[{"id":86,"href":"https:\/\/www.sbq.org.br\/ensino\/wp-json\/wp\/v2\/pages\/85\/revisions\/86"}],"wp:attachment":[{"href":"https:\/\/www.sbq.org.br\/ensino\/wp-json\/wp\/v2\/media?parent=85"}],"curies":[{"name":"wp","href":"https:\/\/api.w.org\/{rel}","templated":true}]}}