{"id":83,"date":"2024-01-18T11:01:07","date_gmt":"2024-01-18T14:01:07","guid":{"rendered":"https:\/\/www.sbq.org.br\/ensino\/?page_id=83"},"modified":"2024-08-13T16:40:39","modified_gmt":"2024-08-13T19:40:39","slug":"eventos","status":"publish","type":"page","link":"https:\/\/www.sbq.org.br\/ensino\/eventos\/","title":{"rendered":"Eventos"},"content":{"rendered":"\n<section id=\"section-3408d391-03fd-46e4-9856-1a70c4678206\" class=\"wp-block-gutentor-timeline gutentor-section gutentor-timeline cssanimations timeline-template1 first-item-active\"><div class=\"grid-container\"><div class=\"gutentor-block-header\"><div class=\"gutentor-section-title enable-title-design seperator-bottom text-center\"><h2 class=\"gutentor-title\">Block Title<\/h2><\/div><\/div><div class=\"gutentor-grid-item-wrap\"><div class=\"gutentor-timeline-wrapper\"><div class=\"gutentor-single-item gutentor-single-item-0 gutentor-even\"><div class=\"gutentor-timeline-item\"><div class=\"gutentor-single-item-wrap\"><div class=\"gutentor-timeline-item-circle\"><\/div><div class=\"gutentor-single-item-wrapper\"><div class=\"gutentor-single-item-content gutentor-timeline-item-content\"><div class=\"gutentor-timeline-item-org-title\"><h5 class=\"gutentor-timeline-item-heading-name\">Uberl\u00e2ndia, MG<\/h5><h5 class=\"gutentor-timeline-item-duration\">23\/08\/2022 &#8211; 11:30 to 26\/08\/2022 &#8211; 11:30<\/h5><\/div><h3 class=\"gutentor-single-item-title\"><a href=\"https:\/\/www1.sbq.org.br\/ensino\/evento\/xxi-eneq\" data-type=\"link\" data-id=\"https:\/\/www1.sbq.org.br\/ensino\/evento\/xxi-eneq\">XXI ENEQ<\/a><\/h3><\/div><\/div><\/div><\/div><\/div><div class=\"gutentor-single-item gutentor-single-item-1 gutentor-odd\"><div class=\"gutentor-timeline-item\"><div class=\"gutentor-single-item-wrap\"><div class=\"gutentor-timeline-item-circle\"><\/div><div class=\"gutentor-single-item-wrapper\"><div class=\"gutentor-single-item-content gutentor-timeline-item-content\"><div class=\"gutentor-timeline-item-org-title\"><h5 class=\"gutentor-timeline-item-heading-name\">Cidade Universit\u00e1ria, Recife, PE<\/h5><h5 class=\"gutentor-timeline-item-duration\">13\/07\/2020 &#8211; 11:00 to 16\/07\/2020 &#8211; 22:00<\/h5><\/div><h3 class=\"gutentor-single-item-title\"><a href=\"https:\/\/www1.sbq.org.br\/ensino\/evento\/xx-eneq\" data-type=\"link\" data-id=\"https:\/\/www1.sbq.org.br\/ensino\/evento\/xx-eneq\">XX ENEQ<\/a><\/h3><\/div><\/div><\/div><\/div><\/div><div class=\"gutentor-single-item gutentor-single-item-2 gutentor-even\"><div class=\"gutentor-timeline-item\"><div class=\"gutentor-single-item-wrap\"><div class=\"gutentor-timeline-item-circle\"><\/div><div class=\"gutentor-single-item-wrapper\"><div class=\"gutentor-single-item-content gutentor-timeline-item-content\"><div class=\"gutentor-timeline-item-org-title\"><h5 class=\"gutentor-timeline-item-heading-name\">UFES, Vit\u00f3ria, Esp\u00edrito Santo<\/h5><h5 class=\"gutentor-timeline-item-duration\">09\/11\/2015 &#8211; 08:00 to 12\/11\/2015 &#8211; 17:00<\/h5><\/div><h3 class=\"gutentor-single-item-title\"><a href=\"https:\/\/www1.sbq.org.br\/ensino\/evento\/v-encontro-capixaba-de-quimica-encaqui\">V Encontro Capixaba de Qu\u00edmica (ENCAQUI)<\/a><\/h3><\/div><\/div><\/div><\/div><\/div><div class=\"gutentor-single-item gutentor-single-item-3 gutentor-odd\"><div class=\"gutentor-timeline-item\"><div class=\"gutentor-single-item-wrap\"><div class=\"gutentor-timeline-item-circle\"><\/div><div class=\"gutentor-single-item-wrapper\"><div class=\"gutentor-single-item-content gutentor-timeline-item-content\"><div class=\"gutentor-timeline-item-org-title\"><h5 class=\"gutentor-timeline-item-heading-name\">Col\u00e9gio Marista Ros\u00e1rio, Porto Alegre, Rio Grande do Sul<\/h5><h5 class=\"gutentor-timeline-item-duration\">17\/10\/2015 &#8211; 08:00<\/h5><\/div><h3 class=\"gutentor-single-item-title\"><a href=\"https:\/\/www1.sbq.org.br\/ensino\/evento\/35o-encontro-de-debates-sobre-o-ensino-de-quimica-edeq\">35o Encontro de Debates sobre o Ensino de Qu\u00edmica (EDEQ)<\/a><\/h3><\/div><\/div><\/div><\/div><\/div><div class=\"gutentor-single-item gutentor-single-item-4 gutentor-even\"><div class=\"gutentor-timeline-item\"><div class=\"gutentor-single-item-wrap\"><div class=\"gutentor-timeline-item-circle\"><\/div><div class=\"gutentor-single-item-wrapper\"><div class=\"gutentor-single-item-content gutentor-timeline-item-content\"><div class=\"gutentor-timeline-item-org-title\"><h5 class=\"gutentor-timeline-item-heading-name\">UFJF, Juiz de Fora, Minas Gerais<\/h5><h5 class=\"gutentor-timeline-item-duration\">18\/09\/2015 &#8211; 14:00 to 20\/09\/2015 &#8211; 19:30<\/h5><\/div><h3 class=\"gutentor-single-item-title\"><a href=\"https:\/\/www1.sbq.org.br\/ensino\/evento\/iii-simposio-mineiro-de-educacao-quimica-iii-smeq\">III Simp\u00f3sio Mineiro de Educa\u00e7\u00e3o Qu\u00edmica (III SMEQ)<\/a><\/h3><\/div><\/div><\/div><\/div><\/div><div class=\"gutentor-single-item gutentor-single-item-5 gutentor-odd\"><div class=\"gutentor-timeline-item\"><div class=\"gutentor-single-item-wrap\"><div class=\"gutentor-timeline-item-circle\"><\/div><div class=\"gutentor-single-item-wrapper\"><div class=\"gutentor-single-item-content gutentor-timeline-item-content\"><div class=\"gutentor-timeline-item-org-title\"><h5 class=\"gutentor-timeline-item-heading-name\">UFRJ, Rio de Janeiro.<\/h5><h5 class=\"gutentor-timeline-item-duration\">28\/07\/2015 &#8211; 08:00 to 30\/07\/2015 &#8211; 17:15<\/h5><\/div><h3 class=\"gutentor-single-item-title\"><a href=\"https:\/\/www1.sbq.org.br\/ensino\/evento\/international-society-philosophy-chemistry-ispc\">International Society for the Philosophy of Chemistry (ISPC)<\/a><\/h3><\/div><\/div><\/div><\/div><\/div><div class=\"gutentor-single-item gutentor-single-item-6 gutentor-even\"><div class=\"gutentor-timeline-item\"><div class=\"gutentor-single-item-wrap\"><div class=\"gutentor-timeline-item-circle\"><\/div><div class=\"gutentor-single-item-wrapper\"><div class=\"gutentor-single-item-content gutentor-timeline-item-content\"><div class=\"gutentor-timeline-item-org-title\"><h5 class=\"gutentor-timeline-item-heading-name\">Universidade de Santa Cruz do Sul (UNISC)<\/h5><h5 class=\"gutentor-timeline-item-duration\">02\/10\/2014 &#8211; 08:00 to 18:00<\/h5><\/div><h3 class=\"gutentor-single-item-title\"><a href=\"https:\/\/www1.sbq.org.br\/ensino\/evento\/34%C2%BA-encontro-de-debates-sobre-o-ensino-de-qu%C3%ADmica-edeq\">34\u00ba Encontro de Debates sobre o Ensino de Qu\u00edmica (EDEQ)<\/a><\/h3><\/div><\/div><\/div><\/div><\/div><div class=\"gutentor-single-item gutentor-single-item-7 gutentor-odd\"><div class=\"gutentor-timeline-item\"><div class=\"gutentor-single-item-wrap\"><div class=\"gutentor-timeline-item-circle\"><\/div><div class=\"gutentor-single-item-wrapper\"><div class=\"gutentor-single-item-content gutentor-timeline-item-content\"><div class=\"gutentor-timeline-item-org-title\"><h5 class=\"gutentor-timeline-item-heading-name\">Instituto de Qu\u00edmica, UNESP\/Araraquara<\/h5><h5 class=\"gutentor-timeline-item-duration\">17\/09\/2014 &#8211; 08:00 to 19\/09\/2014 &#8211; 18:00<\/h5><\/div><h3 class=\"gutentor-single-item-title\"><a href=\"https:\/\/www1.sbq.org.br\/ensino\/evento\/xii-evento-de-educa%C3%A7%C3%A3o-em-qu%C3%ADmica\">XII Evento de Educa\u00e7\u00e3o em Qu\u00edmica<\/a><\/h3><\/div><\/div><\/div><\/div><\/div><div class=\"gutentor-single-item gutentor-single-item-8 gutentor-even\"><div class=\"gutentor-timeline-item\"><div class=\"gutentor-single-item-wrap\"><div class=\"gutentor-timeline-item-circle\"><\/div><div class=\"gutentor-single-item-wrapper\"><div class=\"gutentor-single-item-content gutentor-timeline-item-content\"><div class=\"gutentor-timeline-item-org-title\"><h5 class=\"gutentor-timeline-item-heading-name\">Ouro Preto, MG<\/h5><h5 class=\"gutentor-timeline-item-duration\">19\/08\/2014 &#8211; 08:00 to 22\/08\/2014 &#8211; 18:00<\/h5><\/div><h3 class=\"gutentor-single-item-title\"><a href=\"https:\/\/www1.sbq.org.br\/ensino\/evento\/xvii-encontro-nacional-de-ensino-de-qu%C3%ADmica\">XVII Encontro Nacional de Ensino de Qu\u00edmica<\/a><\/h3><\/div><\/div><\/div><\/div><\/div><\/div><\/div><\/div><\/section>\n","protected":false},"excerpt":{"rendered":"","protected":false},"author":1,"featured_media":0,"parent":0,"menu_order":0,"comment_status":"closed","ping_status":"closed","template":"","meta":{"footnotes":""},"_links":{"self":[{"href":"https:\/\/www.sbq.org.br\/ensino\/wp-json\/wp\/v2\/pages\/83"}],"collection":[{"href":"https:\/\/www.sbq.org.br\/ensino\/wp-json\/wp\/v2\/pages"}],"about":[{"href":"https:\/\/www.sbq.org.br\/ensino\/wp-json\/wp\/v2\/types\/page"}],"author":[{"embeddable":true,"href":"https:\/\/www.sbq.org.br\/ensino\/wp-json\/wp\/v2\/users\/1"}],"replies":[{"embeddable":true,"href":"https:\/\/www.sbq.org.br\/ensino\/wp-json\/wp\/v2\/comments?post=83"}],"version-history":[{"count":5,"href":"https:\/\/www.sbq.org.br\/ensino\/wp-json\/wp\/v2\/pages\/83\/revisions"}],"predecessor-version":[{"id":219,"href":"https:\/\/www.sbq.org.br\/ensino\/wp-json\/wp\/v2\/pages\/83\/revisions\/219"}],"wp:attachment":[{"href":"https:\/\/www.sbq.org.br\/ensino\/wp-json\/wp\/v2\/media?parent=83"}],"curies":[{"name":"wp","href":"https:\/\/api.w.org\/{rel}","templated":true}]}}