{"id":78,"date":"2024-01-18T10:50:24","date_gmt":"2024-01-18T13:50:24","guid":{"rendered":"https:\/\/www.sbq.org.br\/ensino\/?page_id=78"},"modified":"2024-08-13T16:29:16","modified_gmt":"2024-08-13T19:29:16","slug":"eneq","status":"publish","type":"page","link":"https:\/\/www.sbq.org.br\/ensino\/eneq\/","title":{"rendered":"ENEQ"},"content":{"rendered":"\n<p><a href=\"https:\/\/www.even3.com.br\/xxiieneq\/\" target=\"_blank\" rel=\"noreferrer noopener\">2024 &#8211; XXII Encontro Nacional de Ensino de Qu\u00edmica<\/a><\/p>\n\n\n\n<p><strong>Bel\u00e9m &#8211; PA<\/strong><\/p>\n\n\n\n<p>09 a 12 de setembro de 2024<\/p>\n\n\n\n<p>Tema:&nbsp;<strong><em>O Ensino de Qu\u00edmica na defesa de direitos e inclus\u00e3o social: a\u00e7\u00f5es e propostas para o contexto brasileiro<\/em><\/strong>.<\/p>\n\n\n\n<p>UFPA &#8211; Universidade Federal do Par\u00e1&nbsp;<\/p>\n\n\n\n<p>Anais<\/p>\n\n\n\n<p>_____________________________________________________________________________<\/p>\n\n\n\n<p><a href=\"http:\/\/www.eventos.ufu.br\/xxieneq?fbclid=IwAR37T4hmMsC-mDhKSigraBcmm_xzt4vRe7gWf9Ga4GWLXO-D5xiAnMIOQ0Q\" target=\"_blank\" rel=\"noreferrer noopener\">2022 &#8211; XXI Encontro Nacional de Ensino de Qu\u00edmica<\/a><\/p>\n\n\n\n<p><strong>Uberl\u00e2ndia &#8211; MG<\/strong><\/p>\n\n\n\n<p>23 a 26 de agosto de 2022 (Realizado no per\u00edodo de 01 a 03 de mar\u00e7o de 2023)<\/p>\n\n\n\n<p>Tema:&nbsp;<strong><em>Democratiza\u00e7\u00e3o do Ensino de Qu\u00edmica: (des)caminhos das pol\u00edticas p\u00fablicas brasileiras<\/em><\/strong>.<\/p>\n\n\n\n<p>UFU &#8211; Universidade Federal de Uberl\u00e2ndia<\/p>\n\n\n\n<p>UFTM &#8211; Universidade Federal do Tri\u00e2ngulo Mineiro<\/p>\n\n\n\n<p>IFTM &#8211; Instituto Federal do Tri\u00e2ngulo Mineiro<\/p>\n\n\n\n<p>IFGoiano &#8211; Instituto Federal Goiano&nbsp;<\/p>\n\n\n\n<p><a href=\"https:\/\/www.even3.com.br\/anais\/xxieneq2022\/\" target=\"_blank\" rel=\"noreferrer noopener\">Anais<\/a><\/p>\n\n\n\n<p>_____________________________________________________________________________<\/p>\n\n\n\n<p><a href=\"http:\/\/eneqpe.com.br\/\" target=\"_blank\" rel=\"noreferrer noopener\">2020 &#8211; XX Encontro Nacional de Ensino de Qu\u00edmica<\/a><\/p>\n\n\n\n<p><strong>Recife &#8211; PE<\/strong><\/p>\n\n\n\n<p>2020 (Realizado no per\u00edodo de 8 a 11 de mar\u00e7o de 2021 virtualmente)<\/p>\n\n\n\n<p>Tema:<strong><em>&nbsp;Para que o ensino de qu\u00edmica? \u2013 Reflex\u00f5es sobre as pesquisas e a\u00e7\u00f5es da \u00e1rea no s\u00e9culo XXI<\/em><\/strong><\/p>\n\n\n\n<p>UFRPE &#8211;&nbsp;Universidade Federal Rural de Pernambuco<\/p>\n\n\n\n<p>UFPE &#8211; Universidade Federal de Pernambuco<\/p>\n\n\n\n<p><a href=\"https:\/\/www.even3.com.br\/anais\/eneqpe2020\/\" target=\"_blank\" rel=\"noreferrer noopener\">Anais<\/a><\/p>\n\n\n\n<p>_____________________________________________________________________________<\/p>\n\n\n\n<p><a href=\"http:\/\/www.eneq2018noacre.com.br\/site\/capa\" target=\"_blank\" rel=\"noreferrer noopener\">2018 &#8211; XIX Encontro Nacional de Ensino de Qu\u00edmica<\/a><\/p>\n\n\n\n<p><strong>Rio Branco &#8211; AC<\/strong><\/p>\n\n\n\n<p>16 a 19 de julho de 2018<\/p>\n\n\n\n<p>Tema:<strong><em>&nbsp;Doc\u00eancia em Qu\u00edmica: Transforma\u00e7\u00f5es e Mudan\u00e7as no Contexto Educacional Contempor\u00e2neo<\/em><\/strong><\/p>\n\n\n\n<p>UFAC &#8211; Universidade Federal do Acre<\/p>\n\n\n\n<p><a href=\"https:\/\/drive.google.com\/open?id=1Q9FAJgMEDqRkjxrjKf5Li2FEYh2sE6N4\" target=\"_blank\" rel=\"noreferrer noopener\">Anais<\/a><\/p>\n\n\n\n<p>_____________________________________________________________________________<\/p>\n\n\n\n<p><a href=\"http:\/\/www.eneq2016.ufsc.br\/\" target=\"_blank\" rel=\"noreferrer noopener\">2016 &#8211; XIX Encontro Nacional de Ensino de Qu\u00edmica<\/a><\/p>\n\n\n\n<p><strong>Florian\u00f3polis &#8211; SC<\/strong><\/p>\n\n\n\n<p>25 a 29 de julho de 2016<\/p>\n\n\n\n<p>Tema:&nbsp;<strong><em>Os desafios da Forma\u00e7\u00e3o e do Trabalho do Professor de Qu\u00edmica no mundo contempor\u00e2neo<\/em><\/strong><\/p>\n\n\n\n<p>UFSC &#8211; Universidade Federal de Santa Catarina<\/p>\n\n\n\n<p><a href=\"http:\/\/www.eneq2016.ufsc.br\/anais\/\" target=\"_blank\" rel=\"noreferrer noopener\">Anais<\/a><\/p>\n\n\n\n<p>_____________________________________________________________________________<\/p>\n\n\n\n<p><a href=\"http:\/\/www.sbq.org.br\/eneq\/xvii\/anais_xvii_eneq.pdf\" target=\"_blank\" rel=\"noreferrer noopener\">2014 &#8211; XVII Encontro Nacional de Ensino de Qu\u00edmica<\/a><\/p>\n\n\n\n<p><strong>Ouro Preto &#8211; MG<\/strong><\/p>\n\n\n\n<p>19 a 22 de agosto de 2014<\/p>\n\n\n\n<p>Tema:&nbsp;<strong><em>A&nbsp;integra\u00e7\u00e3o entre pesquisa e escola abrindo possibilidades para um ensino de qu\u00edmica melhor!<\/em><\/strong><\/p>\n\n\n\n<p>UFOP &#8211; Universidade Federal de Ouro Preto<\/p>\n\n\n\n<p><a href=\"https:\/\/drive.google.com\/open?id=1-i0zcHC_RDVHcLvuRKAyZESrmcfgLg1v\" target=\"_blank\" rel=\"noreferrer noopener\">Anais<\/a><\/p>\n\n\n\n<p>_____________________________________________________________________________<\/p>\n\n\n\n<p><a href=\"http:\/\/www.eneq2012.qui.ufba.br\/\" target=\"_blank\" rel=\"noreferrer noopener\">2012 &#8211; XVI Encontro Nacional de Ensino de Qu\u00edmica<\/a><\/p>\n\n\n\n<p><strong>Salvador &#8211; BA<\/strong><\/p>\n\n\n\n<p>17 a 20 de julho de 2012<\/p>\n\n\n\n<p>Tema:&nbsp;<strong><em>O ensino de qu\u00edmica: consolida\u00e7\u00e3o dos avan\u00e7os e perspectivas futuras<\/em><\/strong><\/p>\n\n\n\n<p>UFBA &#8211; Universidade Federal da Bahia<\/p>\n\n\n\n<p><a href=\"https:\/\/portalseer.ufba.br\/index.php\/anaiseneq2012\/index\" target=\"_blank\" rel=\"noreferrer noopener\">Anais<\/a><\/p>\n\n\n\n<p>_____________________________________________________________________________<\/p>\n\n\n\n<p><a href=\"http:\/\/www.sbq.org.br\/eneq\/xv\/xveneq.htm\" target=\"_blank\" rel=\"noreferrer noopener\">2010 &#8211; XV Encontro Nacional de Ensino de Qu\u00edmica<\/a><\/p>\n\n\n\n<p><strong>Bras\u00edlia &#8211; DF<\/strong><\/p>\n\n\n\n<p>21 a 24 de julho de 2010<\/p>\n\n\n\n<p>UnB &#8211; Universidade de Bras\u00edlia<\/p>\n\n\n\n<p><a href=\"http:\/\/www.sbq.org.br\/eneq\/xv\/trabalhos.htm\" target=\"_blank\" rel=\"noreferrer noopener\">Anais<\/a><\/p>\n\n\n\n<p>_____________________________________________________________________________<\/p>\n\n\n\n<p><a href=\"http:\/\/www.quimica.ufpr.br\/eduquim\/eneq2008\/index.htm\" target=\"_blank\" rel=\"noreferrer noopener\">2008 &#8211; XIV Encontro Nacional de Ensino de Qu\u00edmica<\/a><\/p>\n\n\n\n<p><strong>Curitiba &#8211; PR<\/strong><\/p>\n\n\n\n<p>21 a 24 de julho de 2008<\/p>\n\n\n\n<p>UFPR &#8211; Universidade Federal do Paran\u00e1<\/p>\n\n\n\n<p><a href=\"http:\/\/www.quimica.ufpr.br\/eduquim\/eneq2008\/trabalhos.htm\" target=\"_blank\" rel=\"noreferrer noopener\">Anais<\/a><\/p>\n\n\n\n<p>_____________________________________________________________________________<\/p>\n\n\n\n<p><a href=\"https:\/\/www.fe.unicamp.br\/eventos\/eneq\/\" target=\"_blank\" rel=\"noreferrer noopener\">2006 &#8211; XIII Encontro Nacional de Ensino de Qu\u00edmica<\/a><\/p>\n\n\n\n<p><strong>Campinas &#8211; SP<\/strong><\/p>\n\n\n\n<p>24 a 27 de julho de 2006<\/p>\n\n\n\n<p>Unicamp &#8211; Universidade Estadual de Campinas<\/p>\n\n\n\n<p><a href=\"http:\/\/www.sbq.org.br\/eneq\/xiii\/ENEQ-2006.zip\" target=\"_blank\" rel=\"noreferrer noopener\">Anais<\/a><\/p>\n\n\n\n<p>_____________________________________________________________________________<\/p>\n\n\n\n<p><a href=\"https:\/\/www.sbq.org.br\/ensino\/eneq\" target=\"_blank\" rel=\"noreferrer noopener\">2004 &#8211; XII Encontro Nacional de Ensino de Qu\u00edmica<\/a><\/p>\n\n\n\n<p><strong>Goi\u00e2nia &#8211; GO<\/strong><\/p>\n\n\n\n<p>27 a 30 de Julho de 2004<\/p>\n\n\n\n<p>UFG &#8211;&nbsp;Universidade Federal de G\u00f3ias<\/p>\n\n\n\n<p><a href=\"https:\/\/drive.google.com\/file\/d\/1Nkhqs1hYenq0AHq_t3she4KC5WhlDU03\/view?usp=sharing\" target=\"_blank\" rel=\"noreferrer noopener\">Anais&nbsp;<\/a>(material cedido&nbsp;por&nbsp;Aline Kundlatsch)<\/p>\n\n\n\n<p>_____________________________________________________________________________<\/p>\n\n\n\n<p><a href=\"https:\/\/www.sbq.org.br\/ensino\/eneq\" data-type=\"link\" data-id=\"https:\/\/www.sbq.org.br\/ensino\/eneq\" target=\"_blank\" rel=\"noreferrer noopener\">2002 &#8211; XI Encontro Nacional de Ensino de Qu\u00edmica<\/a><\/p>\n\n\n\n<p><strong>Recife &#8211; PE<\/strong><\/p>\n\n\n\n<p>2002<\/p>\n\n\n\n<p>UFRPE &#8211;&nbsp;Universidade Federal Rural de Pernambuco<\/p>\n\n\n\n<p><a href=\"https:\/\/drive.google.com\/file\/d\/1ZSqrQQ98i453INx7IQAVZR-_daAEkG4M\/view?usp=sharing\" target=\"_blank\" rel=\"noreferrer noopener\">Anais&nbsp;<\/a>(material cedido&nbsp;por&nbsp;Renan Sota Guimar\u00e3es)<\/p>\n\n\n\n<p>_____________________________________________________________________________<\/p>\n\n\n\n<p><a href=\"https:\/\/www.sbq.org.br\/ensino\/eneq\" data-type=\"link\" data-id=\"https:\/\/www.sbq.org.br\/ensino\/eneq\" target=\"_blank\" rel=\"noreferrer noopener\">2000 &#8211; X Encontro Nacional de Ensino de Qu\u00edmica<\/a><\/p>\n\n\n\n<p><strong>Porto Alegre &#8211; PO<\/strong><\/p>\n\n\n\n<p>12 a 15 de julho de 2000<\/p>\n\n\n\n<p>PUCRS &#8211;&nbsp;Pontif\u00edcia Universidade Cat\u00f3lica do Rio Grande do Sul<\/p>\n\n\n\n<p><a href=\"https:\/\/drive.google.com\/open?id=1whU1Rhs2CYjHrXxRMn_NkQ7O2LcnBvlM\" target=\"_blank\" rel=\"noreferrer noopener\">Anais<\/a>&nbsp;(material cedido&nbsp;por Aline Kundlatsch)<\/p>\n\n\n\n<p>_____________________________________________________________________________<\/p>\n\n\n\n<p><a href=\"https:\/\/www.sbq.org.br\/ensino\/eneq\" target=\"_blank\" rel=\"noreferrer noopener\">1998 &#8211; XIX Encontro Nacional de Ensino de Qu\u00edmica<\/a><\/p>\n\n\n\n<p><strong>Aracaj\u00fa &#8211; SE<\/strong><\/p>\n\n\n\n<p>1998<\/p>\n\n\n\n<p>UFSE &#8211; Universidade Federal de Sergipe<\/p>\n\n\n\n<p>Anais<\/p>\n\n\n\n<p>_____________________________________________________________________________<\/p>\n\n\n\n<p><a href=\"https:\/\/www.sbq.org.br\/ensino\/eneq\" target=\"_blank\" rel=\"noreferrer noopener\">1996 &#8211; VIII Encontro Nacional de Ensino de Qu\u00edmica<\/a><\/p>\n\n\n\n<p><strong>Campo Grande &#8211; MS<\/strong><\/p>\n\n\n\n<p>1996<\/p>\n\n\n\n<p>UFMS &#8211; Universidade Federal do Mato Grosso do Sul<\/p>\n\n\n\n<p><a href=\"https:\/\/drive.google.com\/file\/d\/1zNyOfk9JQZe0hDNR4fV2ATKZiqOOc89z\/view?usp=sharing\">Anais<\/a> (material cedido&nbsp;por Maria Eunice Marcondes, digitalizado por Paulo Bretones e compartilhado por Daniela Marques Alexandrino)<\/p>\n\n\n\n<p>_____________________________________________________________________________<\/p>\n\n\n\n<p><a href=\"https:\/\/www.sbq.org.br\/ensino\/eneq\" target=\"_blank\" rel=\"noreferrer noopener\">1994 &#8211; VII Encontro Nacional de Ensino de Qu\u00edmica<\/a><\/p>\n\n\n\n<p><strong>Minas Gerais &#8211; MG<\/strong><\/p>\n\n\n\n<p>1994<\/p>\n\n\n\n<p>UFMG &#8211; Universidade Federal de Minas Gerais<\/p>\n\n\n\n<p><a href=\"https:\/\/drive.google.com\/file\/d\/1zFuPFzNAxBEx0VpR0-Z6nXTFNqNDCgCg\/view?usp=sharing\" target=\"_blank\" rel=\"noreferrer noopener\">Anais<\/a> (material cedido&nbsp;por Maria Eunice Marcondes, digitalizado por Paulo Bretones e compartilhado por Daniela Marques Alexandrino)<\/p>\n\n\n\n<p>_____________________________________________________________________________<\/p>\n\n\n\n<p><a href=\"https:\/\/www.sbq.org.br\/ensino\/eneq\" target=\"_blank\" rel=\"noreferrer noopener\">1992 &#8211; VI Encontro Nacional de Ensino de Qu\u00edmica<\/a><\/p>\n\n\n\n<p><strong>S\u00e3o Paulo &#8211; SP<\/strong><\/p>\n\n\n\n<p>1992<\/p>\n\n\n\n<p>USP &#8211; Universidade de S\u00e3o Paulo<\/p>\n\n\n\n<p><a href=\"https:\/\/drive.google.com\/file\/d\/1tHgeRkDFIHe5qOQUeRzCXuHZw3_Ygdur\/view?usp=sharing\" target=\"_blank\" rel=\"noreferrer noopener\">Anais<\/a>&nbsp;(Material cedido por Maria Eunice Marcondes)<\/p>\n\n\n\n<p>_____________________________________________________________________________<\/p>\n\n\n\n<p><a href=\"https:\/\/www.sbq.org.br\/ensino\/eneq\" data-type=\"link\" data-id=\"https:\/\/www1.sbq.org.br\/ensino\/_eneq\" target=\"_blank\" rel=\"noreferrer noopener\">1990 &#8211; V Encontro Nacional de Ensino de Qu\u00edmica<\/a><\/p>\n\n\n\n<p><strong>Porto Alegre &#8211; PO<\/strong><\/p>\n\n\n\n<p>1990<\/p>\n\n\n\n<p>UFRGS &#8211; Universidade Federal do Rio Grande do Sul<\/p>\n\n\n\n<p><a href=\"https:\/\/drive.google.com\/file\/d\/1t2r1ZstvHrs_ZDmWI6mN2UDoWmusIvTF\/view?usp=sharing\" target=\"_blank\" rel=\"noreferrer noopener\">Anais<\/a>&nbsp;(Material cedido por Maria Eunice Marcondes)<\/p>\n\n\n\n<p>_____________________________________________________________________________<\/p>\n\n\n\n<p><a href=\"https:\/\/www.sbq.org.br\/ensino\/eneq\" data-type=\"link\" data-id=\"https:\/\/www1.sbq.org.br\/ensino\/_eneq\" target=\"_blank\" rel=\"noreferrer noopener\">1988 &#8211; IV Encontro Nacional de Ensino de Qu\u00edmica<\/a><\/p>\n\n\n\n<p><strong>S\u00e3o Paulo &#8211; SP<\/strong><\/p>\n\n\n\n<p>1988<\/p>\n\n\n\n<p>USP &#8211; Universidade de S\u00e3o Paulo<\/p>\n\n\n\n<p><a href=\"https:\/\/drive.google.com\/file\/d\/1tBmPJuU2idFYlDNPbbjpA3yODMnvdIAE\/view?usp=sharing\" target=\"_blank\" rel=\"noreferrer noopener\">Anais<\/a>&nbsp;(Material cedido por Maria Eunice Marcondes)<\/p>\n\n\n\n<p>_____________________________________________________________________________<\/p>\n\n\n\n<p><a href=\"https:\/\/www.sbq.org.br\/ensino\/eneq\" data-type=\"link\" data-id=\"https:\/\/www.sbq.org.br\/ensino\/eneq\" target=\"_blank\" rel=\"noreferrer noopener\">1986 &#8211; III Encontro Nacional de Ensino de Qu\u00edmica<\/a><\/p>\n\n\n\n<p><strong>Curitiba &#8211; PR<\/strong><\/p>\n\n\n\n<p>1986<\/p>\n\n\n\n<p>UFPR &#8211; Universidade Federal do Paran\u00e1<\/p>\n\n\n\n<p><a href=\"https:\/\/drive.google.com\/file\/d\/1t66cw4ExbypjYL9NEssjkZMvwFKA5A5A\/view?usp=sharing\" target=\"_blank\" rel=\"noreferrer noopener\">Anais<\/a>&nbsp;(Material cedido por Maria Eunice Marcondes)<\/p>\n\n\n\n<p>_____________________________________________________________________________<\/p>\n\n\n\n<p><a href=\"https:\/\/www.sbq.org.br\/ensino\/eneq\" data-type=\"link\" data-id=\"https:\/\/www.sbq.org.br\/ensino\/eneq\" target=\"_blank\" rel=\"noreferrer noopener\">1984 &#8211; II Encontro Nacional de Ensino de Qu\u00edmica<\/a><\/p>\n\n\n\n<p><strong>S\u00e3o Paulo &#8211; SP<\/strong><\/p>\n\n\n\n<p>1984<\/p>\n\n\n\n<p>USP &#8211; Universidade de S\u00e3o Paulo<\/p>\n\n\n\n<p><a href=\"http:\/\/drive.google.com\/file\/d\/1t9sSl0_jBzmf2AAeD570oT0KjGmjHv8M\/view?usp=sharing\" target=\"_blank\" rel=\"noreferrer noopener\">Anais<\/a>&nbsp;(Material cedido por Maria Eunice Marcondes)<\/p>\n\n\n\n<p>_____________________________________________________________________________<\/p>\n\n\n\n<p><a href=\"https:\/\/www.sbq.org.br\/ensino\/eneq\" data-type=\"link\" data-id=\"https:\/\/www.sbq.org.br\/ensino\/eneq\" target=\"_blank\" rel=\"noreferrer noopener\">1982 &#8211; I Encontro Nacional de Ensino de Qu\u00edmica<\/a><\/p>\n\n\n\n<p><strong>Campinas &#8211; SP<\/strong><\/p>\n\n\n\n<p>1982<\/p>\n\n\n\n<p>Unicamp &#8211; Universidade Estadual de Campinas<\/p>\n\n\n\n<p><a href=\"https:\/\/drive.google.com\/file\/d\/1tCLfuommJvzQZ1cCKkeoiRpotuz8GTJe\/view?usp=sharing\" target=\"_blank\" rel=\"noreferrer noopener\">Anais<\/a>&nbsp;(Material cedido por Maria Eunice Marcondes)<\/p>\n","protected":false},"excerpt":{"rendered":"<p>2024 &#8211; XXII Encontro Nacional de Ensino de Qu\u00edmica Bel\u00e9m &#8211; PA 09 a 12 de setembro de 2024 Tema:&nbsp;O Ensino de Qu\u00edmica na defesa de direitos e inclus\u00e3o social: a\u00e7\u00f5es e propostas para o contexto brasileiro. UFPA &#8211; Universidade Federal do Par\u00e1&nbsp; Anais _____________________________________________________________________________ 2022 &#8211; XXI Encontro Nacional de Ensino de Qu\u00edmica Uberl\u00e2ndia [&hellip;]<\/p>\n","protected":false},"author":1,"featured_media":0,"parent":0,"menu_order":0,"comment_status":"closed","ping_status":"closed","template":"","meta":{"footnotes":""},"_links":{"self":[{"href":"https:\/\/www.sbq.org.br\/ensino\/wp-json\/wp\/v2\/pages\/78"}],"collection":[{"href":"https:\/\/www.sbq.org.br\/ensino\/wp-json\/wp\/v2\/pages"}],"about":[{"href":"https:\/\/www.sbq.org.br\/ensino\/wp-json\/wp\/v2\/types\/page"}],"author":[{"embeddable":true,"href":"https:\/\/www.sbq.org.br\/ensino\/wp-json\/wp\/v2\/users\/1"}],"replies":[{"embeddable":true,"href":"https:\/\/www.sbq.org.br\/ensino\/wp-json\/wp\/v2\/comments?post=78"}],"version-history":[{"count":11,"href":"https:\/\/www.sbq.org.br\/ensino\/wp-json\/wp\/v2\/pages\/78\/revisions"}],"predecessor-version":[{"id":215,"href":"https:\/\/www.sbq.org.br\/ensino\/wp-json\/wp\/v2\/pages\/78\/revisions\/215"}],"wp:attachment":[{"href":"https:\/\/www.sbq.org.br\/ensino\/wp-json\/wp\/v2\/media?parent=78"}],"curies":[{"name":"wp","href":"https:\/\/api.w.org\/{rel}","templated":true}]}}