{"id":71,"date":"2024-01-18T10:47:51","date_gmt":"2024-01-18T13:47:51","guid":{"rendered":"https:\/\/www.sbq.org.br\/ensino\/?page_id=71"},"modified":"2024-01-18T10:47:51","modified_gmt":"2024-01-18T13:47:51","slug":"artigos-de-opiniao","status":"publish","type":"page","link":"https:\/\/www.sbq.org.br\/ensino\/artigos-de-opiniao\/","title":{"rendered":"Artigos de opini\u00e3o"},"content":{"rendered":"\n<section id=\"g0338b1\" class=\"wp-block-gutentor-p4 section-g0338b1 gutentor-post-module gutentor-advanced-post-module\" data-gpid=\"71\" data-l-ani=\"gp4-animation-1\" data-i-b=\"gutentor\/p1\" data-maxnumpages=\"1\">\n\n<section class=\"gutentor-post-module section-3d5690c5-c526-40ac-a79b-86678421b9e4 gutentor-post-module-p1 gutentor_p1_template1 wp-block-gutentor-p1 gutentor-blog-grid\" id=\"3d5690c5-c526-40ac-a79b-86678421b9e4\" data-gbid=\"3d5690c5-c526-40ac-a79b-86678421b9e4\" >\n<div class='grid-container'><div class='grid-row' ><article class='gutentor-post gutentor-post-no-thumb  grid-lg-12 grid-md-4 grid-12'><div class='gutentor-post-item'><div class=\"gutentor-post-title-data-wrap\"><h3 class=\"gutentor-post-title\"><a href=\"https:\/\/www.sbq.org.br\/ensino\/a-universidade-publica-e-a-formacao-de-professores-artigo-02\/\" rel=\"bookmark\">A universidade p\u00fablica e a forma\u00e7\u00e3o de professores &#8211; Artigo 02<\/a><\/h3><\/div><div class=\"gutentor-entry-meta gutentor-entry-meta-primary\"><div class=\"author vcard\"><i class=\"far fa-user\"><\/i><a href=\"https:\/\/www.sbq.org.br\/ensino\/a-universidade-publica-e-a-formacao-de-professores-artigo-02\/\" rel=\"bookmark\">suporte<\/a><\/div><div class=\"posted-on\"><i class=\"far fa-calendar-alt\"><\/i><a href=\"https:\/\/www.sbq.org.br\/ensino\/a-universidade-publica-e-a-formacao-de-professores-artigo-02\/\" rel=\"bookmark\">20 de abril de 2021<\/a><\/div><div class=\"gutentor-meta-categories\"><i class=\"fas fa-tags\"><\/i><a href=\"https:\/\/www.sbq.org.br\/ensino\/category\/artigos_de_opiniao\/\" rel=\"category tag\">artigos_de_opiniao<\/a><\/div><\/div><div class=\"gutentor-post-desc\">A universidade p\u00fablica e a forma\u00e7\u00e3o de professores: uma boa not\u00edcia na pandemia\n\n\n\nAna Cl\u00e1udia Kasse&hellip;<\/div><a class=\"gutentor-button gutentor-post-button\"  href=\"https:\/\/www.sbq.org.br\/ensino\/a-universidade-publica-e-a-formacao-de-professores-artigo-02\/\" href=\"https:\/\/www.sbq.org.br\/ensino\/a-universidade-publica-e-a-formacao-de-professores-artigo-02\/\"><span>Read More<\/span><\/a><\/div><\/article><article class='gutentor-post gutentor-post-no-thumb  grid-lg-12 grid-md-4 grid-12'><div class='gutentor-post-item'><div class=\"gutentor-post-title-data-wrap\"><h3 class=\"gutentor-post-title\"><a href=\"https:\/\/www.sbq.org.br\/ensino\/o-direito-da-ciencia-negado-artigo-01-2\/\" rel=\"bookmark\">O direito da Ci\u00eancia negado &#8211; Artigo 01<\/a><\/h3><\/div><div class=\"gutentor-entry-meta gutentor-entry-meta-primary\"><div class=\"author vcard\"><i class=\"far fa-user\"><\/i><a href=\"https:\/\/www.sbq.org.br\/ensino\/o-direito-da-ciencia-negado-artigo-01-2\/\" rel=\"bookmark\">suporte<\/a><\/div><div class=\"posted-on\"><i class=\"far fa-calendar-alt\"><\/i><a href=\"https:\/\/www.sbq.org.br\/ensino\/o-direito-da-ciencia-negado-artigo-01-2\/\" rel=\"bookmark\">24 de novembro de 2020<\/a><\/div><div class=\"gutentor-meta-categories\"><i class=\"fas fa-tags\"><\/i><a href=\"https:\/\/www.sbq.org.br\/ensino\/category\/artigos_de_opiniao\/\" rel=\"category tag\">artigos_de_opiniao<\/a><\/div><\/div><div class=\"gutentor-post-desc\">O DIREITO \u00c0 CI\u00caNCIA NEGADO\n\n\n\n(ou por que foi t\u00e3o f\u00e1cil fechar as universidades diante da pandemia d&hellip;<\/div><a class=\"gutentor-button gutentor-post-button\"  href=\"https:\/\/www.sbq.org.br\/ensino\/o-direito-da-ciencia-negado-artigo-01-2\/\" href=\"https:\/\/www.sbq.org.br\/ensino\/o-direito-da-ciencia-negado-artigo-01-2\/\"><span>Read More<\/span><\/a><\/div><\/article><\/div><\/div><\/section>\n\n\n<div id=\"section-g69fd67\" class=\"wp-block-gutentor-e17 section-g69fd67 gutentor-element gutentor-post-footer\"><div class=\"grid-container\"><div class=\"grid-row\">\n<div id=\"col-gmb0bbc9\" class=\"wp-block-gutentor-e15 gutentor-single-column  grid-lg-12 grid-md-12 grid-12\"><div id=\"section-gmb0bbc9\" class=\"section-gmb0bbc9 gutentor-col-wrap\">\n<div id=\"section-gb0158b\" class=\"wp-block-gutentor-e12 section-gb0158b gutentor-element gutentor-element-pagination text-align-center-mobile\"><div class=\"gutentor-pagination-wrap\" data-maxnumpages=\"1\"><ul class=\"gutentor-pagination\"><li class=\"gutentor-pagination-item gutentor-pagination-prev\"><a class=\"gutentor-pagination-link gutentor-disabled\" href=\"#\"><i class=\"fas fa-chevron-left\"><\/i>Previous<\/a><\/li><li class=\"gutentor-pagination-item gutentor-pagination-active\" data-gpage=\"1\"><a class=\"gutentor-pagination-link\" href=\"#\">1<\/a><\/li><li class=\"gutentor-pagination-item gutentor-pagination-next\"><a class=\"gutentor-pagination-link gutentor-disabled\" href=\"#\" data-gpage=\"2\">Next<i class=\"fas fa-chevron-right\"><\/i><\/a><\/li><\/ul><\/div><\/div>\n<\/div><\/div>\n<\/div><\/div><\/div>\n<\/section>\n","protected":false},"excerpt":{"rendered":"","protected":false},"author":1,"featured_media":0,"parent":0,"menu_order":0,"comment_status":"closed","ping_status":"closed","template":"","meta":{"footnotes":""},"_links":{"self":[{"href":"https:\/\/www.sbq.org.br\/ensino\/wp-json\/wp\/v2\/pages\/71"}],"collection":[{"href":"https:\/\/www.sbq.org.br\/ensino\/wp-json\/wp\/v2\/pages"}],"about":[{"href":"https:\/\/www.sbq.org.br\/ensino\/wp-json\/wp\/v2\/types\/page"}],"author":[{"embeddable":true,"href":"https:\/\/www.sbq.org.br\/ensino\/wp-json\/wp\/v2\/users\/1"}],"replies":[{"embeddable":true,"href":"https:\/\/www.sbq.org.br\/ensino\/wp-json\/wp\/v2\/comments?post=71"}],"version-history":[{"count":2,"href":"https:\/\/www.sbq.org.br\/ensino\/wp-json\/wp\/v2\/pages\/71\/revisions"}],"predecessor-version":[{"id":186,"href":"https:\/\/www.sbq.org.br\/ensino\/wp-json\/wp\/v2\/pages\/71\/revisions\/186"}],"wp:attachment":[{"href":"https:\/\/www.sbq.org.br\/ensino\/wp-json\/wp\/v2\/media?parent=71"}],"curies":[{"name":"wp","href":"https:\/\/api.w.org\/{rel}","templated":true}]}}