{"id":66,"date":"2024-01-18T10:37:47","date_gmt":"2024-01-18T13:37:47","guid":{"rendered":"https:\/\/www.sbq.org.br\/ensino\/?page_id=66"},"modified":"2024-01-18T10:37:47","modified_gmt":"2024-01-18T13:37:47","slug":"mocoes","status":"publish","type":"page","link":"https:\/\/www.sbq.org.br\/ensino\/mocoes\/","title":{"rendered":"Mo\u00e7\u00f5es"},"content":{"rendered":"\n<section id=\"g046046\" class=\"wp-block-gutentor-p4 section-g046046 gutentor-post-module gutentor-advanced-post-module\" data-gpid=\"66\" data-l-ani=\"gp4-animation-1\" data-i-b=\"gutentor\/p1\" data-maxnumpages=\"1\">\n\n<section class=\"gutentor-post-module section-86f61203-06e7-4b5e-9216-aa5714dcd0c9 gutentor-post-module-p1 gutentor_p1_template1 wp-block-gutentor-p1 gutentor-blog-grid\" id=\"86f61203-06e7-4b5e-9216-aa5714dcd0c9\" data-gbid=\"86f61203-06e7-4b5e-9216-aa5714dcd0c9\" >\n<div class='grid-container'><div class='grid-row' ><article class='gutentor-post gutentor-post-no-thumb  grid-lg-12 grid-md-4 grid-12'><div class='gutentor-post-item'><div class=\"gutentor-post-title-data-wrap\"><h3 class=\"gutentor-post-title\"><a href=\"https:\/\/www.sbq.org.br\/ensino\/nota-da-sociedade-brasileira-de-quimica-sobre-a-implementacao-do-novo-ensino-medio-a-partir-da-bncc\/\" rel=\"bookmark\">NOTA DA SOCIEDADE BRASILEIRA DE QU\u00cdMICA SOBRE A IMPLEMENTA\u00c7\u00c3O DO NOVO ENSINO M\u00c9DIO A PARTIR DA BNCC<\/a><\/h3><\/div><div class=\"gutentor-post-desc\">No ano de 2017 foi publicada a Lei no 13.415\/2017, conhecida como lei da reforma do&nbsp;Ensino M\u00e9di&hellip;<\/div><a class=\"gutentor-button gutentor-post-button\"  href=\"https:\/\/www.sbq.org.br\/ensino\/nota-da-sociedade-brasileira-de-quimica-sobre-a-implementacao-do-novo-ensino-medio-a-partir-da-bncc\/\" href=\"https:\/\/www.sbq.org.br\/ensino\/nota-da-sociedade-brasileira-de-quimica-sobre-a-implementacao-do-novo-ensino-medio-a-partir-da-bncc\/\"><span>Read More<\/span><\/a><\/div><\/article><article class='gutentor-post gutentor-post-no-thumb  grid-lg-12 grid-md-4 grid-12'><div class='gutentor-post-item'><div class=\"gutentor-post-title-data-wrap\"><h3 class=\"gutentor-post-title\"><a href=\"https:\/\/www.sbq.org.br\/ensino\/nota-publica-da-divisao-de-ensino-da-sociedade-brasileira-de-quimica-sobre-31-de-marco\/\" rel=\"bookmark\">NOTA P\u00daBLICA DA DIVIS\u00c3O DE ENSINO DA SOCIEDADE BRASILEIRA DE QU\u00cdMICA SOBRE 31 DE MAR\u00c7O<\/a><\/h3><\/div><div class=\"gutentor-post-desc\">A Divis\u00e3o de Ensino da Sociedade Brasileira de Qu\u00edmica vem a p\u00fablico repudiar veementemente qualquer&hellip;<\/div><a class=\"gutentor-button gutentor-post-button\"  href=\"https:\/\/www.sbq.org.br\/ensino\/nota-publica-da-divisao-de-ensino-da-sociedade-brasileira-de-quimica-sobre-31-de-marco\/\" href=\"https:\/\/www.sbq.org.br\/ensino\/nota-publica-da-divisao-de-ensino-da-sociedade-brasileira-de-quimica-sobre-31-de-marco\/\"><span>Read More<\/span><\/a><\/div><\/article><article class='gutentor-post gutentor-post-no-thumb  grid-lg-12 grid-md-4 grid-12'><div class='gutentor-post-item'><div class=\"gutentor-post-title-data-wrap\"><h3 class=\"gutentor-post-title\"><a href=\"https:\/\/www.sbq.org.br\/ensino\/nota-de-apoio\/\" rel=\"bookmark\">NOTA DE APOIO<\/a><\/h3><\/div><div class=\"gutentor-post-desc\">A Diretoria da Divis\u00e3o de Ensino da Sociedade Brasileira de Qu\u00edmica vem a p\u00fablico APOIAR a Associa\u00e7\u00e3&hellip;<\/div><a class=\"gutentor-button gutentor-post-button\"  href=\"https:\/\/www.sbq.org.br\/ensino\/nota-de-apoio\/\" href=\"https:\/\/www.sbq.org.br\/ensino\/nota-de-apoio\/\"><span>Read More<\/span><\/a><\/div><\/article><article class='gutentor-post gutentor-post-no-thumb  grid-lg-12 grid-md-4 grid-12'><div class='gutentor-post-item'><div class=\"gutentor-post-title-data-wrap\"><h3 class=\"gutentor-post-title\"><a href=\"https:\/\/www.sbq.org.br\/ensino\/nota-de-repudio-a-portaria-no-577-de-27-de-abril-de-2017-do-gabinete-do-ministro-da-educacao-que-dispoe-sobre-o-forum-nacional-de-educacao-fne\/\" rel=\"bookmark\">NOTA DE REP\u00daDIO A PORTARIA N\u00ba 577, DE 27 DE ABRIL DE 2017, do GABINETE DO MINISTRO DA EDUCA\u00c7\u00c3O, que disp\u00f5e sobre o F\u00f3rum Nacional de Educa\u00e7\u00e3o \u2013 FNE<\/a><\/h3><\/div><div class=\"gutentor-post-desc\">A divis\u00e3o de ensino da SBQ vem a p\u00fablico repudiar a forma como o F\u00f3rum Nacional de Educa\u00e7\u00e3o foi prat&hellip;<\/div><a class=\"gutentor-button gutentor-post-button\"  href=\"https:\/\/www.sbq.org.br\/ensino\/nota-de-repudio-a-portaria-no-577-de-27-de-abril-de-2017-do-gabinete-do-ministro-da-educacao-que-dispoe-sobre-o-forum-nacional-de-educacao-fne\/\" href=\"https:\/\/www.sbq.org.br\/ensino\/nota-de-repudio-a-portaria-no-577-de-27-de-abril-de-2017-do-gabinete-do-ministro-da-educacao-que-dispoe-sobre-o-forum-nacional-de-educacao-fne\/\"><span>Read More<\/span><\/a><\/div><\/article><article class='gutentor-post gutentor-post-no-thumb  grid-lg-12 grid-md-4 grid-12'><div class='gutentor-post-item'><div class=\"gutentor-post-title-data-wrap\"><h3 class=\"gutentor-post-title\"><a href=\"https:\/\/www.sbq.org.br\/ensino\/nota-publica-da-divisao-de-ensino-da-sbq-sobre-a-mp-746-reforma-do-ensino-medio\/\" rel=\"bookmark\">NOTA P\u00daBLICA DA DIVIS\u00c3O DE ENSINO DA SBQ SOBRE A MP 746 &#8211; REFORMA DO ENSINO M\u00c9DIO<\/a><\/h3><\/div><div class=\"gutentor-post-desc\">No dia 22 de Setembro de 2016, o governo federal publicou a Medida Provis\u00f3ria 746 que diz respeito \u00e0&hellip;<\/div><a class=\"gutentor-button gutentor-post-button\"  href=\"https:\/\/www.sbq.org.br\/ensino\/nota-publica-da-divisao-de-ensino-da-sbq-sobre-a-mp-746-reforma-do-ensino-medio\/\" href=\"https:\/\/www.sbq.org.br\/ensino\/nota-publica-da-divisao-de-ensino-da-sbq-sobre-a-mp-746-reforma-do-ensino-medio\/\"><span>Read More<\/span><\/a><\/div><\/article><article class='gutentor-post gutentor-post-no-thumb  grid-lg-12 grid-md-4 grid-12'><div class='gutentor-post-item'><div class=\"gutentor-post-title-data-wrap\"><h3 class=\"gutentor-post-title\"><a href=\"https:\/\/www.sbq.org.br\/ensino\/nota-de-repudio-ao-governo-perillo\/\" rel=\"bookmark\">Nota de rep\u00fadio ao governo Perillo<\/a><\/h3><\/div><div class=\"gutentor-post-desc\">Diante dos epis\u00f3dios registrados em Goi\u00e1s no dia 15 de fevereiro, quando o governo Marconi Perillo (&hellip;<\/div><a class=\"gutentor-button gutentor-post-button\"  href=\"https:\/\/www.sbq.org.br\/ensino\/nota-de-repudio-ao-governo-perillo\/\" href=\"https:\/\/www.sbq.org.br\/ensino\/nota-de-repudio-ao-governo-perillo\/\"><span>Read More<\/span><\/a><\/div><\/article><\/div><\/div><\/section>\n\n\n<div id=\"section-g02f715\" class=\"wp-block-gutentor-e17 section-g02f715 gutentor-element gutentor-post-footer\"><div class=\"grid-container\"><div class=\"grid-row\">\n<div id=\"col-gm06a382\" class=\"wp-block-gutentor-e15 gutentor-single-column  grid-lg-12 grid-md-12 grid-12\"><div id=\"section-gm06a382\" class=\"section-gm06a382 gutentor-col-wrap\">\n<div id=\"section-gc0a318\" class=\"wp-block-gutentor-e12 section-gc0a318 gutentor-element gutentor-element-pagination text-align-center-mobile\"><div class=\"gutentor-pagination-wrap\" data-maxnumpages=\"1\"><ul class=\"gutentor-pagination\"><li class=\"gutentor-pagination-item gutentor-pagination-prev\"><a class=\"gutentor-pagination-link gutentor-disabled\" href=\"#\"><i class=\"fas fa-chevron-left\"><\/i>Previous<\/a><\/li><li class=\"gutentor-pagination-item gutentor-pagination-active\" data-gpage=\"1\"><a class=\"gutentor-pagination-link\" href=\"#\">1<\/a><\/li><li class=\"gutentor-pagination-item gutentor-pagination-next\"><a class=\"gutentor-pagination-link gutentor-disabled\" href=\"#\" data-gpage=\"2\">Next<i class=\"fas fa-chevron-right\"><\/i><\/a><\/li><\/ul><\/div><\/div>\n<\/div><\/div>\n<\/div><\/div><\/div>\n<\/section>\n","protected":false},"excerpt":{"rendered":"","protected":false},"author":1,"featured_media":0,"parent":0,"menu_order":0,"comment_status":"closed","ping_status":"closed","template":"","meta":{"footnotes":""},"_links":{"self":[{"href":"https:\/\/www.sbq.org.br\/ensino\/wp-json\/wp\/v2\/pages\/66"}],"collection":[{"href":"https:\/\/www.sbq.org.br\/ensino\/wp-json\/wp\/v2\/pages"}],"about":[{"href":"https:\/\/www.sbq.org.br\/ensino\/wp-json\/wp\/v2\/types\/page"}],"author":[{"embeddable":true,"href":"https:\/\/www.sbq.org.br\/ensino\/wp-json\/wp\/v2\/users\/1"}],"replies":[{"embeddable":true,"href":"https:\/\/www.sbq.org.br\/ensino\/wp-json\/wp\/v2\/comments?post=66"}],"version-history":[{"count":1,"href":"https:\/\/www.sbq.org.br\/ensino\/wp-json\/wp\/v2\/pages\/66\/revisions"}],"predecessor-version":[{"id":67,"href":"https:\/\/www.sbq.org.br\/ensino\/wp-json\/wp\/v2\/pages\/66\/revisions\/67"}],"wp:attachment":[{"href":"https:\/\/www.sbq.org.br\/ensino\/wp-json\/wp\/v2\/media?parent=66"}],"curies":[{"name":"wp","href":"https:\/\/api.w.org\/{rel}","templated":true}]}}