{"id":30,"date":"2024-01-10T10:54:06","date_gmt":"2024-01-10T13:54:06","guid":{"rendered":"https:\/\/www.sbq.org.br\/ensino\/?page_id=30"},"modified":"2024-01-18T10:39:31","modified_gmt":"2024-01-18T13:39:31","slug":"noticias","status":"publish","type":"page","link":"https:\/\/www.sbq.org.br\/ensino\/noticias\/","title":{"rendered":"Not\u00edcias"},"content":{"rendered":"\n<section id=\"g04b8dd\" class=\"wp-block-gutentor-p4 section-g04b8dd gutentor-post-module gutentor-advanced-post-module\" data-gpid=\"30\" data-l-ani=\"gp4-animation-1\" data-i-b=\"gutentor\/p1\" data-maxnumpages=\"2\">\n\n<section class=\"gutentor-post-module section-76b3f251-e198-48f7-a366-91a8730b5051 gutentor-post-module-p1 gutentor_p1_template1 wp-block-gutentor-p1 gutentor-blog-grid\" id=\"76b3f251-e198-48f7-a366-91a8730b5051\" data-gbid=\"76b3f251-e198-48f7-a366-91a8730b5051\" >\n<div class='grid-container'><div class='grid-row' ><article class='gutentor-post gutentor-post-no-thumb  grid-lg-12 grid-md-4 grid-12'><div class='gutentor-post-item'><div class=\"gutentor-post-title-data-wrap\"><h3 class=\"gutentor-post-title\"><a href=\"https:\/\/www.sbq.org.br\/ensino\/ii-concurso-nacional-de-redacao\/\" rel=\"bookmark\">II Concurso Nacional de Reda\u00e7\u00e3o<\/a><\/h3><\/div><div class=\"gutentor-post-desc\">Est\u00e1 no ar o site do II Concurso Nacional de Reda\u00e7\u00e3o da Sociedade Brasileira de Qu\u00edmica. O concurso &hellip;<\/div><a class=\"gutentor-button gutentor-post-button\"  href=\"https:\/\/www.sbq.org.br\/ensino\/ii-concurso-nacional-de-redacao\/\" href=\"https:\/\/www.sbq.org.br\/ensino\/ii-concurso-nacional-de-redacao\/\"><span>Read More<\/span><\/a><\/div><\/article><article class='gutentor-post gutentor-post-no-thumb  grid-lg-12 grid-md-4 grid-12'><div class='gutentor-post-item'><div class=\"gutentor-post-title-data-wrap\"><h3 class=\"gutentor-post-title\"><a href=\"https:\/\/www.sbq.org.br\/ensino\/nota-de-pesar-niceia-quintino-amauro\/\" rel=\"bookmark\">Nota de Pesar &#8211; Nic\u00e9ia Quintino Amauro<\/a><\/h3><\/div><div class=\"gutentor-post-desc\">Com grande pesar, a Divis\u00e3o de Ensino de Qu\u00edmica recebeu a not\u00edcia do falecimento da Profa. Dra. Nic&hellip;<\/div><a class=\"gutentor-button gutentor-post-button\"  href=\"https:\/\/www.sbq.org.br\/ensino\/nota-de-pesar-niceia-quintino-amauro\/\" href=\"https:\/\/www.sbq.org.br\/ensino\/nota-de-pesar-niceia-quintino-amauro\/\"><span>Read More<\/span><\/a><\/div><\/article><article class='gutentor-post gutentor-post-no-thumb  grid-lg-12 grid-md-4 grid-12'><div class='gutentor-post-item'><div class=\"gutentor-post-title-data-wrap\"><h3 class=\"gutentor-post-title\"><a href=\"https:\/\/www.sbq.org.br\/ensino\/e-book-do-concurso-nacional-de-redacao\/\" rel=\"bookmark\">E-book do Concurso Nacional de Reda\u00e7\u00e3o<\/a><\/h3><\/div><div class=\"gutentor-post-desc\">Em 2021, a Sociedade Brasileira de Qu\u00edmica (SBQ) lan\u00e7ou o Movimento Qu\u00edmica P\u00f3s 2022 &ndash; Sustent&hellip;<\/div><a class=\"gutentor-button gutentor-post-button\"  href=\"https:\/\/www.sbq.org.br\/ensino\/e-book-do-concurso-nacional-de-redacao\/\" href=\"https:\/\/www.sbq.org.br\/ensino\/e-book-do-concurso-nacional-de-redacao\/\"><span>Read More<\/span><\/a><\/div><\/article><article class='gutentor-post gutentor-post-no-thumb  grid-lg-12 grid-md-4 grid-12'><div class='gutentor-post-item'><div class=\"gutentor-post-title-data-wrap\"><h3 class=\"gutentor-post-title\"><a href=\"https:\/\/www.sbq.org.br\/ensino\/resultado-etapa-nacional-do-concurso-nacional-de-redacao-sbq\/\" rel=\"bookmark\">Resultado Etapa Nacional do Concurso Nacional de Reda\u00e7\u00e3o SBQ<\/a><\/h3><\/div><div class=\"gutentor-post-desc\">A Sociedade Brasileira de Qu\u00edmica (SBQ), por meio da Divis\u00e3o de Ensino de Qu\u00edmica (EDU) e da Diretor&hellip;<\/div><a class=\"gutentor-button gutentor-post-button\"  href=\"https:\/\/www.sbq.org.br\/ensino\/resultado-etapa-nacional-do-concurso-nacional-de-redacao-sbq\/\" href=\"https:\/\/www.sbq.org.br\/ensino\/resultado-etapa-nacional-do-concurso-nacional-de-redacao-sbq\/\"><span>Read More<\/span><\/a><\/div><\/article><article class='gutentor-post gutentor-post-no-thumb  grid-lg-12 grid-md-4 grid-12'><div class='gutentor-post-item'><div class=\"gutentor-post-title-data-wrap\"><h3 class=\"gutentor-post-title\"><a href=\"https:\/\/www.sbq.org.br\/ensino\/resultado-etapa-regional-do-concurso-de-redacoes-da-sbq\/\" rel=\"bookmark\">Resultado Etapa Regional do Concurso de Reda\u00e7\u00f5es da SBQ<\/a><\/h3><\/div><div class=\"gutentor-post-desc\">A Sociedade Brasileira de Qu\u00edmica (SBQ), por meio da Divis\u00e3o de Ensino de Qu\u00edmica (EDU) e da Diretor&hellip;<\/div><a class=\"gutentor-button gutentor-post-button\"  href=\"https:\/\/www.sbq.org.br\/ensino\/resultado-etapa-regional-do-concurso-de-redacoes-da-sbq\/\" href=\"https:\/\/www.sbq.org.br\/ensino\/resultado-etapa-regional-do-concurso-de-redacoes-da-sbq\/\"><span>Read More<\/span><\/a><\/div><\/article><article class='gutentor-post gutentor-post-no-thumb  grid-lg-12 grid-md-4 grid-12'><div class='gutentor-post-item'><div class=\"gutentor-post-title-data-wrap\"><h3 class=\"gutentor-post-title\"><a href=\"https:\/\/www.sbq.org.br\/ensino\/nota-de-falecimento-prof-sidnei-quezada-meireles-leite\/\" rel=\"bookmark\">Nota de falecimento &#8211; Prof. Sidnei Quezada Meireles Leite<\/a><\/h3><\/div><div class=\"gutentor-post-desc\">\u00c9 com muita tristeza que a Divis\u00e3o de Ensino de Qu\u00edmica da SBQ lamenta a partida do professor Sidnei&hellip;<\/div><a class=\"gutentor-button gutentor-post-button\"  href=\"https:\/\/www.sbq.org.br\/ensino\/nota-de-falecimento-prof-sidnei-quezada-meireles-leite\/\" href=\"https:\/\/www.sbq.org.br\/ensino\/nota-de-falecimento-prof-sidnei-quezada-meireles-leite\/\"><span>Read More<\/span><\/a><\/div><\/article><\/div><\/div><\/section>\n\n\n<div id=\"section-gc69c90\" class=\"wp-block-gutentor-e17 section-gc69c90 gutentor-element gutentor-post-footer\"><div class=\"grid-container\"><div class=\"grid-row\">\n<div id=\"col-gm35f28a\" class=\"wp-block-gutentor-e15 gutentor-single-column  grid-lg-12 grid-md-12 grid-12\"><div id=\"section-gm35f28a\" class=\"section-gm35f28a gutentor-col-wrap\">\n<div id=\"section-gcb96ad\" class=\"wp-block-gutentor-e12 section-gcb96ad gutentor-element gutentor-element-pagination text-align-center-mobile\"><div class=\"gutentor-pagination-wrap\" data-maxnumpages=\"2\"><ul class=\"gutentor-pagination\"><li class=\"gutentor-pagination-item gutentor-pagination-prev\"><a class=\"gutentor-pagination-link gutentor-disabled\" href=\"#\"><i class=\"fas fa-chevron-left\"><\/i>Previous<\/a><\/li><li class=\"gutentor-pagination-item gutentor-pagination-active\" data-gpage=\"1\"><a class=\"gutentor-pagination-link\" href=\"#\">1<\/a><\/li><li class=\"gutentor-pagination-item\"><a class=\"gutentor-pagination-link\" href=\"#\" data-gpage=\"2\">2<\/a><\/li><li class=\"gutentor-pagination-item gutentor-pagination-next\"><a class=\"gutentor-pagination-link\" href=\"#\" data-gpage=\"2\">Next<i class=\"fas fa-chevron-right\"><\/i><\/a><\/li><\/ul><\/div><\/div>\n<\/div><\/div>\n<\/div><\/div><\/div>\n<\/section>\n","protected":false},"excerpt":{"rendered":"","protected":false},"author":1,"featured_media":0,"parent":0,"menu_order":0,"comment_status":"closed","ping_status":"closed","template":"","meta":{"footnotes":""},"_links":{"self":[{"href":"https:\/\/www.sbq.org.br\/ensino\/wp-json\/wp\/v2\/pages\/30"}],"collection":[{"href":"https:\/\/www.sbq.org.br\/ensino\/wp-json\/wp\/v2\/pages"}],"about":[{"href":"https:\/\/www.sbq.org.br\/ensino\/wp-json\/wp\/v2\/types\/page"}],"author":[{"embeddable":true,"href":"https:\/\/www.sbq.org.br\/ensino\/wp-json\/wp\/v2\/users\/1"}],"replies":[{"embeddable":true,"href":"https:\/\/www.sbq.org.br\/ensino\/wp-json\/wp\/v2\/comments?post=30"}],"version-history":[{"count":3,"href":"https:\/\/www.sbq.org.br\/ensino\/wp-json\/wp\/v2\/pages\/30\/revisions"}],"predecessor-version":[{"id":70,"href":"https:\/\/www.sbq.org.br\/ensino\/wp-json\/wp\/v2\/pages\/30\/revisions\/70"}],"wp:attachment":[{"href":"https:\/\/www.sbq.org.br\/ensino\/wp-json\/wp\/v2\/media?parent=30"}],"curies":[{"name":"wp","href":"https:\/\/api.w.org\/{rel}","templated":true}]}}