{"id":3,"date":"2014-09-26T21:09:51","date_gmt":"2014-09-27T00:09:51","guid":{"rendered":"https:\/\/www.sbq.org.br\/divisao_ensino\/sobre-a-divisao-de-ensino-de-quimica\/"},"modified":"2024-05-14T10:07:13","modified_gmt":"2024-05-14T13:07:13","slug":"sobre-a-divisao-de-ensino-de-quimica","status":"publish","type":"page","link":"https:\/\/www.sbq.org.br\/ensino\/sobre-a-divisao-de-ensino-de-quimica\/","title":{"rendered":"Sobre a Divis\u00e3o de Ensino de Qu\u00edmica"},"content":{"rendered":"","protected":false},"excerpt":{"rendered":"<p>Gest\u00e3o Atual<\/p>\n","protected":false},"author":1,"featured_media":0,"parent":0,"menu_order":0,"comment_status":"closed","ping_status":"closed","template":"wp-custom-template-institucional","meta":{"footnotes":""},"_links":{"self":[{"href":"https:\/\/www.sbq.org.br\/ensino\/wp-json\/wp\/v2\/pages\/3"}],"collection":[{"href":"https:\/\/www.sbq.org.br\/ensino\/wp-json\/wp\/v2\/pages"}],"about":[{"href":"https:\/\/www.sbq.org.br\/ensino\/wp-json\/wp\/v2\/types\/page"}],"author":[{"embeddable":true,"href":"https:\/\/www.sbq.org.br\/ensino\/wp-json\/wp\/v2\/users\/1"}],"replies":[{"embeddable":true,"href":"https:\/\/www.sbq.org.br\/ensino\/wp-json\/wp\/v2\/comments?post=3"}],"version-history":[{"count":1,"href":"https:\/\/www.sbq.org.br\/ensino\/wp-json\/wp\/v2\/pages\/3\/revisions"}],"predecessor-version":[{"id":175,"href":"https:\/\/www.sbq.org.br\/ensino\/wp-json\/wp\/v2\/pages\/3\/revisions\/175"}],"wp:attachment":[{"href":"https:\/\/www.sbq.org.br\/ensino\/wp-json\/wp\/v2\/media?parent=3"}],"curies":[{"name":"wp","href":"https:\/\/api.w.org\/{rel}","templated":true}]}}