{"id":151,"date":"2024-05-14T09:56:16","date_gmt":"2024-05-14T12:56:16","guid":{"rendered":"https:\/\/hub.aptor.software\/wordpress\/ensino\/?page_id=151"},"modified":"2024-07-09T09:35:30","modified_gmt":"2024-07-09T12:35:30","slug":"seja-bem-vindo-a-divisao-de-ensino-de-quimica-da-sbq","status":"publish","type":"page","link":"https:\/\/www.sbq.org.br\/ensino\/","title":{"rendered":"Seja bem-vindo \u00e0 Divis\u00e3o de Ensino de Qu\u00edmica da SBQ"},"content":{"rendered":"\n<p><strong>Nova diretoria da Divis\u00e3o de Ensino de Qu\u00edmica empossada.<\/strong><\/p>\n\n\n\n<p>Durante a 47\u00aa Assembleia Geral Ordin\u00e1ria (AGO) da Sociedade Brasileira de Qu\u00edmica no dia 25 de maio de 2024 tomaram posse os novos membros da diretoria, conselhos consultivo e fiscal, diretorias de divis\u00f5es cient\u00edficas e de secretarias regionais. Os Eleitos para a gest\u00e3o 2024-2026 da Divis\u00e3o de Ensino s\u00e3o:<\/p>\n\n\n\n<p>Bruno Silva Leite (Diretor)<\/p>\n\n\n\n<p>Camila Silveira da Silva (vice-diretora)<\/p>\n\n\n\n<p>Amadeu Moura Bego (Tesoureiro)<\/p>\n\n\n\n<p>Diretoria da Divis\u00e3o de Ensino<br>Sociedade Brasileira de Qu\u00edmica<\/p>\n","protected":false},"excerpt":{"rendered":"<p>Nova diretoria da Divis\u00e3o de Ensino de Qu\u00edmica empossada. Durante a 47\u00aa Assembleia Geral Ordin\u00e1ria (AGO) da Sociedade Brasileira de Qu\u00edmica no dia 25 de maio de 2024 tomaram posse os novos membros da diretoria, conselhos consultivo e fiscal, diretorias de divis\u00f5es cient\u00edficas e de secretarias regionais. Os Eleitos para a gest\u00e3o 2024-2026 da Divis\u00e3o [&hellip;]<\/p>\n","protected":false},"author":1,"featured_media":0,"parent":0,"menu_order":0,"comment_status":"closed","ping_status":"closed","template":"","meta":{"footnotes":""},"_links":{"self":[{"href":"https:\/\/www.sbq.org.br\/ensino\/wp-json\/wp\/v2\/pages\/151"}],"collection":[{"href":"https:\/\/www.sbq.org.br\/ensino\/wp-json\/wp\/v2\/pages"}],"about":[{"href":"https:\/\/www.sbq.org.br\/ensino\/wp-json\/wp\/v2\/types\/page"}],"author":[{"embeddable":true,"href":"https:\/\/www.sbq.org.br\/ensino\/wp-json\/wp\/v2\/users\/1"}],"replies":[{"embeddable":true,"href":"https:\/\/www.sbq.org.br\/ensino\/wp-json\/wp\/v2\/comments?post=151"}],"version-history":[{"count":2,"href":"https:\/\/www.sbq.org.br\/ensino\/wp-json\/wp\/v2\/pages\/151\/revisions"}],"predecessor-version":[{"id":189,"href":"https:\/\/www.sbq.org.br\/ensino\/wp-json\/wp\/v2\/pages\/151\/revisions\/189"}],"wp:attachment":[{"href":"https:\/\/www.sbq.org.br\/ensino\/wp-json\/wp\/v2\/media?parent=151"}],"curies":[{"name":"wp","href":"https:\/\/api.w.org\/{rel}","templated":true}]}}