{"id":86,"date":"2024-05-14T09:20:55","date_gmt":"2024-05-14T12:20:55","guid":{"rendered":"https:\/\/hub.aptor.software\/wordpress\/eletroquimica\/?page_id=86"},"modified":"2025-01-25T09:37:53","modified_gmt":"2025-01-25T12:37:53","slug":"seja-bem-vindo-a-divisao-de-eletroquimica-e-eletroanalitica-da-sbq","status":"publish","type":"page","link":"https:\/\/www.sbq.org.br\/eletroquimica\/","title":{"rendered":"Seja bem-vindo \u00e0 Divis\u00e3o de Eletroqu\u00edmica e Eletroanal\u00edtica da SBQ"},"content":{"rendered":"\n<p>Prezados amigos,<\/p>\n\n\n\n<p>A diretoria da divis\u00e3o de Eletroqu\u00edmica e Eletroanal\u00edtica de 2024-2026 convida a todos para participar deste site, com not\u00edcias acad\u00eamico\/cient\u00edficas, divulga\u00e7\u00e3o de workshops e reuni\u00f5es cient\u00edficas e possibilidade de bolsas e empregos.<\/p>\n\n\n\n<p>Cr\u00edticas e sugest\u00f5es s\u00e3o bem-vindas!<\/p>\n\n\n\n<p>Wallans Torres Pio dos Santos (Diretor)<\/p>\n\n\n\n<p>Cristiane Luisa Jost (Vice-Diretora)<\/p>\n\n\n\n<p>Josimar Ribeiro (Tesoureiro)<\/p>\n","protected":false},"excerpt":{"rendered":"<p>Prezados amigos, A diretoria da divis\u00e3o de Eletroqu\u00edmica e Eletroanal\u00edtica de 2024-2026 convida a todos para participar deste site, com not\u00edcias acad\u00eamico\/cient\u00edficas, divulga\u00e7\u00e3o de workshops e reuni\u00f5es cient\u00edficas e possibilidade de bolsas e empregos. Cr\u00edticas e sugest\u00f5es s\u00e3o bem-vindas! Wallans Torres Pio dos Santos (Diretor) Cristiane Luisa Jost (Vice-Diretora) Josimar Ribeiro (Tesoureiro)<\/p>\n","protected":false},"author":1,"featured_media":0,"parent":0,"menu_order":0,"comment_status":"closed","ping_status":"closed","template":"","meta":{"footnotes":""},"_links":{"self":[{"href":"https:\/\/www.sbq.org.br\/eletroquimica\/wp-json\/wp\/v2\/pages\/86"}],"collection":[{"href":"https:\/\/www.sbq.org.br\/eletroquimica\/wp-json\/wp\/v2\/pages"}],"about":[{"href":"https:\/\/www.sbq.org.br\/eletroquimica\/wp-json\/wp\/v2\/types\/page"}],"author":[{"embeddable":true,"href":"https:\/\/www.sbq.org.br\/eletroquimica\/wp-json\/wp\/v2\/users\/1"}],"replies":[{"embeddable":true,"href":"https:\/\/www.sbq.org.br\/eletroquimica\/wp-json\/wp\/v2\/comments?post=86"}],"version-history":[{"count":3,"href":"https:\/\/www.sbq.org.br\/eletroquimica\/wp-json\/wp\/v2\/pages\/86\/revisions"}],"predecessor-version":[{"id":134,"href":"https:\/\/www.sbq.org.br\/eletroquimica\/wp-json\/wp\/v2\/pages\/86\/revisions\/134"}],"wp:attachment":[{"href":"https:\/\/www.sbq.org.br\/eletroquimica\/wp-json\/wp\/v2\/media?parent=86"}],"curies":[{"name":"wp","href":"https:\/\/api.w.org\/{rel}","templated":true}]}}