{"id":19,"date":"2024-01-10T10:49:10","date_gmt":"2024-01-10T13:49:10","guid":{"rendered":"https:\/\/www.sbq.org.br\/eletroquimica\/?page_id=19"},"modified":"2025-01-25T09:35:40","modified_gmt":"2025-01-25T12:35:40","slug":"links","status":"publish","type":"page","link":"https:\/\/www.sbq.org.br\/eletroquimica\/links\/","title":{"rendered":"Links"},"content":{"rendered":"\n<h5 class=\"wp-block-heading\">Grupos de Pesquisa<\/h5>\n\n\n\n<p><a href=\"http:\/\/gem.iqm.unicamp.br\/\" target=\"_blank\" rel=\"noreferrer noopener\">Grupo de Eletroforese Capilar e Microssistemas de An\u00e1lise (GEM)<\/a><\/p>\n\n\n\n<p>Pesquisador Respons\u00e1vel: Jos\u00e9 Alberto Fracassi da Silva<br>E-mail para contato:&nbsp;<a href=\"mailto:fracassi@iqm.unicamp.br\">fracassi@iqm.unicamp.br<\/a><\/p>\n\n\n\n<p><a href=\"https:\/\/www.sbq.org.br\/eletroquimica\/www.lnes.iqm.unicamp.br\" target=\"_blank\" rel=\"noreferrer noopener\">Laborat\u00f3rio de Nanotecnologia e Energia Solar<\/a><\/p>\n\n\n\n<p>Pesquisador Respons\u00e1vel: Ana Flavia Nogueira<br>E-mail para contato:&nbsp;<a href=\"mailto:anaflavia@iqm.unicamp.br\">anaflavia@iqm.unicamp.br<\/a><\/p>\n\n\n\n<p><a href=\"https:\/\/sites.google.com\/site\/jonasgruber3\/\" target=\"_blank\" rel=\"noreferrer noopener\">Grupo de S\u00edntese de Pol\u00edmeros Condutores<\/a><\/p>\n\n\n\n<p>Pesquisador Respons\u00e1vel: Prof. Dr. Jonas Gruber<br>E-mail para contato:&nbsp;<a href=\"mailto:jogruber@iq.usp.br\">jogruber@iq.usp.br<\/a><\/p>\n\n\n\n<p><a href=\"http:\/\/laboratoriodia.wix.com\/site\" target=\"_blank\" rel=\"noreferrer noopener\">DIA &#8211; Desenvolvimento de Instrumenta\u00e7\u00e3o, Automa\u00e7\u00e3o e Metodologia Anal\u00edtica<\/a><\/p>\n\n\n\n<p>Pesquisador Respons\u00e1vel: Suzana L. Nixdorf\/Carlos A. P. Camara<br>E-mail para contato:&nbsp;<a href=\"mailto:snixdorf@uel.br\">snixdorf@uel.br<\/a>&nbsp;ou&nbsp;<a href=\"mailto:camara@uel.br\">camara@uel.br<\/a><\/p>\n\n\n\n<p><a href=\"http:\/\/prope.unesp.br\/grupos_pesquisa\/grupo_detalhado.php?id_grupo=03301062SY0HI5\" target=\"_blank\" rel=\"noreferrer noopener\">Grupo de Pesquisa em Eletroanal\u00edtica e Sensores (GPES)<\/a><\/p>\n\n\n\n<p>Pesquisador Respons\u00e1vel: Marcos Fernando de Souza Teixeira<br>E-mail para contato:&nbsp;<a href=\"mailto:funcao@fct.unesp.br\">funcao@fct.unesp.br<\/a><\/p>\n\n\n\n<p><a href=\"http:\/\/www.ufscar.br\/lape\/\" target=\"_blank\" rel=\"noreferrer noopener\">Laborat\u00f3rio de Pesquisas em Eletroqu\u00edmica \u2013 LaPE<\/a><\/p>\n\n\n\n<p>Pesquisadores respons\u00e1veis: Nerilso Bocchi, Romeu C. Rocha Filho e Sonia R. Biaggio<br>E-mail contato:&nbsp;<a href=\"mailto:bocchi@ufscar.br\">bocchi@ufscar.br<\/a>&nbsp;ou&nbsp;<a href=\"mailto:romeu@ufscar.br\">romeu@ufscar.br<\/a>&nbsp;ou&nbsp;<a href=\"mailto:biaggio@ufscar.br\">biaggio@ufscar.br<\/a><\/p>\n\n\n\n<p><a href=\"http:\/\/gmav.webnode.com.br\/\" target=\"_blank\" rel=\"noreferrer noopener\">Grupo de Materiais e M\u00e9todos Avan\u00e7ados (GMAv \/ UFABC)<\/a><\/p>\n\n\n\n<p>Pesquisador Respons\u00e1vel: Frank Nelson Crespilho<br>E-mail para contato:&nbsp;<a href=\"mailto:frank.crespilho@ufabc.edu.br\">frank.crespilho@ufabc.edu.br<\/a><\/p>\n\n\n\n<p><a href=\"http:\/\/dgp.cnpq.br\/buscaoperacional\/detalhegrupo.jsp?grupo=8312403ZBKS1DU%20\" target=\"_blank\" rel=\"noreferrer noopener\">Biomol\u00e9culas e Cat\u00e1lise<\/a><\/p>\n\n\n\n<p>Pesquisador Respons\u00e1vel: Liu Yao Cho e Milton Beltrme J\u00fanior<br>E-mail para contato:&nbsp;<a href=\"mailto:liu@univap.br\">liu@univap.br<\/a><\/p>\n\n\n\n<p><a href=\"http:\/\/www.iq.usp.br\/docente\/?id=mbertott\" target=\"_blank\" rel=\"noreferrer noopener\">LSEME (Laborat\u00f3rio de Sensores Eletroqu\u00edmicos e M\u00e9todos Eletroanal\u00edticos)<\/a><\/p>\n\n\n\n<p>Pesquisador Respons\u00e1vel: Mauro Bertotti<br>E-mail para contato:&nbsp;<a href=\"mailto:mbertott@iq.usp.br\">mbertott@iq.usp.br<\/a><\/p>\n\n\n\n<p><a href=\"http:\/\/%20www.iqsc.usp.br\/dfq\/index.php?filename=grupo&amp;id=19\" target=\"_blank\" rel=\"noreferrer noopener\">Grupo de Eletroqu\u00edmica Interfacial<\/a><\/p>\n\n\n\n<p>Pesquisador Respons\u00e1vel: Artur de Jesus Motheo<br>E-mail para contato:&nbsp;<a href=\"mailto:artur@iqsc.usp.br\">artur@iqsc.usp.br<\/a><\/p>\n\n\n\n<p><a href=\"http:\/\/www.ufjf.br\/nupis\/\" target=\"_blank\" rel=\"noreferrer noopener\">N\u00facleo de Pesquisa em Instrumenta\u00e7\u00e3o e Separa\u00e7\u00f5es Anal\u00edticas (NUPIS)<\/a><\/p>\n\n\n\n<p>Pesquisador Respons\u00e1vel: Renato Camargo Matos<br>E-mail para contato:&nbsp;<a href=\"mailto:renato.matos@ufjf.edu.br\">renato.matos@ufjf.edu.br<\/a><\/p>\n\n\n\n<p><a href=\"http:\/\/%20leen.ufam.edu.br\/\" target=\"_blank\" rel=\"noreferrer noopener\">Grupo de Eletroqu\u00edmica e Materiais Avan\u00e7ados &#8211; GEMATA<\/a><\/p>\n\n\n\n<p>Pesquisador Respons\u00e1vel: Leandro Ap. Pocrifka<br>E-mail para contato:&nbsp;<a href=\"mailto:pocrifka@gmail.com\">pocrifka@gmail.com<\/a><\/p>\n\n\n\n<p><a href=\"http:\/\/%20www.g2e.uff.br\/\" target=\"_blank\" rel=\"noreferrer noopener\">Grupo de Eletroqu\u00edmica e Eletroanal\u00edtica -G2E<\/a><\/p>\n\n\n\n<p>Pesquisador Respons\u00e1vel: Eduardo Ariel Ponzio<br>E-mail para contato:&nbsp;<a href=\"mailto:eaponzio@vm.uff.br\">eaponzio@vm.uff.br<\/a><\/p>\n\n\n\n<p><a href=\"http:\/\/sites.usp.br\/leea\/\" target=\"_blank\" rel=\"noreferrer noopener\">Laborat\u00f3rio de Eletrocat\u00e1lise e Eletroqu\u00edmica Ambiental<\/a><\/p>\n\n\n\n<p>Pesquisadores Respons\u00e1veis: Adalgisa Rodrigues de Andrade e &nbsp;Paulo Olivi<\/p>\n\n\n\n<p>e-mail para contato:\u00a0<a href=\"mailto:ardandra@ffclrp.usp.br\">ardandra@ffclrp.usp.br<\/a>\u00a0&#8211;\u00a0<a href=\"mailto:olivip@ffclrp.usp.br\">olivip@ffclrp.usp.br<\/a><\/p>\n\n\n\n<p><a href=\"https:\/\/joagrothur.wixsite.com\/lpde\">Laborat\u00f3rio de Pesquisa e Desenvolvimento em Eletroqu\u00edmica<\/a> &#8211; LPDE<\/p>\n\n\n\n<p>Pesquisador Respons\u00e1vel: Josimar Ribeiro<\/p>\n\n\n\n<p>E-mail para contato: labpdeletroq@gmail.com<\/p>\n\n\n\n<p> <\/p>\n","protected":false},"excerpt":{"rendered":"<p>Grupos de Pesquisa Grupo de Eletroforese Capilar e Microssistemas de An\u00e1lise (GEM) Pesquisador Respons\u00e1vel: Jos\u00e9 Alberto Fracassi da SilvaE-mail para contato:&nbsp;fracassi@iqm.unicamp.br Laborat\u00f3rio de Nanotecnologia e Energia Solar Pesquisador Respons\u00e1vel: Ana Flavia NogueiraE-mail para contato:&nbsp;anaflavia@iqm.unicamp.br Grupo de S\u00edntese de Pol\u00edmeros Condutores Pesquisador Respons\u00e1vel: Prof. Dr. Jonas GruberE-mail para contato:&nbsp;jogruber@iq.usp.br DIA &#8211; Desenvolvimento de Instrumenta\u00e7\u00e3o, Automa\u00e7\u00e3o e [&hellip;]<\/p>\n","protected":false},"author":1,"featured_media":0,"parent":0,"menu_order":0,"comment_status":"closed","ping_status":"closed","template":"","meta":{"footnotes":""},"_links":{"self":[{"href":"https:\/\/www.sbq.org.br\/eletroquimica\/wp-json\/wp\/v2\/pages\/19"}],"collection":[{"href":"https:\/\/www.sbq.org.br\/eletroquimica\/wp-json\/wp\/v2\/pages"}],"about":[{"href":"https:\/\/www.sbq.org.br\/eletroquimica\/wp-json\/wp\/v2\/types\/page"}],"author":[{"embeddable":true,"href":"https:\/\/www.sbq.org.br\/eletroquimica\/wp-json\/wp\/v2\/users\/1"}],"replies":[{"embeddable":true,"href":"https:\/\/www.sbq.org.br\/eletroquimica\/wp-json\/wp\/v2\/comments?post=19"}],"version-history":[{"count":4,"href":"https:\/\/www.sbq.org.br\/eletroquimica\/wp-json\/wp\/v2\/pages\/19\/revisions"}],"predecessor-version":[{"id":133,"href":"https:\/\/www.sbq.org.br\/eletroquimica\/wp-json\/wp\/v2\/pages\/19\/revisions\/133"}],"wp:attachment":[{"href":"https:\/\/www.sbq.org.br\/eletroquimica\/wp-json\/wp\/v2\/media?parent=19"}],"curies":[{"name":"wp","href":"https:\/\/api.w.org\/{rel}","templated":true}]}}