{"id":32,"date":"2024-01-19T08:40:52","date_gmt":"2024-01-19T11:40:52","guid":{"rendered":"https:\/\/www.sbq.org.br\/distritofederal\/?page_id=32"},"modified":"2024-01-19T10:10:46","modified_gmt":"2024-01-19T13:10:46","slug":"v-encontro-regional-sbq-co","status":"publish","type":"page","link":"https:\/\/www.sbq.org.br\/distritofederal\/v-encontro-regional-sbq-co\/","title":{"rendered":"V Encontro Regional SBQ-CO"},"content":{"rendered":"\n<p><em><strong>V Encontro Regional da Sociedade Brasileira de Qu\u00edmica, Centro-Oeste<\/strong><\/em><\/p>\n\n\n\n<h3 class=\"wp-block-heading\"><em><strong>Per\u00edodo de Realiza\u00e7\u00e3o: 28-30-de mar\u00e7o de 2022<\/strong><\/em><\/h3>\n\n\n\n<p><em><strong>Inscri\u00e7\u00f5es em Breve (a partir de 01 de dezembro de 2021)<\/strong><\/em><\/p>\n\n\n\n<p><em><strong>Data final de inscri\u00e7\u00f5es: 30 de janeiro de 2022.&nbsp;&nbsp;<\/strong><\/em><\/p>\n\n\n\n<p><em><strong><em>Maiores Informa\u00e7\u00f5es: <a href=\"mailto:ersbq.co@gmail.com\">ersbq.co@gmail.com<\/a><\/em><\/strong><\/em><\/p>\n\n\n\n<p><em><strong><em><a href=\"mailto:sbq.regionaldf@gmail.com\">sbq.regionaldf@gmail.com<\/a><\/em><\/strong><\/em><\/p>\n\n\n\n<p><strong>As datas de submiss\u00e3o e inscri\u00e7\u00e3o foram prorrogadas!&nbsp;<\/strong><\/p>\n\n\n\n<p>Encontre a programa\u00e7\u00e3o do V ER SBQ-CO em&nbsp;<\/p>\n\n\n\n<figure class=\"wp-block-embed is-type-wp-embed is-provider-v-encontro-regional-sbq-co wp-block-embed-v-encontro-regional-sbq-co\"><div class=\"wp-block-embed__wrapper\">\n<blockquote class=\"wp-embedded-content\" data-secret=\"wl9smhBwNj\"><a href=\"https:\/\/sbqco2022.wordpress.com\/\">V Encontro Regional SBQ Centro&nbsp;Oeste<\/a><\/blockquote><iframe class=\"wp-embedded-content\" sandbox=\"allow-scripts\" security=\"restricted\" style=\"position: absolute; clip: rect(1px, 1px, 1px, 1px);\" title=\"&#8220;V Encontro Regional SBQ Centro&nbsp;Oeste&#8221; &#8212; V Encontro Regional SBQ-CO\" src=\"https:\/\/sbqco2022.wordpress.com\/embed\/#?secret=Iaq8SXJlea#?secret=wl9smhBwNj\" data-secret=\"wl9smhBwNj\" width=\"500\" height=\"282\" frameborder=\"0\" marginwidth=\"0\" marginheight=\"0\" scrolling=\"no\"><\/iframe>\n<\/div><\/figure>\n\n\n\n<p>As inscri\u00e7\u00f5es est\u00e3o dispon\u00edveis em&nbsp;<\/p>\n\n\n\n<p><a href=\"https:\/\/ciente.studio\/sbqco2022\">https:\/\/ciente.studio\/sbqco2022<\/a><\/p>\n\n\n\n<p>Instagram: <a href=\"https:\/\/www.instagram.com\/ersbqco\" rel=\"noreferrer noopener\" target=\"_blank\">https:\/\/www.instagram.com\/ersbqco<\/a>&nbsp;<\/p>\n\n\n\n<p>Facebook: <a href=\"https:\/\/www.facebook.com\/ersbqco\" rel=\"noreferrer noopener\" target=\"_blank\">https:\/\/www.facebook.com\/ersbqco<\/a><\/p>\n\n\n\n<p>Universidade de Bras\u00edlia<\/p>\n\n\n\n<p>segunda-feira, 28 Mar\u00e7o, 2022 &#8211; 10:00 to quarta-feira, 30 Mar\u00e7o, 2022 &#8211; 17:00<\/p>\n","protected":false},"excerpt":{"rendered":"<p>V Encontro Regional da Sociedade Brasileira de Qu\u00edmica, Centro-Oeste Per\u00edodo de Realiza\u00e7\u00e3o: 28-30-de mar\u00e7o de 2022 Inscri\u00e7\u00f5es em Breve (a partir de 01 de dezembro de 2021) Data final de inscri\u00e7\u00f5es: 30 de janeiro de 2022.&nbsp;&nbsp; Maiores Informa\u00e7\u00f5es: ersbq.co@gmail.com sbq.regionaldf@gmail.com As datas de submiss\u00e3o e inscri\u00e7\u00e3o foram prorrogadas!&nbsp; Encontre a programa\u00e7\u00e3o do V ER SBQ-CO [&hellip;]<\/p>\n","protected":false},"author":1,"featured_media":0,"parent":0,"menu_order":0,"comment_status":"closed","ping_status":"closed","template":"","meta":{"footnotes":""},"_links":{"self":[{"href":"https:\/\/www.sbq.org.br\/distritofederal\/wp-json\/wp\/v2\/pages\/32"}],"collection":[{"href":"https:\/\/www.sbq.org.br\/distritofederal\/wp-json\/wp\/v2\/pages"}],"about":[{"href":"https:\/\/www.sbq.org.br\/distritofederal\/wp-json\/wp\/v2\/types\/page"}],"author":[{"embeddable":true,"href":"https:\/\/www.sbq.org.br\/distritofederal\/wp-json\/wp\/v2\/users\/1"}],"replies":[{"embeddable":true,"href":"https:\/\/www.sbq.org.br\/distritofederal\/wp-json\/wp\/v2\/comments?post=32"}],"version-history":[{"count":3,"href":"https:\/\/www.sbq.org.br\/distritofederal\/wp-json\/wp\/v2\/pages\/32\/revisions"}],"predecessor-version":[{"id":51,"href":"https:\/\/www.sbq.org.br\/distritofederal\/wp-json\/wp\/v2\/pages\/32\/revisions\/51"}],"wp:attachment":[{"href":"https:\/\/www.sbq.org.br\/distritofederal\/wp-json\/wp\/v2\/media?parent=32"}],"curies":[{"name":"wp","href":"https:\/\/api.w.org\/{rel}","templated":true}]}}