{"id":2,"date":"2023-12-13T17:30:50","date_gmt":"2023-12-13T20:30:50","guid":{"rendered":"https:\/\/www.sbq.org.br\/regional_df\/?page_id=2"},"modified":"2025-12-11T12:45:22","modified_gmt":"2025-12-11T15:45:22","slug":"pagina-exemplo","status":"publish","type":"page","link":"https:\/\/www.sbq.org.br\/distritofederal\/","title":{"rendered":"Seja bem-vindo \u00e0 Secretaria Regional do Distrito Federal da SBQ"},"content":{"rendered":"\n<div class=\"wp-block-group has-small-font-size has-global-padding is-layout-constrained wp-container-core-group-layout-9 wp-block-group-is-layout-constrained\" style=\"margin-top:0;margin-bottom:0;padding-top:0;padding-right:0;padding-bottom:0;padding-left:0\">\n<div class=\"wp-block-columns are-vertically-aligned-center is-layout-flex wp-container-core-columns-layout-1 wp-block-columns-is-layout-flex\">\n<div class=\"wp-block-column has-white-color has-text-color has-background has-link-color has-small-font-size wp-elements-853fc14d363f7300ee2a9ff399a82bbf is-layout-flow wp-block-column-is-layout-flow\" style=\"background-color:#2c5aa1;padding-right:0;padding-left:0;flex-basis:25%\">\n<div class=\"wp-block-group is-vertical is-layout-flex wp-container-core-group-layout-1 wp-block-group-is-layout-flex\">\n<h4 class=\"wp-block-heading\">Informa\u00e7\u00f5es<\/h4>\n<\/div>\n\n\n\n<ul>\n<li>Sobre a Secretaria<\/li>\n\n\n\n<li>Diretoria<\/li>\n\n\n\n<li>Prop\u00f3sito<\/li>\n\n\n\n<li>Eventos<\/li>\n\n\n\n<li>Contato<\/li>\n<\/ul>\n\n\n\n<p class=\"has-text-align-center has-small-font-size\"><sub>Secretaria Regional do Distrito Federal<br>Sociedade Brasileira de Qu\u00edmica<\/sub><\/p>\n<\/div>\n\n\n\n<div class=\"wp-block-column is-layout-flow wp-block-column-is-layout-flow\" style=\"flex-basis:50%\">\n<h3 class=\"wp-block-heading\">Bem vindo(a) \u00e0 SBQ-DF!<\/h3>\n\n\n\n<p>Aqui voc\u00ea pode acompanhar as atividades da nossa secretaria.<\/p>\n\n\n\n<p>Para cadastrar sua institui\u00e7\u00e3o, enviar not\u00edcias ou divulgar pesquisas, entre em contato no email <a href=\"mailto:sbq.regionaldf@gmail.com\" target=\"_blank\" rel=\"noreferrer noopener\">sbq.regionaldf@gmail.com<\/a><a>.<\/a><\/p>\n\n\n\n<div class=\"wp-block-group has-border-color has-background has-global-padding is-layout-constrained wp-container-core-group-layout-2 wp-block-group-is-layout-constrained\" style=\"border-color:#2c5aa1;border-radius:12px;background-color:#f7f7f7;margin-top:0;margin-bottom:0;padding-top:var(--wp--preset--spacing--30);padding-right:var(--wp--preset--spacing--30);padding-bottom:var(--wp--preset--spacing--30);padding-left:var(--wp--preset--spacing--30)\">\n<h5 class=\"wp-block-heading\">IX Encontro Regional SBQ-CO<\/h5>\n\n\n\n<h6 class=\"wp-block-heading\">Qu\u00edmica Sustent\u00e1vel e Inova\u00e7\u00e3o: Caminhos para a Seguran\u00e7a H\u00eddrica<\/h6>\n\n\n\n<p>Data: 18-21 de outubro de 2026<\/p>\n\n\n\n<p>Local: Instituto de Qu\u00edmica\/UnB<\/p>\n\n\n\n<p><em>Inscri\u00e7\u00f5es em breve<\/em><\/p>\n\n\n\n<h6 class=\"wp-block-heading\">Concurso de Logomarca<\/h6>\n\n\n\n<p>A Secretaria far\u00e1 um concurso de design de logos para o IX Encontro Regional SBQ-CO, em que o vencedor ser\u00e1 isento de pagar a taxa de inscri\u00e7\u00e3o para o congresso. Para mais informa\u00e7\u00f5es, mantenha-se atento \u00e0s p\u00e1ginas do SBQ-CO e da SBQ-DF.<\/p>\n<\/div>\n\n\n\n<div class=\"wp-block-group has-global-padding is-layout-constrained wp-block-group-is-layout-constrained\">\n<p>Siga as novas redes sociais da SBQ-DF para manter-se atualizado a respeito de atividades e not\u00edcias!<\/p>\n<\/div>\n\n\n\n<div class=\"wp-block-group is-nowrap is-layout-flex wp-container-core-group-layout-4 wp-block-group-is-layout-flex\">\n<ul class=\"wp-block-social-links is-layout-flex wp-block-social-links-is-layout-flex\"><li class=\"wp-social-link wp-social-link-instagram  wp-block-social-link\"><a href=\"https:\/\/instagram.com\/sbq_df\/\" class=\"wp-block-social-link-anchor\"><svg width=\"24\" height=\"24\" viewBox=\"0 0 24 24\" version=\"1.1\" xmlns=\"http:\/\/www.w3.org\/2000\/svg\" aria-hidden=\"true\" focusable=\"false\"><path d=\"M12,4.622c2.403,0,2.688,0.009,3.637,0.052c0.877,0.04,1.354,0.187,1.671,0.31c0.42,0.163,0.72,0.358,1.035,0.673 c0.315,0.315,0.51,0.615,0.673,1.035c0.123,0.317,0.27,0.794,0.31,1.671c0.043,0.949,0.052,1.234,0.052,3.637 s-0.009,2.688-0.052,3.637c-0.04,0.877-0.187,1.354-0.31,1.671c-0.163,0.42-0.358,0.72-0.673,1.035 c-0.315,0.315-0.615,0.51-1.035,0.673c-0.317,0.123-0.794,0.27-1.671,0.31c-0.949,0.043-1.233,0.052-3.637,0.052 s-2.688-0.009-3.637-0.052c-0.877-0.04-1.354-0.187-1.671-0.31c-0.42-0.163-0.72-0.358-1.035-0.673 c-0.315-0.315-0.51-0.615-0.673-1.035c-0.123-0.317-0.27-0.794-0.31-1.671C4.631,14.688,4.622,14.403,4.622,12 s0.009-2.688,0.052-3.637c0.04-0.877,0.187-1.354,0.31-1.671c0.163-0.42,0.358-0.72,0.673-1.035 c0.315-0.315,0.615-0.51,1.035-0.673c0.317-0.123,0.794-0.27,1.671-0.31C9.312,4.631,9.597,4.622,12,4.622 M12,3 C9.556,3,9.249,3.01,8.289,3.054C7.331,3.098,6.677,3.25,6.105,3.472C5.513,3.702,5.011,4.01,4.511,4.511 c-0.5,0.5-0.808,1.002-1.038,1.594C3.25,6.677,3.098,7.331,3.054,8.289C3.01,9.249,3,9.556,3,12c0,2.444,0.01,2.751,0.054,3.711 c0.044,0.958,0.196,1.612,0.418,2.185c0.23,0.592,0.538,1.094,1.038,1.594c0.5,0.5,1.002,0.808,1.594,1.038 c0.572,0.222,1.227,0.375,2.185,0.418C9.249,20.99,9.556,21,12,21s2.751-0.01,3.711-0.054c0.958-0.044,1.612-0.196,2.185-0.418 c0.592-0.23,1.094-0.538,1.594-1.038c0.5-0.5,0.808-1.002,1.038-1.594c0.222-0.572,0.375-1.227,0.418-2.185 C20.99,14.751,21,14.444,21,12s-0.01-2.751-0.054-3.711c-0.044-0.958-0.196-1.612-0.418-2.185c-0.23-0.592-0.538-1.094-1.038-1.594 c-0.5-0.5-1.002-0.808-1.594-1.038c-0.572-0.222-1.227-0.375-2.185-0.418C14.751,3.01,14.444,3,12,3L12,3z M12,7.378 c-2.552,0-4.622,2.069-4.622,4.622S9.448,16.622,12,16.622s4.622-2.069,4.622-4.622S14.552,7.378,12,7.378z M12,15 c-1.657,0-3-1.343-3-3s1.343-3,3-3s3,1.343,3,3S13.657,15,12,15z M16.804,6.116c-0.596,0-1.08,0.484-1.08,1.08 s0.484,1.08,1.08,1.08c0.596,0,1.08-0.484,1.08-1.08S17.401,6.116,16.804,6.116z\"><\/path><\/svg><span class=\"wp-block-social-link-label screen-reader-text\">Instagram<\/span><\/a><\/li><\/ul>\n\n\n\n<p><a href=\"https:\/\/www.instagram.com\/sbq_df\/\" target=\"_blank\" rel=\"noreferrer noopener\">@sbq_df<\/a><\/p>\n<\/div>\n\n\n\n<div class=\"wp-block-group is-nowrap is-layout-flex wp-container-core-group-layout-5 wp-block-group-is-layout-flex\">\n<ul class=\"wp-block-social-links is-layout-flex wp-block-social-links-is-layout-flex\"><li class=\"wp-social-link wp-social-link-youtube  wp-block-social-link\"><a href=\"https:\/\/www.youtube.com\/channel\/UCcEOTdcZjnaZtWASdL59kRg\" class=\"wp-block-social-link-anchor\"><svg width=\"24\" height=\"24\" viewBox=\"0 0 24 24\" version=\"1.1\" xmlns=\"http:\/\/www.w3.org\/2000\/svg\" aria-hidden=\"true\" focusable=\"false\"><path d=\"M21.8,8.001c0,0-0.195-1.378-0.795-1.985c-0.76-0.797-1.613-0.801-2.004-0.847c-2.799-0.202-6.997-0.202-6.997-0.202 h-0.009c0,0-4.198,0-6.997,0.202C4.608,5.216,3.756,5.22,2.995,6.016C2.395,6.623,2.2,8.001,2.2,8.001S2,9.62,2,11.238v1.517 c0,1.618,0.2,3.237,0.2,3.237s0.195,1.378,0.795,1.985c0.761,0.797,1.76,0.771,2.205,0.855c1.6,0.153,6.8,0.201,6.8,0.201 s4.203-0.006,7.001-0.209c0.391-0.047,1.243-0.051,2.004-0.847c0.6-0.607,0.795-1.985,0.795-1.985s0.2-1.618,0.2-3.237v-1.517 C22,9.62,21.8,8.001,21.8,8.001z M9.935,14.594l-0.001-5.62l5.404,2.82L9.935,14.594z\"><\/path><\/svg><span class=\"wp-block-social-link-label screen-reader-text\">YouTube<\/span><\/a><\/li><\/ul>\n\n\n\n<p><a href=\"https:\/\/www.youtube.com\/channel\/UCcEOTdcZjnaZtWASdL59kRg\"><\/a><a href=\"https:\/\/www.youtube.com\/channel\/UCcEOTdcZjnaZtWASdL59kRg\/\" target=\"_blank\" rel=\"noreferrer noopener\">SBQ Regional DF<\/a><\/p>\n<\/div>\n<\/div>\n\n\n\n<div class=\"wp-block-column is-layout-flow wp-block-column-is-layout-flow\" style=\"flex-basis:25%\">\n<div class=\"wp-block-group is-vertical is-layout-flex wp-container-core-group-layout-7 wp-block-group-is-layout-flex\">\n<h4 class=\"wp-block-heading\">Not\u00edcias<\/h4>\n\n\n<ul style=\"padding-right:0;padding-left:0;padding-top:0;padding-bottom:0;\" class=\"wp-block-latest-posts__list has-dates has-link-color has-text-color has-dark-gray-color has-background has-base-background-color wp-block-latest-posts has-small-font-size wp-elements-45ae37db8e065daec15d0ab1967b9707 is-layout-flow wp-block-latest-posts-is-layout-flow\"><li><a class=\"wp-block-latest-posts__post-title\" href=\"https:\/\/www.sbq.org.br\/distritofederal\/v-encontro-regional-sbq-co\/\">V Encontro Regional SBQ-CO<\/a><time datetime=\"2022-01-27T21:30:59-03:00\" class=\"wp-block-latest-posts__post-date\">27 de janeiro de 2022<\/time><\/li>\n<\/ul>\n\n\n<hr class=\"wp-block-separator has-text-color has-alpha-channel-opacity has-background\" style=\"margin-top:0;margin-bottom:0;background-color:#2c5aa1;color:#2c5aa1\" \/>\n\n\n\n<hr class=\"wp-block-separator has-text-color has-alpha-channel-opacity has-background is-style-wide is-layout-flow wp-block-separator-is-layout-flow\" style=\"margin-top:0;margin-bottom:0;background-color:#2c5aa1;color:#2c5aa1\" \/>\n\n\n\n<div class=\"wp-block-group is-vertical is-layout-flex wp-container-core-group-layout-6 wp-block-group-is-layout-flex\">\n<h5 class=\"wp-block-heading\">Contato<\/h5>\n\n\n\n<p>Instituto de Qu\u00edmica, Universidade de Bras\u00edlia<\/p>\n\n\n\n<p>CEP: 70910-900, Campus Darcy Ribeiro<\/p>\n\n\n\n<p>Telefone: (61) 3107-3886<\/p>\n\n\n\n<p>Email: <a href=\"mailto:sbq.regionaldf@gmail.com\" target=\"_blank\" rel=\"noreferrer noopener\">sbq.regionaldf@gmail.com<\/a><\/p>\n\n\n\n<section id=\"section-05795cbc-8bfb-4aeb-8e7e-75aea5d9ca44\" class=\"wp-block-gutentor-divider section-05795cbc-8bfb-4aeb-8e7e-75aea5d9ca44 gutentor-element gutentor-section gutentor-divider text-left\"><div class=\"grid-container\"><div class=\"gutentor-divider-box\"><span class=\"gutentor-divider-separator\"><\/span><\/div><\/div><\/section>\n\n\n\n<hr class=\"wp-block-separator has-text-color has-alpha-channel-opacity has-background\" style=\"margin-top:var(--wp--preset--spacing--30);margin-bottom:var(--wp--preset--spacing--30);background-color:#2c5aa1;color:#2c5aa1\" \/>\n<\/div>\n<\/div>\n<\/div>\n<\/div>\n\n\n\n<div class=\"wp-block-group is-content-justification-center is-layout-flex wp-container-core-group-layout-8 wp-block-group-is-layout-flex\">\n<div class=\"wp-block-columns is-layout-flex wp-container-core-columns-layout-2 wp-block-columns-is-layout-flex\">\n<div class=\"wp-block-column is-layout-flow wp-block-column-is-layout-flow\" style=\"flex-basis:25%\"><\/div>\n\n\n\n<div class=\"wp-block-column is-layout-flow wp-block-column-is-layout-flow\" style=\"flex-basis:50%\"><\/div>\n\n\n\n<div class=\"wp-block-column is-layout-flow wp-block-column-is-layout-flow\" style=\"flex-basis:25%\"><\/div>\n<\/div>\n<\/div>\n<\/div>\n","protected":false},"excerpt":{"rendered":"<p>Informa\u00e7\u00f5es Secretaria Regional do Distrito FederalSociedade Brasileira de Qu\u00edmica Bem vindo(a) \u00e0 SBQ-DF! Aqui voc\u00ea pode acompanhar as atividades da nossa secretaria. Para cadastrar sua institui\u00e7\u00e3o, enviar not\u00edcias ou divulgar pesquisas, entre em contato no email sbq.regionaldf@gmail.com. IX Encontro Regional SBQ-CO Qu\u00edmica Sustent\u00e1vel e Inova\u00e7\u00e3o: Caminhos para a Seguran\u00e7a H\u00eddrica Data: 18-21 de outubro de [&hellip;]<\/p>\n","protected":false},"author":1,"featured_media":0,"parent":0,"menu_order":0,"comment_status":"closed","ping_status":"open","template":"","meta":{"footnotes":""},"_links":{"self":[{"href":"https:\/\/www.sbq.org.br\/distritofederal\/wp-json\/wp\/v2\/pages\/2"}],"collection":[{"href":"https:\/\/www.sbq.org.br\/distritofederal\/wp-json\/wp\/v2\/pages"}],"about":[{"href":"https:\/\/www.sbq.org.br\/distritofederal\/wp-json\/wp\/v2\/types\/page"}],"author":[{"embeddable":true,"href":"https:\/\/www.sbq.org.br\/distritofederal\/wp-json\/wp\/v2\/users\/1"}],"replies":[{"embeddable":true,"href":"https:\/\/www.sbq.org.br\/distritofederal\/wp-json\/wp\/v2\/comments?post=2"}],"version-history":[{"count":21,"href":"https:\/\/www.sbq.org.br\/distritofederal\/wp-json\/wp\/v2\/pages\/2\/revisions"}],"predecessor-version":[{"id":203,"href":"https:\/\/www.sbq.org.br\/distritofederal\/wp-json\/wp\/v2\/pages\/2\/revisions\/203"}],"wp:attachment":[{"href":"https:\/\/www.sbq.org.br\/distritofederal\/wp-json\/wp\/v2\/media?parent=2"}],"curies":[{"name":"wp","href":"https:\/\/api.w.org\/{rel}","templated":true}]}}