{"id":144,"date":"2025-11-03T20:11:07","date_gmt":"2025-11-03T23:11:07","guid":{"rendered":"https:\/\/www.sbq.org.br\/distritofederal\/?page_id=144"},"modified":"2025-12-10T18:58:07","modified_gmt":"2025-12-10T21:58:07","slug":"ix-encontro-regional-sbq-co","status":"publish","type":"page","link":"https:\/\/www.sbq.org.br\/distritofederal\/ix-encontro-regional-sbq-co\/","title":{"rendered":"IX Encontro Regional SBQ-CO"},"content":{"rendered":"\n<div class=\"wp-block-columns is-layout-flex wp-container-core-columns-layout-1 wp-block-columns-is-layout-flex\">\n<div class=\"wp-block-column is-layout-flow wp-block-column-is-layout-flow\" style=\"flex-basis:100%\"><\/div>\n<\/div>\n\n\n\n<div class=\"wp-block-group has-global-padding is-layout-constrained wp-block-group-is-layout-constrained\">\n<div class=\"wp-block-columns is-layout-flex wp-container-core-columns-layout-2 wp-block-columns-is-layout-flex\">\n<div class=\"wp-block-column is-layout-flow wp-block-column-is-layout-flow\">\n<h2 class=\"wp-block-heading\"><em>IX Encontro Regional da Sociedade Brasileira de Qu\u00edmica, Centro-Oeste<\/em><\/h2>\n<\/div>\n<\/div>\n<\/div>\n\n\n\n<h5 class=\"wp-block-heading\">Qu\u00edmica Sustent\u00e1vel e Inova\u00e7\u00e3o: Caminhos para a Seguran\u00e7a H\u00eddrica<\/h5>\n\n\n\n<p>Per\u00edodo de Realiza\u00e7\u00e3o: 18-21 de outubro de 2026<\/p>\n\n\n\n<p>Local: Instituto de Qu\u00edmica\/UnB<\/p>\n\n\n\n<p><em>Inscri\u00e7\u00f5es em breve<\/em><\/p>\n\n\n\n<h5 class=\"wp-block-heading\">Concurso de Logomarca<\/h5>\n\n\n\n<p>A Secretaria far\u00e1 um concurso de design de logos para o IX Encontro Regional SBQ-CO, em que o vencedor ser\u00e1 isento de pagar a taxa de inscri\u00e7\u00e3o para o congresso. Para mais informa\u00e7\u00f5es, mantenha-se atento \u00e0s p\u00e1ginas do SBQ-CO e da SBQ-DF.<\/p>\n","protected":false},"excerpt":{"rendered":"<p>IX Encontro Regional da Sociedade Brasileira de Qu\u00edmica, Centro-Oeste Qu\u00edmica Sustent\u00e1vel e Inova\u00e7\u00e3o: Caminhos para a Seguran\u00e7a H\u00eddrica Per\u00edodo de Realiza\u00e7\u00e3o: 18-21 de outubro de 2026 Local: Instituto de Qu\u00edmica\/UnB Inscri\u00e7\u00f5es em breve Concurso de Logomarca A Secretaria far\u00e1 um concurso de design de logos para o IX Encontro Regional SBQ-CO, em que o vencedor [&hellip;]<\/p>\n","protected":false},"author":21,"featured_media":0,"parent":0,"menu_order":0,"comment_status":"closed","ping_status":"closed","template":"","meta":{"footnotes":""},"_links":{"self":[{"href":"https:\/\/www.sbq.org.br\/distritofederal\/wp-json\/wp\/v2\/pages\/144"}],"collection":[{"href":"https:\/\/www.sbq.org.br\/distritofederal\/wp-json\/wp\/v2\/pages"}],"about":[{"href":"https:\/\/www.sbq.org.br\/distritofederal\/wp-json\/wp\/v2\/types\/page"}],"author":[{"embeddable":true,"href":"https:\/\/www.sbq.org.br\/distritofederal\/wp-json\/wp\/v2\/users\/21"}],"replies":[{"embeddable":true,"href":"https:\/\/www.sbq.org.br\/distritofederal\/wp-json\/wp\/v2\/comments?post=144"}],"version-history":[{"count":4,"href":"https:\/\/www.sbq.org.br\/distritofederal\/wp-json\/wp\/v2\/pages\/144\/revisions"}],"predecessor-version":[{"id":175,"href":"https:\/\/www.sbq.org.br\/distritofederal\/wp-json\/wp\/v2\/pages\/144\/revisions\/175"}],"wp:attachment":[{"href":"https:\/\/www.sbq.org.br\/distritofederal\/wp-json\/wp\/v2\/media?parent=144"}],"curies":[{"name":"wp","href":"https:\/\/api.w.org\/{rel}","templated":true}]}}