{"id":31,"date":"2024-01-19T08:35:25","date_gmt":"2024-01-19T11:35:25","guid":{"rendered":"https:\/\/www.sbq.org.br\/ceara\/?page_id=31"},"modified":"2024-01-19T08:36:20","modified_gmt":"2024-01-19T11:36:20","slug":"historia-da-quimica-no-ceara","status":"publish","type":"page","link":"https:\/\/www.sbq.org.br\/ceara\/historia-da-quimica-no-ceara\/","title":{"rendered":"Hist\u00f3ria da Qu\u00edmica no Cear\u00e1"},"content":{"rendered":"","protected":false},"excerpt":{"rendered":"","protected":false},"author":1,"featured_media":0,"parent":0,"menu_order":0,"comment_status":"closed","ping_status":"closed","template":"insctitucional","meta":{"footnotes":""},"_links":{"self":[{"href":"https:\/\/www.sbq.org.br\/ceara\/wp-json\/wp\/v2\/pages\/31"}],"collection":[{"href":"https:\/\/www.sbq.org.br\/ceara\/wp-json\/wp\/v2\/pages"}],"about":[{"href":"https:\/\/www.sbq.org.br\/ceara\/wp-json\/wp\/v2\/types\/page"}],"author":[{"embeddable":true,"href":"https:\/\/www.sbq.org.br\/ceara\/wp-json\/wp\/v2\/users\/1"}],"replies":[{"embeddable":true,"href":"https:\/\/www.sbq.org.br\/ceara\/wp-json\/wp\/v2\/comments?post=31"}],"version-history":[{"count":1,"href":"https:\/\/www.sbq.org.br\/ceara\/wp-json\/wp\/v2\/pages\/31\/revisions"}],"predecessor-version":[{"id":32,"href":"https:\/\/www.sbq.org.br\/ceara\/wp-json\/wp\/v2\/pages\/31\/revisions\/32"}],"wp:attachment":[{"href":"https:\/\/www.sbq.org.br\/ceara\/wp-json\/wp\/v2\/media?parent=31"}],"curies":[{"name":"wp","href":"https:\/\/api.w.org\/{rel}","templated":true}]}}