{"id":3,"date":"2014-09-26T21:09:51","date_gmt":"2014-09-27T00:09:51","guid":{"rendered":"https:\/\/www.sbq.org.br\/regional_ceara\/sobre-a-secretaria-regional-do-ceara\/"},"modified":"2024-01-19T08:35:54","modified_gmt":"2024-01-19T11:35:54","slug":"sobre-a-secretaria-regional-do-ceara","status":"publish","type":"page","link":"https:\/\/www.sbq.org.br\/ceara\/sobre-a-secretaria-regional-do-ceara\/","title":{"rendered":"Sobre a Secretaria Regional do Cear\u00e1"},"content":{"rendered":"<p><span style=\"font-size: 13.008px;\">O Estado do Cear\u00e1 conta com uma Secretaria Regional da SBQ, que tem como principal objetivo dar suporte ao s\u00f3cios locais e contribuir com a divulga\u00e7\u00e3o da Qu\u00edmica nas suas diversas vertentes.<\/span><\/p>\n<p>&nbsp;<\/p>\n<p><em><span style=\"font-size: 13.008px;\">A dire\u00e7\u00e3o atual (2022-2024), tem como integrantes:<\/span><\/em><\/p>\n<p><span style=\"font-size: 13.008px;\"><strong>Secret\u00e1rio:<\/strong>&nbsp;<\/span><span style=\"font-size: 13.008px;\">Prof. H\u00e9lder Almeida (UVA\/CE) |&nbsp;<\/span><a href=\"http:\/\/lattes.cnpq.br\/1159121182069479\" style=\"font-size: 13.008px;\">Curr\u00edculo Lattes<\/a><\/p>\n<p><span style=\"font-size: 13.008px;\"><strong>Vice-secret\u00e1rio:<\/strong>&nbsp;<\/span><span style=\"font-size: 13.008px;\">Prof. Adonay Loiola (UFC) |&nbsp;<\/span><a href=\"http:\/\/lattes.cnpq.br\/9807982856173580\" style=\"font-size: 13.008px;\">Curr\u00edculo Lattes<\/a><\/p>\n<p><span style=\"font-size: 13.008px;\"><strong>Tesoureiro:<\/strong> Prof. Murilo Juli\u00e3o (UVA\/CE) | <a href=\"http:\/\/lattes.cnpq.br\/5614810371433862\">Curr\u00edculo Lattes<\/a><\/span><\/p>\n","protected":false},"excerpt":{"rendered":"<p>O Estado do Cear\u00e1 conta com uma Secretaria Regional da SBQ, que tem como principal objetivo dar suporte ao s\u00f3cios locais e contribuir com a divulga\u00e7\u00e3o da Qu\u00edmica nas suas diversas vertentes. &nbsp; A dire\u00e7\u00e3o atual (2022-2024), tem como integrantes: Secret\u00e1rio:&nbsp;Prof. H\u00e9lder Almeida (UVA\/CE) |&nbsp;Curr\u00edculo Lattes Vice-secret\u00e1rio:&nbsp;Prof. Adonay Loiola (UFC) |&nbsp;Curr\u00edculo Lattes Tesoureiro: Prof. Murilo [&hellip;]<\/p>\n","protected":false},"author":1,"featured_media":0,"parent":0,"menu_order":0,"comment_status":"closed","ping_status":"closed","template":"insctitucional","meta":{"footnotes":""},"_links":{"self":[{"href":"https:\/\/www.sbq.org.br\/ceara\/wp-json\/wp\/v2\/pages\/3"}],"collection":[{"href":"https:\/\/www.sbq.org.br\/ceara\/wp-json\/wp\/v2\/pages"}],"about":[{"href":"https:\/\/www.sbq.org.br\/ceara\/wp-json\/wp\/v2\/types\/page"}],"author":[{"embeddable":true,"href":"https:\/\/www.sbq.org.br\/ceara\/wp-json\/wp\/v2\/users\/1"}],"replies":[{"embeddable":true,"href":"https:\/\/www.sbq.org.br\/ceara\/wp-json\/wp\/v2\/comments?post=3"}],"version-history":[{"count":2,"href":"https:\/\/www.sbq.org.br\/ceara\/wp-json\/wp\/v2\/pages\/3\/revisions"}],"predecessor-version":[{"id":35,"href":"https:\/\/www.sbq.org.br\/ceara\/wp-json\/wp\/v2\/pages\/3\/revisions\/35"}],"wp:attachment":[{"href":"https:\/\/www.sbq.org.br\/ceara\/wp-json\/wp\/v2\/media?parent=3"}],"curies":[{"name":"wp","href":"https:\/\/api.w.org\/{rel}","templated":true}]}}