{"id":27,"date":"2024-01-19T08:35:02","date_gmt":"2024-01-19T11:35:02","guid":{"rendered":"https:\/\/www.sbq.org.br\/ceara\/?page_id=27"},"modified":"2024-01-19T08:39:13","modified_gmt":"2024-01-19T11:39:13","slug":"diretoria","status":"publish","type":"page","link":"https:\/\/www.sbq.org.br\/ceara\/diretoria\/","title":{"rendered":"Diretoria"},"content":{"rendered":"\n<div class=\"wp-block-group is-nowrap is-layout-flex wp-container-core-group-layout-2 wp-block-group-is-layout-flex\">\n<figure class=\"wp-block-image size-full\"><img loading=\"lazy\" decoding=\"async\" width=\"64\" height=\"64\" src=\"http:\/\/www.sbq.org.br\/ceara\/wp-content\/uploads\/sites\/19\/2024\/01\/francisco.rodrigues2022.png\" alt=\"\" class=\"wp-image-38\"\/><\/figure>\n\n\n\n<div class=\"wp-block-group is-vertical is-layout-flex wp-container-core-group-layout-1 wp-block-group-is-layout-flex\">\n<p class=\"is-layout-flow wp-block-paragraph-is-layout-flow\">Francisco H. A. Rodrigues<\/p>\n\n\n\n<p>Secret\u00e1rio<\/p>\n\n\n\n<p>UVA<\/p>\n<\/div>\n<\/div>\n\n\n\n<div class=\"wp-block-group is-nowrap is-layout-flex wp-container-core-group-layout-4 wp-block-group-is-layout-flex\">\n<figure class=\"wp-block-image size-full\"><img loading=\"lazy\" decoding=\"async\" width=\"64\" height=\"64\" src=\"http:\/\/www.sbq.org.br\/ceara\/wp-content\/uploads\/sites\/19\/2024\/01\/adonay_ceara.png\" alt=\"\" class=\"wp-image-39\"\/><\/figure>\n\n\n\n<div class=\"wp-block-group is-vertical is-layout-flex wp-container-core-group-layout-3 wp-block-group-is-layout-flex\">\n<p class=\"is-layout-flow wp-block-paragraph-is-layout-flow\">Adonay Rodrigues Loiola<\/p>\n\n\n\n<p class=\"is-layout-flow wp-block-paragraph-is-layout-flow\">Vice-Secret\u00e1rio<\/p>\n\n\n\n<p class=\"is-layout-flow wp-block-paragraph-is-layout-flow\">UFC<\/p>\n<\/div>\n<\/div>\n\n\n\n<div class=\"wp-block-group is-nowrap is-layout-flex wp-container-core-group-layout-6 wp-block-group-is-layout-flex\">\n<figure class=\"wp-block-image size-full\"><img loading=\"lazy\" decoding=\"async\" width=\"64\" height=\"64\" src=\"http:\/\/www.sbq.org.br\/ceara\/wp-content\/uploads\/sites\/19\/2024\/01\/murilo-juliao2022.png\" alt=\"\" class=\"wp-image-41\"\/><\/figure>\n\n\n\n<div class=\"wp-block-group is-vertical is-layout-flex wp-container-core-group-layout-5 wp-block-group-is-layout-flex\">\n<p class=\"is-layout-flow wp-block-paragraph-is-layout-flow\">Murilo S\u00e9rgio da S. Juli\u00e3o<\/p>\n\n\n\n<p class=\"is-layout-flow wp-block-paragraph-is-layout-flow\">Tesoureiro<\/p>\n\n\n\n<p class=\"is-layout-flow wp-block-paragraph-is-layout-flow\">UVA<\/p>\n<\/div>\n<\/div>\n","protected":false},"excerpt":{"rendered":"<p>Francisco H. A. Rodrigues Secret\u00e1rio UVA Adonay Rodrigues Loiola Vice-Secret\u00e1rio UFC Murilo S\u00e9rgio da S. Juli\u00e3o Tesoureiro UVA<\/p>\n","protected":false},"author":1,"featured_media":0,"parent":0,"menu_order":0,"comment_status":"closed","ping_status":"closed","template":"insctitucional","meta":{"footnotes":""},"_links":{"self":[{"href":"https:\/\/www.sbq.org.br\/ceara\/wp-json\/wp\/v2\/pages\/27"}],"collection":[{"href":"https:\/\/www.sbq.org.br\/ceara\/wp-json\/wp\/v2\/pages"}],"about":[{"href":"https:\/\/www.sbq.org.br\/ceara\/wp-json\/wp\/v2\/types\/page"}],"author":[{"embeddable":true,"href":"https:\/\/www.sbq.org.br\/ceara\/wp-json\/wp\/v2\/users\/1"}],"replies":[{"embeddable":true,"href":"https:\/\/www.sbq.org.br\/ceara\/wp-json\/wp\/v2\/comments?post=27"}],"version-history":[{"count":4,"href":"https:\/\/www.sbq.org.br\/ceara\/wp-json\/wp\/v2\/pages\/27\/revisions"}],"predecessor-version":[{"id":42,"href":"https:\/\/www.sbq.org.br\/ceara\/wp-json\/wp\/v2\/pages\/27\/revisions\/42"}],"wp:attachment":[{"href":"https:\/\/www.sbq.org.br\/ceara\/wp-json\/wp\/v2\/media?parent=27"}],"curies":[{"name":"wp","href":"https:\/\/api.w.org\/{rel}","templated":true}]}}