{"id":12,"date":"2024-01-10T15:50:59","date_gmt":"2024-01-10T18:50:59","guid":{"rendered":"https:\/\/www.sbq.org.br\/ceara\/?page_id=12"},"modified":"2024-01-10T15:50:59","modified_gmt":"2024-01-10T18:50:59","slug":"noticias","status":"publish","type":"page","link":"https:\/\/www.sbq.org.br\/ceara\/noticias\/","title":{"rendered":"Not\u00edcias"},"content":{"rendered":"\n<section id=\"g7062b5\" class=\"wp-block-gutentor-p4 section-g7062b5 gutentor-post-module gutentor-advanced-post-module\" data-gpid=\"12\" data-l-ani=\"gp4-animation-1\" data-i-b=\"gutentor\/p1\" data-maxnumpages=\"1\">\n\n<section class=\"gutentor-post-module section-490e6d05-c5ae-49b9-add1-f2d9d3b6ef11 gutentor-post-module-p1 gutentor_p1_template1 wp-block-gutentor-p1 gutentor-blog-grid\" id=\"490e6d05-c5ae-49b9-add1-f2d9d3b6ef11\" data-gbid=\"490e6d05-c5ae-49b9-add1-f2d9d3b6ef11\" >\n<div class='grid-container'><div class='grid-row' ><article class='gutentor-post gutentor-post-no-thumb  grid-lg-12 grid-md-4 grid-12'><div class='gutentor-post-item'><div class=\"gutentor-post-title-data-wrap\"><h3 class=\"gutentor-post-title\"><a href=\"https:\/\/www.sbq.org.br\/ceara\/atraso-no-resultado-do-pibic-compromete-a-base-da-pesquisa-no-brasil\/\" rel=\"bookmark\">Atraso no resultado do PIBIC compromete a base da pesquisa no Brasil<\/a><\/h3><\/div><div class=\"gutentor-entry-meta gutentor-entry-meta-primary\"><div class=\"author vcard\"><i class=\"far fa-user\"><\/i><a href=\"https:\/\/www.sbq.org.br\/ceara\/atraso-no-resultado-do-pibic-compromete-a-base-da-pesquisa-no-brasil\/\" rel=\"bookmark\">suporte<\/a><\/div><div class=\"posted-on\"><i class=\"far fa-calendar-alt\"><\/i><a href=\"https:\/\/www.sbq.org.br\/ceara\/atraso-no-resultado-do-pibic-compromete-a-base-da-pesquisa-no-brasil\/\" rel=\"bookmark\">14 de setembro de 2020<\/a><\/div><div class=\"gutentor-meta-categories\"><i class=\"fas fa-tags\"><\/i><a href=\"https:\/\/www.sbq.org.br\/ceara\/category\/article\/\" rel=\"category tag\">article<\/a><\/div><\/div><div class=\"gutentor-post-desc\">A redu\u00e7\u00e3o de investimentos nos \u00faltimos anos na \u00e1rea da ci\u00eancia, e a continuidade das atividades de p&hellip;<\/div><a class=\"gutentor-button gutentor-post-button\"  href=\"https:\/\/www.sbq.org.br\/ceara\/atraso-no-resultado-do-pibic-compromete-a-base-da-pesquisa-no-brasil\/\" href=\"https:\/\/www.sbq.org.br\/ceara\/atraso-no-resultado-do-pibic-compromete-a-base-da-pesquisa-no-brasil\/\"><span>Read More<\/span><\/a><\/div><\/article><\/div><\/div><\/section>\n\n\n<div id=\"section-gea19b4\" class=\"wp-block-gutentor-e17 section-gea19b4 gutentor-element gutentor-post-footer\"><div class=\"grid-container\"><div class=\"grid-row\">\n<div id=\"col-gm35b22b\" class=\"wp-block-gutentor-e15 gutentor-single-column  grid-lg-12 grid-md-12 grid-12\"><div id=\"section-gm35b22b\" class=\"section-gm35b22b gutentor-col-wrap\">\n<div id=\"section-g064c8a\" class=\"wp-block-gutentor-e12 section-g064c8a gutentor-element gutentor-element-pagination text-align-center-mobile\"><div class=\"gutentor-pagination-wrap\" data-maxnumpages=\"1\"><ul class=\"gutentor-pagination\"><li class=\"gutentor-pagination-item gutentor-pagination-prev\"><a class=\"gutentor-pagination-link gutentor-disabled\" href=\"#\"><i class=\"fas fa-chevron-left\"><\/i>Previous<\/a><\/li><li class=\"gutentor-pagination-item gutentor-pagination-active\" data-gpage=\"1\"><a class=\"gutentor-pagination-link\" href=\"#\">1<\/a><\/li><li class=\"gutentor-pagination-item gutentor-pagination-next\"><a class=\"gutentor-pagination-link gutentor-disabled\" href=\"#\" data-gpage=\"2\">Next<i class=\"fas fa-chevron-right\"><\/i><\/a><\/li><\/ul><\/div><\/div>\n<\/div><\/div>\n<\/div><\/div><\/div>\n<\/section>\n","protected":false},"excerpt":{"rendered":"","protected":false},"author":1,"featured_media":0,"parent":0,"menu_order":0,"comment_status":"closed","ping_status":"closed","template":"","meta":{"footnotes":""},"_links":{"self":[{"href":"https:\/\/www.sbq.org.br\/ceara\/wp-json\/wp\/v2\/pages\/12"}],"collection":[{"href":"https:\/\/www.sbq.org.br\/ceara\/wp-json\/wp\/v2\/pages"}],"about":[{"href":"https:\/\/www.sbq.org.br\/ceara\/wp-json\/wp\/v2\/types\/page"}],"author":[{"embeddable":true,"href":"https:\/\/www.sbq.org.br\/ceara\/wp-json\/wp\/v2\/users\/1"}],"replies":[{"embeddable":true,"href":"https:\/\/www.sbq.org.br\/ceara\/wp-json\/wp\/v2\/comments?post=12"}],"version-history":[{"count":1,"href":"https:\/\/www.sbq.org.br\/ceara\/wp-json\/wp\/v2\/pages\/12\/revisions"}],"predecessor-version":[{"id":13,"href":"https:\/\/www.sbq.org.br\/ceara\/wp-json\/wp\/v2\/pages\/12\/revisions\/13"}],"wp:attachment":[{"href":"https:\/\/www.sbq.org.br\/ceara\/wp-json\/wp\/v2\/media?parent=12"}],"curies":[{"name":"wp","href":"https:\/\/api.w.org\/{rel}","templated":true}]}}