{"id":93,"date":"2024-05-13T17:24:02","date_gmt":"2024-05-13T20:24:02","guid":{"rendered":"https:\/\/hub.aptor.software\/wordpress\/catalise\/?page_id=93"},"modified":"2024-05-13T17:24:02","modified_gmt":"2024-05-13T20:24:02","slug":"links","status":"publish","type":"page","link":"https:\/\/www.sbq.org.br\/catalise\/links\/","title":{"rendered":"Links"},"content":{"rendered":"\n<p><a href=\"http:\/\/www.sbcat.deq.ufscar.br\/\" target=\"_blank\" rel=\"noreferrer noopener\">Sociedade Brasileira de Cat\u00e1lise<\/a><\/p>\n\n\n\n<p>A Sociedade Brasileira de Cat\u00e1lise (SBCat) foi criada em 1997, como evolu\u00e7\u00e3o normal da Comiss\u00e3o de Cat\u00e1lise do IBP e congrega professores, pesquisadores, profissionais e estudantes de p\u00f3s-gradua\u00e7\u00e3o e gradua\u00e7\u00e3o do Brasil que atuam nas \u00e1reas de Engenharia Qu\u00edmica, Qu\u00edmica, Engenharia de Materiais, F\u00edsica com \u00eanfase em Cat\u00e1lise. Organiza bianualmente o Congresso Brasileiro de Cat\u00e1lise.<\/p>\n","protected":false},"excerpt":{"rendered":"<p>Sociedade Brasileira de Cat\u00e1lise A Sociedade Brasileira de Cat\u00e1lise (SBCat) foi criada em 1997, como evolu\u00e7\u00e3o normal da Comiss\u00e3o de Cat\u00e1lise do IBP e congrega professores, pesquisadores, profissionais e estudantes de p\u00f3s-gradua\u00e7\u00e3o e gradua\u00e7\u00e3o do Brasil que atuam nas \u00e1reas de Engenharia Qu\u00edmica, Qu\u00edmica, Engenharia de Materiais, F\u00edsica com \u00eanfase em Cat\u00e1lise. Organiza bianualmente o [&hellip;]<\/p>\n","protected":false},"author":1,"featured_media":0,"parent":0,"menu_order":0,"comment_status":"closed","ping_status":"closed","template":"","meta":{"footnotes":""},"_links":{"self":[{"href":"https:\/\/www.sbq.org.br\/catalise\/wp-json\/wp\/v2\/pages\/93"}],"collection":[{"href":"https:\/\/www.sbq.org.br\/catalise\/wp-json\/wp\/v2\/pages"}],"about":[{"href":"https:\/\/www.sbq.org.br\/catalise\/wp-json\/wp\/v2\/types\/page"}],"author":[{"embeddable":true,"href":"https:\/\/www.sbq.org.br\/catalise\/wp-json\/wp\/v2\/users\/1"}],"replies":[{"embeddable":true,"href":"https:\/\/www.sbq.org.br\/catalise\/wp-json\/wp\/v2\/comments?post=93"}],"version-history":[{"count":1,"href":"https:\/\/www.sbq.org.br\/catalise\/wp-json\/wp\/v2\/pages\/93\/revisions"}],"predecessor-version":[{"id":94,"href":"https:\/\/www.sbq.org.br\/catalise\/wp-json\/wp\/v2\/pages\/93\/revisions\/94"}],"wp:attachment":[{"href":"https:\/\/www.sbq.org.br\/catalise\/wp-json\/wp\/v2\/media?parent=93"}],"curies":[{"name":"wp","href":"https:\/\/api.w.org\/{rel}","templated":true}]}}