{"id":86,"date":"2024-05-13T17:16:31","date_gmt":"2024-05-13T20:16:31","guid":{"rendered":"https:\/\/hub.aptor.software\/wordpress\/catalise\/?page_id=86"},"modified":"2024-05-13T17:16:31","modified_gmt":"2024-05-13T20:16:31","slug":"seja-bem-vindo-a-divisao-de-catalise-da-sbq","status":"publish","type":"page","link":"https:\/\/www.sbq.org.br\/catalise\/","title":{"rendered":"Seja bem-vindo \u00e0 Divis\u00e3o de Cat\u00e1lise da SBQ"},"content":{"rendered":"\n<p>A Divis\u00e3o de Cat\u00e1lise defende os interesses de pesquisadores e estudantes que desenvolvem pesquisas na \u00e1rea de cat\u00e1lise, incluindo a s\u00edntese e caracteriza\u00e7\u00e3o de catalisadores (metais, \u00f3xidos met\u00e1licos, complexos met\u00e1licos e organomet\u00e1licos, enzimas (biocat\u00e1lise), mol\u00e9culas org\u00e2nicas (organocat\u00e1lise), etc.), o emprego de catalisadores para as mais variadas aplica\u00e7\u00f5es e todas as \u00e1reas correlatas.<\/p>\n\n\n\n<p>Venha fazer parte da nossa divis\u00e3o e usufruir do toda a programa\u00e7\u00e3o especialmente desenhada para voc\u00ea.<\/p>\n","protected":false},"excerpt":{"rendered":"<p>A Divis\u00e3o de Cat\u00e1lise defende os interesses de pesquisadores e estudantes que desenvolvem pesquisas na \u00e1rea de cat\u00e1lise, incluindo a s\u00edntese e caracteriza\u00e7\u00e3o de catalisadores (metais, \u00f3xidos met\u00e1licos, complexos met\u00e1licos e organomet\u00e1licos, enzimas (biocat\u00e1lise), mol\u00e9culas org\u00e2nicas (organocat\u00e1lise), etc.), o emprego de catalisadores para as mais variadas aplica\u00e7\u00f5es e todas as \u00e1reas correlatas. Venha fazer parte [&hellip;]<\/p>\n","protected":false},"author":1,"featured_media":0,"parent":0,"menu_order":0,"comment_status":"closed","ping_status":"closed","template":"","meta":{"footnotes":""},"_links":{"self":[{"href":"https:\/\/www.sbq.org.br\/catalise\/wp-json\/wp\/v2\/pages\/86"}],"collection":[{"href":"https:\/\/www.sbq.org.br\/catalise\/wp-json\/wp\/v2\/pages"}],"about":[{"href":"https:\/\/www.sbq.org.br\/catalise\/wp-json\/wp\/v2\/types\/page"}],"author":[{"embeddable":true,"href":"https:\/\/www.sbq.org.br\/catalise\/wp-json\/wp\/v2\/users\/1"}],"replies":[{"embeddable":true,"href":"https:\/\/www.sbq.org.br\/catalise\/wp-json\/wp\/v2\/comments?post=86"}],"version-history":[{"count":1,"href":"https:\/\/www.sbq.org.br\/catalise\/wp-json\/wp\/v2\/pages\/86\/revisions"}],"predecessor-version":[{"id":87,"href":"https:\/\/www.sbq.org.br\/catalise\/wp-json\/wp\/v2\/pages\/86\/revisions\/87"}],"wp:attachment":[{"href":"https:\/\/www.sbq.org.br\/catalise\/wp-json\/wp\/v2\/media?parent=86"}],"curies":[{"name":"wp","href":"https:\/\/api.w.org\/{rel}","templated":true}]}}