{"id":9,"date":"2024-01-10T15:46:33","date_gmt":"2024-01-10T18:46:33","guid":{"rendered":"https:\/\/www.sbq.org.br\/campinas\/?page_id=9"},"modified":"2024-11-29T10:18:33","modified_gmt":"2024-11-29T13:18:33","slug":"seja-bem-vindo-a-secretaria-regional-de-campinas-da-sbq","status":"publish","type":"page","link":"https:\/\/www.sbq.org.br\/campinas\/seja-bem-vindo-a-secretaria-regional-de-campinas-da-sbq\/","title":{"rendered":"Sobre a Secretaria Regional de Campinas"},"content":{"rendered":"\n<p>A atual gest\u00e3o 2024-2026 te d\u00e1 as boas-vindas \u00e0 SBQ Regional Campinas.<\/p>\n\n\n\n<p>Contatos:<\/p>\n\n\n\n<p><strong>Secret\u00e1ria <\/strong><\/p>\n\n\n\n<p>Professora Doutora Marystela Ferreira<\/p>\n\n\n\n<p>Departamento de F\u00edsica, Qu\u00edmica e Matem\u00e1tica<\/p>\n\n\n\n<p>UFSCar-So<\/p>\n\n\n\n<p><a href=\"http:\/\/lattes.cnpq.br\/4714185516263478\">Lattes<\/a><\/p>\n\n\n\n<p>E-mail: marystela@ufscar.br<\/p>\n\n\n\n<p><strong>Vice-secret\u00e1ria<\/strong><\/p>\n\n\n\n<p>Professora Doutora Carla Beatriz Grespan Bottoli<\/p>\n\n\n\n<p>Instituto de Qu\u00edmica<\/p>\n\n\n\n<p>UNICAMP<\/p>\n\n\n\n<p><a href=\"http:\/\/lattes.cnpq.br\/6894949104612197\">Lattes<\/a><\/p>\n\n\n\n<p>E-mail: carlab@unicamp.br<\/p>\n\n\n\n<p><strong>Tesoureiro<\/strong><\/p>\n\n\n\n<p>Professor Doutor William Reis de Araujo<\/p>\n\n\n\n<p>Instituto de Qu\u00edmica<\/p>\n\n\n\n<p>UNICAMP<\/p>\n\n\n\n<p><a href=\"http:\/\/lattes.cnpq.br\/2175106835600174\" data-type=\"link\" data-id=\"http:\/\/lattes.cnpq.br\/2175106835600174\">Lattes<\/a> <\/p>\n\n\n\n<p>E-mail: wra@unicamp.br<\/p>\n","protected":false},"excerpt":{"rendered":"<p>A atual gest\u00e3o 2024-2026 te d\u00e1 as boas-vindas \u00e0 SBQ Regional Campinas. Contatos: Secret\u00e1ria Professora Doutora Marystela Ferreira Departamento de F\u00edsica, Qu\u00edmica e Matem\u00e1tica UFSCar-So Lattes E-mail: marystela@ufscar.br Vice-secret\u00e1ria Professora Doutora Carla Beatriz Grespan Bottoli Instituto de Qu\u00edmica UNICAMP Lattes E-mail: carlab@unicamp.br Tesoureiro Professor Doutor William Reis de Araujo Instituto de Qu\u00edmica UNICAMP Lattes E-mail: [&hellip;]<\/p>\n","protected":false},"author":1,"featured_media":0,"parent":0,"menu_order":0,"comment_status":"closed","ping_status":"closed","template":"institucional","meta":{"footnotes":""},"_links":{"self":[{"href":"https:\/\/www.sbq.org.br\/campinas\/wp-json\/wp\/v2\/pages\/9"}],"collection":[{"href":"https:\/\/www.sbq.org.br\/campinas\/wp-json\/wp\/v2\/pages"}],"about":[{"href":"https:\/\/www.sbq.org.br\/campinas\/wp-json\/wp\/v2\/types\/page"}],"author":[{"embeddable":true,"href":"https:\/\/www.sbq.org.br\/campinas\/wp-json\/wp\/v2\/users\/1"}],"replies":[{"embeddable":true,"href":"https:\/\/www.sbq.org.br\/campinas\/wp-json\/wp\/v2\/comments?post=9"}],"version-history":[{"count":4,"href":"https:\/\/www.sbq.org.br\/campinas\/wp-json\/wp\/v2\/pages\/9\/revisions"}],"predecessor-version":[{"id":128,"href":"https:\/\/www.sbq.org.br\/campinas\/wp-json\/wp\/v2\/pages\/9\/revisions\/128"}],"wp:attachment":[{"href":"https:\/\/www.sbq.org.br\/campinas\/wp-json\/wp\/v2\/media?parent=9"}],"curies":[{"name":"wp","href":"https:\/\/api.w.org\/{rel}","templated":true}]}}