{"id":11,"date":"2024-01-10T15:47:17","date_gmt":"2024-01-10T18:47:17","guid":{"rendered":"https:\/\/www.sbq.org.br\/campinas\/?page_id=11"},"modified":"2024-11-29T10:38:22","modified_gmt":"2024-11-29T13:38:22","slug":"links","status":"publish","type":"page","link":"https:\/\/www.sbq.org.br\/campinas\/links\/","title":{"rendered":"Links"},"content":{"rendered":"\n<p><a href=\"http:\/\/www.abq.org.br\" target=\"_blank\" rel=\"noreferrer noopener\">Associa\u00e7\u00e3o Brasileira de Qu\u00edmica<\/a><\/p>\n\n\n\n<p>Associa\u00e7\u00e3o Brasileira de Qu\u00edmica<\/p>\n\n\n\n<p><a href=\"http:\/\/www.sbq.org.br\" target=\"_blank\" rel=\"noreferrer noopener\">Sociedade Brasileira de Qu\u00edmica<\/a><\/p>\n\n\n\n<p>http:\/\/www.sbq.org.br<\/p>\n\n\n\n<p><a href=\"http:\/\/www.molinspiration.com\" target=\"_blank\" rel=\"noreferrer noopener\">Desenho de Estruturas Tridimensionais<\/a><\/p>\n\n\n\n<p>\u00c9 poss\u00edvel gerar estruturas 3D e calcular algumas propriedades<\/p>\n\n\n\n<p><a href=\"http:\/\/www.organic-chemistry.org\/prog\/peo\/\" target=\"_blank\" rel=\"noreferrer noopener\">C\u00e1lculo de Propriedades F\u00edsico-Qu\u00edmicas<\/a><\/p>\n\n\n\n<p>http:\/\/www.organic-chemistry.org\/prog\/peo\/<\/p>\n\n\n\n<p><a href=\"http:\/\/www.drugbank.ca\" target=\"_blank\" rel=\"noreferrer noopener\">Informa\u00e7\u00f5es sobre F\u00e1rmacos<\/a><\/p>\n\n\n\n<p>http:\/\/www.drugbank.ca<\/p>\n\n\n\n<p><a href=\"http:\/\/www.rsc.org\" target=\"_blank\" rel=\"noreferrer noopener\">Royal Society of Chemistry<\/a><\/p>\n\n\n\n<p>http:\/\/www.rsc.org<\/p>\n\n\n\n<p><a href=\"http:\/\/www.vcclab.org\/lab\/alogps\/\" target=\"_blank\" rel=\"noreferrer noopener\">C\u00e1lculo de Propriedades F\u00edsico-Qu\u00edmicas<\/a><\/p>\n\n\n\n<p>http:\/\/www.vcclab.org\/lab\/alogps\/<\/p>\n\n\n\n<p><a href=\"http:\/\/www.acs.org\" target=\"_blank\" rel=\"noreferrer noopener\">American Chemical Society<\/a><\/p>\n\n\n\n<p>http:\/\/www.acs.org<\/p>\n\n\n\n<p><a href=\"http:\/\/www.funtrivia.com\/quizzes\/sci__tech\/\" target=\"_blank\" rel=\"noreferrer noopener\">Um pouco de distra\u00e7\u00e3o: Quizzes<\/a><\/p>\n\n\n\n<p>http:\/\/www.funtrivia.com\/quizzes\/sci__tech\/<\/p>\n\n\n\n<p><a href=\"http:\/\/www.nobelprize.org\/\" target=\"_blank\" rel=\"noreferrer noopener\">Nobel Prize<\/a><\/p>\n\n\n\n<p>http:\/\/www.nobelprize.org\/<\/p>\n\n\n\n<p><a href=\"http:\/\/scienceforall-inctbrasil.blogspot.com.br\/\" target=\"_blank\" rel=\"noreferrer noopener\">Science for All<\/a><\/p>\n\n\n\n<p>http:\/\/scienceforall-inctbrasil.blogspot.com.br\/<\/p>\n\n\n\n<p><a href=\"https:\/\/www.facebook.com\/AQuimicadasCoisas\" target=\"_blank\" rel=\"noreferrer noopener\">Canal Qu\u00edmica das Coisas<\/a><\/p>\n\n\n\n<figure class=\"wp-block-embed\"><div class=\"wp-block-embed__wrapper\">\nhttps:\/\/www.facebook.com\/AQuimicadasCoisas\n<\/div><\/figure>\n\n\n\n<p><a href=\"http:\/\/www.youtube.com\/user\/quimicadascoisas\" target=\"_blank\" rel=\"noreferrer noopener\">Canal Qu\u00edmica das Coisas &#8211; V\u00eddeos<\/a><\/p>\n\n\n\n<p>http:\/\/www.youtube.com\/user\/quimicadascoisas<\/p>\n","protected":false},"excerpt":{"rendered":"<p>Associa\u00e7\u00e3o Brasileira de Qu\u00edmica Associa\u00e7\u00e3o Brasileira de Qu\u00edmica Sociedade Brasileira de Qu\u00edmica http:\/\/www.sbq.org.br Desenho de Estruturas Tridimensionais \u00c9 poss\u00edvel gerar estruturas 3D e calcular algumas propriedades C\u00e1lculo de Propriedades F\u00edsico-Qu\u00edmicas http:\/\/www.organic-chemistry.org\/prog\/peo\/ Informa\u00e7\u00f5es sobre F\u00e1rmacos http:\/\/www.drugbank.ca Royal Society of Chemistry http:\/\/www.rsc.org C\u00e1lculo de Propriedades F\u00edsico-Qu\u00edmicas http:\/\/www.vcclab.org\/lab\/alogps\/ American Chemical Society http:\/\/www.acs.org Um pouco de distra\u00e7\u00e3o: Quizzes http:\/\/www.funtrivia.com\/quizzes\/sci__tech\/ [&hellip;]<\/p>\n","protected":false},"author":1,"featured_media":0,"parent":0,"menu_order":0,"comment_status":"closed","ping_status":"closed","template":"","meta":{"footnotes":""},"_links":{"self":[{"href":"https:\/\/www.sbq.org.br\/campinas\/wp-json\/wp\/v2\/pages\/11"}],"collection":[{"href":"https:\/\/www.sbq.org.br\/campinas\/wp-json\/wp\/v2\/pages"}],"about":[{"href":"https:\/\/www.sbq.org.br\/campinas\/wp-json\/wp\/v2\/types\/page"}],"author":[{"embeddable":true,"href":"https:\/\/www.sbq.org.br\/campinas\/wp-json\/wp\/v2\/users\/1"}],"replies":[{"embeddable":true,"href":"https:\/\/www.sbq.org.br\/campinas\/wp-json\/wp\/v2\/comments?post=11"}],"version-history":[{"count":2,"href":"https:\/\/www.sbq.org.br\/campinas\/wp-json\/wp\/v2\/pages\/11\/revisions"}],"predecessor-version":[{"id":133,"href":"https:\/\/www.sbq.org.br\/campinas\/wp-json\/wp\/v2\/pages\/11\/revisions\/133"}],"wp:attachment":[{"href":"https:\/\/www.sbq.org.br\/campinas\/wp-json\/wp\/v2\/media?parent=11"}],"curies":[{"name":"wp","href":"https:\/\/api.w.org\/{rel}","templated":true}]}}