{"id":90,"date":"2024-01-10T15:19:30","date_gmt":"2024-01-10T18:19:30","guid":{"rendered":"https:\/\/www.sbq.org.br\/bahia\/?page_id=90"},"modified":"2024-05-14T10:26:33","modified_gmt":"2024-05-14T13:26:33","slug":"noticias","status":"publish","type":"page","link":"https:\/\/www.sbq.org.br\/bahia\/noticias\/","title":{"rendered":"Not\u00edcias"},"content":{"rendered":"\n<section id=\"g5873fb\" class=\"wp-block-gutentor-p4 section-g5873fb gutentor-post-module gutentor-advanced-post-module\" data-gpid=\"90\" data-l-ani=\"gp4-animation-1\" data-i-b=\"gutentor\/p1\" data-maxnumpages=\"2\">\n\n<section class=\"gutentor-post-module section-c1882cd2-2d05-4c56-9c3f-90077b17700b gutentor-post-module-p1 gutentor_p1_template1 wp-block-gutentor-p1 gutentor-blog-grid\" id=\"c1882cd2-2d05-4c56-9c3f-90077b17700b\" data-gbid=\"c1882cd2-2d05-4c56-9c3f-90077b17700b\" >\n<div class='grid-container'><div class='grid-row' ><article class='gutentor-post gutentor-post-no-thumb  grid-lg-12 grid-md-4 grid-12'><div class='gutentor-post-item'><div class=\"gutentor-post-title-data-wrap\"><h3 class=\"gutentor-post-title\"><a href=\"https:\/\/www.sbq.org.br\/bahia\/ix-eqba-e-adiado\/\" rel=\"bookmark\">IX EQBA \u00e9 adiado<\/a><\/h3><\/div><div class=\"gutentor-post-desc\">Comunicado&nbsp;Prezados, com o avan\u00e7o da pandemia em nosso territ\u00f3rio, v\u00e1rias medidas foram tomadas&hellip;<\/div><a class=\"gutentor-button gutentor-post-button\"  href=\"https:\/\/www.sbq.org.br\/bahia\/ix-eqba-e-adiado\/\" href=\"https:\/\/www.sbq.org.br\/bahia\/ix-eqba-e-adiado\/\"><span>Read More<\/span><\/a><\/div><\/article><article class='gutentor-post gutentor-post-no-thumb  grid-lg-12 grid-md-4 grid-12'><div class='gutentor-post-item'><div class=\"gutentor-post-title-data-wrap\"><h3 class=\"gutentor-post-title\"><a href=\"https:\/\/www.sbq.org.br\/bahia\/encontro-de-quimica-da-bahia-eqba-chega-a-sua-oitava-edicao-em-2018\/\" rel=\"bookmark\">Encontro de Qu\u00edmica da Bahia (EQBA) chega a sua oitava edi\u00e7\u00e3o em 2018<\/a><\/h3><\/div><div class=\"gutentor-post-desc\">A Secretaria Regional da SBQ-BA, juntamente com a Universidade Estadual de Feira de Santana (UEFS), &hellip;<\/div><a class=\"gutentor-button gutentor-post-button\"  href=\"https:\/\/www.sbq.org.br\/bahia\/encontro-de-quimica-da-bahia-eqba-chega-a-sua-oitava-edicao-em-2018\/\" href=\"https:\/\/www.sbq.org.br\/bahia\/encontro-de-quimica-da-bahia-eqba-chega-a-sua-oitava-edicao-em-2018\/\"><span>Read More<\/span><\/a><\/div><\/article><article class='gutentor-post gutentor-post-no-thumb  grid-lg-12 grid-md-4 grid-12'><div class='gutentor-post-item'><div class=\"gutentor-post-title-data-wrap\"><h3 class=\"gutentor-post-title\"><a href=\"https:\/\/www.sbq.org.br\/bahia\/secretaria-regional-da-sbq-bahia-apoia-manifestacao-em-prol-da-ciencia\/\" rel=\"bookmark\">Secretaria Regional da SBQ-Bahia apoia manifesta\u00e7\u00e3o em prol da ci\u00eancia<\/a><\/h3><\/div><div class=\"gutentor-post-desc\">A data de 2 de julho \u00e9 uma data celebrada com grande fervor pela Bahia, j\u00e1 que simboliza a verdadeir&hellip;<\/div><a class=\"gutentor-button gutentor-post-button\"  href=\"https:\/\/www.sbq.org.br\/bahia\/secretaria-regional-da-sbq-bahia-apoia-manifestacao-em-prol-da-ciencia\/\" href=\"https:\/\/www.sbq.org.br\/bahia\/secretaria-regional-da-sbq-bahia-apoia-manifestacao-em-prol-da-ciencia\/\"><span>Read More<\/span><\/a><\/div><\/article><article class='gutentor-post gutentor-post-no-thumb  grid-lg-12 grid-md-4 grid-12'><div class='gutentor-post-item'><div class=\"gutentor-post-title-data-wrap\"><h3 class=\"gutentor-post-title\"><a href=\"https:\/\/www.sbq.org.br\/bahia\/programa-de-pos-graduacao-em-quimica-da-ufba-completa-50-anos\/\" rel=\"bookmark\">Programa de P\u00f3s-Gradua\u00e7\u00e3o em Qu\u00edmica da UFBA completa 50 anos<\/a><\/h3><\/div><div class=\"gutentor-post-desc\">Nesse ano, o Programa de P\u00f3s-Gradua\u00e7\u00e3o em Qu\u00edmica (PPGQUIM) da UFBA comemora seus 50 anos de exist\u00ean&hellip;<\/div><a class=\"gutentor-button gutentor-post-button\"  href=\"https:\/\/www.sbq.org.br\/bahia\/programa-de-pos-graduacao-em-quimica-da-ufba-completa-50-anos\/\" href=\"https:\/\/www.sbq.org.br\/bahia\/programa-de-pos-graduacao-em-quimica-da-ufba-completa-50-anos\/\"><span>Read More<\/span><\/a><\/div><\/article><article class='gutentor-post gutentor-post-no-thumb  grid-lg-12 grid-md-4 grid-12'><div class='gutentor-post-item'><div class=\"gutentor-post-title-data-wrap\"><h3 class=\"gutentor-post-title\"><a href=\"https:\/\/www.sbq.org.br\/bahia\/17th-brazilian-meeting-on-organic-synthesis\/\" rel=\"bookmark\">17th Brazilian Meeting on Organic Synthesis<\/a><\/h3><\/div><div class=\"gutentor-post-desc\">Ocorrer\u00e1 na cidade de Salvador durante 21 e 24 de outubro, o 17th Brazilian Meeting on Organic Synth&hellip;<\/div><a class=\"gutentor-button gutentor-post-button\"  href=\"https:\/\/www.sbq.org.br\/bahia\/17th-brazilian-meeting-on-organic-synthesis\/\" href=\"https:\/\/www.sbq.org.br\/bahia\/17th-brazilian-meeting-on-organic-synthesis\/\"><span>Read More<\/span><\/a><\/div><\/article><article class='gutentor-post gutentor-post-no-thumb  grid-lg-12 grid-md-4 grid-12'><div class='gutentor-post-item'><div class=\"gutentor-post-title-data-wrap\"><h3 class=\"gutentor-post-title\"><a href=\"https:\/\/www.sbq.org.br\/bahia\/40-anos-de-docencia-do-prof-jailson-bitencourt-de-andrade\/\" rel=\"bookmark\">40 anos de doc\u00eancia do prof. Jailson Bitencourt de Andrade<\/a><\/h3><\/div><div class=\"gutentor-post-desc\">40 Anos de doc\u00eancia do Prof. Jailson Bittencourt de Andrade\nFoi realizada na sexta-feira (18\/03), a &hellip;<\/div><a class=\"gutentor-button gutentor-post-button\"  href=\"https:\/\/www.sbq.org.br\/bahia\/40-anos-de-docencia-do-prof-jailson-bitencourt-de-andrade\/\" href=\"https:\/\/www.sbq.org.br\/bahia\/40-anos-de-docencia-do-prof-jailson-bitencourt-de-andrade\/\"><span>Read More<\/span><\/a><\/div><\/article><article class='gutentor-post gutentor-post-no-thumb  grid-lg-12 grid-md-4 grid-12'><div class='gutentor-post-item'><div class=\"gutentor-post-title-data-wrap\"><h3 class=\"gutentor-post-title\"><a href=\"https:\/\/www.sbq.org.br\/bahia\/novo-curso-de-pg-em-quimica-na-bahia\/\" rel=\"bookmark\">Novo curso de PG em Qu\u00edmica na Bahia<\/a><\/h3><\/div><div class=\"gutentor-post-desc\">As inscri\u00e7\u00f5es para&nbsp;a&nbsp;Sele\u00e7\u00e3o do&nbsp;Mestrado&nbsp;em Qu\u00edmica&nbsp;Pura e Aplicada &#8211;&nbsp;&hellip;<\/div><a class=\"gutentor-button gutentor-post-button\"  href=\"https:\/\/www.sbq.org.br\/bahia\/novo-curso-de-pg-em-quimica-na-bahia\/\" href=\"https:\/\/www.sbq.org.br\/bahia\/novo-curso-de-pg-em-quimica-na-bahia\/\"><span>Read More<\/span><\/a><\/div><\/article><article class='gutentor-post gutentor-post-no-thumb  grid-lg-12 grid-md-4 grid-12'><div class='gutentor-post-item'><div class=\"gutentor-post-title-data-wrap\"><h3 class=\"gutentor-post-title\"><a href=\"https:\/\/www.sbq.org.br\/bahia\/100a-defesa-do-curso-de-pgqui-da-uesb\/\" rel=\"bookmark\">100\u00aa defesa do curso de PGQUI da UESB<\/a><\/h3><\/div><div class=\"gutentor-post-desc\">Prezado colega, Sauda\u00e7\u00f5es acad\u00eamicas.\u00c9 com imenso prazer que convidamos a comunidade acad\u00eamica e cie&hellip;<\/div><a class=\"gutentor-button gutentor-post-button\"  href=\"https:\/\/www.sbq.org.br\/bahia\/100a-defesa-do-curso-de-pgqui-da-uesb\/\" href=\"https:\/\/www.sbq.org.br\/bahia\/100a-defesa-do-curso-de-pgqui-da-uesb\/\"><span>Read More<\/span><\/a><\/div><\/article><article class='gutentor-post gutentor-post-no-thumb  grid-lg-12 grid-md-4 grid-12'><div class='gutentor-post-item'><div class=\"gutentor-post-title-data-wrap\"><h3 class=\"gutentor-post-title\"><a href=\"https:\/\/www.sbq.org.br\/bahia\/lancamento-de-livro-sobre-o-iq-ufba\/\" rel=\"bookmark\">Lan\u00e7amento de livro sobre o IQ\/UFBA<\/a><\/h3><\/div><div class=\"gutentor-post-desc\">Texto extra\u00eddo da contra-capa do livro:&quot;O autor Miguel Fascio, com este trabalho, pretende cont&hellip;<\/div><a class=\"gutentor-button gutentor-post-button\"  href=\"https:\/\/www.sbq.org.br\/bahia\/lancamento-de-livro-sobre-o-iq-ufba\/\" href=\"https:\/\/www.sbq.org.br\/bahia\/lancamento-de-livro-sobre-o-iq-ufba\/\"><span>Read More<\/span><\/a><\/div><\/article><article class='gutentor-post gutentor-post-no-thumb  grid-lg-12 grid-md-4 grid-12'><div class='gutentor-post-item'><div class=\"gutentor-post-title-data-wrap\"><h3 class=\"gutentor-post-title\"><a href=\"https:\/\/www.sbq.org.br\/bahia\/xi-eduqui\/\" rel=\"bookmark\">XI EDUQUI<\/a><\/h3><\/div><div class=\"gutentor-post-desc\">Realizar-se-\u00e1 entre 28 e 30 de agosto pr\u00f3ximos em Itapetinga (UESB), o XI ENCONTRO DE EDUCA\u00c7\u00c3O EM QU&hellip;<\/div><a class=\"gutentor-button gutentor-post-button\"  href=\"https:\/\/www.sbq.org.br\/bahia\/xi-eduqui\/\" href=\"https:\/\/www.sbq.org.br\/bahia\/xi-eduqui\/\"><span>Read More<\/span><\/a><\/div><\/article><\/div><\/div><\/section>\n\n\n<div id=\"section-g27bcef\" class=\"wp-block-gutentor-e17 section-g27bcef gutentor-element gutentor-post-footer\"><div class=\"grid-container\"><div class=\"grid-row\">\n<div id=\"col-gmd1bf93\" class=\"wp-block-gutentor-e15 gutentor-single-column  grid-lg-12 grid-md-12 grid-12\"><div id=\"section-gmd1bf93\" class=\"section-gmd1bf93 gutentor-col-wrap\">\n<div id=\"section-g0f0a4d\" class=\"wp-block-gutentor-e12 section-g0f0a4d gutentor-element gutentor-element-pagination text-align-center-mobile\"><div class=\"gutentor-pagination-wrap\" data-maxnumpages=\"2\"><ul class=\"gutentor-pagination\"><li class=\"gutentor-pagination-item gutentor-pagination-prev\"><a class=\"gutentor-pagination-link gutentor-disabled\" href=\"#\"><i class=\"fas fa-chevron-left\"><\/i>Previous<\/a><\/li><li class=\"gutentor-pagination-item gutentor-pagination-active\" data-gpage=\"1\"><a class=\"gutentor-pagination-link\" href=\"#\">1<\/a><\/li><li class=\"gutentor-pagination-item\"><a class=\"gutentor-pagination-link\" href=\"#\" data-gpage=\"2\">2<\/a><\/li><li class=\"gutentor-pagination-item gutentor-pagination-next\"><a class=\"gutentor-pagination-link\" href=\"#\" data-gpage=\"2\">Next<i class=\"fas fa-chevron-right\"><\/i><\/a><\/li><\/ul><\/div><\/div>\n<\/div><\/div>\n<\/div><\/div><\/div>\n<\/section>\n","protected":false},"excerpt":{"rendered":"","protected":false},"author":1,"featured_media":0,"parent":0,"menu_order":0,"comment_status":"closed","ping_status":"closed","template":"","meta":{"footnotes":""},"_links":{"self":[{"href":"https:\/\/www.sbq.org.br\/bahia\/wp-json\/wp\/v2\/pages\/90"}],"collection":[{"href":"https:\/\/www.sbq.org.br\/bahia\/wp-json\/wp\/v2\/pages"}],"about":[{"href":"https:\/\/www.sbq.org.br\/bahia\/wp-json\/wp\/v2\/types\/page"}],"author":[{"embeddable":true,"href":"https:\/\/www.sbq.org.br\/bahia\/wp-json\/wp\/v2\/users\/1"}],"replies":[{"embeddable":true,"href":"https:\/\/www.sbq.org.br\/bahia\/wp-json\/wp\/v2\/comments?post=90"}],"version-history":[{"count":5,"href":"https:\/\/www.sbq.org.br\/bahia\/wp-json\/wp\/v2\/pages\/90\/revisions"}],"predecessor-version":[{"id":264,"href":"https:\/\/www.sbq.org.br\/bahia\/wp-json\/wp\/v2\/pages\/90\/revisions\/264"}],"wp:attachment":[{"href":"https:\/\/www.sbq.org.br\/bahia\/wp-json\/wp\/v2\/media?parent=90"}],"curies":[{"name":"wp","href":"https:\/\/api.w.org\/{rel}","templated":true}]}}