{"id":76,"date":"2024-01-10T15:07:54","date_gmt":"2024-01-10T18:07:54","guid":{"rendered":"https:\/\/www.sbq.org.br\/bahia\/?page_id=76"},"modified":"2024-08-19T15:15:09","modified_gmt":"2024-08-19T18:15:09","slug":"links","status":"publish","type":"page","link":"https:\/\/www.sbq.org.br\/bahia\/links\/","title":{"rendered":"Links"},"content":{"rendered":"\n<p><a href=\"https:\/\/www.ufba.br\/\" target=\"_blank\" rel=\"noreferrer noopener\">UFBA<\/a><\/p>\n\n\n\n<p>Universidade Federal da Bahia (UFBA)<\/p>\n\n\n\n<p><a href=\"http:\/\/www.uneb.br\/\" target=\"_blank\" rel=\"noreferrer noopener\">Universidade do Estado da Bahia<\/a><\/p>\n\n\n\n<p>Universidade do Estado da Bahia<\/p>\n\n\n\n<p><a href=\"http:\/\/www.uesb.br\/\" target=\"_blank\" rel=\"noreferrer noopener\">Universidade Estadual do Sudoeste da Bahia.<\/a><\/p>\n\n\n\n<p>Universidade Estadual do Sudoeste da Bahia.<\/p>\n\n\n\n<p><a href=\"http:\/\/www.uesc.br\/\" target=\"_blank\" rel=\"noreferrer noopener\">Universidade Estadual de Santa Cruz<\/a><\/p>\n\n\n\n<p>Universidade Estadual de Santa Cruz<\/p>\n\n\n\n<p><a href=\"https:\/\/www.portal.ifba.edu.br\/\" data-type=\"link\" data-id=\"https:\/\/www.portal.ifba.edu.br\/\" target=\"_blank\" rel=\"noreferrer noopener\">Instituto Federal de Educa\u00e7\u00e3o, Ci\u00eancia e Tecnologia da Bahia<\/a><\/p>\n\n\n\n<p>Instituto Federal de Educa\u00e7\u00e3o, Ci\u00eancia e Tecnologia da Bahia<\/p>\n\n\n\n<p><a href=\"http:\/\/www.uefs.br\/portal\" target=\"_blank\" rel=\"noreferrer noopener\">Universidade Estadual de Feira de Santana<\/a><\/p>\n\n\n\n<p>Universidade Estadual de Feira de Santana<\/p>\n","protected":false},"excerpt":{"rendered":"<p>UFBA Universidade Federal da Bahia (UFBA) Universidade do Estado da Bahia Universidade do Estado da Bahia Universidade Estadual do Sudoeste da Bahia. Universidade Estadual do Sudoeste da Bahia. Universidade Estadual de Santa Cruz Universidade Estadual de Santa Cruz Instituto Federal de Educa\u00e7\u00e3o, Ci\u00eancia e Tecnologia da Bahia Instituto Federal de Educa\u00e7\u00e3o, Ci\u00eancia e Tecnologia da [&hellip;]<\/p>\n","protected":false},"author":1,"featured_media":0,"parent":0,"menu_order":0,"comment_status":"closed","ping_status":"closed","template":"","meta":{"footnotes":""},"_links":{"self":[{"href":"https:\/\/www.sbq.org.br\/bahia\/wp-json\/wp\/v2\/pages\/76"}],"collection":[{"href":"https:\/\/www.sbq.org.br\/bahia\/wp-json\/wp\/v2\/pages"}],"about":[{"href":"https:\/\/www.sbq.org.br\/bahia\/wp-json\/wp\/v2\/types\/page"}],"author":[{"embeddable":true,"href":"https:\/\/www.sbq.org.br\/bahia\/wp-json\/wp\/v2\/users\/1"}],"replies":[{"embeddable":true,"href":"https:\/\/www.sbq.org.br\/bahia\/wp-json\/wp\/v2\/comments?post=76"}],"version-history":[{"count":2,"href":"https:\/\/www.sbq.org.br\/bahia\/wp-json\/wp\/v2\/pages\/76\/revisions"}],"predecessor-version":[{"id":215,"href":"https:\/\/www.sbq.org.br\/bahia\/wp-json\/wp\/v2\/pages\/76\/revisions\/215"}],"wp:attachment":[{"href":"https:\/\/www.sbq.org.br\/bahia\/wp-json\/wp\/v2\/media?parent=76"}],"curies":[{"name":"wp","href":"https:\/\/api.w.org\/{rel}","templated":true}]}}